{"id":2491,"date":"2021-11-15T20:17:29","date_gmt":"2021-11-15T19:17:29","guid":{"rendered":"https:\/\/arfolk.bzh\/boutique\/annie-ebrel-lellig\/"},"modified":"2025-12-11T10:58:41","modified_gmt":"2025-12-11T09:58:41","slug":"annie-ebrel-lellig","status":"publish","type":"product","link":"https:\/\/arfolk.bzh\/br\/boutique\/annie-ebrel-lellig\/","title":{"rendered":"Annie Ebrel &#8211; Lellig"},"content":{"rendered":"<p><strong>16 titres compos\u00e9s autour des po\u00e8mes d&rsquo;Anjela Duval (1905-1981), la plus grande po\u00e9tesse de Bretagne&#8230;<\/strong><\/p>\n<p><iframe loading=\"lazy\" title=\"Annie Ebrel - Teir doenn c&#039;hlas\" width=\"1080\" height=\"608\" src=\"https:\/\/www.youtube.com\/embed\/w0Ojijrs1Zw?feature=oembed\"  allow=\"accelerometer; autoplay; clipboard-write; encrypted-media; gyroscope; picture-in-picture; web-share\" referrerpolicy=\"strict-origin-when-cross-origin\" allowfullscreen><\/iframe><\/p>\n<p><strong>Tracklist de \u00a0\u00bb Lellig \u00ab\u00a0:<\/strong><\/p>\n<ol>\n<li><strong>Teir doenn c&rsquo;hlas<\/strong><\/li>\n<li><strong>Je veux devenir une petite po\u00e9tesse<\/strong><\/li>\n<li><strong>Lagad an Heol<\/strong><\/li>\n<li><strong>Lellig<\/strong><\/li>\n<li><strong>Bugaleaj<\/strong><\/li>\n<li><strong>Maia<\/strong><\/li>\n<li><strong>Marc&rsquo;hig Kerne<\/strong><\/li>\n<li><strong>Er c&rsquo;hoad<\/strong><\/li>\n<li><strong>Rosa canina<\/strong><\/li>\n<li><strong>Tacho\u00f9 aour<\/strong><\/li>\n<li><strong>Karantez-vro<\/strong><\/li>\n<li><strong>Faire reverdir les pr\u00e9s<\/strong><\/li>\n<li><strong>Ma zi bihan<\/strong><\/li>\n<li><strong>Va c&rsquo;halon<\/strong><\/li>\n<li><strong>Trao\u00f1-an-Dour<\/strong><\/li>\n<li><strong>Ar barz paour<\/strong><\/li>\n<\/ol>","protected":false},"excerpt":{"rendered":"<p>Avec Daravan Souvanna \u00e0 la basse, Cl\u00e9ment Dallot aux claviers, Ronan Pellen au cistre et au violoncelle, qui habillent de mani\u00e8re pop et contemporaine le chant solaire d&rsquo;Annie Ebrel. Ce nouveau r\u00e9pertoire donne lieu \u00e0 une tourn\u00e9e des sc\u00e8nes bretonnes.<\/p>\n<p><span class=\"yt-core-attributed-string--link-inherit-color\" dir=\"auto\">Stream : <\/span><strong><span class=\"yt-core-attributed-string--link-inherit-color\" dir=\"auto\"><a class=\"yt-core-attributed-string__link yt-core-attributed-string__link--call-to-action-color\" tabindex=\"0\" href=\"https:\/\/fanlink.tv\/gibv\" target=\"_blank\" rel=\"nofollow noopener\">https:\/\/fanlink.tv\/gibv<\/a><\/span> <\/strong><\/p>","protected":false},"featured_media":2226,"template":"","meta":{"_acf_changed":false,"_et_pb_use_builder":"","_et_pb_old_content":"","_et_gb_content_width":""},"product_brand":[],"false":[42],"product_tag":[],"disponible_a_la_vente":[38],"langue":[73,72],"style":[79],"supports":[86],"class_list":{"0":"post-2491","1":"product","2":"type-product","3":"status-publish","4":"has-post-thumbnail","6":"product_cat-annie-ebrel","7":"disponible_a_la_vente-disponible-a-la-vente","8":"langue-breton","9":"langue-francais","10":"style-traditionnel-kan-ha-diskan","11":"supports-cd","13":"first","14":"instock","15":"purchasable","16":"product-type-simple"},"acf":[],"yoast_head":"<!-- This site is optimized with the Yoast SEO Premium plugin v24.0 (Yoast SEO v27.3) - https:\/\/yoast.com\/product\/yoast-seo-premium-wordpress\/ -->\n<title>Album de Annie Ebrel - Lellig<\/title>\n<meta name=\"description\" content=\"Retrouvez le nouvel album de Annie Ebrel - Lellig. Commandez directement en ligne sur arfolk.bzh, le label discographique breton.\" \/>\n<meta name=\"robots\" content=\"index, follow, max-snippet:-1, max-image-preview:large, max-video-preview:-1\" \/>\n<link rel=\"canonical\" href=\"https:\/\/arfolk.bzh\/br\/boutique\/annie-ebrel-lellig\/\" \/>\n<script type=\"application\/ld+json\" class=\"yoast-schema-graph\">{\"@context\":\"https:\\\/\\\/schema.org\",\"@graph\":[{\"@type\":\"WebPage\",\"@id\":\"https:\\\/\\\/arfolk.bzh\\\/boutique\\\/annie-ebrel-lellig\\\/\",\"url\":\"https:\\\/\\\/arfolk.bzh\\\/boutique\\\/annie-ebrel-lellig\\\/\",\"name\":\"Album de Annie Ebrel - Lellig\",\"isPartOf\":{\"@id\":\"https:\\\/\\\/arfolk.bzh\\\/#website\"},\"primaryImageOfPage\":{\"@id\":\"https:\\\/\\\/arfolk.bzh\\\/boutique\\\/annie-ebrel-lellig\\\/#primaryimage\"},\"image\":{\"@id\":\"https:\\\/\\\/arfolk.bzh\\\/boutique\\\/annie-ebrel-lellig\\\/#primaryimage\"},\"thumbnailUrl\":\"https:\\\/\\\/arfolk.bzh\\\/wp-content\\\/uploads\\\/2024\\\/04\\\/annieebrel_lellig-scaled.jpg\",\"datePublished\":\"2021-11-15T19:17:29+00:00\",\"dateModified\":\"2025-12-11T09:58:41+00:00\",\"description\":\"Retrouvez le nouvel album de Annie Ebrel - Lellig. Commandez directement en ligne sur arfolk.bzh, le label discographique breton.\",\"breadcrumb\":{\"@id\":\"https:\\\/\\\/arfolk.bzh\\\/boutique\\\/annie-ebrel-lellig\\\/#breadcrumb\"},\"inLanguage\":\"br-FR\",\"potentialAction\":[{\"@type\":\"ReadAction\",\"target\":[\"https:\\\/\\\/arfolk.bzh\\\/boutique\\\/annie-ebrel-lellig\\\/\"]}]},{\"@type\":\"ImageObject\",\"inLanguage\":\"br-FR\",\"@id\":\"https:\\\/\\\/arfolk.bzh\\\/boutique\\\/annie-ebrel-lellig\\\/#primaryimage\",\"url\":\"https:\\\/\\\/arfolk.bzh\\\/wp-content\\\/uploads\\\/2024\\\/04\\\/annieebrel_lellig-scaled.jpg\",\"contentUrl\":\"https:\\\/\\\/arfolk.bzh\\\/wp-content\\\/uploads\\\/2024\\\/04\\\/annieebrel_lellig-scaled.jpg\",\"width\":2560,\"height\":2560,\"caption\":\"annieebrel lellig\"},{\"@type\":\"BreadcrumbList\",\"@id\":\"https:\\\/\\\/arfolk.bzh\\\/boutique\\\/annie-ebrel-lellig\\\/#breadcrumb\",\"itemListElement\":[{\"@type\":\"ListItem\",\"position\":1,\"name\":\"Accueil\",\"item\":\"https:\\\/\\\/arfolk.bzh\\\/\"},{\"@type\":\"ListItem\",\"position\":2,\"name\":\"Boutique\",\"item\":\"https:\\\/\\\/arfolk.bzh\\\/boutique\\\/\"},{\"@type\":\"ListItem\",\"position\":3,\"name\":\"Annie Ebrel &#8211; Lellig\"}]},{\"@type\":\"WebSite\",\"@id\":\"https:\\\/\\\/arfolk.bzh\\\/#website\",\"url\":\"https:\\\/\\\/arfolk.bzh\\\/\",\"name\":\"Arfolk\",\"description\":\"Label discographique sp\u00e9cialis\u00e9 dans la musique bretonne\",\"publisher\":{\"@id\":\"https:\\\/\\\/arfolk.bzh\\\/#organization\"},\"potentialAction\":[{\"@type\":\"SearchAction\",\"target\":{\"@type\":\"EntryPoint\",\"urlTemplate\":\"https:\\\/\\\/arfolk.bzh\\\/?s={search_term_string}\"},\"query-input\":{\"@type\":\"PropertyValueSpecification\",\"valueRequired\":true,\"valueName\":\"search_term_string\"}}],\"inLanguage\":\"br-FR\"},{\"@type\":\"Organization\",\"@id\":\"https:\\\/\\\/arfolk.bzh\\\/#organization\",\"name\":\"Arfolk\",\"alternateName\":\"Le label de la musique bretonne\",\"url\":\"https:\\\/\\\/arfolk.bzh\\\/\",\"logo\":{\"@type\":\"ImageObject\",\"inLanguage\":\"br-FR\",\"@id\":\"https:\\\/\\\/arfolk.bzh\\\/#\\\/schema\\\/logo\\\/image\\\/\",\"url\":\"https:\\\/\\\/arfolk.bzh\\\/wp-content\\\/uploads\\\/2023\\\/11\\\/cropped-logo-label-de-musique-breton-arfolf-vignette.webp\",\"contentUrl\":\"https:\\\/\\\/arfolk.bzh\\\/wp-content\\\/uploads\\\/2023\\\/11\\\/cropped-logo-label-de-musique-breton-arfolf-vignette.webp\",\"width\":512,\"height\":512,\"caption\":\"Arfolk\"},\"image\":{\"@id\":\"https:\\\/\\\/arfolk.bzh\\\/#\\\/schema\\\/logo\\\/image\\\/\"},\"sameAs\":[\"https:\\\/\\\/www.facebook.com\\\/Arfolkmusik\",\"https:\\\/\\\/www.instagram.com\\\/arfolkmusik\\\/\"]}]}<\/script>\n<!-- \/ Yoast SEO Premium plugin. -->","yoast_head_json":{"title":"Album de Annie Ebrel - Lellig","description":"Retrouvez le nouvel album de Annie Ebrel - Lellig. Commandez directement en ligne sur arfolk.bzh, le label discographique breton.","robots":{"index":"index","follow":"follow","max-snippet":"max-snippet:-1","max-image-preview":"max-image-preview:large","max-video-preview":"max-video-preview:-1"},"canonical":"https:\/\/arfolk.bzh\/br\/boutique\/annie-ebrel-lellig\/","schema":{"@context":"https:\/\/schema.org","@graph":[{"@type":"WebPage","@id":"https:\/\/arfolk.bzh\/boutique\/annie-ebrel-lellig\/","url":"https:\/\/arfolk.bzh\/boutique\/annie-ebrel-lellig\/","name":"Album de Annie Ebrel - Lellig","isPartOf":{"@id":"https:\/\/arfolk.bzh\/#website"},"primaryImageOfPage":{"@id":"https:\/\/arfolk.bzh\/boutique\/annie-ebrel-lellig\/#primaryimage"},"image":{"@id":"https:\/\/arfolk.bzh\/boutique\/annie-ebrel-lellig\/#primaryimage"},"thumbnailUrl":"https:\/\/arfolk.bzh\/wp-content\/uploads\/2024\/04\/annieebrel_lellig-scaled.jpg","datePublished":"2021-11-15T19:17:29+00:00","dateModified":"2025-12-11T09:58:41+00:00","description":"Retrouvez le nouvel album de Annie Ebrel - Lellig. Commandez directement en ligne sur arfolk.bzh, le label discographique breton.","breadcrumb":{"@id":"https:\/\/arfolk.bzh\/boutique\/annie-ebrel-lellig\/#breadcrumb"},"inLanguage":"br-FR","potentialAction":[{"@type":"ReadAction","target":["https:\/\/arfolk.bzh\/boutique\/annie-ebrel-lellig\/"]}]},{"@type":"ImageObject","inLanguage":"br-FR","@id":"https:\/\/arfolk.bzh\/boutique\/annie-ebrel-lellig\/#primaryimage","url":"https:\/\/arfolk.bzh\/wp-content\/uploads\/2024\/04\/annieebrel_lellig-scaled.jpg","contentUrl":"https:\/\/arfolk.bzh\/wp-content\/uploads\/2024\/04\/annieebrel_lellig-scaled.jpg","width":2560,"height":2560,"caption":"annieebrel lellig"},{"@type":"BreadcrumbList","@id":"https:\/\/arfolk.bzh\/boutique\/annie-ebrel-lellig\/#breadcrumb","itemListElement":[{"@type":"ListItem","position":1,"name":"Accueil","item":"https:\/\/arfolk.bzh\/"},{"@type":"ListItem","position":2,"name":"Boutique","item":"https:\/\/arfolk.bzh\/boutique\/"},{"@type":"ListItem","position":3,"name":"Annie Ebrel &#8211; Lellig"}]},{"@type":"WebSite","@id":"https:\/\/arfolk.bzh\/#website","url":"https:\/\/arfolk.bzh\/","name":"Arfolk","description":"Label discographique sp\u00e9cialis\u00e9 dans la musique bretonne","publisher":{"@id":"https:\/\/arfolk.bzh\/#organization"},"potentialAction":[{"@type":"SearchAction","target":{"@type":"EntryPoint","urlTemplate":"https:\/\/arfolk.bzh\/?s={search_term_string}"},"query-input":{"@type":"PropertyValueSpecification","valueRequired":true,"valueName":"search_term_string"}}],"inLanguage":"br-FR"},{"@type":"Organization","@id":"https:\/\/arfolk.bzh\/#organization","name":"Arfolk","alternateName":"Le label de la musique bretonne","url":"https:\/\/arfolk.bzh\/","logo":{"@type":"ImageObject","inLanguage":"br-FR","@id":"https:\/\/arfolk.bzh\/#\/schema\/logo\/image\/","url":"https:\/\/arfolk.bzh\/wp-content\/uploads\/2023\/11\/cropped-logo-label-de-musique-breton-arfolf-vignette.webp","contentUrl":"https:\/\/arfolk.bzh\/wp-content\/uploads\/2023\/11\/cropped-logo-label-de-musique-breton-arfolf-vignette.webp","width":512,"height":512,"caption":"Arfolk"},"image":{"@id":"https:\/\/arfolk.bzh\/#\/schema\/logo\/image\/"},"sameAs":["https:\/\/www.facebook.com\/Arfolkmusik","https:\/\/www.instagram.com\/arfolkmusik\/"]}]}},"jetpack_sharing_enabled":true,"_links":{"self":[{"href":"https:\/\/arfolk.bzh\/br\/wp-json\/wp\/v2\/product\/2491","targetHints":{"allow":["GET"]}}],"collection":[{"href":"https:\/\/arfolk.bzh\/br\/wp-json\/wp\/v2\/product"}],"about":[{"href":"https:\/\/arfolk.bzh\/br\/wp-json\/wp\/v2\/types\/product"}],"wp:featuredmedia":[{"embeddable":true,"href":"https:\/\/arfolk.bzh\/br\/wp-json\/wp\/v2\/media\/2226"}],"wp:attachment":[{"href":"https:\/\/arfolk.bzh\/br\/wp-json\/wp\/v2\/media?parent=2491"}],"wp:term":[{"taxonomy":"product_brand","embeddable":true,"href":"https:\/\/arfolk.bzh\/br\/wp-json\/wp\/v2\/product_brand?post=2491"},{"taxonomy":"product_cat","embeddable":true,"href":"https:\/\/arfolk.bzh\/br\/wp-json\/wp\/v2\/false?post=2491"},{"taxonomy":"product_tag","embeddable":true,"href":"https:\/\/arfolk.bzh\/br\/wp-json\/wp\/v2\/product_tag?post=2491"},{"taxonomy":"disponible_a_la_vente","embeddable":true,"href":"https:\/\/arfolk.bzh\/br\/wp-json\/wp\/v2\/disponible_a_la_vente?post=2491"},{"taxonomy":"langue","embeddable":true,"href":"https:\/\/arfolk.bzh\/br\/wp-json\/wp\/v2\/langue?post=2491"},{"taxonomy":"style","embeddable":true,"href":"https:\/\/arfolk.bzh\/br\/wp-json\/wp\/v2\/style?post=2491"},{"taxonomy":"supports","embeddable":true,"href":"https:\/\/arfolk.bzh\/br\/wp-json\/wp\/v2\/supports?post=2491"}],"curies":[{"name":"wp","href":"https:\/\/api.w.org\/{rel}","templated":true}]}}