{"id":2494,"date":"2008-11-15T20:17:29","date_gmt":"2008-11-15T19:17:29","guid":{"rendered":"https:\/\/arfolk.bzh\/boutique\/annie-ebrel-quartet-roudennou\/"},"modified":"2025-12-11T12:14:56","modified_gmt":"2025-12-11T11:14:56","slug":"annie-ebrel-quartet-roudennou","status":"publish","type":"product","link":"https:\/\/arfolk.bzh\/br\/boutique\/annie-ebrel-quartet-roudennou\/","title":{"rendered":"Annie Ebrel Quartet &#8211; Roudenno\u00f9 (CD + DVD)"},"content":{"rendered":"<p>Apr\u00e8s avoir cotoy\u00e9 d&rsquo;autres mondes musicaux et m\u00e9lang\u00e9 ses m\u00e9lodies et sa voix \u00e0 des instruments, des rythmes et des harmonies d&rsquo;ailleurs, Annie Ebrel nous propose aujourd&rsquo;hui un nouveau r\u00e9pertoire de chansons traditionnelles avec une formation originale constitu\u00e9e de musiciens connus et reconnus pour leur lyrisme et leur talent : Olivier Ker Ourio \u00e0 l&rsquo;harmonica, Pierrick Hardy \u00e0 la guitare et Bijan Chemirani aux percussions. Ce quartet \u00e0 la fois jazz et traditionnel partage tout naturellement la m\u00eame vision po\u00e9tique et le m\u00eame sens de l&rsquo;espace.<\/p>\n<p><iframe loading=\"lazy\" title=\"Annie Ebrel Quartet - Roudenno\u00f9\" width=\"1080\" height=\"608\" src=\"https:\/\/www.youtube.com\/embed\/videoseries?list=PLQMZD0e8YHDJcxY7_k-Dr1UxIDWjMnV_t\"  allow=\"accelerometer; autoplay; clipboard-write; encrypted-media; gyroscope; picture-in-picture; web-share\" referrerpolicy=\"strict-origin-when-cross-origin\" allowfullscreen><\/iframe><\/p>\n<p>Dans le DVD, vous retrouverez Annie Ebrel en concert, et en interview.<\/p>\n<p><strong>Tracklist de \u00a0\u00bb Roudenno\u00f9 \u00a0\u00bb :<\/strong><\/p>\n<ol>\n<li><strong>An teod milliget<\/strong><\/li>\n<li><strong>Ar c&rsquo;hafe<\/strong><\/li>\n<li><strong>Perak ma zime&rsquo;er ma mamm<\/strong><\/li>\n<li><strong>Da\u00f1s ar c&rsquo;hi<\/strong><\/li>\n<li><strong>Ar c&rsquo;hi daou droad<\/strong><\/li>\n<li><strong>Gerio\u00f9 sabenn<\/strong><\/li>\n<li><strong>Karezenno\u00f9 ruz ha gwenn<\/strong><\/li>\n<li><strong>Kuitaat<\/strong><\/li>\n<li><strong>Ne oan nemet pemzek vloaz<\/strong><\/li>\n<li><strong>Tosenn lein ar roz<\/strong><\/li>\n<\/ol>","protected":false},"excerpt":{"rendered":"<p>En quartet avec Bijan Chemirani, Pierrick Hardy, Olivier Ker Ourio.<\/p>\n<p>Avec un timbre unique, une voix qui distille avec une rare finesse toutes les gammes de l&rsquo;\u00e9motion,\u00a0Annie Ebrel\u00a0d\u00e9friche de nouvelles terres du chant breton.<\/p>\n<p>Ecoutez en streaming : <strong><a href=\"https:\/\/fanlink.tv\/cTbf\">https:\/\/fanlink.tv\/cTbf<\/a><\/strong><\/p>","protected":false},"featured_media":2228,"template":"","meta":{"_acf_changed":false,"_et_pb_use_builder":"","_et_pb_old_content":"","_et_gb_content_width":""},"product_brand":[],"false":[42],"product_tag":[],"disponible_a_la_vente":[38],"langue":[73],"style":[79],"supports":[86],"class_list":{"0":"post-2494","1":"product","2":"type-product","3":"status-publish","4":"has-post-thumbnail","6":"product_cat-annie-ebrel","7":"disponible_a_la_vente-disponible-a-la-vente","8":"langue-breton","9":"style-traditionnel-kan-ha-diskan","10":"supports-cd","12":"first","13":"instock","14":"sale","15":"purchasable","16":"product-type-simple"},"acf":[],"yoast_head":"<!-- This site is optimized with the Yoast SEO Premium plugin v24.0 (Yoast SEO v27.3) - https:\/\/yoast.com\/product\/yoast-seo-premium-wordpress\/ -->\n<title>Album de Annie Ebrel Quartet - Roudenno\u00f9 \/ 13,00\u20ac<\/title>\n<meta name=\"description\" content=\"Retrouvez l&#039;album de Annie Ebrel Quartet - Roudenno\u00f9. CD + DVD. Commandez directement en ligne sur arfolk.bzh, le label discographique breton.\" \/>\n<meta name=\"robots\" content=\"index, follow, max-snippet:-1, max-image-preview:large, max-video-preview:-1\" \/>\n<link rel=\"canonical\" href=\"https:\/\/arfolk.bzh\/br\/boutique\/annie-ebrel-quartet-roudennou\/\" \/>\n<script type=\"application\/ld+json\" class=\"yoast-schema-graph\">{\"@context\":\"https:\\\/\\\/schema.org\",\"@graph\":[{\"@type\":\"WebPage\",\"@id\":\"https:\\\/\\\/arfolk.bzh\\\/boutique\\\/annie-ebrel-quartet-roudennou\\\/\",\"url\":\"https:\\\/\\\/arfolk.bzh\\\/boutique\\\/annie-ebrel-quartet-roudennou\\\/\",\"name\":\"Album de Annie Ebrel Quartet - Roudenno\u00f9 \\\/ 13,00\u20ac\",\"isPartOf\":{\"@id\":\"https:\\\/\\\/arfolk.bzh\\\/#website\"},\"primaryImageOfPage\":{\"@id\":\"https:\\\/\\\/arfolk.bzh\\\/boutique\\\/annie-ebrel-quartet-roudennou\\\/#primaryimage\"},\"image\":{\"@id\":\"https:\\\/\\\/arfolk.bzh\\\/boutique\\\/annie-ebrel-quartet-roudennou\\\/#primaryimage\"},\"thumbnailUrl\":\"https:\\\/\\\/arfolk.bzh\\\/wp-content\\\/uploads\\\/2024\\\/04\\\/annieebrelquartet_roudennou-scaled.jpg\",\"datePublished\":\"2008-11-15T19:17:29+00:00\",\"dateModified\":\"2025-12-11T11:14:56+00:00\",\"description\":\"Retrouvez l'album de Annie Ebrel Quartet - Roudenno\u00f9. CD + DVD. Commandez directement en ligne sur arfolk.bzh, le label discographique breton.\",\"breadcrumb\":{\"@id\":\"https:\\\/\\\/arfolk.bzh\\\/boutique\\\/annie-ebrel-quartet-roudennou\\\/#breadcrumb\"},\"inLanguage\":\"br-FR\",\"potentialAction\":[{\"@type\":\"ReadAction\",\"target\":[\"https:\\\/\\\/arfolk.bzh\\\/boutique\\\/annie-ebrel-quartet-roudennou\\\/\"]}]},{\"@type\":\"ImageObject\",\"inLanguage\":\"br-FR\",\"@id\":\"https:\\\/\\\/arfolk.bzh\\\/boutique\\\/annie-ebrel-quartet-roudennou\\\/#primaryimage\",\"url\":\"https:\\\/\\\/arfolk.bzh\\\/wp-content\\\/uploads\\\/2024\\\/04\\\/annieebrelquartet_roudennou-scaled.jpg\",\"contentUrl\":\"https:\\\/\\\/arfolk.bzh\\\/wp-content\\\/uploads\\\/2024\\\/04\\\/annieebrelquartet_roudennou-scaled.jpg\",\"width\":2560,\"height\":2560,\"caption\":\"annieebrelquartet roudennou\"},{\"@type\":\"BreadcrumbList\",\"@id\":\"https:\\\/\\\/arfolk.bzh\\\/boutique\\\/annie-ebrel-quartet-roudennou\\\/#breadcrumb\",\"itemListElement\":[{\"@type\":\"ListItem\",\"position\":1,\"name\":\"Accueil\",\"item\":\"https:\\\/\\\/arfolk.bzh\\\/\"},{\"@type\":\"ListItem\",\"position\":2,\"name\":\"Boutique\",\"item\":\"https:\\\/\\\/arfolk.bzh\\\/boutique\\\/\"},{\"@type\":\"ListItem\",\"position\":3,\"name\":\"Annie Ebrel Quartet &#8211; Roudenno\u00f9 (CD + DVD)\"}]},{\"@type\":\"WebSite\",\"@id\":\"https:\\\/\\\/arfolk.bzh\\\/#website\",\"url\":\"https:\\\/\\\/arfolk.bzh\\\/\",\"name\":\"Arfolk\",\"description\":\"Label discographique sp\u00e9cialis\u00e9 dans la musique bretonne\",\"publisher\":{\"@id\":\"https:\\\/\\\/arfolk.bzh\\\/#organization\"},\"potentialAction\":[{\"@type\":\"SearchAction\",\"target\":{\"@type\":\"EntryPoint\",\"urlTemplate\":\"https:\\\/\\\/arfolk.bzh\\\/?s={search_term_string}\"},\"query-input\":{\"@type\":\"PropertyValueSpecification\",\"valueRequired\":true,\"valueName\":\"search_term_string\"}}],\"inLanguage\":\"br-FR\"},{\"@type\":\"Organization\",\"@id\":\"https:\\\/\\\/arfolk.bzh\\\/#organization\",\"name\":\"Arfolk\",\"alternateName\":\"Le label de la musique bretonne\",\"url\":\"https:\\\/\\\/arfolk.bzh\\\/\",\"logo\":{\"@type\":\"ImageObject\",\"inLanguage\":\"br-FR\",\"@id\":\"https:\\\/\\\/arfolk.bzh\\\/#\\\/schema\\\/logo\\\/image\\\/\",\"url\":\"https:\\\/\\\/arfolk.bzh\\\/wp-content\\\/uploads\\\/2023\\\/11\\\/cropped-logo-label-de-musique-breton-arfolf-vignette.webp\",\"contentUrl\":\"https:\\\/\\\/arfolk.bzh\\\/wp-content\\\/uploads\\\/2023\\\/11\\\/cropped-logo-label-de-musique-breton-arfolf-vignette.webp\",\"width\":512,\"height\":512,\"caption\":\"Arfolk\"},\"image\":{\"@id\":\"https:\\\/\\\/arfolk.bzh\\\/#\\\/schema\\\/logo\\\/image\\\/\"},\"sameAs\":[\"https:\\\/\\\/www.facebook.com\\\/Arfolkmusik\",\"https:\\\/\\\/www.instagram.com\\\/arfolkmusik\\\/\"]}]}<\/script>\n<!-- \/ Yoast SEO Premium plugin. -->","yoast_head_json":{"title":"Album de Annie Ebrel Quartet - Roudenno\u00f9 \/ 13,00\u20ac","description":"Retrouvez l'album de Annie Ebrel Quartet - Roudenno\u00f9. CD + DVD. Commandez directement en ligne sur arfolk.bzh, le label discographique breton.","robots":{"index":"index","follow":"follow","max-snippet":"max-snippet:-1","max-image-preview":"max-image-preview:large","max-video-preview":"max-video-preview:-1"},"canonical":"https:\/\/arfolk.bzh\/br\/boutique\/annie-ebrel-quartet-roudennou\/","schema":{"@context":"https:\/\/schema.org","@graph":[{"@type":"WebPage","@id":"https:\/\/arfolk.bzh\/boutique\/annie-ebrel-quartet-roudennou\/","url":"https:\/\/arfolk.bzh\/boutique\/annie-ebrel-quartet-roudennou\/","name":"Album de Annie Ebrel Quartet - Roudenno\u00f9 \/ 13,00\u20ac","isPartOf":{"@id":"https:\/\/arfolk.bzh\/#website"},"primaryImageOfPage":{"@id":"https:\/\/arfolk.bzh\/boutique\/annie-ebrel-quartet-roudennou\/#primaryimage"},"image":{"@id":"https:\/\/arfolk.bzh\/boutique\/annie-ebrel-quartet-roudennou\/#primaryimage"},"thumbnailUrl":"https:\/\/arfolk.bzh\/wp-content\/uploads\/2024\/04\/annieebrelquartet_roudennou-scaled.jpg","datePublished":"2008-11-15T19:17:29+00:00","dateModified":"2025-12-11T11:14:56+00:00","description":"Retrouvez l'album de Annie Ebrel Quartet - Roudenno\u00f9. CD + DVD. Commandez directement en ligne sur arfolk.bzh, le label discographique breton.","breadcrumb":{"@id":"https:\/\/arfolk.bzh\/boutique\/annie-ebrel-quartet-roudennou\/#breadcrumb"},"inLanguage":"br-FR","potentialAction":[{"@type":"ReadAction","target":["https:\/\/arfolk.bzh\/boutique\/annie-ebrel-quartet-roudennou\/"]}]},{"@type":"ImageObject","inLanguage":"br-FR","@id":"https:\/\/arfolk.bzh\/boutique\/annie-ebrel-quartet-roudennou\/#primaryimage","url":"https:\/\/arfolk.bzh\/wp-content\/uploads\/2024\/04\/annieebrelquartet_roudennou-scaled.jpg","contentUrl":"https:\/\/arfolk.bzh\/wp-content\/uploads\/2024\/04\/annieebrelquartet_roudennou-scaled.jpg","width":2560,"height":2560,"caption":"annieebrelquartet roudennou"},{"@type":"BreadcrumbList","@id":"https:\/\/arfolk.bzh\/boutique\/annie-ebrel-quartet-roudennou\/#breadcrumb","itemListElement":[{"@type":"ListItem","position":1,"name":"Accueil","item":"https:\/\/arfolk.bzh\/"},{"@type":"ListItem","position":2,"name":"Boutique","item":"https:\/\/arfolk.bzh\/boutique\/"},{"@type":"ListItem","position":3,"name":"Annie Ebrel Quartet &#8211; Roudenno\u00f9 (CD + DVD)"}]},{"@type":"WebSite","@id":"https:\/\/arfolk.bzh\/#website","url":"https:\/\/arfolk.bzh\/","name":"Arfolk","description":"Label discographique sp\u00e9cialis\u00e9 dans la musique bretonne","publisher":{"@id":"https:\/\/arfolk.bzh\/#organization"},"potentialAction":[{"@type":"SearchAction","target":{"@type":"EntryPoint","urlTemplate":"https:\/\/arfolk.bzh\/?s={search_term_string}"},"query-input":{"@type":"PropertyValueSpecification","valueRequired":true,"valueName":"search_term_string"}}],"inLanguage":"br-FR"},{"@type":"Organization","@id":"https:\/\/arfolk.bzh\/#organization","name":"Arfolk","alternateName":"Le label de la musique bretonne","url":"https:\/\/arfolk.bzh\/","logo":{"@type":"ImageObject","inLanguage":"br-FR","@id":"https:\/\/arfolk.bzh\/#\/schema\/logo\/image\/","url":"https:\/\/arfolk.bzh\/wp-content\/uploads\/2023\/11\/cropped-logo-label-de-musique-breton-arfolf-vignette.webp","contentUrl":"https:\/\/arfolk.bzh\/wp-content\/uploads\/2023\/11\/cropped-logo-label-de-musique-breton-arfolf-vignette.webp","width":512,"height":512,"caption":"Arfolk"},"image":{"@id":"https:\/\/arfolk.bzh\/#\/schema\/logo\/image\/"},"sameAs":["https:\/\/www.facebook.com\/Arfolkmusik","https:\/\/www.instagram.com\/arfolkmusik\/"]}]}},"jetpack_sharing_enabled":true,"_links":{"self":[{"href":"https:\/\/arfolk.bzh\/br\/wp-json\/wp\/v2\/product\/2494","targetHints":{"allow":["GET"]}}],"collection":[{"href":"https:\/\/arfolk.bzh\/br\/wp-json\/wp\/v2\/product"}],"about":[{"href":"https:\/\/arfolk.bzh\/br\/wp-json\/wp\/v2\/types\/product"}],"wp:featuredmedia":[{"embeddable":true,"href":"https:\/\/arfolk.bzh\/br\/wp-json\/wp\/v2\/media\/2228"}],"wp:attachment":[{"href":"https:\/\/arfolk.bzh\/br\/wp-json\/wp\/v2\/media?parent=2494"}],"wp:term":[{"taxonomy":"product_brand","embeddable":true,"href":"https:\/\/arfolk.bzh\/br\/wp-json\/wp\/v2\/product_brand?post=2494"},{"taxonomy":"product_cat","embeddable":true,"href":"https:\/\/arfolk.bzh\/br\/wp-json\/wp\/v2\/false?post=2494"},{"taxonomy":"product_tag","embeddable":true,"href":"https:\/\/arfolk.bzh\/br\/wp-json\/wp\/v2\/product_tag?post=2494"},{"taxonomy":"disponible_a_la_vente","embeddable":true,"href":"https:\/\/arfolk.bzh\/br\/wp-json\/wp\/v2\/disponible_a_la_vente?post=2494"},{"taxonomy":"langue","embeddable":true,"href":"https:\/\/arfolk.bzh\/br\/wp-json\/wp\/v2\/langue?post=2494"},{"taxonomy":"style","embeddable":true,"href":"https:\/\/arfolk.bzh\/br\/wp-json\/wp\/v2\/style?post=2494"},{"taxonomy":"supports","embeddable":true,"href":"https:\/\/arfolk.bzh\/br\/wp-json\/wp\/v2\/supports?post=2494"}],"curies":[{"name":"wp","href":"https:\/\/api.w.org\/{rel}","templated":true}]}}