{"id":2504,"date":"2019-09-18T20:17:43","date_gmt":"2019-09-18T18:17:43","guid":{"rendered":"https:\/\/arfolk.bzh\/boutique\/bagad-kemper-red-cardell-nerzh\/"},"modified":"2025-12-11T11:15:23","modified_gmt":"2025-12-11T10:15:23","slug":"bagad-kemper-red-cardell-nerzh","status":"publish","type":"product","link":"https:\/\/arfolk.bzh\/br\/boutique\/bagad-kemper-red-cardell-nerzh\/","title":{"rendered":"Bagad Kemper &#038; Red Cardell &#8211; NERZH"},"content":{"rendered":"<p>Red Cardell, infatigable quatuor, 20 albums au compteur, laisse son rock ent\u00eatant \u00eatre port\u00e9 par le souffle des 40 musiciens du bagad Kemper.<\/p>\n<p>C&rsquo;est festif, dansant, et puissant !<\/p>\n<p><iframe loading=\"lazy\" title=\"Bagad Kemper &amp; Red Cardell - Nerzh\" width=\"1080\" height=\"608\" src=\"https:\/\/www.youtube.com\/embed\/videoseries?list=PLQMZD0e8YHDLKLIKGklPQEfHYT8XFpKQ5\"  allow=\"accelerometer; autoplay; clipboard-write; encrypted-media; gyroscope; picture-in-picture; web-share\" referrerpolicy=\"strict-origin-when-cross-origin\" allowfullscreen><\/iframe><\/p>\n<p><strong>Tracklist de \u00a0\u00bb Nerzh \u00ab\u00a0:<\/strong><\/p>\n<ol>\n<li><strong>D\u00e9sert et d\u00e9sir<\/strong><\/li>\n<li><strong>Yeeaahh<\/strong><\/li>\n<li><strong>Un grain<\/strong><\/li>\n<li><strong>Sur la dune<\/strong><\/li>\n<li><strong>Un nouveau monde<\/strong><\/li>\n<li><strong>Au milieu de nulle part<\/strong><\/li>\n<li><strong>Indien<\/strong><\/li>\n<li><strong>Nerzh<\/strong><\/li>\n<\/ol>\n<p><strong>Dur\u00e9e totale : 40&rsquo;12<\/strong><\/p>","protected":false},"excerpt":{"rendered":"<p>La nouvelle collaboration du groupe de rock Red Cardell et un bagad des plus r\u00e9put\u00e9s, le bagad Kemper.<\/p>\n<p>Ecoutez en Streaming : <a href=\"https:\/\/fanlink.tv\/nerzh\"><strong>https:\/\/fanlink.tv\/nerzh<\/strong><\/a><\/p>","protected":false},"featured_media":2243,"template":"","meta":{"_acf_changed":false,"_et_pb_use_builder":"","_et_pb_old_content":"","_et_gb_content_width":""},"product_brand":[],"false":[43,33],"product_tag":[],"disponible_a_la_vente":[38],"langue":[72],"style":[77],"supports":[86],"class_list":{"0":"post-2504","1":"product","2":"type-product","3":"status-publish","4":"has-post-thumbnail","6":"product_cat-bagad-kemper","7":"product_cat-red-cardell","8":"disponible_a_la_vente-disponible-a-la-vente","9":"langue-francais","10":"style-pop-rock-folk-punk","11":"supports-cd","13":"first","14":"instock","15":"sale","16":"purchasable","17":"product-type-simple"},"acf":[],"yoast_head":"<!-- This site is optimized with the Yoast SEO Premium plugin v24.0 (Yoast SEO v27.3) - https:\/\/yoast.com\/product\/yoast-seo-premium-wordpress\/ -->\n<title>Album de Bagad Kemper &amp; Red Cardell - NERZH<\/title>\n<meta name=\"description\" content=\"Retrouvez l&#039;album de Bagad Kemper &amp; Red Cardell - NERZH. Commandez directement en ligne sur arfolk.bzh, le label discographique breton.\" \/>\n<meta name=\"robots\" content=\"index, follow, max-snippet:-1, max-image-preview:large, max-video-preview:-1\" \/>\n<link rel=\"canonical\" href=\"https:\/\/arfolk.bzh\/br\/boutique\/bagad-kemper-red-cardell-nerzh\/\" \/>\n<script type=\"application\/ld+json\" class=\"yoast-schema-graph\">{\"@context\":\"https:\\\/\\\/schema.org\",\"@graph\":[{\"@type\":\"WebPage\",\"@id\":\"https:\\\/\\\/arfolk.bzh\\\/boutique\\\/bagad-kemper-red-cardell-nerzh\\\/\",\"url\":\"https:\\\/\\\/arfolk.bzh\\\/boutique\\\/bagad-kemper-red-cardell-nerzh\\\/\",\"name\":\"Album de Bagad Kemper & Red Cardell - NERZH\",\"isPartOf\":{\"@id\":\"https:\\\/\\\/arfolk.bzh\\\/#website\"},\"primaryImageOfPage\":{\"@id\":\"https:\\\/\\\/arfolk.bzh\\\/boutique\\\/bagad-kemper-red-cardell-nerzh\\\/#primaryimage\"},\"image\":{\"@id\":\"https:\\\/\\\/arfolk.bzh\\\/boutique\\\/bagad-kemper-red-cardell-nerzh\\\/#primaryimage\"},\"thumbnailUrl\":\"https:\\\/\\\/arfolk.bzh\\\/wp-content\\\/uploads\\\/2024\\\/04\\\/bagadkemperredcardell_nerzh-scaled.jpg\",\"datePublished\":\"2019-09-18T18:17:43+00:00\",\"dateModified\":\"2025-12-11T10:15:23+00:00\",\"description\":\"Retrouvez l'album de Bagad Kemper & Red Cardell - NERZH. Commandez directement en ligne sur arfolk.bzh, le label discographique breton.\",\"breadcrumb\":{\"@id\":\"https:\\\/\\\/arfolk.bzh\\\/boutique\\\/bagad-kemper-red-cardell-nerzh\\\/#breadcrumb\"},\"inLanguage\":\"br-FR\",\"potentialAction\":[{\"@type\":\"ReadAction\",\"target\":[\"https:\\\/\\\/arfolk.bzh\\\/boutique\\\/bagad-kemper-red-cardell-nerzh\\\/\"]}]},{\"@type\":\"ImageObject\",\"inLanguage\":\"br-FR\",\"@id\":\"https:\\\/\\\/arfolk.bzh\\\/boutique\\\/bagad-kemper-red-cardell-nerzh\\\/#primaryimage\",\"url\":\"https:\\\/\\\/arfolk.bzh\\\/wp-content\\\/uploads\\\/2024\\\/04\\\/bagadkemperredcardell_nerzh-scaled.jpg\",\"contentUrl\":\"https:\\\/\\\/arfolk.bzh\\\/wp-content\\\/uploads\\\/2024\\\/04\\\/bagadkemperredcardell_nerzh-scaled.jpg\",\"width\":2560,\"height\":2560,\"caption\":\"bagadkemperredcardell nerzh\"},{\"@type\":\"BreadcrumbList\",\"@id\":\"https:\\\/\\\/arfolk.bzh\\\/boutique\\\/bagad-kemper-red-cardell-nerzh\\\/#breadcrumb\",\"itemListElement\":[{\"@type\":\"ListItem\",\"position\":1,\"name\":\"Accueil\",\"item\":\"https:\\\/\\\/arfolk.bzh\\\/\"},{\"@type\":\"ListItem\",\"position\":2,\"name\":\"Boutique\",\"item\":\"https:\\\/\\\/arfolk.bzh\\\/boutique\\\/\"},{\"@type\":\"ListItem\",\"position\":3,\"name\":\"Bagad Kemper &#038; Red Cardell &#8211; NERZH\"}]},{\"@type\":\"WebSite\",\"@id\":\"https:\\\/\\\/arfolk.bzh\\\/#website\",\"url\":\"https:\\\/\\\/arfolk.bzh\\\/\",\"name\":\"Arfolk\",\"description\":\"Label discographique sp\u00e9cialis\u00e9 dans la musique bretonne\",\"publisher\":{\"@id\":\"https:\\\/\\\/arfolk.bzh\\\/#organization\"},\"potentialAction\":[{\"@type\":\"SearchAction\",\"target\":{\"@type\":\"EntryPoint\",\"urlTemplate\":\"https:\\\/\\\/arfolk.bzh\\\/?s={search_term_string}\"},\"query-input\":{\"@type\":\"PropertyValueSpecification\",\"valueRequired\":true,\"valueName\":\"search_term_string\"}}],\"inLanguage\":\"br-FR\"},{\"@type\":\"Organization\",\"@id\":\"https:\\\/\\\/arfolk.bzh\\\/#organization\",\"name\":\"Arfolk\",\"alternateName\":\"Le label de la musique bretonne\",\"url\":\"https:\\\/\\\/arfolk.bzh\\\/\",\"logo\":{\"@type\":\"ImageObject\",\"inLanguage\":\"br-FR\",\"@id\":\"https:\\\/\\\/arfolk.bzh\\\/#\\\/schema\\\/logo\\\/image\\\/\",\"url\":\"https:\\\/\\\/arfolk.bzh\\\/wp-content\\\/uploads\\\/2023\\\/11\\\/cropped-logo-label-de-musique-breton-arfolf-vignette.webp\",\"contentUrl\":\"https:\\\/\\\/arfolk.bzh\\\/wp-content\\\/uploads\\\/2023\\\/11\\\/cropped-logo-label-de-musique-breton-arfolf-vignette.webp\",\"width\":512,\"height\":512,\"caption\":\"Arfolk\"},\"image\":{\"@id\":\"https:\\\/\\\/arfolk.bzh\\\/#\\\/schema\\\/logo\\\/image\\\/\"},\"sameAs\":[\"https:\\\/\\\/www.facebook.com\\\/Arfolkmusik\",\"https:\\\/\\\/www.instagram.com\\\/arfolkmusik\\\/\"]}]}<\/script>\n<!-- \/ Yoast SEO Premium plugin. -->","yoast_head_json":{"title":"Album de Bagad Kemper & Red Cardell - NERZH","description":"Retrouvez l'album de Bagad Kemper & Red Cardell - NERZH. Commandez directement en ligne sur arfolk.bzh, le label discographique breton.","robots":{"index":"index","follow":"follow","max-snippet":"max-snippet:-1","max-image-preview":"max-image-preview:large","max-video-preview":"max-video-preview:-1"},"canonical":"https:\/\/arfolk.bzh\/br\/boutique\/bagad-kemper-red-cardell-nerzh\/","schema":{"@context":"https:\/\/schema.org","@graph":[{"@type":"WebPage","@id":"https:\/\/arfolk.bzh\/boutique\/bagad-kemper-red-cardell-nerzh\/","url":"https:\/\/arfolk.bzh\/boutique\/bagad-kemper-red-cardell-nerzh\/","name":"Album de Bagad Kemper & Red Cardell - NERZH","isPartOf":{"@id":"https:\/\/arfolk.bzh\/#website"},"primaryImageOfPage":{"@id":"https:\/\/arfolk.bzh\/boutique\/bagad-kemper-red-cardell-nerzh\/#primaryimage"},"image":{"@id":"https:\/\/arfolk.bzh\/boutique\/bagad-kemper-red-cardell-nerzh\/#primaryimage"},"thumbnailUrl":"https:\/\/arfolk.bzh\/wp-content\/uploads\/2024\/04\/bagadkemperredcardell_nerzh-scaled.jpg","datePublished":"2019-09-18T18:17:43+00:00","dateModified":"2025-12-11T10:15:23+00:00","description":"Retrouvez l'album de Bagad Kemper & Red Cardell - NERZH. Commandez directement en ligne sur arfolk.bzh, le label discographique breton.","breadcrumb":{"@id":"https:\/\/arfolk.bzh\/boutique\/bagad-kemper-red-cardell-nerzh\/#breadcrumb"},"inLanguage":"br-FR","potentialAction":[{"@type":"ReadAction","target":["https:\/\/arfolk.bzh\/boutique\/bagad-kemper-red-cardell-nerzh\/"]}]},{"@type":"ImageObject","inLanguage":"br-FR","@id":"https:\/\/arfolk.bzh\/boutique\/bagad-kemper-red-cardell-nerzh\/#primaryimage","url":"https:\/\/arfolk.bzh\/wp-content\/uploads\/2024\/04\/bagadkemperredcardell_nerzh-scaled.jpg","contentUrl":"https:\/\/arfolk.bzh\/wp-content\/uploads\/2024\/04\/bagadkemperredcardell_nerzh-scaled.jpg","width":2560,"height":2560,"caption":"bagadkemperredcardell nerzh"},{"@type":"BreadcrumbList","@id":"https:\/\/arfolk.bzh\/boutique\/bagad-kemper-red-cardell-nerzh\/#breadcrumb","itemListElement":[{"@type":"ListItem","position":1,"name":"Accueil","item":"https:\/\/arfolk.bzh\/"},{"@type":"ListItem","position":2,"name":"Boutique","item":"https:\/\/arfolk.bzh\/boutique\/"},{"@type":"ListItem","position":3,"name":"Bagad Kemper &#038; Red Cardell &#8211; NERZH"}]},{"@type":"WebSite","@id":"https:\/\/arfolk.bzh\/#website","url":"https:\/\/arfolk.bzh\/","name":"Arfolk","description":"Label discographique sp\u00e9cialis\u00e9 dans la musique bretonne","publisher":{"@id":"https:\/\/arfolk.bzh\/#organization"},"potentialAction":[{"@type":"SearchAction","target":{"@type":"EntryPoint","urlTemplate":"https:\/\/arfolk.bzh\/?s={search_term_string}"},"query-input":{"@type":"PropertyValueSpecification","valueRequired":true,"valueName":"search_term_string"}}],"inLanguage":"br-FR"},{"@type":"Organization","@id":"https:\/\/arfolk.bzh\/#organization","name":"Arfolk","alternateName":"Le label de la musique bretonne","url":"https:\/\/arfolk.bzh\/","logo":{"@type":"ImageObject","inLanguage":"br-FR","@id":"https:\/\/arfolk.bzh\/#\/schema\/logo\/image\/","url":"https:\/\/arfolk.bzh\/wp-content\/uploads\/2023\/11\/cropped-logo-label-de-musique-breton-arfolf-vignette.webp","contentUrl":"https:\/\/arfolk.bzh\/wp-content\/uploads\/2023\/11\/cropped-logo-label-de-musique-breton-arfolf-vignette.webp","width":512,"height":512,"caption":"Arfolk"},"image":{"@id":"https:\/\/arfolk.bzh\/#\/schema\/logo\/image\/"},"sameAs":["https:\/\/www.facebook.com\/Arfolkmusik","https:\/\/www.instagram.com\/arfolkmusik\/"]}]}},"jetpack_sharing_enabled":true,"_links":{"self":[{"href":"https:\/\/arfolk.bzh\/br\/wp-json\/wp\/v2\/product\/2504","targetHints":{"allow":["GET"]}}],"collection":[{"href":"https:\/\/arfolk.bzh\/br\/wp-json\/wp\/v2\/product"}],"about":[{"href":"https:\/\/arfolk.bzh\/br\/wp-json\/wp\/v2\/types\/product"}],"wp:featuredmedia":[{"embeddable":true,"href":"https:\/\/arfolk.bzh\/br\/wp-json\/wp\/v2\/media\/2243"}],"wp:attachment":[{"href":"https:\/\/arfolk.bzh\/br\/wp-json\/wp\/v2\/media?parent=2504"}],"wp:term":[{"taxonomy":"product_brand","embeddable":true,"href":"https:\/\/arfolk.bzh\/br\/wp-json\/wp\/v2\/product_brand?post=2504"},{"taxonomy":"product_cat","embeddable":true,"href":"https:\/\/arfolk.bzh\/br\/wp-json\/wp\/v2\/false?post=2504"},{"taxonomy":"product_tag","embeddable":true,"href":"https:\/\/arfolk.bzh\/br\/wp-json\/wp\/v2\/product_tag?post=2504"},{"taxonomy":"disponible_a_la_vente","embeddable":true,"href":"https:\/\/arfolk.bzh\/br\/wp-json\/wp\/v2\/disponible_a_la_vente?post=2504"},{"taxonomy":"langue","embeddable":true,"href":"https:\/\/arfolk.bzh\/br\/wp-json\/wp\/v2\/langue?post=2504"},{"taxonomy":"style","embeddable":true,"href":"https:\/\/arfolk.bzh\/br\/wp-json\/wp\/v2\/style?post=2504"},{"taxonomy":"supports","embeddable":true,"href":"https:\/\/arfolk.bzh\/br\/wp-json\/wp\/v2\/supports?post=2504"}],"curies":[{"name":"wp","href":"https:\/\/api.w.org\/{rel}","templated":true}]}}