{"id":2532,"date":"2020-03-04T20:17:56","date_gmt":"2020-03-04T19:17:56","guid":{"rendered":"https:\/\/arfolk.bzh\/boutique\/denez-trans\/"},"modified":"2025-12-11T11:03:24","modified_gmt":"2025-12-11T10:03:24","slug":"denez-trans","status":"publish","type":"product","link":"https:\/\/arfolk.bzh\/br\/boutique\/denez-trans\/","title":{"rendered":"Denez &#8211; Tra\u00f1s"},"content":{"rendered":"<p>Enregistrement en LIVE au fest-noz Yaouank 2019 : d\u00e9couvrir <a href=\"https:\/\/youtube.com\/playlist?list=PLQMZD0e8YHDJc5kpU9p_cZ1zFgwzLKMx8&amp;si=IUA8ROSXuUDNhlfC\"><strong>ici<\/strong><\/a>.<\/p>\n<p>Dans la continuit\u00e9 de ses aventures \u00e9lectro.<\/p>\n<p>\u00c9DITION LIMIT\u00c9E ET NUM\u00c9ROT\u00c9E\u00a0: 2 500 exemplaires. Un seul tirage.<\/p>\n<p><strong>Tracklist de \u00ab\u00a0Tra\u00f1s\u00a0\u00bb:<\/strong><\/p>\n<ol>\n<li><strong>Android 56 (andro)<\/strong><\/li>\n<li><strong><span class=\"MuiTypography-root MuiTypography-labelSmall css-1kybk0l\"><span class=\"trackTitle_CTKp4\">Bit Plinn (tamm Kenta\u00f1 Plinn)<\/span><\/span><\/strong><\/li>\n<li><strong><span class=\"MuiTypography-root MuiTypography-labelSmall css-1kybk0l\"><span class=\"trackTitle_CTKp4\">Cyber-Bal (bal Plinn)<\/span><\/span><\/strong><\/li>\n<li><strong><span class=\"MuiTypography-root MuiTypography-labelSmall css-1kybk0l\"><span class=\"trackTitle_CTKp4\">Elektrovor (tamm Diwezha\u00f1 Plinn)<\/span><\/span><\/strong><\/li>\n<li><strong><span class=\"MuiTypography-root MuiTypography-labelSmall css-1kybk0l\"><span class=\"trackTitle_CTKp4\">Hard-Korr (rond De Land\u00e9da)<\/span><\/span><\/strong><\/li>\n<li><strong><span class=\"MuiTypography-root MuiTypography-labelSmall css-1kybk0l\"><span class=\"trackTitle_CTKp4\">Tra\u00f1s-Da\u00f1s (tra\u00f1s Fisel)<\/span><\/span><\/strong><\/li>\n<li><strong><span class=\"MuiTypography-root MuiTypography-labelSmall css-1kybk0l\"><span class=\"trackTitle_CTKp4\">Kostez K\u00ear (kostez &lsquo;r c&rsquo;hoad)<\/span><\/span><\/strong><\/li>\n<\/ol>","protected":false},"excerpt":{"rendered":"<p>Denez livre ici un objet unique, cadeau pour ses fans : La r\u00e9union du fest-noz et de l\u2019\u00e9lectro.<\/p>\n<p>Ecoutez en streaming : <strong><a href=\"https:\/\/fanlink.tv\/cDth\">https:\/\/fanlink.tv\/cDth<\/a><\/strong><\/p>\n<p>&nbsp;<\/p>","protected":false},"featured_media":2272,"template":"","meta":{"_acf_changed":false,"_et_pb_use_builder":"","_et_pb_old_content":"","_et_gb_content_width":""},"product_brand":[],"false":[35],"product_tag":[],"disponible_a_la_vente":[38],"langue":[73],"style":[77],"supports":[86],"class_list":{"0":"post-2532","1":"product","2":"type-product","3":"status-publish","4":"has-post-thumbnail","6":"product_cat-denez","7":"disponible_a_la_vente-disponible-a-la-vente","8":"langue-breton","9":"style-pop-rock-folk-punk","10":"supports-cd","12":"first","13":"instock","14":"purchasable","15":"product-type-simple"},"acf":[],"yoast_head":"<!-- This site is optimized with the Yoast SEO Premium plugin v24.0 (Yoast SEO v27.3) - https:\/\/yoast.com\/product\/yoast-seo-premium-wordpress\/ -->\n<title>Denez - Tra\u00f1s<\/title>\n<meta name=\"description\" content=\"Retrouvez l&#039;album de Denez - Tra\u00f1s en \u00e9dition limit\u00e9e num\u00e9rot\u00e9e. LIVE au fest-noz Yaouank 2019. Commandez directement en ligne sur arfolk.bzh.\" \/>\n<meta name=\"robots\" content=\"index, follow, max-snippet:-1, max-image-preview:large, max-video-preview:-1\" \/>\n<link rel=\"canonical\" href=\"https:\/\/arfolk.bzh\/br\/boutique\/denez-trans\/\" \/>\n<script type=\"application\/ld+json\" class=\"yoast-schema-graph\">{\"@context\":\"https:\\\/\\\/schema.org\",\"@graph\":[{\"@type\":\"WebPage\",\"@id\":\"https:\\\/\\\/arfolk.bzh\\\/boutique\\\/denez-trans\\\/\",\"url\":\"https:\\\/\\\/arfolk.bzh\\\/boutique\\\/denez-trans\\\/\",\"name\":\"Denez - Tra\u00f1s\",\"isPartOf\":{\"@id\":\"https:\\\/\\\/arfolk.bzh\\\/#website\"},\"primaryImageOfPage\":{\"@id\":\"https:\\\/\\\/arfolk.bzh\\\/boutique\\\/denez-trans\\\/#primaryimage\"},\"image\":{\"@id\":\"https:\\\/\\\/arfolk.bzh\\\/boutique\\\/denez-trans\\\/#primaryimage\"},\"thumbnailUrl\":\"https:\\\/\\\/arfolk.bzh\\\/wp-content\\\/uploads\\\/2024\\\/04\\\/denez_trans-scaled.jpg\",\"datePublished\":\"2020-03-04T19:17:56+00:00\",\"dateModified\":\"2025-12-11T10:03:24+00:00\",\"description\":\"Retrouvez l'album de Denez - Tra\u00f1s en \u00e9dition limit\u00e9e num\u00e9rot\u00e9e. LIVE au fest-noz Yaouank 2019. Commandez directement en ligne sur arfolk.bzh.\",\"breadcrumb\":{\"@id\":\"https:\\\/\\\/arfolk.bzh\\\/boutique\\\/denez-trans\\\/#breadcrumb\"},\"inLanguage\":\"br-FR\",\"potentialAction\":[{\"@type\":\"ReadAction\",\"target\":[\"https:\\\/\\\/arfolk.bzh\\\/boutique\\\/denez-trans\\\/\"]}]},{\"@type\":\"ImageObject\",\"inLanguage\":\"br-FR\",\"@id\":\"https:\\\/\\\/arfolk.bzh\\\/boutique\\\/denez-trans\\\/#primaryimage\",\"url\":\"https:\\\/\\\/arfolk.bzh\\\/wp-content\\\/uploads\\\/2024\\\/04\\\/denez_trans-scaled.jpg\",\"contentUrl\":\"https:\\\/\\\/arfolk.bzh\\\/wp-content\\\/uploads\\\/2024\\\/04\\\/denez_trans-scaled.jpg\",\"width\":2560,\"height\":2560,\"caption\":\"denez trans\"},{\"@type\":\"BreadcrumbList\",\"@id\":\"https:\\\/\\\/arfolk.bzh\\\/boutique\\\/denez-trans\\\/#breadcrumb\",\"itemListElement\":[{\"@type\":\"ListItem\",\"position\":1,\"name\":\"Accueil\",\"item\":\"https:\\\/\\\/arfolk.bzh\\\/\"},{\"@type\":\"ListItem\",\"position\":2,\"name\":\"Boutique\",\"item\":\"https:\\\/\\\/arfolk.bzh\\\/boutique\\\/\"},{\"@type\":\"ListItem\",\"position\":3,\"name\":\"Denez &#8211; Tra\u00f1s\"}]},{\"@type\":\"WebSite\",\"@id\":\"https:\\\/\\\/arfolk.bzh\\\/#website\",\"url\":\"https:\\\/\\\/arfolk.bzh\\\/\",\"name\":\"Arfolk\",\"description\":\"Label discographique sp\u00e9cialis\u00e9 dans la musique bretonne\",\"publisher\":{\"@id\":\"https:\\\/\\\/arfolk.bzh\\\/#organization\"},\"potentialAction\":[{\"@type\":\"SearchAction\",\"target\":{\"@type\":\"EntryPoint\",\"urlTemplate\":\"https:\\\/\\\/arfolk.bzh\\\/?s={search_term_string}\"},\"query-input\":{\"@type\":\"PropertyValueSpecification\",\"valueRequired\":true,\"valueName\":\"search_term_string\"}}],\"inLanguage\":\"br-FR\"},{\"@type\":\"Organization\",\"@id\":\"https:\\\/\\\/arfolk.bzh\\\/#organization\",\"name\":\"Arfolk\",\"alternateName\":\"Le label de la musique bretonne\",\"url\":\"https:\\\/\\\/arfolk.bzh\\\/\",\"logo\":{\"@type\":\"ImageObject\",\"inLanguage\":\"br-FR\",\"@id\":\"https:\\\/\\\/arfolk.bzh\\\/#\\\/schema\\\/logo\\\/image\\\/\",\"url\":\"https:\\\/\\\/arfolk.bzh\\\/wp-content\\\/uploads\\\/2023\\\/11\\\/cropped-logo-label-de-musique-breton-arfolf-vignette.webp\",\"contentUrl\":\"https:\\\/\\\/arfolk.bzh\\\/wp-content\\\/uploads\\\/2023\\\/11\\\/cropped-logo-label-de-musique-breton-arfolf-vignette.webp\",\"width\":512,\"height\":512,\"caption\":\"Arfolk\"},\"image\":{\"@id\":\"https:\\\/\\\/arfolk.bzh\\\/#\\\/schema\\\/logo\\\/image\\\/\"},\"sameAs\":[\"https:\\\/\\\/www.facebook.com\\\/Arfolkmusik\",\"https:\\\/\\\/www.instagram.com\\\/arfolkmusik\\\/\"]}]}<\/script>\n<!-- \/ Yoast SEO Premium plugin. -->","yoast_head_json":{"title":"Denez - Tra\u00f1s","description":"Retrouvez l'album de Denez - Tra\u00f1s en \u00e9dition limit\u00e9e num\u00e9rot\u00e9e. LIVE au fest-noz Yaouank 2019. Commandez directement en ligne sur arfolk.bzh.","robots":{"index":"index","follow":"follow","max-snippet":"max-snippet:-1","max-image-preview":"max-image-preview:large","max-video-preview":"max-video-preview:-1"},"canonical":"https:\/\/arfolk.bzh\/br\/boutique\/denez-trans\/","schema":{"@context":"https:\/\/schema.org","@graph":[{"@type":"WebPage","@id":"https:\/\/arfolk.bzh\/boutique\/denez-trans\/","url":"https:\/\/arfolk.bzh\/boutique\/denez-trans\/","name":"Denez - Tra\u00f1s","isPartOf":{"@id":"https:\/\/arfolk.bzh\/#website"},"primaryImageOfPage":{"@id":"https:\/\/arfolk.bzh\/boutique\/denez-trans\/#primaryimage"},"image":{"@id":"https:\/\/arfolk.bzh\/boutique\/denez-trans\/#primaryimage"},"thumbnailUrl":"https:\/\/arfolk.bzh\/wp-content\/uploads\/2024\/04\/denez_trans-scaled.jpg","datePublished":"2020-03-04T19:17:56+00:00","dateModified":"2025-12-11T10:03:24+00:00","description":"Retrouvez l'album de Denez - Tra\u00f1s en \u00e9dition limit\u00e9e num\u00e9rot\u00e9e. LIVE au fest-noz Yaouank 2019. Commandez directement en ligne sur arfolk.bzh.","breadcrumb":{"@id":"https:\/\/arfolk.bzh\/boutique\/denez-trans\/#breadcrumb"},"inLanguage":"br-FR","potentialAction":[{"@type":"ReadAction","target":["https:\/\/arfolk.bzh\/boutique\/denez-trans\/"]}]},{"@type":"ImageObject","inLanguage":"br-FR","@id":"https:\/\/arfolk.bzh\/boutique\/denez-trans\/#primaryimage","url":"https:\/\/arfolk.bzh\/wp-content\/uploads\/2024\/04\/denez_trans-scaled.jpg","contentUrl":"https:\/\/arfolk.bzh\/wp-content\/uploads\/2024\/04\/denez_trans-scaled.jpg","width":2560,"height":2560,"caption":"denez trans"},{"@type":"BreadcrumbList","@id":"https:\/\/arfolk.bzh\/boutique\/denez-trans\/#breadcrumb","itemListElement":[{"@type":"ListItem","position":1,"name":"Accueil","item":"https:\/\/arfolk.bzh\/"},{"@type":"ListItem","position":2,"name":"Boutique","item":"https:\/\/arfolk.bzh\/boutique\/"},{"@type":"ListItem","position":3,"name":"Denez &#8211; Tra\u00f1s"}]},{"@type":"WebSite","@id":"https:\/\/arfolk.bzh\/#website","url":"https:\/\/arfolk.bzh\/","name":"Arfolk","description":"Label discographique sp\u00e9cialis\u00e9 dans la musique bretonne","publisher":{"@id":"https:\/\/arfolk.bzh\/#organization"},"potentialAction":[{"@type":"SearchAction","target":{"@type":"EntryPoint","urlTemplate":"https:\/\/arfolk.bzh\/?s={search_term_string}"},"query-input":{"@type":"PropertyValueSpecification","valueRequired":true,"valueName":"search_term_string"}}],"inLanguage":"br-FR"},{"@type":"Organization","@id":"https:\/\/arfolk.bzh\/#organization","name":"Arfolk","alternateName":"Le label de la musique bretonne","url":"https:\/\/arfolk.bzh\/","logo":{"@type":"ImageObject","inLanguage":"br-FR","@id":"https:\/\/arfolk.bzh\/#\/schema\/logo\/image\/","url":"https:\/\/arfolk.bzh\/wp-content\/uploads\/2023\/11\/cropped-logo-label-de-musique-breton-arfolf-vignette.webp","contentUrl":"https:\/\/arfolk.bzh\/wp-content\/uploads\/2023\/11\/cropped-logo-label-de-musique-breton-arfolf-vignette.webp","width":512,"height":512,"caption":"Arfolk"},"image":{"@id":"https:\/\/arfolk.bzh\/#\/schema\/logo\/image\/"},"sameAs":["https:\/\/www.facebook.com\/Arfolkmusik","https:\/\/www.instagram.com\/arfolkmusik\/"]}]}},"jetpack_sharing_enabled":true,"_links":{"self":[{"href":"https:\/\/arfolk.bzh\/br\/wp-json\/wp\/v2\/product\/2532","targetHints":{"allow":["GET"]}}],"collection":[{"href":"https:\/\/arfolk.bzh\/br\/wp-json\/wp\/v2\/product"}],"about":[{"href":"https:\/\/arfolk.bzh\/br\/wp-json\/wp\/v2\/types\/product"}],"wp:featuredmedia":[{"embeddable":true,"href":"https:\/\/arfolk.bzh\/br\/wp-json\/wp\/v2\/media\/2272"}],"wp:attachment":[{"href":"https:\/\/arfolk.bzh\/br\/wp-json\/wp\/v2\/media?parent=2532"}],"wp:term":[{"taxonomy":"product_brand","embeddable":true,"href":"https:\/\/arfolk.bzh\/br\/wp-json\/wp\/v2\/product_brand?post=2532"},{"taxonomy":"product_cat","embeddable":true,"href":"https:\/\/arfolk.bzh\/br\/wp-json\/wp\/v2\/false?post=2532"},{"taxonomy":"product_tag","embeddable":true,"href":"https:\/\/arfolk.bzh\/br\/wp-json\/wp\/v2\/product_tag?post=2532"},{"taxonomy":"disponible_a_la_vente","embeddable":true,"href":"https:\/\/arfolk.bzh\/br\/wp-json\/wp\/v2\/disponible_a_la_vente?post=2532"},{"taxonomy":"langue","embeddable":true,"href":"https:\/\/arfolk.bzh\/br\/wp-json\/wp\/v2\/langue?post=2532"},{"taxonomy":"style","embeddable":true,"href":"https:\/\/arfolk.bzh\/br\/wp-json\/wp\/v2\/style?post=2532"},{"taxonomy":"supports","embeddable":true,"href":"https:\/\/arfolk.bzh\/br\/wp-json\/wp\/v2\/supports?post=2532"}],"curies":[{"name":"wp","href":"https:\/\/api.w.org\/{rel}","templated":true}]}}