{"id":2552,"date":"2016-04-15T20:18:09","date_gmt":"2016-04-15T18:18:09","guid":{"rendered":"https:\/\/arfolk.bzh\/boutique\/didier-squiban-bernard-le-dreau-jerome-kerihuel-sonate-en-trio\/"},"modified":"2025-12-11T11:53:39","modified_gmt":"2025-12-11T10:53:39","slug":"didier-squiban-bernard-le-dreau-jerome-kerihuel-sonate-en-trio","status":"publish","type":"product","link":"https:\/\/arfolk.bzh\/br\/boutique\/didier-squiban-bernard-le-dreau-jerome-kerihuel-sonate-en-trio\/","title":{"rendered":"Didier Squiban, Bernard Le Dreau, J\u00e9r\u00f4me Kerihuel &#8211; Sonate en trio"},"content":{"rendered":"<p><em>\u00ab\u00a0L&rsquo;id\u00e9e de cette formation m&rsquo;a \u00e9t\u00e9 sugg\u00e9r\u00e9e par Jean-Philippe Mauras (Lenn Production) Ma complicit\u00e9 avec Bernard remonte \u00e0 plus de vingt-cinq ans. Nous avons partag\u00e9 diverses aventures musicales (Sirius, an Tourtan, mes trois symphonies, \u00ab la plage \u00bb&#8230;). La rencontre avec J\u00e9r\u00f4me est plus r\u00e9cente (2007). Notre premier concert en duo eut lieu au stade de Rennes devant 25000 personnes alors qu&rsquo;il rempla\u00e7ait exceptionnellement mon ami Jean \u00ab Popof \u00bb Chevalier. Depuis, avec J\u00e9r\u00f4me, j&rsquo;ai enregistr\u00e9 trois albums (\u00ab Estran \u00bb, \u00ab Adarre \u00bb et \u00ab Mexico \u00bb). \u00ab Sonate en trio \u00bb reprend des th\u00e8mes compos\u00e9s pour mes albums pr\u00e9c\u00e9dents (sauf \u00ab Keramoal \u00bb, \u00e9crit par J\u00e9r\u00f4me), revisit\u00e9s, r\u00e9arrang\u00e9s, dans un autre esprit et des couleurs diff\u00e9rentes. En passant, \u00e0 mon invitation, le barde Manu Lann Huel a dit le po\u00e8me \u00ab co-naissance \u00bb de Jean-Bernard Vighetti. Bon voyage \u00e0 tous.\u00a0\u00bb<\/em><\/p>\n<p><span data-sheets-root=\"1\">Didier Squiban.<\/span><\/p>","protected":false},"excerpt":{"rendered":"<p><span data-sheets-root=\"1\">Didier Squiban, Bernard Le Dreau, J\u00e9r\u00f4me Kerihuel<br \/>\n<\/span><br \/>\nEcoutez en Streaming : <strong><a href=\"https:\/\/fanlink.tv\/whv2\">https:\/\/fanlink.tv\/whv2<\/a><\/strong><\/p>\n<p>https:\/\/youtube.com\/playlist?list=PLQMZD0e8YHDJpB-i0KRgZUuzGn7ondsUx&amp;si=y6dRos1VkH53tj7n<\/p>","protected":false},"featured_media":2802,"template":"","meta":{"_acf_changed":false,"_et_pb_use_builder":"","_et_pb_old_content":"","_et_gb_content_width":""},"product_brand":[],"false":[36],"product_tag":[],"disponible_a_la_vente":[38],"langue":[75],"style":[80],"supports":[86,88],"class_list":{"0":"post-2552","1":"product","2":"type-product","3":"status-publish","4":"has-post-thumbnail","6":"product_cat-didier-squiban","7":"disponible_a_la_vente-disponible-a-la-vente","8":"langue-instrumental","9":"style-arfolk-klasik-jazz","10":"supports-cd","11":"supports-dematerialise","13":"first","14":"instock","15":"purchasable","16":"product-type-simple"},"acf":[],"yoast_head":"<!-- This site is optimized with the Yoast SEO Premium plugin v24.0 (Yoast SEO v27.3) - https:\/\/yoast.com\/product\/yoast-seo-premium-wordpress\/ -->\n<title>Album de Didier Squiban, Bernard Le Dreau, J\u00e9r\u00f4me Kerihuel - Sonate en trio<\/title>\n<meta name=\"description\" content=\"Retrouvez l&#039;album de Didier Squiban, Bernard Le Dreau, J\u00e9r\u00f4me Kerihuel - Sonate en trio. Commandez directement en ligne sur arfolk.bzh, le label discographique breton.\" \/>\n<meta name=\"robots\" content=\"index, follow, max-snippet:-1, max-image-preview:large, max-video-preview:-1\" \/>\n<link rel=\"canonical\" href=\"https:\/\/arfolk.bzh\/br\/boutique\/didier-squiban-bernard-le-dreau-jerome-kerihuel-sonate-en-trio\/\" \/>\n<script type=\"application\/ld+json\" class=\"yoast-schema-graph\">{\"@context\":\"https:\\\/\\\/schema.org\",\"@graph\":[{\"@type\":\"WebPage\",\"@id\":\"https:\\\/\\\/arfolk.bzh\\\/boutique\\\/didier-squiban-bernard-le-dreau-jerome-kerihuel-sonate-en-trio\\\/\",\"url\":\"https:\\\/\\\/arfolk.bzh\\\/boutique\\\/didier-squiban-bernard-le-dreau-jerome-kerihuel-sonate-en-trio\\\/\",\"name\":\"Album de Didier Squiban, Bernard Le Dreau, J\u00e9r\u00f4me Kerihuel - Sonate en trio\",\"isPartOf\":{\"@id\":\"https:\\\/\\\/arfolk.bzh\\\/#website\"},\"primaryImageOfPage\":{\"@id\":\"https:\\\/\\\/arfolk.bzh\\\/boutique\\\/didier-squiban-bernard-le-dreau-jerome-kerihuel-sonate-en-trio\\\/#primaryimage\"},\"image\":{\"@id\":\"https:\\\/\\\/arfolk.bzh\\\/boutique\\\/didier-squiban-bernard-le-dreau-jerome-kerihuel-sonate-en-trio\\\/#primaryimage\"},\"thumbnailUrl\":\"https:\\\/\\\/arfolk.bzh\\\/wp-content\\\/uploads\\\/2024\\\/04\\\/squibankerihuelledreau_sonateentrio.webp\",\"datePublished\":\"2016-04-15T18:18:09+00:00\",\"dateModified\":\"2025-12-11T10:53:39+00:00\",\"description\":\"Retrouvez l'album de Didier Squiban, Bernard Le Dreau, J\u00e9r\u00f4me Kerihuel - Sonate en trio. Commandez directement en ligne sur arfolk.bzh, le label discographique breton.\",\"breadcrumb\":{\"@id\":\"https:\\\/\\\/arfolk.bzh\\\/boutique\\\/didier-squiban-bernard-le-dreau-jerome-kerihuel-sonate-en-trio\\\/#breadcrumb\"},\"inLanguage\":\"br-FR\",\"potentialAction\":[{\"@type\":\"ReadAction\",\"target\":[\"https:\\\/\\\/arfolk.bzh\\\/boutique\\\/didier-squiban-bernard-le-dreau-jerome-kerihuel-sonate-en-trio\\\/\"]}]},{\"@type\":\"ImageObject\",\"inLanguage\":\"br-FR\",\"@id\":\"https:\\\/\\\/arfolk.bzh\\\/boutique\\\/didier-squiban-bernard-le-dreau-jerome-kerihuel-sonate-en-trio\\\/#primaryimage\",\"url\":\"https:\\\/\\\/arfolk.bzh\\\/wp-content\\\/uploads\\\/2024\\\/04\\\/squibankerihuelledreau_sonateentrio.webp\",\"contentUrl\":\"https:\\\/\\\/arfolk.bzh\\\/wp-content\\\/uploads\\\/2024\\\/04\\\/squibankerihuelledreau_sonateentrio.webp\",\"width\":1000,\"height\":1000,\"caption\":\"Sonate en trio\"},{\"@type\":\"BreadcrumbList\",\"@id\":\"https:\\\/\\\/arfolk.bzh\\\/boutique\\\/didier-squiban-bernard-le-dreau-jerome-kerihuel-sonate-en-trio\\\/#breadcrumb\",\"itemListElement\":[{\"@type\":\"ListItem\",\"position\":1,\"name\":\"Accueil\",\"item\":\"https:\\\/\\\/arfolk.bzh\\\/\"},{\"@type\":\"ListItem\",\"position\":2,\"name\":\"Boutique\",\"item\":\"https:\\\/\\\/arfolk.bzh\\\/boutique\\\/\"},{\"@type\":\"ListItem\",\"position\":3,\"name\":\"Didier Squiban, Bernard Le Dreau, J\u00e9r\u00f4me Kerihuel &#8211; Sonate en trio\"}]},{\"@type\":\"WebSite\",\"@id\":\"https:\\\/\\\/arfolk.bzh\\\/#website\",\"url\":\"https:\\\/\\\/arfolk.bzh\\\/\",\"name\":\"Arfolk\",\"description\":\"Label discographique sp\u00e9cialis\u00e9 dans la musique bretonne\",\"publisher\":{\"@id\":\"https:\\\/\\\/arfolk.bzh\\\/#organization\"},\"potentialAction\":[{\"@type\":\"SearchAction\",\"target\":{\"@type\":\"EntryPoint\",\"urlTemplate\":\"https:\\\/\\\/arfolk.bzh\\\/?s={search_term_string}\"},\"query-input\":{\"@type\":\"PropertyValueSpecification\",\"valueRequired\":true,\"valueName\":\"search_term_string\"}}],\"inLanguage\":\"br-FR\"},{\"@type\":\"Organization\",\"@id\":\"https:\\\/\\\/arfolk.bzh\\\/#organization\",\"name\":\"Arfolk\",\"alternateName\":\"Le label de la musique bretonne\",\"url\":\"https:\\\/\\\/arfolk.bzh\\\/\",\"logo\":{\"@type\":\"ImageObject\",\"inLanguage\":\"br-FR\",\"@id\":\"https:\\\/\\\/arfolk.bzh\\\/#\\\/schema\\\/logo\\\/image\\\/\",\"url\":\"https:\\\/\\\/arfolk.bzh\\\/wp-content\\\/uploads\\\/2023\\\/11\\\/cropped-logo-label-de-musique-breton-arfolf-vignette.webp\",\"contentUrl\":\"https:\\\/\\\/arfolk.bzh\\\/wp-content\\\/uploads\\\/2023\\\/11\\\/cropped-logo-label-de-musique-breton-arfolf-vignette.webp\",\"width\":512,\"height\":512,\"caption\":\"Arfolk\"},\"image\":{\"@id\":\"https:\\\/\\\/arfolk.bzh\\\/#\\\/schema\\\/logo\\\/image\\\/\"},\"sameAs\":[\"https:\\\/\\\/www.facebook.com\\\/Arfolkmusik\",\"https:\\\/\\\/www.instagram.com\\\/arfolkmusik\\\/\"]}]}<\/script>\n<!-- \/ Yoast SEO Premium plugin. -->","yoast_head_json":{"title":"Album de Didier Squiban, Bernard Le Dreau, J\u00e9r\u00f4me Kerihuel - Sonate en trio","description":"Retrouvez l'album de Didier Squiban, Bernard Le Dreau, J\u00e9r\u00f4me Kerihuel - Sonate en trio. Commandez directement en ligne sur arfolk.bzh, le label discographique breton.","robots":{"index":"index","follow":"follow","max-snippet":"max-snippet:-1","max-image-preview":"max-image-preview:large","max-video-preview":"max-video-preview:-1"},"canonical":"https:\/\/arfolk.bzh\/br\/boutique\/didier-squiban-bernard-le-dreau-jerome-kerihuel-sonate-en-trio\/","schema":{"@context":"https:\/\/schema.org","@graph":[{"@type":"WebPage","@id":"https:\/\/arfolk.bzh\/boutique\/didier-squiban-bernard-le-dreau-jerome-kerihuel-sonate-en-trio\/","url":"https:\/\/arfolk.bzh\/boutique\/didier-squiban-bernard-le-dreau-jerome-kerihuel-sonate-en-trio\/","name":"Album de Didier Squiban, Bernard Le Dreau, J\u00e9r\u00f4me Kerihuel - Sonate en trio","isPartOf":{"@id":"https:\/\/arfolk.bzh\/#website"},"primaryImageOfPage":{"@id":"https:\/\/arfolk.bzh\/boutique\/didier-squiban-bernard-le-dreau-jerome-kerihuel-sonate-en-trio\/#primaryimage"},"image":{"@id":"https:\/\/arfolk.bzh\/boutique\/didier-squiban-bernard-le-dreau-jerome-kerihuel-sonate-en-trio\/#primaryimage"},"thumbnailUrl":"https:\/\/arfolk.bzh\/wp-content\/uploads\/2024\/04\/squibankerihuelledreau_sonateentrio.webp","datePublished":"2016-04-15T18:18:09+00:00","dateModified":"2025-12-11T10:53:39+00:00","description":"Retrouvez l'album de Didier Squiban, Bernard Le Dreau, J\u00e9r\u00f4me Kerihuel - Sonate en trio. Commandez directement en ligne sur arfolk.bzh, le label discographique breton.","breadcrumb":{"@id":"https:\/\/arfolk.bzh\/boutique\/didier-squiban-bernard-le-dreau-jerome-kerihuel-sonate-en-trio\/#breadcrumb"},"inLanguage":"br-FR","potentialAction":[{"@type":"ReadAction","target":["https:\/\/arfolk.bzh\/boutique\/didier-squiban-bernard-le-dreau-jerome-kerihuel-sonate-en-trio\/"]}]},{"@type":"ImageObject","inLanguage":"br-FR","@id":"https:\/\/arfolk.bzh\/boutique\/didier-squiban-bernard-le-dreau-jerome-kerihuel-sonate-en-trio\/#primaryimage","url":"https:\/\/arfolk.bzh\/wp-content\/uploads\/2024\/04\/squibankerihuelledreau_sonateentrio.webp","contentUrl":"https:\/\/arfolk.bzh\/wp-content\/uploads\/2024\/04\/squibankerihuelledreau_sonateentrio.webp","width":1000,"height":1000,"caption":"Sonate en trio"},{"@type":"BreadcrumbList","@id":"https:\/\/arfolk.bzh\/boutique\/didier-squiban-bernard-le-dreau-jerome-kerihuel-sonate-en-trio\/#breadcrumb","itemListElement":[{"@type":"ListItem","position":1,"name":"Accueil","item":"https:\/\/arfolk.bzh\/"},{"@type":"ListItem","position":2,"name":"Boutique","item":"https:\/\/arfolk.bzh\/boutique\/"},{"@type":"ListItem","position":3,"name":"Didier Squiban, Bernard Le Dreau, J\u00e9r\u00f4me Kerihuel &#8211; Sonate en trio"}]},{"@type":"WebSite","@id":"https:\/\/arfolk.bzh\/#website","url":"https:\/\/arfolk.bzh\/","name":"Arfolk","description":"Label discographique sp\u00e9cialis\u00e9 dans la musique bretonne","publisher":{"@id":"https:\/\/arfolk.bzh\/#organization"},"potentialAction":[{"@type":"SearchAction","target":{"@type":"EntryPoint","urlTemplate":"https:\/\/arfolk.bzh\/?s={search_term_string}"},"query-input":{"@type":"PropertyValueSpecification","valueRequired":true,"valueName":"search_term_string"}}],"inLanguage":"br-FR"},{"@type":"Organization","@id":"https:\/\/arfolk.bzh\/#organization","name":"Arfolk","alternateName":"Le label de la musique bretonne","url":"https:\/\/arfolk.bzh\/","logo":{"@type":"ImageObject","inLanguage":"br-FR","@id":"https:\/\/arfolk.bzh\/#\/schema\/logo\/image\/","url":"https:\/\/arfolk.bzh\/wp-content\/uploads\/2023\/11\/cropped-logo-label-de-musique-breton-arfolf-vignette.webp","contentUrl":"https:\/\/arfolk.bzh\/wp-content\/uploads\/2023\/11\/cropped-logo-label-de-musique-breton-arfolf-vignette.webp","width":512,"height":512,"caption":"Arfolk"},"image":{"@id":"https:\/\/arfolk.bzh\/#\/schema\/logo\/image\/"},"sameAs":["https:\/\/www.facebook.com\/Arfolkmusik","https:\/\/www.instagram.com\/arfolkmusik\/"]}]}},"jetpack_sharing_enabled":true,"_links":{"self":[{"href":"https:\/\/arfolk.bzh\/br\/wp-json\/wp\/v2\/product\/2552","targetHints":{"allow":["GET"]}}],"collection":[{"href":"https:\/\/arfolk.bzh\/br\/wp-json\/wp\/v2\/product"}],"about":[{"href":"https:\/\/arfolk.bzh\/br\/wp-json\/wp\/v2\/types\/product"}],"wp:featuredmedia":[{"embeddable":true,"href":"https:\/\/arfolk.bzh\/br\/wp-json\/wp\/v2\/media\/2802"}],"wp:attachment":[{"href":"https:\/\/arfolk.bzh\/br\/wp-json\/wp\/v2\/media?parent=2552"}],"wp:term":[{"taxonomy":"product_brand","embeddable":true,"href":"https:\/\/arfolk.bzh\/br\/wp-json\/wp\/v2\/product_brand?post=2552"},{"taxonomy":"product_cat","embeddable":true,"href":"https:\/\/arfolk.bzh\/br\/wp-json\/wp\/v2\/false?post=2552"},{"taxonomy":"product_tag","embeddable":true,"href":"https:\/\/arfolk.bzh\/br\/wp-json\/wp\/v2\/product_tag?post=2552"},{"taxonomy":"disponible_a_la_vente","embeddable":true,"href":"https:\/\/arfolk.bzh\/br\/wp-json\/wp\/v2\/disponible_a_la_vente?post=2552"},{"taxonomy":"langue","embeddable":true,"href":"https:\/\/arfolk.bzh\/br\/wp-json\/wp\/v2\/langue?post=2552"},{"taxonomy":"style","embeddable":true,"href":"https:\/\/arfolk.bzh\/br\/wp-json\/wp\/v2\/style?post=2552"},{"taxonomy":"supports","embeddable":true,"href":"https:\/\/arfolk.bzh\/br\/wp-json\/wp\/v2\/supports?post=2552"}],"curies":[{"name":"wp","href":"https:\/\/api.w.org\/{rel}","templated":true}]}}