{"id":2590,"date":"2004-04-16T20:18:36","date_gmt":"2004-04-16T18:18:36","guid":{"rendered":"https:\/\/arfolk.bzh\/boutique\/hamon-martin-quintet-l-habit-de-plume\/"},"modified":"2025-12-11T12:22:53","modified_gmt":"2025-12-11T11:22:53","slug":"hamon-martin-quintet-l-habit-de-plume","status":"publish","type":"product","link":"https:\/\/arfolk.bzh\/br\/boutique\/hamon-martin-quintet-l-habit-de-plume\/","title":{"rendered":"Hamon Martin Quintet &#8211; L&rsquo;habit de plume"},"content":{"rendered":"<p><iframe loading=\"lazy\" title=\"Hamon Martin Quintet - L&#039;habit de plume\" width=\"1080\" height=\"608\" src=\"https:\/\/www.youtube.com\/embed\/videoseries?list=PLQMZD0e8YHDJgDaBOKpSnjwRN7vxKZK7P\"  allow=\"accelerometer; autoplay; clipboard-write; encrypted-media; gyroscope; picture-in-picture; web-share\" referrerpolicy=\"strict-origin-when-cross-origin\" allowfullscreen><\/iframe><\/p>\n<p>&nbsp;<\/p>\n<p>Tracklist de \u00a0\u00bb L&rsquo;habit de plume \u00ab\u00a0:<\/p>\n<div class=\"tracklisting-table-row border-b border-base-350\">\n<div class=\"tracklisting-track-main flex table-row items-center\">\n<div class=\"table-column-rank flex flex-col\"><\/div>\n<div class=\"tracklisting-table-row-inner\">\n<div class=\"flex items-center\">\n<div class=\"flex flex-col\">\n<ol>\n<li class=\"tracklisting-track-main-field text-sm font-medium text-base-content\">La fontaine des amants (Rid\u00e9e six temps)<\/li>\n<li class=\"tracklisting-track-main-field text-sm font-medium text-base-content\">Les draps de lits (Tour)<\/li>\n<li class=\"tracklisting-track-main-field text-sm font-medium text-base-content\">Les cailloux<\/li>\n<li class=\"tracklisting-track-main-field text-sm font-medium text-base-content\">T\u00f4t l&rsquo;matin (Rond de Loud\u00e9ac)<\/li>\n<li class=\"tracklisting-track-main-field text-sm font-medium text-base-content\">Les oiseaux du bois (Baleu)<\/li>\n<li class=\"tracklisting-track-main-field text-sm font-medium text-base-content\">Les trois cavaliers barons (Rond de Loud\u00e9ac)<\/li>\n<li class=\"tracklisting-track-main-field text-sm font-medium text-base-content\">Les sabots neufs (Riquegn\u00e9e)<\/li>\n<li class=\"tracklisting-track-main-field text-sm font-medium text-base-content\">C&rsquo;est \u00e0 Guipry<\/li>\n<li class=\"tracklisting-track-main-field text-sm font-medium text-base-content\">Roc&rsquo;h ar salut<\/li>\n<li class=\"tracklisting-track-main-field text-sm font-medium text-base-content\">L&rsquo;habit de plume<\/li>\n<li class=\"tracklisting-track-main-field text-sm font-medium text-base-content\">Plule chat huant<\/li>\n<li class=\"tracklisting-track-main-field text-sm font-medium text-base-content\">A ta sant\u00e9 bouquet de roses<\/li>\n<li class=\"tracklisting-track-main-field text-sm font-medium text-base-content\">A Paris sur le petit pont (Rid\u00e9e de Guillac)<\/li>\n<li class=\"tracklisting-track-main-field text-sm font-medium text-base-content\">L&rsquo;all\u00e9gresse<\/li>\n<li class=\"tracklisting-track-main-field text-sm font-medium text-base-content\">Sardo<\/li>\n<\/ol>\n<\/div>\n<\/div>\n<\/div>\n<\/div>\n<\/div>","protected":false},"excerpt":{"rendered":"<p>Premier album du quartet qui s\u2019est transform\u00e9 en quintet.<\/p>\n<p>Autour de Mathieu HAMON (au chant), Janick MARTIN (\u00e0 l\u2019accord\u00e9on diatonique), Erwan HAMON (\u00e0 la bombarde et \u00e0 la fl\u00fbte traversi\u00e8re en bois) et Ronan PELLEN (au cistre), on retrouve avec plaisir Erwan VOLANT \u00e0 la basse, d\u00e9j\u00e0 pr\u00e9sent en tant qu\u2019invit\u00e9 sur <em>Allune<\/em>, qui est maintenant membre \u00e0 part enti\u00e8re du groupe.<\/p>\n<p>\u00c9coutez en Streaming : <a href=\"https:\/\/fanlink.tv\/wnFi\">https:\/\/fanlink.tv\/wnFi<\/a><\/p>","protected":false},"featured_media":2333,"template":"","meta":{"_acf_changed":false,"_et_pb_use_builder":"","_et_pb_old_content":"","_et_gb_content_width":""},"product_brand":[],"false":[49],"product_tag":[],"disponible_a_la_vente":[],"langue":[72],"style":[80,76],"supports":[88],"class_list":{"0":"post-2590","1":"product","2":"type-product","3":"status-publish","4":"has-post-thumbnail","6":"product_cat-hamon-martin","7":"langue-francais","8":"style-arfolk-klasik-jazz","9":"style-fest-noz","10":"supports-dematerialise","12":"first","13":"outofstock","14":"product-type-simple"},"acf":[],"yoast_head":"<!-- This site is optimized with the Yoast SEO Premium plugin v24.0 (Yoast SEO v27.3) - https:\/\/yoast.com\/product\/yoast-seo-premium-wordpress\/ -->\n<title>Album de Hamon Martin Quintet - L&#039;habit de plume<\/title>\n<meta name=\"description\" content=\"Retrouvez l&#039;album de Hamon Martin Quintet - L&#039;habit de plume. \u00c9coutez l&#039;album en Streaming sur arfolk.bzh, le label discographique breton.\" \/>\n<meta name=\"robots\" content=\"index, follow, max-snippet:-1, max-image-preview:large, max-video-preview:-1\" \/>\n<link rel=\"canonical\" href=\"https:\/\/arfolk.bzh\/br\/boutique\/hamon-martin-quintet-l-habit-de-plume\/\" \/>\n<script type=\"application\/ld+json\" class=\"yoast-schema-graph\">{\"@context\":\"https:\\\/\\\/schema.org\",\"@graph\":[{\"@type\":\"WebPage\",\"@id\":\"https:\\\/\\\/arfolk.bzh\\\/boutique\\\/hamon-martin-quintet-l-habit-de-plume\\\/\",\"url\":\"https:\\\/\\\/arfolk.bzh\\\/boutique\\\/hamon-martin-quintet-l-habit-de-plume\\\/\",\"name\":\"Album de Hamon Martin Quintet - L'habit de plume\",\"isPartOf\":{\"@id\":\"https:\\\/\\\/arfolk.bzh\\\/#website\"},\"primaryImageOfPage\":{\"@id\":\"https:\\\/\\\/arfolk.bzh\\\/boutique\\\/hamon-martin-quintet-l-habit-de-plume\\\/#primaryimage\"},\"image\":{\"@id\":\"https:\\\/\\\/arfolk.bzh\\\/boutique\\\/hamon-martin-quintet-l-habit-de-plume\\\/#primaryimage\"},\"thumbnailUrl\":\"https:\\\/\\\/arfolk.bzh\\\/wp-content\\\/uploads\\\/2024\\\/04\\\/hamonmartinquintet_-lhabitdeplume-scaled.jpg\",\"datePublished\":\"2004-04-16T18:18:36+00:00\",\"dateModified\":\"2025-12-11T11:22:53+00:00\",\"description\":\"Retrouvez l'album de Hamon Martin Quintet - L'habit de plume. \u00c9coutez l'album en Streaming sur arfolk.bzh, le label discographique breton.\",\"breadcrumb\":{\"@id\":\"https:\\\/\\\/arfolk.bzh\\\/boutique\\\/hamon-martin-quintet-l-habit-de-plume\\\/#breadcrumb\"},\"inLanguage\":\"br-FR\",\"potentialAction\":[{\"@type\":\"ReadAction\",\"target\":[\"https:\\\/\\\/arfolk.bzh\\\/boutique\\\/hamon-martin-quintet-l-habit-de-plume\\\/\"]}]},{\"@type\":\"ImageObject\",\"inLanguage\":\"br-FR\",\"@id\":\"https:\\\/\\\/arfolk.bzh\\\/boutique\\\/hamon-martin-quintet-l-habit-de-plume\\\/#primaryimage\",\"url\":\"https:\\\/\\\/arfolk.bzh\\\/wp-content\\\/uploads\\\/2024\\\/04\\\/hamonmartinquintet_-lhabitdeplume-scaled.jpg\",\"contentUrl\":\"https:\\\/\\\/arfolk.bzh\\\/wp-content\\\/uploads\\\/2024\\\/04\\\/hamonmartinquintet_-lhabitdeplume-scaled.jpg\",\"width\":2560,\"height\":2560,\"caption\":\"hamonmartinquintet lhabitdeplume\"},{\"@type\":\"BreadcrumbList\",\"@id\":\"https:\\\/\\\/arfolk.bzh\\\/boutique\\\/hamon-martin-quintet-l-habit-de-plume\\\/#breadcrumb\",\"itemListElement\":[{\"@type\":\"ListItem\",\"position\":1,\"name\":\"Accueil\",\"item\":\"https:\\\/\\\/arfolk.bzh\\\/\"},{\"@type\":\"ListItem\",\"position\":2,\"name\":\"Boutique\",\"item\":\"https:\\\/\\\/arfolk.bzh\\\/boutique\\\/\"},{\"@type\":\"ListItem\",\"position\":3,\"name\":\"Hamon Martin Quintet &#8211; L&rsquo;habit de plume\"}]},{\"@type\":\"WebSite\",\"@id\":\"https:\\\/\\\/arfolk.bzh\\\/#website\",\"url\":\"https:\\\/\\\/arfolk.bzh\\\/\",\"name\":\"Arfolk\",\"description\":\"Label discographique sp\u00e9cialis\u00e9 dans la musique bretonne\",\"publisher\":{\"@id\":\"https:\\\/\\\/arfolk.bzh\\\/#organization\"},\"potentialAction\":[{\"@type\":\"SearchAction\",\"target\":{\"@type\":\"EntryPoint\",\"urlTemplate\":\"https:\\\/\\\/arfolk.bzh\\\/?s={search_term_string}\"},\"query-input\":{\"@type\":\"PropertyValueSpecification\",\"valueRequired\":true,\"valueName\":\"search_term_string\"}}],\"inLanguage\":\"br-FR\"},{\"@type\":\"Organization\",\"@id\":\"https:\\\/\\\/arfolk.bzh\\\/#organization\",\"name\":\"Arfolk\",\"alternateName\":\"Le label de la musique bretonne\",\"url\":\"https:\\\/\\\/arfolk.bzh\\\/\",\"logo\":{\"@type\":\"ImageObject\",\"inLanguage\":\"br-FR\",\"@id\":\"https:\\\/\\\/arfolk.bzh\\\/#\\\/schema\\\/logo\\\/image\\\/\",\"url\":\"https:\\\/\\\/arfolk.bzh\\\/wp-content\\\/uploads\\\/2023\\\/11\\\/cropped-logo-label-de-musique-breton-arfolf-vignette.webp\",\"contentUrl\":\"https:\\\/\\\/arfolk.bzh\\\/wp-content\\\/uploads\\\/2023\\\/11\\\/cropped-logo-label-de-musique-breton-arfolf-vignette.webp\",\"width\":512,\"height\":512,\"caption\":\"Arfolk\"},\"image\":{\"@id\":\"https:\\\/\\\/arfolk.bzh\\\/#\\\/schema\\\/logo\\\/image\\\/\"},\"sameAs\":[\"https:\\\/\\\/www.facebook.com\\\/Arfolkmusik\",\"https:\\\/\\\/www.instagram.com\\\/arfolkmusik\\\/\"]}]}<\/script>\n<!-- \/ Yoast SEO Premium plugin. -->","yoast_head_json":{"title":"Album de Hamon Martin Quintet - L'habit de plume","description":"Retrouvez l'album de Hamon Martin Quintet - L'habit de plume. \u00c9coutez l'album en Streaming sur arfolk.bzh, le label discographique breton.","robots":{"index":"index","follow":"follow","max-snippet":"max-snippet:-1","max-image-preview":"max-image-preview:large","max-video-preview":"max-video-preview:-1"},"canonical":"https:\/\/arfolk.bzh\/br\/boutique\/hamon-martin-quintet-l-habit-de-plume\/","schema":{"@context":"https:\/\/schema.org","@graph":[{"@type":"WebPage","@id":"https:\/\/arfolk.bzh\/boutique\/hamon-martin-quintet-l-habit-de-plume\/","url":"https:\/\/arfolk.bzh\/boutique\/hamon-martin-quintet-l-habit-de-plume\/","name":"Album de Hamon Martin Quintet - L'habit de plume","isPartOf":{"@id":"https:\/\/arfolk.bzh\/#website"},"primaryImageOfPage":{"@id":"https:\/\/arfolk.bzh\/boutique\/hamon-martin-quintet-l-habit-de-plume\/#primaryimage"},"image":{"@id":"https:\/\/arfolk.bzh\/boutique\/hamon-martin-quintet-l-habit-de-plume\/#primaryimage"},"thumbnailUrl":"https:\/\/arfolk.bzh\/wp-content\/uploads\/2024\/04\/hamonmartinquintet_-lhabitdeplume-scaled.jpg","datePublished":"2004-04-16T18:18:36+00:00","dateModified":"2025-12-11T11:22:53+00:00","description":"Retrouvez l'album de Hamon Martin Quintet - L'habit de plume. \u00c9coutez l'album en Streaming sur arfolk.bzh, le label discographique breton.","breadcrumb":{"@id":"https:\/\/arfolk.bzh\/boutique\/hamon-martin-quintet-l-habit-de-plume\/#breadcrumb"},"inLanguage":"br-FR","potentialAction":[{"@type":"ReadAction","target":["https:\/\/arfolk.bzh\/boutique\/hamon-martin-quintet-l-habit-de-plume\/"]}]},{"@type":"ImageObject","inLanguage":"br-FR","@id":"https:\/\/arfolk.bzh\/boutique\/hamon-martin-quintet-l-habit-de-plume\/#primaryimage","url":"https:\/\/arfolk.bzh\/wp-content\/uploads\/2024\/04\/hamonmartinquintet_-lhabitdeplume-scaled.jpg","contentUrl":"https:\/\/arfolk.bzh\/wp-content\/uploads\/2024\/04\/hamonmartinquintet_-lhabitdeplume-scaled.jpg","width":2560,"height":2560,"caption":"hamonmartinquintet lhabitdeplume"},{"@type":"BreadcrumbList","@id":"https:\/\/arfolk.bzh\/boutique\/hamon-martin-quintet-l-habit-de-plume\/#breadcrumb","itemListElement":[{"@type":"ListItem","position":1,"name":"Accueil","item":"https:\/\/arfolk.bzh\/"},{"@type":"ListItem","position":2,"name":"Boutique","item":"https:\/\/arfolk.bzh\/boutique\/"},{"@type":"ListItem","position":3,"name":"Hamon Martin Quintet &#8211; L&rsquo;habit de plume"}]},{"@type":"WebSite","@id":"https:\/\/arfolk.bzh\/#website","url":"https:\/\/arfolk.bzh\/","name":"Arfolk","description":"Label discographique sp\u00e9cialis\u00e9 dans la musique bretonne","publisher":{"@id":"https:\/\/arfolk.bzh\/#organization"},"potentialAction":[{"@type":"SearchAction","target":{"@type":"EntryPoint","urlTemplate":"https:\/\/arfolk.bzh\/?s={search_term_string}"},"query-input":{"@type":"PropertyValueSpecification","valueRequired":true,"valueName":"search_term_string"}}],"inLanguage":"br-FR"},{"@type":"Organization","@id":"https:\/\/arfolk.bzh\/#organization","name":"Arfolk","alternateName":"Le label de la musique bretonne","url":"https:\/\/arfolk.bzh\/","logo":{"@type":"ImageObject","inLanguage":"br-FR","@id":"https:\/\/arfolk.bzh\/#\/schema\/logo\/image\/","url":"https:\/\/arfolk.bzh\/wp-content\/uploads\/2023\/11\/cropped-logo-label-de-musique-breton-arfolf-vignette.webp","contentUrl":"https:\/\/arfolk.bzh\/wp-content\/uploads\/2023\/11\/cropped-logo-label-de-musique-breton-arfolf-vignette.webp","width":512,"height":512,"caption":"Arfolk"},"image":{"@id":"https:\/\/arfolk.bzh\/#\/schema\/logo\/image\/"},"sameAs":["https:\/\/www.facebook.com\/Arfolkmusik","https:\/\/www.instagram.com\/arfolkmusik\/"]}]}},"jetpack_sharing_enabled":true,"_links":{"self":[{"href":"https:\/\/arfolk.bzh\/br\/wp-json\/wp\/v2\/product\/2590","targetHints":{"allow":["GET"]}}],"collection":[{"href":"https:\/\/arfolk.bzh\/br\/wp-json\/wp\/v2\/product"}],"about":[{"href":"https:\/\/arfolk.bzh\/br\/wp-json\/wp\/v2\/types\/product"}],"wp:featuredmedia":[{"embeddable":true,"href":"https:\/\/arfolk.bzh\/br\/wp-json\/wp\/v2\/media\/2333"}],"wp:attachment":[{"href":"https:\/\/arfolk.bzh\/br\/wp-json\/wp\/v2\/media?parent=2590"}],"wp:term":[{"taxonomy":"product_brand","embeddable":true,"href":"https:\/\/arfolk.bzh\/br\/wp-json\/wp\/v2\/product_brand?post=2590"},{"taxonomy":"product_cat","embeddable":true,"href":"https:\/\/arfolk.bzh\/br\/wp-json\/wp\/v2\/false?post=2590"},{"taxonomy":"product_tag","embeddable":true,"href":"https:\/\/arfolk.bzh\/br\/wp-json\/wp\/v2\/product_tag?post=2590"},{"taxonomy":"disponible_a_la_vente","embeddable":true,"href":"https:\/\/arfolk.bzh\/br\/wp-json\/wp\/v2\/disponible_a_la_vente?post=2590"},{"taxonomy":"langue","embeddable":true,"href":"https:\/\/arfolk.bzh\/br\/wp-json\/wp\/v2\/langue?post=2590"},{"taxonomy":"style","embeddable":true,"href":"https:\/\/arfolk.bzh\/br\/wp-json\/wp\/v2\/style?post=2590"},{"taxonomy":"supports","embeddable":true,"href":"https:\/\/arfolk.bzh\/br\/wp-json\/wp\/v2\/supports?post=2590"}],"curies":[{"name":"wp","href":"https:\/\/api.w.org\/{rel}","templated":true}]}}