{"id":2646,"date":"2017-05-19T20:19:18","date_gmt":"2017-05-19T18:19:18","guid":{"rendered":"https:\/\/arfolk.bzh\/boutique\/morwenn-le-normand-roland-conq-loened-fur-ha-foll\/"},"modified":"2025-12-11T11:42:05","modified_gmt":"2025-12-11T10:42:05","slug":"morwenn-le-normand-roland-conq-loened-fur-ha-foll","status":"publish","type":"product","link":"https:\/\/arfolk.bzh\/br\/boutique\/morwenn-le-normand-roland-conq-loened-fur-ha-foll\/","title":{"rendered":"M. Le Normand &#038; R. Conq &#8211; Loened fur ha foll"},"content":{"rendered":"<p><iframe loading=\"lazy\" title=\"Morwenn Le Normand &amp; Roland Conq - Loened fur ha foll\" width=\"1080\" height=\"608\" src=\"https:\/\/www.youtube.com\/embed\/videoseries?list=PLQMZD0e8YHDIyMiEAmQb8c4HYeUhSt40m\"  allow=\"accelerometer; autoplay; clipboard-write; encrypted-media; gyroscope; picture-in-picture; web-share\" referrerpolicy=\"strict-origin-when-cross-origin\" allowfullscreen><\/iframe><\/p>\n<p>Comme dans toutes les basse-cours, une journ\u00e9e est rythm\u00e9e par les \u00e9v\u00e8nements, dont le premier est le r\u00e9veil quelque peu bruyant de notre coq.<\/p>\n<p>D&rsquo;autres moments importants de la journ\u00e9e nous m\u00e8neront finalement au coucher, tout comme chaque enfant \u00e0 chaque journ\u00e9e.<\/p>\n<p>Les animaux ronflent aussi, le saviez-vous ?<\/p>\n<p>Chaque piste raconte une histoire.<\/p>\n<p><strong>Tracklist de \u00a0\u00bb Loened fur ha foll \u00a0\u00bb :<\/strong><\/p>\n<ol>\n<li><strong><span class=\"col-xs-10 no-padding\"><span class=\"col-xs-8 no-padding trackTitre\">Roc&rsquo;h dous al loened (le doux ronflement des animaux)<\/span><\/span><\/strong><\/li>\n<li><strong><span class=\"col-xs-10 no-padding\"><span class=\"col-xs-8 no-padding trackTitre\">Job an tog<\/span><\/span><\/strong><\/li>\n<li><strong><span class=\"col-xs-10 no-padding\"><span class=\"col-xs-8 no-padding trackTitre\">Pemp loen bihan (cinq petits animaux)<\/span><\/span><\/strong><\/li>\n<li><strong><span class=\"col-xs-10 no-padding\"><span class=\"col-xs-8 no-padding trackTitre\">Ar c&rsquo;hi du (le chien noir)<\/span><\/span><\/strong><\/li>\n<li><strong><span class=\"col-xs-10 no-padding\"><span class=\"col-xs-8 no-padding trackTitre\">Goulou gili<\/span><\/span><\/strong><\/li>\n<li><strong><span class=\"col-xs-10 no-padding\"><span class=\"col-xs-8 no-padding trackTitre\">Son ar pemoc&rsquo;h (chanson du cochon)<\/span><\/span><\/strong><\/li>\n<li><strong><span class=\"col-xs-10 no-padding\"><span class=\"col-xs-8 no-padding trackTitre\">Peudi peude<\/span><\/span><\/strong><\/li>\n<li><strong><span class=\"col-xs-10 no-padding\"><span class=\"col-xs-8 no-padding trackTitre\">Imor ar c&rsquo;harzh (l&rsquo;humeur du chat)<\/span><\/span><\/strong><\/li>\n<li><strong><span class=\"col-xs-10 no-padding\"><span class=\"col-xs-8 no-padding trackTitre\">Skotich al loened (la scottish des animaux)<\/span><\/span><\/strong><\/li>\n<li><strong><span class=\"col-xs-10 no-padding\"><span class=\"col-xs-8 no-padding trackTitre\">Son al lapin (chanson du lapin)<\/span><\/span><\/strong><\/li>\n<li><strong><span class=\"col-xs-10 no-padding\"><span class=\"col-xs-8 no-padding trackTitre\">Deomp da za\u00f1sal ! (allons danser !)<\/span><\/span><\/strong><\/li>\n<li class=\"col-xs-12 song_title\"><strong><span class=\"col-xs-10 no-padding\"><span class=\"col-xs-8 no-padding trackTitre\">An distro (le retour)<\/span><\/span><\/strong><\/li>\n<li class=\"col-xs-12 song_title\"><strong><span class=\"col-xs-10 no-padding\"><span class=\"col-xs-8 no-padding trackTitre\">Ken vil ha lous ! (sale et affreux !)<\/span><\/span><\/strong><\/li>\n<li class=\"col-xs-12 song_title\"><strong><span class=\"col-xs-10 no-padding\"><span class=\"col-xs-8 no-padding trackTitre\">Porzh-yer (basse-cour)<\/span><\/span><\/strong><\/li>\n<li class=\"col-xs-12 song_title\"><strong><span class=\"col-xs-10 no-padding\"><span class=\"col-xs-8 no-padding trackTitre\">Roc&rsquo;h dous al loened (le doux ronflement des animaux)<\/span><\/span><\/strong><\/li>\n<\/ol>\n<p>&nbsp;<\/p>","protected":false},"excerpt":{"rendered":"<p>La vie des animaux n&rsquo;est-elle pas tr\u00e9pidante ?<\/p>\n<p>A travers ce disque, le chant de <strong>Morwenn Le Normand<\/strong> et la guitare de<strong> Roland Conq <\/strong>partageront avec les enfants le quotidien de \u00ab\u00a0Job an Tog\u00a0\u00bb, le coq de la basse-cour.<\/p>\n<p>Ecoutez en Streaming : <a href=\"https:\/\/fanlink.tv\/wczg\"><strong>https:\/\/fanlink.tv\/wczg<\/strong><\/a><\/p>","protected":false},"featured_media":2391,"template":"","meta":{"_acf_changed":false,"_et_pb_use_builder":"","_et_pb_old_content":"","_et_gb_content_width":""},"product_brand":[],"false":[32],"product_tag":[],"disponible_a_la_vente":[38],"langue":[73],"style":[85],"supports":[86],"class_list":{"0":"post-2646","1":"product","2":"type-product","3":"status-publish","4":"has-post-thumbnail","6":"product_cat-non-classe","7":"disponible_a_la_vente-disponible-a-la-vente","8":"langue-breton","9":"style-enfance-jeunesse","10":"supports-cd","12":"first","13":"instock","14":"sale","15":"purchasable","16":"product-type-simple"},"acf":[],"yoast_head":"<!-- This site is optimized with the Yoast SEO Premium plugin v24.0 (Yoast SEO v27.3) - https:\/\/yoast.com\/product\/yoast-seo-premium-wordpress\/ -->\n<title>Album de M. Le Normand &amp; R. Conq - Loened fur ha foll<\/title>\n<meta name=\"description\" content=\"Retrouvez l&#039;album de M. Le Normand &amp; R. Conq - Loened fur ha foll. Commandez directement en ligne sur arfolk.bzh, le label discographique breton.\" \/>\n<meta name=\"robots\" content=\"index, follow, max-snippet:-1, max-image-preview:large, max-video-preview:-1\" \/>\n<link rel=\"canonical\" href=\"https:\/\/arfolk.bzh\/br\/boutique\/morwenn-le-normand-roland-conq-loened-fur-ha-foll\/\" \/>\n<script type=\"application\/ld+json\" class=\"yoast-schema-graph\">{\"@context\":\"https:\\\/\\\/schema.org\",\"@graph\":[{\"@type\":\"WebPage\",\"@id\":\"https:\\\/\\\/arfolk.bzh\\\/boutique\\\/morwenn-le-normand-roland-conq-loened-fur-ha-foll\\\/\",\"url\":\"https:\\\/\\\/arfolk.bzh\\\/boutique\\\/morwenn-le-normand-roland-conq-loened-fur-ha-foll\\\/\",\"name\":\"Album de M. Le Normand & R. Conq - Loened fur ha foll\",\"isPartOf\":{\"@id\":\"https:\\\/\\\/arfolk.bzh\\\/#website\"},\"primaryImageOfPage\":{\"@id\":\"https:\\\/\\\/arfolk.bzh\\\/boutique\\\/morwenn-le-normand-roland-conq-loened-fur-ha-foll\\\/#primaryimage\"},\"image\":{\"@id\":\"https:\\\/\\\/arfolk.bzh\\\/boutique\\\/morwenn-le-normand-roland-conq-loened-fur-ha-foll\\\/#primaryimage\"},\"thumbnailUrl\":\"https:\\\/\\\/arfolk.bzh\\\/wp-content\\\/uploads\\\/2024\\\/04\\\/morwennlenormandrolandconq_loenedfurhafoll--scaled.jpg\",\"datePublished\":\"2017-05-19T18:19:18+00:00\",\"dateModified\":\"2025-12-11T10:42:05+00:00\",\"description\":\"Retrouvez l'album de M. Le Normand & R. Conq - Loened fur ha foll. Commandez directement en ligne sur arfolk.bzh, le label discographique breton.\",\"breadcrumb\":{\"@id\":\"https:\\\/\\\/arfolk.bzh\\\/boutique\\\/morwenn-le-normand-roland-conq-loened-fur-ha-foll\\\/#breadcrumb\"},\"inLanguage\":\"br-FR\",\"potentialAction\":[{\"@type\":\"ReadAction\",\"target\":[\"https:\\\/\\\/arfolk.bzh\\\/boutique\\\/morwenn-le-normand-roland-conq-loened-fur-ha-foll\\\/\"]}]},{\"@type\":\"ImageObject\",\"inLanguage\":\"br-FR\",\"@id\":\"https:\\\/\\\/arfolk.bzh\\\/boutique\\\/morwenn-le-normand-roland-conq-loened-fur-ha-foll\\\/#primaryimage\",\"url\":\"https:\\\/\\\/arfolk.bzh\\\/wp-content\\\/uploads\\\/2024\\\/04\\\/morwennlenormandrolandconq_loenedfurhafoll--scaled.jpg\",\"contentUrl\":\"https:\\\/\\\/arfolk.bzh\\\/wp-content\\\/uploads\\\/2024\\\/04\\\/morwennlenormandrolandconq_loenedfurhafoll--scaled.jpg\",\"width\":2560,\"height\":2560,\"caption\":\"morwennlenormandrolandconq loenedfurhafoll\"},{\"@type\":\"BreadcrumbList\",\"@id\":\"https:\\\/\\\/arfolk.bzh\\\/boutique\\\/morwenn-le-normand-roland-conq-loened-fur-ha-foll\\\/#breadcrumb\",\"itemListElement\":[{\"@type\":\"ListItem\",\"position\":1,\"name\":\"Accueil\",\"item\":\"https:\\\/\\\/arfolk.bzh\\\/\"},{\"@type\":\"ListItem\",\"position\":2,\"name\":\"Boutique\",\"item\":\"https:\\\/\\\/arfolk.bzh\\\/boutique\\\/\"},{\"@type\":\"ListItem\",\"position\":3,\"name\":\"M. Le Normand &#038; R. Conq &#8211; Loened fur ha foll\"}]},{\"@type\":\"WebSite\",\"@id\":\"https:\\\/\\\/arfolk.bzh\\\/#website\",\"url\":\"https:\\\/\\\/arfolk.bzh\\\/\",\"name\":\"Arfolk\",\"description\":\"Label discographique sp\u00e9cialis\u00e9 dans la musique bretonne\",\"publisher\":{\"@id\":\"https:\\\/\\\/arfolk.bzh\\\/#organization\"},\"potentialAction\":[{\"@type\":\"SearchAction\",\"target\":{\"@type\":\"EntryPoint\",\"urlTemplate\":\"https:\\\/\\\/arfolk.bzh\\\/?s={search_term_string}\"},\"query-input\":{\"@type\":\"PropertyValueSpecification\",\"valueRequired\":true,\"valueName\":\"search_term_string\"}}],\"inLanguage\":\"br-FR\"},{\"@type\":\"Organization\",\"@id\":\"https:\\\/\\\/arfolk.bzh\\\/#organization\",\"name\":\"Arfolk\",\"alternateName\":\"Le label de la musique bretonne\",\"url\":\"https:\\\/\\\/arfolk.bzh\\\/\",\"logo\":{\"@type\":\"ImageObject\",\"inLanguage\":\"br-FR\",\"@id\":\"https:\\\/\\\/arfolk.bzh\\\/#\\\/schema\\\/logo\\\/image\\\/\",\"url\":\"https:\\\/\\\/arfolk.bzh\\\/wp-content\\\/uploads\\\/2023\\\/11\\\/cropped-logo-label-de-musique-breton-arfolf-vignette.webp\",\"contentUrl\":\"https:\\\/\\\/arfolk.bzh\\\/wp-content\\\/uploads\\\/2023\\\/11\\\/cropped-logo-label-de-musique-breton-arfolf-vignette.webp\",\"width\":512,\"height\":512,\"caption\":\"Arfolk\"},\"image\":{\"@id\":\"https:\\\/\\\/arfolk.bzh\\\/#\\\/schema\\\/logo\\\/image\\\/\"},\"sameAs\":[\"https:\\\/\\\/www.facebook.com\\\/Arfolkmusik\",\"https:\\\/\\\/www.instagram.com\\\/arfolkmusik\\\/\"]}]}<\/script>\n<!-- \/ Yoast SEO Premium plugin. -->","yoast_head_json":{"title":"Album de M. Le Normand & R. Conq - Loened fur ha foll","description":"Retrouvez l'album de M. Le Normand & R. Conq - Loened fur ha foll. Commandez directement en ligne sur arfolk.bzh, le label discographique breton.","robots":{"index":"index","follow":"follow","max-snippet":"max-snippet:-1","max-image-preview":"max-image-preview:large","max-video-preview":"max-video-preview:-1"},"canonical":"https:\/\/arfolk.bzh\/br\/boutique\/morwenn-le-normand-roland-conq-loened-fur-ha-foll\/","schema":{"@context":"https:\/\/schema.org","@graph":[{"@type":"WebPage","@id":"https:\/\/arfolk.bzh\/boutique\/morwenn-le-normand-roland-conq-loened-fur-ha-foll\/","url":"https:\/\/arfolk.bzh\/boutique\/morwenn-le-normand-roland-conq-loened-fur-ha-foll\/","name":"Album de M. Le Normand & R. Conq - Loened fur ha foll","isPartOf":{"@id":"https:\/\/arfolk.bzh\/#website"},"primaryImageOfPage":{"@id":"https:\/\/arfolk.bzh\/boutique\/morwenn-le-normand-roland-conq-loened-fur-ha-foll\/#primaryimage"},"image":{"@id":"https:\/\/arfolk.bzh\/boutique\/morwenn-le-normand-roland-conq-loened-fur-ha-foll\/#primaryimage"},"thumbnailUrl":"https:\/\/arfolk.bzh\/wp-content\/uploads\/2024\/04\/morwennlenormandrolandconq_loenedfurhafoll--scaled.jpg","datePublished":"2017-05-19T18:19:18+00:00","dateModified":"2025-12-11T10:42:05+00:00","description":"Retrouvez l'album de M. Le Normand & R. Conq - Loened fur ha foll. Commandez directement en ligne sur arfolk.bzh, le label discographique breton.","breadcrumb":{"@id":"https:\/\/arfolk.bzh\/boutique\/morwenn-le-normand-roland-conq-loened-fur-ha-foll\/#breadcrumb"},"inLanguage":"br-FR","potentialAction":[{"@type":"ReadAction","target":["https:\/\/arfolk.bzh\/boutique\/morwenn-le-normand-roland-conq-loened-fur-ha-foll\/"]}]},{"@type":"ImageObject","inLanguage":"br-FR","@id":"https:\/\/arfolk.bzh\/boutique\/morwenn-le-normand-roland-conq-loened-fur-ha-foll\/#primaryimage","url":"https:\/\/arfolk.bzh\/wp-content\/uploads\/2024\/04\/morwennlenormandrolandconq_loenedfurhafoll--scaled.jpg","contentUrl":"https:\/\/arfolk.bzh\/wp-content\/uploads\/2024\/04\/morwennlenormandrolandconq_loenedfurhafoll--scaled.jpg","width":2560,"height":2560,"caption":"morwennlenormandrolandconq loenedfurhafoll"},{"@type":"BreadcrumbList","@id":"https:\/\/arfolk.bzh\/boutique\/morwenn-le-normand-roland-conq-loened-fur-ha-foll\/#breadcrumb","itemListElement":[{"@type":"ListItem","position":1,"name":"Accueil","item":"https:\/\/arfolk.bzh\/"},{"@type":"ListItem","position":2,"name":"Boutique","item":"https:\/\/arfolk.bzh\/boutique\/"},{"@type":"ListItem","position":3,"name":"M. Le Normand &#038; R. Conq &#8211; Loened fur ha foll"}]},{"@type":"WebSite","@id":"https:\/\/arfolk.bzh\/#website","url":"https:\/\/arfolk.bzh\/","name":"Arfolk","description":"Label discographique sp\u00e9cialis\u00e9 dans la musique bretonne","publisher":{"@id":"https:\/\/arfolk.bzh\/#organization"},"potentialAction":[{"@type":"SearchAction","target":{"@type":"EntryPoint","urlTemplate":"https:\/\/arfolk.bzh\/?s={search_term_string}"},"query-input":{"@type":"PropertyValueSpecification","valueRequired":true,"valueName":"search_term_string"}}],"inLanguage":"br-FR"},{"@type":"Organization","@id":"https:\/\/arfolk.bzh\/#organization","name":"Arfolk","alternateName":"Le label de la musique bretonne","url":"https:\/\/arfolk.bzh\/","logo":{"@type":"ImageObject","inLanguage":"br-FR","@id":"https:\/\/arfolk.bzh\/#\/schema\/logo\/image\/","url":"https:\/\/arfolk.bzh\/wp-content\/uploads\/2023\/11\/cropped-logo-label-de-musique-breton-arfolf-vignette.webp","contentUrl":"https:\/\/arfolk.bzh\/wp-content\/uploads\/2023\/11\/cropped-logo-label-de-musique-breton-arfolf-vignette.webp","width":512,"height":512,"caption":"Arfolk"},"image":{"@id":"https:\/\/arfolk.bzh\/#\/schema\/logo\/image\/"},"sameAs":["https:\/\/www.facebook.com\/Arfolkmusik","https:\/\/www.instagram.com\/arfolkmusik\/"]}]}},"jetpack_sharing_enabled":true,"_links":{"self":[{"href":"https:\/\/arfolk.bzh\/br\/wp-json\/wp\/v2\/product\/2646","targetHints":{"allow":["GET"]}}],"collection":[{"href":"https:\/\/arfolk.bzh\/br\/wp-json\/wp\/v2\/product"}],"about":[{"href":"https:\/\/arfolk.bzh\/br\/wp-json\/wp\/v2\/types\/product"}],"wp:featuredmedia":[{"embeddable":true,"href":"https:\/\/arfolk.bzh\/br\/wp-json\/wp\/v2\/media\/2391"}],"wp:attachment":[{"href":"https:\/\/arfolk.bzh\/br\/wp-json\/wp\/v2\/media?parent=2646"}],"wp:term":[{"taxonomy":"product_brand","embeddable":true,"href":"https:\/\/arfolk.bzh\/br\/wp-json\/wp\/v2\/product_brand?post=2646"},{"taxonomy":"product_cat","embeddable":true,"href":"https:\/\/arfolk.bzh\/br\/wp-json\/wp\/v2\/false?post=2646"},{"taxonomy":"product_tag","embeddable":true,"href":"https:\/\/arfolk.bzh\/br\/wp-json\/wp\/v2\/product_tag?post=2646"},{"taxonomy":"disponible_a_la_vente","embeddable":true,"href":"https:\/\/arfolk.bzh\/br\/wp-json\/wp\/v2\/disponible_a_la_vente?post=2646"},{"taxonomy":"langue","embeddable":true,"href":"https:\/\/arfolk.bzh\/br\/wp-json\/wp\/v2\/langue?post=2646"},{"taxonomy":"style","embeddable":true,"href":"https:\/\/arfolk.bzh\/br\/wp-json\/wp\/v2\/style?post=2646"},{"taxonomy":"supports","embeddable":true,"href":"https:\/\/arfolk.bzh\/br\/wp-json\/wp\/v2\/supports?post=2646"}],"curies":[{"name":"wp","href":"https:\/\/api.w.org\/{rel}","templated":true}]}}