{"id":2695,"date":"2012-11-15T20:19:45","date_gmt":"2012-11-15T19:19:45","guid":{"rendered":"https:\/\/arfolk.bzh\/boutique\/soldat-louis-kingdom-tavern\/"},"modified":"2025-12-11T12:02:53","modified_gmt":"2025-12-11T11:02:53","slug":"soldat-louis-kingdom-tavern","status":"publish","type":"product","link":"https:\/\/arfolk.bzh\/br\/boutique\/soldat-louis-kingdom-tavern\/","title":{"rendered":"Soldat Louis &#8211; Kingdom Tavern"},"content":{"rendered":"<div class=\"elementor-element elementor-element-c17a43c elementor-widget elementor-widget-product-description elementor-widget-text-editor\" data-id=\"c17a43c\" data-element_type=\"widget\" data-widget_type=\"product-description.default\">\n<div class=\"elementor-widget-container\">\n<div class=\"ce-product-description\">\n<p>Pour eux, le rock&rsquo;n roll, plus qu&rsquo;une musique, est un art de vivre. Le r\u00e9alisme du v\u00e9cu et l&rsquo;impact du mot primant sur la la n\u00e9buleuse m\u00e9taphore de la phrase.<br \/>\nAlors, ils racontent. Une peu la ville ph\u0153nix qui les a vus grandir ; un peu la nostalgie des artistes \u00e9nerv\u00e9s des ann\u00e9es 197-1980 remplac\u00e9s par de gentils bobos indign\u00e9s ; un peu ces pubs sans \u00e2me aux noms bourgeoisement ronflants ; un peu le public, fid\u00e8le compagnon d&rsquo;arme, jamais d\u00e9serteur ; un peu les amoures portuaires menac\u00e9es d&rsquo;extinction ; un peu une petite Perle s\u00fbrement devenue jeune-femme aujourd&rsquo;hui ; un peu ces \u00e9ternels cr\u00e9tins pots de glu, p\u00e9nibles mais pas bien m\u00e9chants ; un peu aussi une chanson d&rsquo;EV, camarades vikings qui ont jet\u00e9 l&rsquo;ancre dans u n bassin nantais ; un peu ces \u00e9quipages de lascars aux c\u0153ur d&rsquo;artichauts, et un peu ce Rockabey, hommage de pirate \u00e0 corsaire.<\/p>\n<p><iframe loading=\"lazy\" title=\"Soldat Louis - Fils de Lorient - avec paroles\" width=\"1080\" height=\"608\" src=\"https:\/\/www.youtube.com\/embed\/CXZTFu1z5Io?feature=oembed\"  allow=\"accelerometer; autoplay; clipboard-write; encrypted-media; gyroscope; picture-in-picture; web-share\" referrerpolicy=\"strict-origin-when-cross-origin\" allowfullscreen><\/iframe><\/p>\n<p><strong>Tracklist de \u00a0\u00bb Kingdom tavern \u00ab\u00a0:<\/strong><\/p>\n<ol>\n<li><strong>Fils de Lorient<\/strong><\/li>\n<li><strong>Ils sont des n\u00f4tres<\/strong><\/li>\n<li><strong>Guerriers<\/strong><\/li>\n<li><strong>Compagnons d&rsquo;arme<\/strong><\/li>\n<li><strong>D\u00e9p\u00eache \u00e0 la ligne<\/strong><\/li>\n<li><strong>Les rebelles sont fatigu\u00e9s<\/strong><\/li>\n<li><strong>Kingdom Tavern Cyber<\/strong><\/li>\n<li><strong>Route p\u00eache en basse-cour<\/strong><\/li>\n<li><strong>La p&rsquo;tite perle<\/strong><\/li>\n<li><strong>Rockabey<\/strong><\/li>\n<\/ol>\n<\/div>\n<\/div>\n<\/div>","protected":false},"excerpt":{"rendered":"<p>Les titres de ce disque sont, comme souvent chez Soldat Louis, inspir\u00e9s de la vraie vie ; la leur surtout, et elle est sacr\u00e9ment bien remplie.<\/p>\n<p>Ecoutez en Streaming : <strong><a href=\"https:\/\/fanlink.tv\/cTbJ\">https:\/\/fanlink.tv\/cTbJ<\/a><\/strong><\/p>","protected":false},"featured_media":2437,"template":"","meta":{"_acf_changed":false,"_et_pb_use_builder":"","_et_pb_old_content":"","_et_gb_content_width":""},"product_brand":[],"false":[55],"product_tag":[],"disponible_a_la_vente":[38],"langue":[72],"style":[77],"supports":[86],"class_list":{"0":"post-2695","1":"product","2":"type-product","3":"status-publish","4":"has-post-thumbnail","6":"product_cat-soldat-louis","7":"disponible_a_la_vente-disponible-a-la-vente","8":"langue-francais","9":"style-pop-rock-folk-punk","10":"supports-cd","12":"first","13":"instock","14":"sale","15":"taxable","16":"shipping-taxable","17":"purchasable","18":"product-type-simple"},"acf":[],"yoast_head":"<!-- This site is optimized with the Yoast SEO Premium plugin v24.0 (Yoast SEO v27.3) - https:\/\/yoast.com\/product\/yoast-seo-premium-wordpress\/ -->\n<title>Album de Soldat Louis - Kingdom Tavern<\/title>\n<meta name=\"description\" content=\"Retrouvez l&#039;album de Soldat Louis - Kingdom Tavern. Commandez directement en ligne sur arfolk.bzh, le label discographique breton.\" \/>\n<meta name=\"robots\" content=\"index, follow, max-snippet:-1, max-image-preview:large, max-video-preview:-1\" \/>\n<link rel=\"canonical\" href=\"https:\/\/arfolk.bzh\/br\/boutique\/soldat-louis-kingdom-tavern\/\" \/>\n<script type=\"application\/ld+json\" class=\"yoast-schema-graph\">{\"@context\":\"https:\\\/\\\/schema.org\",\"@graph\":[{\"@type\":\"WebPage\",\"@id\":\"https:\\\/\\\/arfolk.bzh\\\/boutique\\\/soldat-louis-kingdom-tavern\\\/\",\"url\":\"https:\\\/\\\/arfolk.bzh\\\/boutique\\\/soldat-louis-kingdom-tavern\\\/\",\"name\":\"Album de Soldat Louis - Kingdom Tavern\",\"isPartOf\":{\"@id\":\"https:\\\/\\\/arfolk.bzh\\\/#website\"},\"primaryImageOfPage\":{\"@id\":\"https:\\\/\\\/arfolk.bzh\\\/boutique\\\/soldat-louis-kingdom-tavern\\\/#primaryimage\"},\"image\":{\"@id\":\"https:\\\/\\\/arfolk.bzh\\\/boutique\\\/soldat-louis-kingdom-tavern\\\/#primaryimage\"},\"thumbnailUrl\":\"https:\\\/\\\/arfolk.bzh\\\/wp-content\\\/uploads\\\/2024\\\/04\\\/soldatlouis_kingdomtavern.jpg\",\"datePublished\":\"2012-11-15T19:19:45+00:00\",\"dateModified\":\"2025-12-11T11:02:53+00:00\",\"description\":\"Retrouvez l'album de Soldat Louis - Kingdom Tavern. Commandez directement en ligne sur arfolk.bzh, le label discographique breton.\",\"breadcrumb\":{\"@id\":\"https:\\\/\\\/arfolk.bzh\\\/boutique\\\/soldat-louis-kingdom-tavern\\\/#breadcrumb\"},\"inLanguage\":\"br-FR\",\"potentialAction\":[{\"@type\":\"ReadAction\",\"target\":[\"https:\\\/\\\/arfolk.bzh\\\/boutique\\\/soldat-louis-kingdom-tavern\\\/\"]}]},{\"@type\":\"ImageObject\",\"inLanguage\":\"br-FR\",\"@id\":\"https:\\\/\\\/arfolk.bzh\\\/boutique\\\/soldat-louis-kingdom-tavern\\\/#primaryimage\",\"url\":\"https:\\\/\\\/arfolk.bzh\\\/wp-content\\\/uploads\\\/2024\\\/04\\\/soldatlouis_kingdomtavern.jpg\",\"contentUrl\":\"https:\\\/\\\/arfolk.bzh\\\/wp-content\\\/uploads\\\/2024\\\/04\\\/soldatlouis_kingdomtavern.jpg\",\"width\":2400,\"height\":2159,\"caption\":\"soldatlouis kingdomtavern\"},{\"@type\":\"BreadcrumbList\",\"@id\":\"https:\\\/\\\/arfolk.bzh\\\/boutique\\\/soldat-louis-kingdom-tavern\\\/#breadcrumb\",\"itemListElement\":[{\"@type\":\"ListItem\",\"position\":1,\"name\":\"Accueil\",\"item\":\"https:\\\/\\\/arfolk.bzh\\\/\"},{\"@type\":\"ListItem\",\"position\":2,\"name\":\"Boutique\",\"item\":\"https:\\\/\\\/arfolk.bzh\\\/boutique\\\/\"},{\"@type\":\"ListItem\",\"position\":3,\"name\":\"Soldat Louis &#8211; Kingdom Tavern\"}]},{\"@type\":\"WebSite\",\"@id\":\"https:\\\/\\\/arfolk.bzh\\\/#website\",\"url\":\"https:\\\/\\\/arfolk.bzh\\\/\",\"name\":\"Arfolk\",\"description\":\"Label discographique sp\u00e9cialis\u00e9 dans la musique bretonne\",\"publisher\":{\"@id\":\"https:\\\/\\\/arfolk.bzh\\\/#organization\"},\"potentialAction\":[{\"@type\":\"SearchAction\",\"target\":{\"@type\":\"EntryPoint\",\"urlTemplate\":\"https:\\\/\\\/arfolk.bzh\\\/?s={search_term_string}\"},\"query-input\":{\"@type\":\"PropertyValueSpecification\",\"valueRequired\":true,\"valueName\":\"search_term_string\"}}],\"inLanguage\":\"br-FR\"},{\"@type\":\"Organization\",\"@id\":\"https:\\\/\\\/arfolk.bzh\\\/#organization\",\"name\":\"Arfolk\",\"alternateName\":\"Le label de la musique bretonne\",\"url\":\"https:\\\/\\\/arfolk.bzh\\\/\",\"logo\":{\"@type\":\"ImageObject\",\"inLanguage\":\"br-FR\",\"@id\":\"https:\\\/\\\/arfolk.bzh\\\/#\\\/schema\\\/logo\\\/image\\\/\",\"url\":\"https:\\\/\\\/arfolk.bzh\\\/wp-content\\\/uploads\\\/2023\\\/11\\\/cropped-logo-label-de-musique-breton-arfolf-vignette.webp\",\"contentUrl\":\"https:\\\/\\\/arfolk.bzh\\\/wp-content\\\/uploads\\\/2023\\\/11\\\/cropped-logo-label-de-musique-breton-arfolf-vignette.webp\",\"width\":512,\"height\":512,\"caption\":\"Arfolk\"},\"image\":{\"@id\":\"https:\\\/\\\/arfolk.bzh\\\/#\\\/schema\\\/logo\\\/image\\\/\"},\"sameAs\":[\"https:\\\/\\\/www.facebook.com\\\/Arfolkmusik\",\"https:\\\/\\\/www.instagram.com\\\/arfolkmusik\\\/\"]}]}<\/script>\n<!-- \/ Yoast SEO Premium plugin. -->","yoast_head_json":{"title":"Album de Soldat Louis - Kingdom Tavern","description":"Retrouvez l'album de Soldat Louis - Kingdom Tavern. Commandez directement en ligne sur arfolk.bzh, le label discographique breton.","robots":{"index":"index","follow":"follow","max-snippet":"max-snippet:-1","max-image-preview":"max-image-preview:large","max-video-preview":"max-video-preview:-1"},"canonical":"https:\/\/arfolk.bzh\/br\/boutique\/soldat-louis-kingdom-tavern\/","schema":{"@context":"https:\/\/schema.org","@graph":[{"@type":"WebPage","@id":"https:\/\/arfolk.bzh\/boutique\/soldat-louis-kingdom-tavern\/","url":"https:\/\/arfolk.bzh\/boutique\/soldat-louis-kingdom-tavern\/","name":"Album de Soldat Louis - Kingdom Tavern","isPartOf":{"@id":"https:\/\/arfolk.bzh\/#website"},"primaryImageOfPage":{"@id":"https:\/\/arfolk.bzh\/boutique\/soldat-louis-kingdom-tavern\/#primaryimage"},"image":{"@id":"https:\/\/arfolk.bzh\/boutique\/soldat-louis-kingdom-tavern\/#primaryimage"},"thumbnailUrl":"https:\/\/arfolk.bzh\/wp-content\/uploads\/2024\/04\/soldatlouis_kingdomtavern.jpg","datePublished":"2012-11-15T19:19:45+00:00","dateModified":"2025-12-11T11:02:53+00:00","description":"Retrouvez l'album de Soldat Louis - Kingdom Tavern. Commandez directement en ligne sur arfolk.bzh, le label discographique breton.","breadcrumb":{"@id":"https:\/\/arfolk.bzh\/boutique\/soldat-louis-kingdom-tavern\/#breadcrumb"},"inLanguage":"br-FR","potentialAction":[{"@type":"ReadAction","target":["https:\/\/arfolk.bzh\/boutique\/soldat-louis-kingdom-tavern\/"]}]},{"@type":"ImageObject","inLanguage":"br-FR","@id":"https:\/\/arfolk.bzh\/boutique\/soldat-louis-kingdom-tavern\/#primaryimage","url":"https:\/\/arfolk.bzh\/wp-content\/uploads\/2024\/04\/soldatlouis_kingdomtavern.jpg","contentUrl":"https:\/\/arfolk.bzh\/wp-content\/uploads\/2024\/04\/soldatlouis_kingdomtavern.jpg","width":2400,"height":2159,"caption":"soldatlouis kingdomtavern"},{"@type":"BreadcrumbList","@id":"https:\/\/arfolk.bzh\/boutique\/soldat-louis-kingdom-tavern\/#breadcrumb","itemListElement":[{"@type":"ListItem","position":1,"name":"Accueil","item":"https:\/\/arfolk.bzh\/"},{"@type":"ListItem","position":2,"name":"Boutique","item":"https:\/\/arfolk.bzh\/boutique\/"},{"@type":"ListItem","position":3,"name":"Soldat Louis &#8211; Kingdom Tavern"}]},{"@type":"WebSite","@id":"https:\/\/arfolk.bzh\/#website","url":"https:\/\/arfolk.bzh\/","name":"Arfolk","description":"Label discographique sp\u00e9cialis\u00e9 dans la musique bretonne","publisher":{"@id":"https:\/\/arfolk.bzh\/#organization"},"potentialAction":[{"@type":"SearchAction","target":{"@type":"EntryPoint","urlTemplate":"https:\/\/arfolk.bzh\/?s={search_term_string}"},"query-input":{"@type":"PropertyValueSpecification","valueRequired":true,"valueName":"search_term_string"}}],"inLanguage":"br-FR"},{"@type":"Organization","@id":"https:\/\/arfolk.bzh\/#organization","name":"Arfolk","alternateName":"Le label de la musique bretonne","url":"https:\/\/arfolk.bzh\/","logo":{"@type":"ImageObject","inLanguage":"br-FR","@id":"https:\/\/arfolk.bzh\/#\/schema\/logo\/image\/","url":"https:\/\/arfolk.bzh\/wp-content\/uploads\/2023\/11\/cropped-logo-label-de-musique-breton-arfolf-vignette.webp","contentUrl":"https:\/\/arfolk.bzh\/wp-content\/uploads\/2023\/11\/cropped-logo-label-de-musique-breton-arfolf-vignette.webp","width":512,"height":512,"caption":"Arfolk"},"image":{"@id":"https:\/\/arfolk.bzh\/#\/schema\/logo\/image\/"},"sameAs":["https:\/\/www.facebook.com\/Arfolkmusik","https:\/\/www.instagram.com\/arfolkmusik\/"]}]}},"jetpack_sharing_enabled":true,"_links":{"self":[{"href":"https:\/\/arfolk.bzh\/br\/wp-json\/wp\/v2\/product\/2695","targetHints":{"allow":["GET"]}}],"collection":[{"href":"https:\/\/arfolk.bzh\/br\/wp-json\/wp\/v2\/product"}],"about":[{"href":"https:\/\/arfolk.bzh\/br\/wp-json\/wp\/v2\/types\/product"}],"wp:featuredmedia":[{"embeddable":true,"href":"https:\/\/arfolk.bzh\/br\/wp-json\/wp\/v2\/media\/2437"}],"wp:attachment":[{"href":"https:\/\/arfolk.bzh\/br\/wp-json\/wp\/v2\/media?parent=2695"}],"wp:term":[{"taxonomy":"product_brand","embeddable":true,"href":"https:\/\/arfolk.bzh\/br\/wp-json\/wp\/v2\/product_brand?post=2695"},{"taxonomy":"product_cat","embeddable":true,"href":"https:\/\/arfolk.bzh\/br\/wp-json\/wp\/v2\/false?post=2695"},{"taxonomy":"product_tag","embeddable":true,"href":"https:\/\/arfolk.bzh\/br\/wp-json\/wp\/v2\/product_tag?post=2695"},{"taxonomy":"disponible_a_la_vente","embeddable":true,"href":"https:\/\/arfolk.bzh\/br\/wp-json\/wp\/v2\/disponible_a_la_vente?post=2695"},{"taxonomy":"langue","embeddable":true,"href":"https:\/\/arfolk.bzh\/br\/wp-json\/wp\/v2\/langue?post=2695"},{"taxonomy":"style","embeddable":true,"href":"https:\/\/arfolk.bzh\/br\/wp-json\/wp\/v2\/style?post=2695"},{"taxonomy":"supports","embeddable":true,"href":"https:\/\/arfolk.bzh\/br\/wp-json\/wp\/v2\/supports?post=2695"}],"curies":[{"name":"wp","href":"https:\/\/api.w.org\/{rel}","templated":true}]}}