{"id":2697,"date":"2010-11-15T20:19:45","date_gmt":"2010-11-15T19:19:45","guid":{"rendered":"https:\/\/arfolk.bzh\/boutique\/soldat-louis-vip\/"},"modified":"2025-12-11T12:18:24","modified_gmt":"2025-12-11T11:18:24","slug":"soldat-louis-vip","status":"publish","type":"product","link":"https:\/\/arfolk.bzh\/br\/boutique\/soldat-louis-vip\/","title":{"rendered":"Soldat Louis &#8211; VIP"},"content":{"rendered":"<p>La premi\u00e8re bord\u00e9e, le c\u00e9l\u00e8bre \u00ab\u00a0du rhum, des femmes&#8230;\u00a0\u00bb en 1989, sous les ordres du Cap&rsquo;tain Renaud \u00e0 bord du fameux Z\u00e9nith de Paris, a permis \u00e0 Soldat Louis de naviguer pendant 20 ans dans le monde entier.<br \/>\nApr\u00e8s 11 albums et 2 DVD, le groupe a voulu faire une escale avec plusieurs artistes fran\u00e7ais qui ont partag\u00e9 avec eux plusieurs festivals ou plateaux t\u00e9l\u00e9.<\/p>\n<p>Ainsi, le r\u00e9pertoire de Soldat Louis est interpr\u00e9t\u00e9 par : Berverly Jo Scott ; Francis Cabrel ; Renaud ; Patrick Verbeke ; Mickael Jones ; Antoine ; Murray Head ; Dan ar Braz ; Hugues Auffray ; Clarisse Lavanant ; Peter Alexander Band; Francis Lalanne ; Jean-Patrick Capdevielle ; Denys Lable ; Rhum et eau &amp; Spam ; Renaud Detressan.<br \/>\nChacun a choisi un titre dans la discographie de Soldat Louis puis enregistr\u00e9 en studio.<\/p>\n<p><iframe loading=\"lazy\" title=\"Hugues Aufray &amp; Soldat Louis - Boh\u00e9miens\" width=\"1080\" height=\"608\" src=\"https:\/\/www.youtube.com\/embed\/HPoo5ACp2ug?feature=oembed\"  allow=\"accelerometer; autoplay; clipboard-write; encrypted-media; gyroscope; picture-in-picture; web-share\" referrerpolicy=\"strict-origin-when-cross-origin\" allowfullscreen><\/iframe><\/p>\n<p><strong>Tracklist de \u00a0\u00bb V.I.P \u00ab\u00a0:<\/strong><\/p>\n<ol>\n<li><strong>Boh\u00e9miens &#8211; Hugues Aufray &amp; Soldat Louis<\/strong><\/li>\n<li><strong>Borgnefesse &#8211; Patrick Verbeke &amp; Soldat Louis<\/strong><\/li>\n<li><strong>Les p&rsquo;tites du bout du monde &#8211; Antoine<\/strong><\/li>\n<li><strong>Femmes de l\u00e9gende &#8211; Beverly Jo Scott &amp; Francis Cabrel<\/strong><\/li>\n<li><strong>T&rsquo;es mon secret &#8211; Murray Head<\/strong><\/li>\n<li><strong>Highlands &#8211; Dan Ar Braz<\/strong><\/li>\n<li><strong>Encore un rhum &#8211; Renaud<\/strong><\/li>\n<li><strong>Bow lane &#8211; Denys Lable<\/strong><\/li>\n<li><strong>Du rhum des femmes&#8230; &#8211; Peter Alexander Band<\/strong><\/li>\n<li><strong>Pavillon noir &#8211; Michael Jones<\/strong><\/li>\n<li><strong>Savannah &#8211;\u00a0Patrick Verbeke &amp; Soldat Louis<\/strong><\/li>\n<li><strong>Bobby Sands &#8211; Clarisse Lavanant<\/strong><\/li>\n<li><strong>Bienvenue \u00e0 bord &#8211; Francis Lalanne<\/strong><\/li>\n<li><strong>Valse \u00e0 l&rsquo;ancienne &#8211; Jean-Patrick Capdevielle<\/strong><\/li>\n<li><strong>Distances &#8211; Renaud Destressan<\/strong><\/li>\n<li><strong>Fr\u00e8res du port &#8211; Rhum et eau &amp; Spams<\/strong><\/li>\n<\/ol>\n<p>&nbsp;<\/p>","protected":false},"excerpt":{"rendered":"<p>Le groupe Soldat Louis invite leurs amis chanteurs \u00e0 interpr\u00e9ter leurs chansons.<\/p>\n<p>Ecoutez en Streaming : <a href=\"https:\/\/fanlink.tv\/wcZ7\"><strong>https:\/\/fanlink.tv\/wcZ7<\/strong><\/a><\/p>","protected":false},"featured_media":2439,"template":"","meta":{"_acf_changed":false,"_et_pb_use_builder":"","_et_pb_old_content":"","_et_gb_content_width":""},"product_brand":[],"false":[55],"product_tag":[],"disponible_a_la_vente":[38],"langue":[72],"style":[77],"supports":[86],"class_list":{"0":"post-2697","1":"product","2":"type-product","3":"status-publish","4":"has-post-thumbnail","6":"product_cat-soldat-louis","7":"disponible_a_la_vente-disponible-a-la-vente","8":"langue-francais","9":"style-pop-rock-folk-punk","10":"supports-cd","12":"first","13":"instock","14":"sale","15":"taxable","16":"shipping-taxable","17":"purchasable","18":"product-type-simple"},"acf":[],"yoast_head":"<!-- This site is optimized with the Yoast SEO Premium plugin v24.0 (Yoast SEO v27.3) - https:\/\/yoast.com\/product\/yoast-seo-premium-wordpress\/ -->\n<title>Album de Soldat Louis - VIP<\/title>\n<meta name=\"description\" content=\"Retrouvez l&#039;album de Soldat Louis - VIP. Le groupe invite leurs amis chanteurs \u00e0 interpr\u00e9ter leurs chansons. Commandez directement en ligne sur arfolk.bzh.\" \/>\n<meta name=\"robots\" content=\"index, follow, max-snippet:-1, max-image-preview:large, max-video-preview:-1\" \/>\n<link rel=\"canonical\" href=\"https:\/\/arfolk.bzh\/br\/boutique\/soldat-louis-vip\/\" \/>\n<script type=\"application\/ld+json\" class=\"yoast-schema-graph\">{\"@context\":\"https:\\\/\\\/schema.org\",\"@graph\":[{\"@type\":\"WebPage\",\"@id\":\"https:\\\/\\\/arfolk.bzh\\\/boutique\\\/soldat-louis-vip\\\/\",\"url\":\"https:\\\/\\\/arfolk.bzh\\\/boutique\\\/soldat-louis-vip\\\/\",\"name\":\"Album de Soldat Louis - VIP\",\"isPartOf\":{\"@id\":\"https:\\\/\\\/arfolk.bzh\\\/#website\"},\"primaryImageOfPage\":{\"@id\":\"https:\\\/\\\/arfolk.bzh\\\/boutique\\\/soldat-louis-vip\\\/#primaryimage\"},\"image\":{\"@id\":\"https:\\\/\\\/arfolk.bzh\\\/boutique\\\/soldat-louis-vip\\\/#primaryimage\"},\"thumbnailUrl\":\"https:\\\/\\\/arfolk.bzh\\\/wp-content\\\/uploads\\\/2024\\\/04\\\/soldatlouis_vip.jpg\",\"datePublished\":\"2010-11-15T19:19:45+00:00\",\"dateModified\":\"2025-12-11T11:18:24+00:00\",\"description\":\"Retrouvez l'album de Soldat Louis - VIP. Le groupe invite leurs amis chanteurs \u00e0 interpr\u00e9ter leurs chansons. Commandez directement en ligne sur arfolk.bzh.\",\"breadcrumb\":{\"@id\":\"https:\\\/\\\/arfolk.bzh\\\/boutique\\\/soldat-louis-vip\\\/#breadcrumb\"},\"inLanguage\":\"br-FR\",\"potentialAction\":[{\"@type\":\"ReadAction\",\"target\":[\"https:\\\/\\\/arfolk.bzh\\\/boutique\\\/soldat-louis-vip\\\/\"]}]},{\"@type\":\"ImageObject\",\"inLanguage\":\"br-FR\",\"@id\":\"https:\\\/\\\/arfolk.bzh\\\/boutique\\\/soldat-louis-vip\\\/#primaryimage\",\"url\":\"https:\\\/\\\/arfolk.bzh\\\/wp-content\\\/uploads\\\/2024\\\/04\\\/soldatlouis_vip.jpg\",\"contentUrl\":\"https:\\\/\\\/arfolk.bzh\\\/wp-content\\\/uploads\\\/2024\\\/04\\\/soldatlouis_vip.jpg\",\"width\":1000,\"height\":886,\"caption\":\"soldatlouis vip\"},{\"@type\":\"BreadcrumbList\",\"@id\":\"https:\\\/\\\/arfolk.bzh\\\/boutique\\\/soldat-louis-vip\\\/#breadcrumb\",\"itemListElement\":[{\"@type\":\"ListItem\",\"position\":1,\"name\":\"Accueil\",\"item\":\"https:\\\/\\\/arfolk.bzh\\\/\"},{\"@type\":\"ListItem\",\"position\":2,\"name\":\"Boutique\",\"item\":\"https:\\\/\\\/arfolk.bzh\\\/boutique\\\/\"},{\"@type\":\"ListItem\",\"position\":3,\"name\":\"Soldat Louis &#8211; VIP\"}]},{\"@type\":\"WebSite\",\"@id\":\"https:\\\/\\\/arfolk.bzh\\\/#website\",\"url\":\"https:\\\/\\\/arfolk.bzh\\\/\",\"name\":\"Arfolk\",\"description\":\"Label discographique sp\u00e9cialis\u00e9 dans la musique bretonne\",\"publisher\":{\"@id\":\"https:\\\/\\\/arfolk.bzh\\\/#organization\"},\"potentialAction\":[{\"@type\":\"SearchAction\",\"target\":{\"@type\":\"EntryPoint\",\"urlTemplate\":\"https:\\\/\\\/arfolk.bzh\\\/?s={search_term_string}\"},\"query-input\":{\"@type\":\"PropertyValueSpecification\",\"valueRequired\":true,\"valueName\":\"search_term_string\"}}],\"inLanguage\":\"br-FR\"},{\"@type\":\"Organization\",\"@id\":\"https:\\\/\\\/arfolk.bzh\\\/#organization\",\"name\":\"Arfolk\",\"alternateName\":\"Le label de la musique bretonne\",\"url\":\"https:\\\/\\\/arfolk.bzh\\\/\",\"logo\":{\"@type\":\"ImageObject\",\"inLanguage\":\"br-FR\",\"@id\":\"https:\\\/\\\/arfolk.bzh\\\/#\\\/schema\\\/logo\\\/image\\\/\",\"url\":\"https:\\\/\\\/arfolk.bzh\\\/wp-content\\\/uploads\\\/2023\\\/11\\\/cropped-logo-label-de-musique-breton-arfolf-vignette.webp\",\"contentUrl\":\"https:\\\/\\\/arfolk.bzh\\\/wp-content\\\/uploads\\\/2023\\\/11\\\/cropped-logo-label-de-musique-breton-arfolf-vignette.webp\",\"width\":512,\"height\":512,\"caption\":\"Arfolk\"},\"image\":{\"@id\":\"https:\\\/\\\/arfolk.bzh\\\/#\\\/schema\\\/logo\\\/image\\\/\"},\"sameAs\":[\"https:\\\/\\\/www.facebook.com\\\/Arfolkmusik\",\"https:\\\/\\\/www.instagram.com\\\/arfolkmusik\\\/\"]}]}<\/script>\n<!-- \/ Yoast SEO Premium plugin. -->","yoast_head_json":{"title":"Album de Soldat Louis - VIP","description":"Retrouvez l'album de Soldat Louis - VIP. Le groupe invite leurs amis chanteurs \u00e0 interpr\u00e9ter leurs chansons. Commandez directement en ligne sur arfolk.bzh.","robots":{"index":"index","follow":"follow","max-snippet":"max-snippet:-1","max-image-preview":"max-image-preview:large","max-video-preview":"max-video-preview:-1"},"canonical":"https:\/\/arfolk.bzh\/br\/boutique\/soldat-louis-vip\/","schema":{"@context":"https:\/\/schema.org","@graph":[{"@type":"WebPage","@id":"https:\/\/arfolk.bzh\/boutique\/soldat-louis-vip\/","url":"https:\/\/arfolk.bzh\/boutique\/soldat-louis-vip\/","name":"Album de Soldat Louis - VIP","isPartOf":{"@id":"https:\/\/arfolk.bzh\/#website"},"primaryImageOfPage":{"@id":"https:\/\/arfolk.bzh\/boutique\/soldat-louis-vip\/#primaryimage"},"image":{"@id":"https:\/\/arfolk.bzh\/boutique\/soldat-louis-vip\/#primaryimage"},"thumbnailUrl":"https:\/\/arfolk.bzh\/wp-content\/uploads\/2024\/04\/soldatlouis_vip.jpg","datePublished":"2010-11-15T19:19:45+00:00","dateModified":"2025-12-11T11:18:24+00:00","description":"Retrouvez l'album de Soldat Louis - VIP. Le groupe invite leurs amis chanteurs \u00e0 interpr\u00e9ter leurs chansons. Commandez directement en ligne sur arfolk.bzh.","breadcrumb":{"@id":"https:\/\/arfolk.bzh\/boutique\/soldat-louis-vip\/#breadcrumb"},"inLanguage":"br-FR","potentialAction":[{"@type":"ReadAction","target":["https:\/\/arfolk.bzh\/boutique\/soldat-louis-vip\/"]}]},{"@type":"ImageObject","inLanguage":"br-FR","@id":"https:\/\/arfolk.bzh\/boutique\/soldat-louis-vip\/#primaryimage","url":"https:\/\/arfolk.bzh\/wp-content\/uploads\/2024\/04\/soldatlouis_vip.jpg","contentUrl":"https:\/\/arfolk.bzh\/wp-content\/uploads\/2024\/04\/soldatlouis_vip.jpg","width":1000,"height":886,"caption":"soldatlouis vip"},{"@type":"BreadcrumbList","@id":"https:\/\/arfolk.bzh\/boutique\/soldat-louis-vip\/#breadcrumb","itemListElement":[{"@type":"ListItem","position":1,"name":"Accueil","item":"https:\/\/arfolk.bzh\/"},{"@type":"ListItem","position":2,"name":"Boutique","item":"https:\/\/arfolk.bzh\/boutique\/"},{"@type":"ListItem","position":3,"name":"Soldat Louis &#8211; VIP"}]},{"@type":"WebSite","@id":"https:\/\/arfolk.bzh\/#website","url":"https:\/\/arfolk.bzh\/","name":"Arfolk","description":"Label discographique sp\u00e9cialis\u00e9 dans la musique bretonne","publisher":{"@id":"https:\/\/arfolk.bzh\/#organization"},"potentialAction":[{"@type":"SearchAction","target":{"@type":"EntryPoint","urlTemplate":"https:\/\/arfolk.bzh\/?s={search_term_string}"},"query-input":{"@type":"PropertyValueSpecification","valueRequired":true,"valueName":"search_term_string"}}],"inLanguage":"br-FR"},{"@type":"Organization","@id":"https:\/\/arfolk.bzh\/#organization","name":"Arfolk","alternateName":"Le label de la musique bretonne","url":"https:\/\/arfolk.bzh\/","logo":{"@type":"ImageObject","inLanguage":"br-FR","@id":"https:\/\/arfolk.bzh\/#\/schema\/logo\/image\/","url":"https:\/\/arfolk.bzh\/wp-content\/uploads\/2023\/11\/cropped-logo-label-de-musique-breton-arfolf-vignette.webp","contentUrl":"https:\/\/arfolk.bzh\/wp-content\/uploads\/2023\/11\/cropped-logo-label-de-musique-breton-arfolf-vignette.webp","width":512,"height":512,"caption":"Arfolk"},"image":{"@id":"https:\/\/arfolk.bzh\/#\/schema\/logo\/image\/"},"sameAs":["https:\/\/www.facebook.com\/Arfolkmusik","https:\/\/www.instagram.com\/arfolkmusik\/"]}]}},"jetpack_sharing_enabled":true,"_links":{"self":[{"href":"https:\/\/arfolk.bzh\/br\/wp-json\/wp\/v2\/product\/2697","targetHints":{"allow":["GET"]}}],"collection":[{"href":"https:\/\/arfolk.bzh\/br\/wp-json\/wp\/v2\/product"}],"about":[{"href":"https:\/\/arfolk.bzh\/br\/wp-json\/wp\/v2\/types\/product"}],"wp:featuredmedia":[{"embeddable":true,"href":"https:\/\/arfolk.bzh\/br\/wp-json\/wp\/v2\/media\/2439"}],"wp:attachment":[{"href":"https:\/\/arfolk.bzh\/br\/wp-json\/wp\/v2\/media?parent=2697"}],"wp:term":[{"taxonomy":"product_brand","embeddable":true,"href":"https:\/\/arfolk.bzh\/br\/wp-json\/wp\/v2\/product_brand?post=2697"},{"taxonomy":"product_cat","embeddable":true,"href":"https:\/\/arfolk.bzh\/br\/wp-json\/wp\/v2\/false?post=2697"},{"taxonomy":"product_tag","embeddable":true,"href":"https:\/\/arfolk.bzh\/br\/wp-json\/wp\/v2\/product_tag?post=2697"},{"taxonomy":"disponible_a_la_vente","embeddable":true,"href":"https:\/\/arfolk.bzh\/br\/wp-json\/wp\/v2\/disponible_a_la_vente?post=2697"},{"taxonomy":"langue","embeddable":true,"href":"https:\/\/arfolk.bzh\/br\/wp-json\/wp\/v2\/langue?post=2697"},{"taxonomy":"style","embeddable":true,"href":"https:\/\/arfolk.bzh\/br\/wp-json\/wp\/v2\/style?post=2697"},{"taxonomy":"supports","embeddable":true,"href":"https:\/\/arfolk.bzh\/br\/wp-json\/wp\/v2\/supports?post=2697"}],"curies":[{"name":"wp","href":"https:\/\/api.w.org\/{rel}","templated":true}]}}