{"id":2731,"date":"2021-10-15T12:20:11","date_gmt":"2021-10-15T10:20:11","guid":{"rendered":"https:\/\/arfolk.bzh\/boutique\/x-nedelegebreizhnoelenbretagne\/"},"modified":"2025-12-11T11:00:39","modified_gmt":"2025-12-11T10:00:39","slug":"nedeleg-e-breizh-noel-en-bretagne","status":"publish","type":"product","link":"https:\/\/arfolk.bzh\/br\/boutique\/nedeleg-e-breizh-noel-en-bretagne\/","title":{"rendered":"Compilation &#8211; No\u00ebl en Bretagne &#8211; Nedeleg e Breizh"},"content":{"rendered":"<p>Les plus beaux titres de No\u00ebl. D\u00e9couvrir<\/p>\n<p><iframe loading=\"lazy\" title=\"No\u00ebl en Bretagne \/ Celtic Christmas in Brittany \/ Nedeleg e Breizh\" width=\"1080\" height=\"608\" src=\"https:\/\/www.youtube.com\/embed\/videoseries?list=PLQMZD0e8YHDIIKR8rewHLT_LZZLL01VEG\"  allow=\"accelerometer; autoplay; clipboard-write; encrypted-media; gyroscope; picture-in-picture; web-share\" referrerpolicy=\"strict-origin-when-cross-origin\" allowfullscreen><\/iframe><\/p>\n<p>Tracklist de \u00a0\u00bb No\u00ebl en Bretagne \u00ab\u00a0:<\/p>\n<ol>\n<li>NO\u00cbL NOUVELET &#8211; Aziliz Manrow<\/li>\n<li>PETRA A-NEVEZ ER BED ? &#8211; Denez<\/li>\n<li>AR BLOAVEZH MAT &#8211; Annie Ebrel<\/li>\n<li>C&rsquo;\u00c9TAIT \u00c0 L&rsquo;HEURE DE MINUIT &#8211; Mathieu Hamon<\/li>\n<li>AN ERC&rsquo;H WAR AN ENEZEG &#8211; Annie Ebrel<\/li>\n<li>NOUS VOICI DANS LA VILLE &#8211; Piala Louis<\/li>\n<li>NOS V\u0152UX D&rsquo;ENFANCE &#8211; Aziliz Manrow<\/li>\n<li>CANTIL\u00c8NE &#8211; Quentin Morvan feat. Rosemary Standley<\/li>\n<li>CHANT \u00c0 LA VIERGE (0 GWERC&rsquo;HEZ AR SALET) &#8211; Annie Ebrel<\/li>\n<li>KANOMP NOEL ! &#8211; Marion le Solliec, J\u00e9r\u00e9my Kerno, Quentin Morvan<\/li>\n<li>QUAND ARRIVE LE JOUR DE NO\u00cbL &#8211; J\u00e9r\u00e9my Kerno, Annie Ebrel, Mathieu Hamon, Rosemary Standley<\/li>\n<li>PEH TROUZ \u00c0R AN DOUAR &#8211; J\u00e9r\u00e9my Kerno<\/li>\n<li>GWIADO\u00d9 LOAR &#8211; Annie Ebrel<\/li>\n<li>HEOL NOZ &#8211; Denez<\/li>\n<li>JEZUS KROUEDUR &#8211; Rosemary Standley<\/li>\n<\/ol>","protected":false},"excerpt":{"rendered":"<p>Denez, Annie Ebrel, Mathieu Hamon, Rosemary Standley, J\u00e9r\u00e9my Kerno, Aziliz Manrow, Quentin Morvan, Piala Louis.. De nombreux artistes, chanteurs et musiciens, figures de proue de la sc\u00e8ne bretonne et jeunes talents, sont r\u00e9unis pour offrir un bijou artistique fa\u00e7onn\u00e9 sur un r\u00e9pertoire universel, dans de nouveaux arrangements.<\/p>","protected":false},"featured_media":2800,"template":"","meta":{"_acf_changed":false,"_et_pb_use_builder":"","_et_pb_old_content":"","_et_gb_content_width":""},"product_brand":[],"false":[42,58,35],"product_tag":[],"disponible_a_la_vente":[38],"langue":[73,72],"style":[84],"supports":[86],"class_list":{"0":"post-2731","1":"product","2":"type-product","3":"status-publish","4":"has-post-thumbnail","6":"product_cat-annie-ebrel","7":"product_cat-compilation","8":"product_cat-denez","9":"disponible_a_la_vente-disponible-a-la-vente","10":"langue-breton","11":"langue-francais","12":"style-compilation","13":"supports-cd","15":"first","16":"instock","17":"purchasable","18":"product-type-simple"},"acf":[],"yoast_head":"<!-- This site is optimized with the Yoast SEO Premium plugin v24.0 (Yoast SEO v27.3) - https:\/\/yoast.com\/product\/yoast-seo-premium-wordpress\/ -->\n<title>Compilation - No\u00ebl en Bretagne - Nedeleg e Breizh<\/title>\n<meta name=\"description\" content=\"Retrouvez le nouvel album Compilation - No\u00ebl en Bretagne - Nedeleg e Breizh. Commandez directement en ligne sur arfolk.bzh, le label discographique breton.\" \/>\n<meta name=\"robots\" content=\"index, follow, max-snippet:-1, max-image-preview:large, max-video-preview:-1\" \/>\n<link rel=\"canonical\" href=\"https:\/\/arfolk.bzh\/br\/boutique\/nedeleg-e-breizh-noel-en-bretagne\/\" \/>\n<script type=\"application\/ld+json\" class=\"yoast-schema-graph\">{\"@context\":\"https:\\\/\\\/schema.org\",\"@graph\":[{\"@type\":\"WebPage\",\"@id\":\"https:\\\/\\\/arfolk.bzh\\\/boutique\\\/nedeleg-e-breizh-noel-en-bretagne\\\/\",\"url\":\"https:\\\/\\\/arfolk.bzh\\\/boutique\\\/nedeleg-e-breizh-noel-en-bretagne\\\/\",\"name\":\"Compilation - No\u00ebl en Bretagne - Nedeleg e Breizh\",\"isPartOf\":{\"@id\":\"https:\\\/\\\/arfolk.bzh\\\/#website\"},\"primaryImageOfPage\":{\"@id\":\"https:\\\/\\\/arfolk.bzh\\\/boutique\\\/nedeleg-e-breizh-noel-en-bretagne\\\/#primaryimage\"},\"image\":{\"@id\":\"https:\\\/\\\/arfolk.bzh\\\/boutique\\\/nedeleg-e-breizh-noel-en-bretagne\\\/#primaryimage\"},\"thumbnailUrl\":\"https:\\\/\\\/arfolk.bzh\\\/wp-content\\\/uploads\\\/2024\\\/04\\\/nedelegebreizhnoelenbretagne.webp\",\"datePublished\":\"2021-10-15T10:20:11+00:00\",\"dateModified\":\"2025-12-11T10:00:39+00:00\",\"description\":\"Retrouvez le nouvel album Compilation - No\u00ebl en Bretagne - Nedeleg e Breizh. Commandez directement en ligne sur arfolk.bzh, le label discographique breton.\",\"breadcrumb\":{\"@id\":\"https:\\\/\\\/arfolk.bzh\\\/boutique\\\/nedeleg-e-breizh-noel-en-bretagne\\\/#breadcrumb\"},\"inLanguage\":\"br-FR\",\"potentialAction\":[{\"@type\":\"ReadAction\",\"target\":[\"https:\\\/\\\/arfolk.bzh\\\/boutique\\\/nedeleg-e-breizh-noel-en-bretagne\\\/\"]}]},{\"@type\":\"ImageObject\",\"inLanguage\":\"br-FR\",\"@id\":\"https:\\\/\\\/arfolk.bzh\\\/boutique\\\/nedeleg-e-breizh-noel-en-bretagne\\\/#primaryimage\",\"url\":\"https:\\\/\\\/arfolk.bzh\\\/wp-content\\\/uploads\\\/2024\\\/04\\\/nedelegebreizhnoelenbretagne.webp\",\"contentUrl\":\"https:\\\/\\\/arfolk.bzh\\\/wp-content\\\/uploads\\\/2024\\\/04\\\/nedelegebreizhnoelenbretagne.webp\",\"width\":1000,\"height\":1000,\"caption\":\"Nedeleg e breizh Noel en bretagne\"},{\"@type\":\"BreadcrumbList\",\"@id\":\"https:\\\/\\\/arfolk.bzh\\\/boutique\\\/nedeleg-e-breizh-noel-en-bretagne\\\/#breadcrumb\",\"itemListElement\":[{\"@type\":\"ListItem\",\"position\":1,\"name\":\"Accueil\",\"item\":\"https:\\\/\\\/arfolk.bzh\\\/\"},{\"@type\":\"ListItem\",\"position\":2,\"name\":\"Boutique\",\"item\":\"https:\\\/\\\/arfolk.bzh\\\/boutique\\\/\"},{\"@type\":\"ListItem\",\"position\":3,\"name\":\"Compilation &#8211; No\u00ebl en Bretagne &#8211; Nedeleg e Breizh\"}]},{\"@type\":\"WebSite\",\"@id\":\"https:\\\/\\\/arfolk.bzh\\\/#website\",\"url\":\"https:\\\/\\\/arfolk.bzh\\\/\",\"name\":\"Arfolk\",\"description\":\"Label discographique sp\u00e9cialis\u00e9 dans la musique bretonne\",\"publisher\":{\"@id\":\"https:\\\/\\\/arfolk.bzh\\\/#organization\"},\"potentialAction\":[{\"@type\":\"SearchAction\",\"target\":{\"@type\":\"EntryPoint\",\"urlTemplate\":\"https:\\\/\\\/arfolk.bzh\\\/?s={search_term_string}\"},\"query-input\":{\"@type\":\"PropertyValueSpecification\",\"valueRequired\":true,\"valueName\":\"search_term_string\"}}],\"inLanguage\":\"br-FR\"},{\"@type\":\"Organization\",\"@id\":\"https:\\\/\\\/arfolk.bzh\\\/#organization\",\"name\":\"Arfolk\",\"alternateName\":\"Le label de la musique bretonne\",\"url\":\"https:\\\/\\\/arfolk.bzh\\\/\",\"logo\":{\"@type\":\"ImageObject\",\"inLanguage\":\"br-FR\",\"@id\":\"https:\\\/\\\/arfolk.bzh\\\/#\\\/schema\\\/logo\\\/image\\\/\",\"url\":\"https:\\\/\\\/arfolk.bzh\\\/wp-content\\\/uploads\\\/2023\\\/11\\\/cropped-logo-label-de-musique-breton-arfolf-vignette.webp\",\"contentUrl\":\"https:\\\/\\\/arfolk.bzh\\\/wp-content\\\/uploads\\\/2023\\\/11\\\/cropped-logo-label-de-musique-breton-arfolf-vignette.webp\",\"width\":512,\"height\":512,\"caption\":\"Arfolk\"},\"image\":{\"@id\":\"https:\\\/\\\/arfolk.bzh\\\/#\\\/schema\\\/logo\\\/image\\\/\"},\"sameAs\":[\"https:\\\/\\\/www.facebook.com\\\/Arfolkmusik\",\"https:\\\/\\\/www.instagram.com\\\/arfolkmusik\\\/\"]}]}<\/script>\n<!-- \/ Yoast SEO Premium plugin. -->","yoast_head_json":{"title":"Compilation - No\u00ebl en Bretagne - Nedeleg e Breizh","description":"Retrouvez le nouvel album Compilation - No\u00ebl en Bretagne - Nedeleg e Breizh. Commandez directement en ligne sur arfolk.bzh, le label discographique breton.","robots":{"index":"index","follow":"follow","max-snippet":"max-snippet:-1","max-image-preview":"max-image-preview:large","max-video-preview":"max-video-preview:-1"},"canonical":"https:\/\/arfolk.bzh\/br\/boutique\/nedeleg-e-breizh-noel-en-bretagne\/","schema":{"@context":"https:\/\/schema.org","@graph":[{"@type":"WebPage","@id":"https:\/\/arfolk.bzh\/boutique\/nedeleg-e-breizh-noel-en-bretagne\/","url":"https:\/\/arfolk.bzh\/boutique\/nedeleg-e-breizh-noel-en-bretagne\/","name":"Compilation - No\u00ebl en Bretagne - Nedeleg e Breizh","isPartOf":{"@id":"https:\/\/arfolk.bzh\/#website"},"primaryImageOfPage":{"@id":"https:\/\/arfolk.bzh\/boutique\/nedeleg-e-breizh-noel-en-bretagne\/#primaryimage"},"image":{"@id":"https:\/\/arfolk.bzh\/boutique\/nedeleg-e-breizh-noel-en-bretagne\/#primaryimage"},"thumbnailUrl":"https:\/\/arfolk.bzh\/wp-content\/uploads\/2024\/04\/nedelegebreizhnoelenbretagne.webp","datePublished":"2021-10-15T10:20:11+00:00","dateModified":"2025-12-11T10:00:39+00:00","description":"Retrouvez le nouvel album Compilation - No\u00ebl en Bretagne - Nedeleg e Breizh. Commandez directement en ligne sur arfolk.bzh, le label discographique breton.","breadcrumb":{"@id":"https:\/\/arfolk.bzh\/boutique\/nedeleg-e-breizh-noel-en-bretagne\/#breadcrumb"},"inLanguage":"br-FR","potentialAction":[{"@type":"ReadAction","target":["https:\/\/arfolk.bzh\/boutique\/nedeleg-e-breizh-noel-en-bretagne\/"]}]},{"@type":"ImageObject","inLanguage":"br-FR","@id":"https:\/\/arfolk.bzh\/boutique\/nedeleg-e-breizh-noel-en-bretagne\/#primaryimage","url":"https:\/\/arfolk.bzh\/wp-content\/uploads\/2024\/04\/nedelegebreizhnoelenbretagne.webp","contentUrl":"https:\/\/arfolk.bzh\/wp-content\/uploads\/2024\/04\/nedelegebreizhnoelenbretagne.webp","width":1000,"height":1000,"caption":"Nedeleg e breizh Noel en bretagne"},{"@type":"BreadcrumbList","@id":"https:\/\/arfolk.bzh\/boutique\/nedeleg-e-breizh-noel-en-bretagne\/#breadcrumb","itemListElement":[{"@type":"ListItem","position":1,"name":"Accueil","item":"https:\/\/arfolk.bzh\/"},{"@type":"ListItem","position":2,"name":"Boutique","item":"https:\/\/arfolk.bzh\/boutique\/"},{"@type":"ListItem","position":3,"name":"Compilation &#8211; No\u00ebl en Bretagne &#8211; Nedeleg e Breizh"}]},{"@type":"WebSite","@id":"https:\/\/arfolk.bzh\/#website","url":"https:\/\/arfolk.bzh\/","name":"Arfolk","description":"Label discographique sp\u00e9cialis\u00e9 dans la musique bretonne","publisher":{"@id":"https:\/\/arfolk.bzh\/#organization"},"potentialAction":[{"@type":"SearchAction","target":{"@type":"EntryPoint","urlTemplate":"https:\/\/arfolk.bzh\/?s={search_term_string}"},"query-input":{"@type":"PropertyValueSpecification","valueRequired":true,"valueName":"search_term_string"}}],"inLanguage":"br-FR"},{"@type":"Organization","@id":"https:\/\/arfolk.bzh\/#organization","name":"Arfolk","alternateName":"Le label de la musique bretonne","url":"https:\/\/arfolk.bzh\/","logo":{"@type":"ImageObject","inLanguage":"br-FR","@id":"https:\/\/arfolk.bzh\/#\/schema\/logo\/image\/","url":"https:\/\/arfolk.bzh\/wp-content\/uploads\/2023\/11\/cropped-logo-label-de-musique-breton-arfolf-vignette.webp","contentUrl":"https:\/\/arfolk.bzh\/wp-content\/uploads\/2023\/11\/cropped-logo-label-de-musique-breton-arfolf-vignette.webp","width":512,"height":512,"caption":"Arfolk"},"image":{"@id":"https:\/\/arfolk.bzh\/#\/schema\/logo\/image\/"},"sameAs":["https:\/\/www.facebook.com\/Arfolkmusik","https:\/\/www.instagram.com\/arfolkmusik\/"]}]}},"jetpack_sharing_enabled":true,"_links":{"self":[{"href":"https:\/\/arfolk.bzh\/br\/wp-json\/wp\/v2\/product\/2731","targetHints":{"allow":["GET"]}}],"collection":[{"href":"https:\/\/arfolk.bzh\/br\/wp-json\/wp\/v2\/product"}],"about":[{"href":"https:\/\/arfolk.bzh\/br\/wp-json\/wp\/v2\/types\/product"}],"wp:featuredmedia":[{"embeddable":true,"href":"https:\/\/arfolk.bzh\/br\/wp-json\/wp\/v2\/media\/2800"}],"wp:attachment":[{"href":"https:\/\/arfolk.bzh\/br\/wp-json\/wp\/v2\/media?parent=2731"}],"wp:term":[{"taxonomy":"product_brand","embeddable":true,"href":"https:\/\/arfolk.bzh\/br\/wp-json\/wp\/v2\/product_brand?post=2731"},{"taxonomy":"product_cat","embeddable":true,"href":"https:\/\/arfolk.bzh\/br\/wp-json\/wp\/v2\/false?post=2731"},{"taxonomy":"product_tag","embeddable":true,"href":"https:\/\/arfolk.bzh\/br\/wp-json\/wp\/v2\/product_tag?post=2731"},{"taxonomy":"disponible_a_la_vente","embeddable":true,"href":"https:\/\/arfolk.bzh\/br\/wp-json\/wp\/v2\/disponible_a_la_vente?post=2731"},{"taxonomy":"langue","embeddable":true,"href":"https:\/\/arfolk.bzh\/br\/wp-json\/wp\/v2\/langue?post=2731"},{"taxonomy":"style","embeddable":true,"href":"https:\/\/arfolk.bzh\/br\/wp-json\/wp\/v2\/style?post=2731"},{"taxonomy":"supports","embeddable":true,"href":"https:\/\/arfolk.bzh\/br\/wp-json\/wp\/v2\/supports?post=2731"}],"curies":[{"name":"wp","href":"https:\/\/api.w.org\/{rel}","templated":true}]}}