{"id":3103,"date":"2009-10-24T20:06:51","date_gmt":"2009-10-24T18:06:51","guid":{"rendered":"https:\/\/arfolk.bzh\/?post_type=product&#038;p=3103"},"modified":"2025-12-11T12:13:55","modified_gmt":"2025-12-11T11:13:55","slug":"soldat-louis-happy-bordee","status":"publish","type":"product","link":"https:\/\/arfolk.bzh\/br\/boutique\/soldat-louis-happy-bordee\/","title":{"rendered":"Soldat Louis &#8211; Happy bord\u00e9e"},"content":{"rendered":"<p>Vingt ans, le bel \u00e2ge&#8230; l&rsquo;adage ne ment jamais.<br \/>\nSoldat Louis\u00a0est un de ces groupes sur lesquels l&rsquo;oxydation n&rsquo;a pas de prise. Tomb\u00e9 dans le minium tout petit sans doute.<br \/>\nSon public toujours aussi fid\u00e8le n&rsquo;a jamais rat\u00e9 un rendez-vous, d&rsquo;autant plus nombreux aujourd&rsquo;hui, deuxi\u00e8me g\u00e9n\u00e9ration oblige&#8230;<br \/>\nCe double\u00a0album live est un pur bonheur de complicit\u00e9. Le groupe revisite l&rsquo;ensemble de ses tubes et les chansons pr\u00e9f\u00e9r\u00e9es des fans.<br \/>\nOlivier de Kersauson\u00a0les a r\u00e9sum\u00e9s ainsi : \u00ab\u00a0Ce ne sont pas des gens bidon, tout fabriqu\u00e9s pour une cible. C&rsquo;est une musique pour bord de largue sous gennaker, avec les silhouettes de grues du port de commerce au loin.\u00a0\u00bb<\/p>\n<p><iframe loading=\"lazy\" title=\"Soldat Louis - Happy...bord\u00e9e 20 ans (Live)\" width=\"1080\" height=\"608\" src=\"https:\/\/www.youtube.com\/embed\/videoseries?list=PLQMZD0e8YHDJgFwQrpaXwvUM7X2KncG0X\"  allow=\"accelerometer; autoplay; clipboard-write; encrypted-media; gyroscope; picture-in-picture; web-share\" referrerpolicy=\"strict-origin-when-cross-origin\" allowfullscreen><\/iframe><\/p>\n<p>Titres du CD :<\/p>\n<ol>\n<li>Tirer des caisses<\/li>\n<li>Savannah<\/li>\n<li>C&rsquo;est quand qu&rsquo;les c&#8230;<\/li>\n<li>Encore un Rhum<\/li>\n<li>The show must go on<\/li>\n<li>Soldat Louis<\/li>\n<li>Le bagad de Lann Bihou\u00e9<\/li>\n<li>Bow Lane<\/li>\n<li>Les P&rsquo;ties du bout du monde<\/li>\n<li>Sales gosses<\/li>\n<li>Du rhum des femmes<\/li>\n<li>Martiniquaise<\/li>\n<li>Le sonneur de Quimperl\u00e9<\/li>\n<li>Juste une gigue en do<\/li>\n<li>Femmes de L\u00e9gende<\/li>\n<li>Bobby Sands<\/li>\n<li>C&rsquo;est un pays<\/li>\n<li>Galerian<\/li>\n<li>Survivre en ennemis<\/li>\n<li>Pavillon noir<\/li>\n<li>Du rhum des femmes<\/li>\n<li>Tonton Louis.<\/li>\n<\/ol>\n<div><\/div>\n<div>Enregistr\u00e9 en live au th\u00e9\u00e2tre de verdure de Poupet \u00e0 St Malo du Bois le 29 ao\u00fbt 2009<\/div>","protected":false},"excerpt":{"rendered":"<p>Ne passez pas \u00e0 c\u00f4t\u00e9 d&rsquo;un concert jubilatoire et celto- rock n&rsquo;roll.<br \/>\nSoldat Louis\u00a0nous f\u00eate leur 20 ans en revisitant sur sc\u00e8ne leurs plus grands succ\u00e8s dans une ambiance surchauff\u00e9e.<\/p>\n<p>Double album live<\/p>\n<p>Ecoutez en Streaming : <strong><a href=\"https:\/\/fanlink.tv\/wcZV\">https:\/\/fanlink.tv\/wcZV<\/a><\/strong><\/p>","protected":false},"featured_media":3104,"template":"","meta":{"_acf_changed":false,"_et_pb_use_builder":"","_et_pb_old_content":"","_et_gb_content_width":""},"product_brand":[],"false":[55],"product_tag":[],"disponible_a_la_vente":[38],"langue":[72],"style":[93,77],"supports":[86],"class_list":{"0":"post-3103","1":"product","2":"type-product","3":"status-publish","4":"has-post-thumbnail","6":"product_cat-soldat-louis","7":"disponible_a_la_vente-disponible-a-la-vente","8":"langue-francais","9":"style-chants-marins","10":"style-pop-rock-folk-punk","11":"supports-cd","13":"first","14":"instock","15":"sale","16":"taxable","17":"shipping-taxable","18":"purchasable","19":"product-type-simple"},"acf":[],"yoast_head":"<!-- This site is optimized with the Yoast SEO Premium plugin v24.0 (Yoast SEO v27.3) - https:\/\/yoast.com\/product\/yoast-seo-premium-wordpress\/ -->\n<title>Album de Soldat Louis - Happy bord\u00e9e<\/title>\n<meta name=\"description\" content=\"Retrouvez le double album Live de Soldat Louis - Happy bord\u00e9e. Commandez directement en ligne sur arfolk.bzh, le label discographique breton.\" \/>\n<meta name=\"robots\" content=\"index, follow, max-snippet:-1, max-image-preview:large, max-video-preview:-1\" \/>\n<link rel=\"canonical\" href=\"https:\/\/arfolk.bzh\/br\/boutique\/soldat-louis-happy-bordee\/\" \/>\n<script type=\"application\/ld+json\" class=\"yoast-schema-graph\">{\"@context\":\"https:\\\/\\\/schema.org\",\"@graph\":[{\"@type\":\"WebPage\",\"@id\":\"https:\\\/\\\/arfolk.bzh\\\/boutique\\\/soldat-louis-happy-bordee\\\/\",\"url\":\"https:\\\/\\\/arfolk.bzh\\\/boutique\\\/soldat-louis-happy-bordee\\\/\",\"name\":\"Album de Soldat Louis - Happy bord\u00e9e\",\"isPartOf\":{\"@id\":\"https:\\\/\\\/arfolk.bzh\\\/#website\"},\"primaryImageOfPage\":{\"@id\":\"https:\\\/\\\/arfolk.bzh\\\/boutique\\\/soldat-louis-happy-bordee\\\/#primaryimage\"},\"image\":{\"@id\":\"https:\\\/\\\/arfolk.bzh\\\/boutique\\\/soldat-louis-happy-bordee\\\/#primaryimage\"},\"thumbnailUrl\":\"https:\\\/\\\/arfolk.bzh\\\/wp-content\\\/uploads\\\/2024\\\/10\\\/happy-bordee-soldat-louis.webp\",\"datePublished\":\"2009-10-24T18:06:51+00:00\",\"dateModified\":\"2025-12-11T11:13:55+00:00\",\"description\":\"Retrouvez le double album Live de Soldat Louis - Happy bord\u00e9e. Commandez directement en ligne sur arfolk.bzh, le label discographique breton.\",\"breadcrumb\":{\"@id\":\"https:\\\/\\\/arfolk.bzh\\\/boutique\\\/soldat-louis-happy-bordee\\\/#breadcrumb\"},\"inLanguage\":\"br-FR\",\"potentialAction\":[{\"@type\":\"ReadAction\",\"target\":[\"https:\\\/\\\/arfolk.bzh\\\/boutique\\\/soldat-louis-happy-bordee\\\/\"]}]},{\"@type\":\"ImageObject\",\"inLanguage\":\"br-FR\",\"@id\":\"https:\\\/\\\/arfolk.bzh\\\/boutique\\\/soldat-louis-happy-bordee\\\/#primaryimage\",\"url\":\"https:\\\/\\\/arfolk.bzh\\\/wp-content\\\/uploads\\\/2024\\\/10\\\/happy-bordee-soldat-louis.webp\",\"contentUrl\":\"https:\\\/\\\/arfolk.bzh\\\/wp-content\\\/uploads\\\/2024\\\/10\\\/happy-bordee-soldat-louis.webp\",\"width\":999,\"height\":1000,\"caption\":\"happy borde\u0301e soldat louis\"},{\"@type\":\"BreadcrumbList\",\"@id\":\"https:\\\/\\\/arfolk.bzh\\\/boutique\\\/soldat-louis-happy-bordee\\\/#breadcrumb\",\"itemListElement\":[{\"@type\":\"ListItem\",\"position\":1,\"name\":\"Accueil\",\"item\":\"https:\\\/\\\/arfolk.bzh\\\/\"},{\"@type\":\"ListItem\",\"position\":2,\"name\":\"Boutique\",\"item\":\"https:\\\/\\\/arfolk.bzh\\\/boutique\\\/\"},{\"@type\":\"ListItem\",\"position\":3,\"name\":\"Soldat Louis &#8211; Happy bord\u00e9e\"}]},{\"@type\":\"WebSite\",\"@id\":\"https:\\\/\\\/arfolk.bzh\\\/#website\",\"url\":\"https:\\\/\\\/arfolk.bzh\\\/\",\"name\":\"Arfolk\",\"description\":\"Label discographique sp\u00e9cialis\u00e9 dans la musique bretonne\",\"publisher\":{\"@id\":\"https:\\\/\\\/arfolk.bzh\\\/#organization\"},\"potentialAction\":[{\"@type\":\"SearchAction\",\"target\":{\"@type\":\"EntryPoint\",\"urlTemplate\":\"https:\\\/\\\/arfolk.bzh\\\/?s={search_term_string}\"},\"query-input\":{\"@type\":\"PropertyValueSpecification\",\"valueRequired\":true,\"valueName\":\"search_term_string\"}}],\"inLanguage\":\"br-FR\"},{\"@type\":\"Organization\",\"@id\":\"https:\\\/\\\/arfolk.bzh\\\/#organization\",\"name\":\"Arfolk\",\"alternateName\":\"Le label de la musique bretonne\",\"url\":\"https:\\\/\\\/arfolk.bzh\\\/\",\"logo\":{\"@type\":\"ImageObject\",\"inLanguage\":\"br-FR\",\"@id\":\"https:\\\/\\\/arfolk.bzh\\\/#\\\/schema\\\/logo\\\/image\\\/\",\"url\":\"https:\\\/\\\/arfolk.bzh\\\/wp-content\\\/uploads\\\/2023\\\/11\\\/cropped-logo-label-de-musique-breton-arfolf-vignette.webp\",\"contentUrl\":\"https:\\\/\\\/arfolk.bzh\\\/wp-content\\\/uploads\\\/2023\\\/11\\\/cropped-logo-label-de-musique-breton-arfolf-vignette.webp\",\"width\":512,\"height\":512,\"caption\":\"Arfolk\"},\"image\":{\"@id\":\"https:\\\/\\\/arfolk.bzh\\\/#\\\/schema\\\/logo\\\/image\\\/\"},\"sameAs\":[\"https:\\\/\\\/www.facebook.com\\\/Arfolkmusik\",\"https:\\\/\\\/www.instagram.com\\\/arfolkmusik\\\/\"]}]}<\/script>\n<!-- \/ Yoast SEO Premium plugin. -->","yoast_head_json":{"title":"Album de Soldat Louis - Happy bord\u00e9e","description":"Retrouvez le double album Live de Soldat Louis - Happy bord\u00e9e. Commandez directement en ligne sur arfolk.bzh, le label discographique breton.","robots":{"index":"index","follow":"follow","max-snippet":"max-snippet:-1","max-image-preview":"max-image-preview:large","max-video-preview":"max-video-preview:-1"},"canonical":"https:\/\/arfolk.bzh\/br\/boutique\/soldat-louis-happy-bordee\/","schema":{"@context":"https:\/\/schema.org","@graph":[{"@type":"WebPage","@id":"https:\/\/arfolk.bzh\/boutique\/soldat-louis-happy-bordee\/","url":"https:\/\/arfolk.bzh\/boutique\/soldat-louis-happy-bordee\/","name":"Album de Soldat Louis - Happy bord\u00e9e","isPartOf":{"@id":"https:\/\/arfolk.bzh\/#website"},"primaryImageOfPage":{"@id":"https:\/\/arfolk.bzh\/boutique\/soldat-louis-happy-bordee\/#primaryimage"},"image":{"@id":"https:\/\/arfolk.bzh\/boutique\/soldat-louis-happy-bordee\/#primaryimage"},"thumbnailUrl":"https:\/\/arfolk.bzh\/wp-content\/uploads\/2024\/10\/happy-bordee-soldat-louis.webp","datePublished":"2009-10-24T18:06:51+00:00","dateModified":"2025-12-11T11:13:55+00:00","description":"Retrouvez le double album Live de Soldat Louis - Happy bord\u00e9e. Commandez directement en ligne sur arfolk.bzh, le label discographique breton.","breadcrumb":{"@id":"https:\/\/arfolk.bzh\/boutique\/soldat-louis-happy-bordee\/#breadcrumb"},"inLanguage":"br-FR","potentialAction":[{"@type":"ReadAction","target":["https:\/\/arfolk.bzh\/boutique\/soldat-louis-happy-bordee\/"]}]},{"@type":"ImageObject","inLanguage":"br-FR","@id":"https:\/\/arfolk.bzh\/boutique\/soldat-louis-happy-bordee\/#primaryimage","url":"https:\/\/arfolk.bzh\/wp-content\/uploads\/2024\/10\/happy-bordee-soldat-louis.webp","contentUrl":"https:\/\/arfolk.bzh\/wp-content\/uploads\/2024\/10\/happy-bordee-soldat-louis.webp","width":999,"height":1000,"caption":"happy borde\u0301e soldat louis"},{"@type":"BreadcrumbList","@id":"https:\/\/arfolk.bzh\/boutique\/soldat-louis-happy-bordee\/#breadcrumb","itemListElement":[{"@type":"ListItem","position":1,"name":"Accueil","item":"https:\/\/arfolk.bzh\/"},{"@type":"ListItem","position":2,"name":"Boutique","item":"https:\/\/arfolk.bzh\/boutique\/"},{"@type":"ListItem","position":3,"name":"Soldat Louis &#8211; Happy bord\u00e9e"}]},{"@type":"WebSite","@id":"https:\/\/arfolk.bzh\/#website","url":"https:\/\/arfolk.bzh\/","name":"Arfolk","description":"Label discographique sp\u00e9cialis\u00e9 dans la musique bretonne","publisher":{"@id":"https:\/\/arfolk.bzh\/#organization"},"potentialAction":[{"@type":"SearchAction","target":{"@type":"EntryPoint","urlTemplate":"https:\/\/arfolk.bzh\/?s={search_term_string}"},"query-input":{"@type":"PropertyValueSpecification","valueRequired":true,"valueName":"search_term_string"}}],"inLanguage":"br-FR"},{"@type":"Organization","@id":"https:\/\/arfolk.bzh\/#organization","name":"Arfolk","alternateName":"Le label de la musique bretonne","url":"https:\/\/arfolk.bzh\/","logo":{"@type":"ImageObject","inLanguage":"br-FR","@id":"https:\/\/arfolk.bzh\/#\/schema\/logo\/image\/","url":"https:\/\/arfolk.bzh\/wp-content\/uploads\/2023\/11\/cropped-logo-label-de-musique-breton-arfolf-vignette.webp","contentUrl":"https:\/\/arfolk.bzh\/wp-content\/uploads\/2023\/11\/cropped-logo-label-de-musique-breton-arfolf-vignette.webp","width":512,"height":512,"caption":"Arfolk"},"image":{"@id":"https:\/\/arfolk.bzh\/#\/schema\/logo\/image\/"},"sameAs":["https:\/\/www.facebook.com\/Arfolkmusik","https:\/\/www.instagram.com\/arfolkmusik\/"]}]}},"jetpack_sharing_enabled":true,"_links":{"self":[{"href":"https:\/\/arfolk.bzh\/br\/wp-json\/wp\/v2\/product\/3103","targetHints":{"allow":["GET"]}}],"collection":[{"href":"https:\/\/arfolk.bzh\/br\/wp-json\/wp\/v2\/product"}],"about":[{"href":"https:\/\/arfolk.bzh\/br\/wp-json\/wp\/v2\/types\/product"}],"wp:featuredmedia":[{"embeddable":true,"href":"https:\/\/arfolk.bzh\/br\/wp-json\/wp\/v2\/media\/3104"}],"wp:attachment":[{"href":"https:\/\/arfolk.bzh\/br\/wp-json\/wp\/v2\/media?parent=3103"}],"wp:term":[{"taxonomy":"product_brand","embeddable":true,"href":"https:\/\/arfolk.bzh\/br\/wp-json\/wp\/v2\/product_brand?post=3103"},{"taxonomy":"product_cat","embeddable":true,"href":"https:\/\/arfolk.bzh\/br\/wp-json\/wp\/v2\/false?post=3103"},{"taxonomy":"product_tag","embeddable":true,"href":"https:\/\/arfolk.bzh\/br\/wp-json\/wp\/v2\/product_tag?post=3103"},{"taxonomy":"disponible_a_la_vente","embeddable":true,"href":"https:\/\/arfolk.bzh\/br\/wp-json\/wp\/v2\/disponible_a_la_vente?post=3103"},{"taxonomy":"langue","embeddable":true,"href":"https:\/\/arfolk.bzh\/br\/wp-json\/wp\/v2\/langue?post=3103"},{"taxonomy":"style","embeddable":true,"href":"https:\/\/arfolk.bzh\/br\/wp-json\/wp\/v2\/style?post=3103"},{"taxonomy":"supports","embeddable":true,"href":"https:\/\/arfolk.bzh\/br\/wp-json\/wp\/v2\/supports?post=3103"}],"curies":[{"name":"wp","href":"https:\/\/api.w.org\/{rel}","templated":true}]}}