{"id":3519,"date":"2012-04-15T10:28:49","date_gmt":"2012-04-15T08:28:49","guid":{"rendered":"https:\/\/arfolk.bzh\/?post_type=product&#038;p=3519"},"modified":"2025-12-11T12:07:40","modified_gmt":"2025-12-11T11:07:40","slug":"soig-siberil-30-ans-de-scene-tamm-ha-tamm","status":"publish","type":"product","link":"https:\/\/arfolk.bzh\/br\/boutique\/soig-siberil-30-ans-de-scene-tamm-ha-tamm\/","title":{"rendered":"So\u00efg Sib\u00e9ril &#8211; 30 ans de sc\u00e8ne&#8230; Tamm ha tamm"},"content":{"rendered":"<p>Tracklist de \u00a0\u00bb 30 ans de sc\u00e8ne&#8230; \u00ab\u00a0:<\/p>\n<p><strong>CD1<\/strong><\/p>\n<ol>\n<li>Tamm ha tamm (in\u00e9dit 2012)<\/li>\n<li>The jug of punch \/ Master Crowley<\/li>\n<li>Gollodic<\/li>\n<li>Till morning rise<\/li>\n<li>Air de repos \/ Dansaone<\/li>\n<li>L&rsquo;autre rive<\/li>\n<li>La chambre de la Karabasenn<\/li>\n<li>Kest ar sonerien<\/li>\n<li>Bugale Breizh<\/li>\n<li>Les gardiennes<\/li>\n<li>Spiced jig<\/li>\n<li>La jiganda<\/li>\n<li>Vigo\/Variation<\/li>\n<li>War hent poulfetan<\/li>\n<\/ol>\n<p><strong>CD2<\/strong><\/p>\n<ol>\n<li>Quand la bogue dort<\/li>\n<li>Lammat<\/li>\n<li>Al lizher<\/li>\n<li>La loco mallet<\/li>\n<li>Douze \u00e9oliennes<\/li>\n<li>\u00ab\u00a00\u00a0\u00bb<\/li>\n<li>Quartier de lune<\/li>\n<li>Ramdam<\/li>\n<li>Fortune de terre<\/li>\n<li>Tan dehi<\/li>\n<li>Le halage<\/li>\n<li>Son er rost<\/li>\n<li>En bas du bourg<\/li>\n<li>Abril\/O maio\/Xota de Ourense<\/li>\n<li>Les rid\u00e9es du Printemps<\/li>\n<\/ol>","protected":false},"excerpt":{"rendered":"<p>S\u00e9lection de titres extraits des pr\u00e9c\u00e9dents albums de ce virtuose de la sc\u00e8ne musicale bretonne.<\/p>\n<p>Ecoutez un extrait de l&rsquo;album sur <strong><a href=\"https:\/\/open.spotify.com\/intl-fr\/track\/37bFi2rnikz2IURaNFxQk9?si=ab254a99eabc472c\">Spotify<\/a><\/strong> ou <strong><a href=\"https:\/\/youtu.be\/ojcAM0e5hF0?si=Ou1lTZRaqh-oXBoP\">YouTube<\/a><\/strong>.<\/p>","protected":false},"featured_media":3521,"template":"","meta":{"_acf_changed":false,"_et_pb_use_builder":"","_et_pb_old_content":"","_et_gb_content_width":""},"product_brand":[],"false":[54],"product_tag":[],"disponible_a_la_vente":[38],"langue":[75],"style":[80,84],"supports":[86],"class_list":{"0":"post-3519","1":"product","2":"type-product","3":"status-publish","4":"has-post-thumbnail","6":"product_cat-soig-siberil","7":"disponible_a_la_vente-disponible-a-la-vente","8":"langue-instrumental","9":"style-arfolk-klasik-jazz","10":"style-compilation","11":"supports-cd","13":"first","14":"instock","15":"taxable","16":"shipping-taxable","17":"purchasable","18":"product-type-simple"},"acf":[],"yoast_head":"<!-- This site is optimized with the Yoast SEO Premium plugin v24.0 (Yoast SEO v27.3) - https:\/\/yoast.com\/product\/yoast-seo-premium-wordpress\/ -->\n<title>Album de So\u00efg Sib\u00e9ril - 30 ans de sc\u00e8ne... Tamm ha tamm<\/title>\n<meta name=\"description\" content=\"Retrouvez l&#039;album deSo\u00efg Sib\u00e9ril - 30 ans de sc\u00e8ne... Tamm ha tamm. Commandez directement en ligne sur arfolk.bzh, le label discographique breton.\" \/>\n<meta name=\"robots\" content=\"index, follow, max-snippet:-1, max-image-preview:large, max-video-preview:-1\" \/>\n<link rel=\"canonical\" href=\"https:\/\/arfolk.bzh\/br\/boutique\/soig-siberil-30-ans-de-scene-tamm-ha-tamm\/\" \/>\n<script type=\"application\/ld+json\" class=\"yoast-schema-graph\">{\"@context\":\"https:\\\/\\\/schema.org\",\"@graph\":[{\"@type\":\"WebPage\",\"@id\":\"https:\\\/\\\/arfolk.bzh\\\/boutique\\\/soig-siberil-30-ans-de-scene-tamm-ha-tamm\\\/\",\"url\":\"https:\\\/\\\/arfolk.bzh\\\/boutique\\\/soig-siberil-30-ans-de-scene-tamm-ha-tamm\\\/\",\"name\":\"Album de So\u00efg Sib\u00e9ril - 30 ans de sc\u00e8ne... Tamm ha tamm\",\"isPartOf\":{\"@id\":\"https:\\\/\\\/arfolk.bzh\\\/#website\"},\"primaryImageOfPage\":{\"@id\":\"https:\\\/\\\/arfolk.bzh\\\/boutique\\\/soig-siberil-30-ans-de-scene-tamm-ha-tamm\\\/#primaryimage\"},\"image\":{\"@id\":\"https:\\\/\\\/arfolk.bzh\\\/boutique\\\/soig-siberil-30-ans-de-scene-tamm-ha-tamm\\\/#primaryimage\"},\"thumbnailUrl\":\"https:\\\/\\\/arfolk.bzh\\\/wp-content\\\/uploads\\\/2025\\\/01\\\/capture-d-ecran-2025-01-10-a-10-27-21.webp\",\"datePublished\":\"2012-04-15T08:28:49+00:00\",\"dateModified\":\"2025-12-11T11:07:40+00:00\",\"description\":\"Retrouvez l'album deSo\u00efg Sib\u00e9ril - 30 ans de sc\u00e8ne... Tamm ha tamm. Commandez directement en ligne sur arfolk.bzh, le label discographique breton.\",\"breadcrumb\":{\"@id\":\"https:\\\/\\\/arfolk.bzh\\\/boutique\\\/soig-siberil-30-ans-de-scene-tamm-ha-tamm\\\/#breadcrumb\"},\"inLanguage\":\"br-FR\",\"potentialAction\":[{\"@type\":\"ReadAction\",\"target\":[\"https:\\\/\\\/arfolk.bzh\\\/boutique\\\/soig-siberil-30-ans-de-scene-tamm-ha-tamm\\\/\"]}]},{\"@type\":\"ImageObject\",\"inLanguage\":\"br-FR\",\"@id\":\"https:\\\/\\\/arfolk.bzh\\\/boutique\\\/soig-siberil-30-ans-de-scene-tamm-ha-tamm\\\/#primaryimage\",\"url\":\"https:\\\/\\\/arfolk.bzh\\\/wp-content\\\/uploads\\\/2025\\\/01\\\/capture-d-ecran-2025-01-10-a-10-27-21.webp\",\"contentUrl\":\"https:\\\/\\\/arfolk.bzh\\\/wp-content\\\/uploads\\\/2025\\\/01\\\/capture-d-ecran-2025-01-10-a-10-27-21.webp\",\"width\":632,\"height\":562,\"caption\":\"soig-siberil-30-ans-scene\"},{\"@type\":\"BreadcrumbList\",\"@id\":\"https:\\\/\\\/arfolk.bzh\\\/boutique\\\/soig-siberil-30-ans-de-scene-tamm-ha-tamm\\\/#breadcrumb\",\"itemListElement\":[{\"@type\":\"ListItem\",\"position\":1,\"name\":\"Accueil\",\"item\":\"https:\\\/\\\/arfolk.bzh\\\/\"},{\"@type\":\"ListItem\",\"position\":2,\"name\":\"Boutique\",\"item\":\"https:\\\/\\\/arfolk.bzh\\\/boutique\\\/\"},{\"@type\":\"ListItem\",\"position\":3,\"name\":\"So\u00efg Sib\u00e9ril &#8211; 30 ans de sc\u00e8ne&#8230; Tamm ha tamm\"}]},{\"@type\":\"WebSite\",\"@id\":\"https:\\\/\\\/arfolk.bzh\\\/#website\",\"url\":\"https:\\\/\\\/arfolk.bzh\\\/\",\"name\":\"Arfolk\",\"description\":\"Label discographique sp\u00e9cialis\u00e9 dans la musique bretonne\",\"publisher\":{\"@id\":\"https:\\\/\\\/arfolk.bzh\\\/#organization\"},\"potentialAction\":[{\"@type\":\"SearchAction\",\"target\":{\"@type\":\"EntryPoint\",\"urlTemplate\":\"https:\\\/\\\/arfolk.bzh\\\/?s={search_term_string}\"},\"query-input\":{\"@type\":\"PropertyValueSpecification\",\"valueRequired\":true,\"valueName\":\"search_term_string\"}}],\"inLanguage\":\"br-FR\"},{\"@type\":\"Organization\",\"@id\":\"https:\\\/\\\/arfolk.bzh\\\/#organization\",\"name\":\"Arfolk\",\"alternateName\":\"Le label de la musique bretonne\",\"url\":\"https:\\\/\\\/arfolk.bzh\\\/\",\"logo\":{\"@type\":\"ImageObject\",\"inLanguage\":\"br-FR\",\"@id\":\"https:\\\/\\\/arfolk.bzh\\\/#\\\/schema\\\/logo\\\/image\\\/\",\"url\":\"https:\\\/\\\/arfolk.bzh\\\/wp-content\\\/uploads\\\/2023\\\/11\\\/cropped-logo-label-de-musique-breton-arfolf-vignette.webp\",\"contentUrl\":\"https:\\\/\\\/arfolk.bzh\\\/wp-content\\\/uploads\\\/2023\\\/11\\\/cropped-logo-label-de-musique-breton-arfolf-vignette.webp\",\"width\":512,\"height\":512,\"caption\":\"Arfolk\"},\"image\":{\"@id\":\"https:\\\/\\\/arfolk.bzh\\\/#\\\/schema\\\/logo\\\/image\\\/\"},\"sameAs\":[\"https:\\\/\\\/www.facebook.com\\\/Arfolkmusik\",\"https:\\\/\\\/www.instagram.com\\\/arfolkmusik\\\/\"]}]}<\/script>\n<!-- \/ Yoast SEO Premium plugin. -->","yoast_head_json":{"title":"Album de So\u00efg Sib\u00e9ril - 30 ans de sc\u00e8ne... Tamm ha tamm","description":"Retrouvez l'album deSo\u00efg Sib\u00e9ril - 30 ans de sc\u00e8ne... Tamm ha tamm. Commandez directement en ligne sur arfolk.bzh, le label discographique breton.","robots":{"index":"index","follow":"follow","max-snippet":"max-snippet:-1","max-image-preview":"max-image-preview:large","max-video-preview":"max-video-preview:-1"},"canonical":"https:\/\/arfolk.bzh\/br\/boutique\/soig-siberil-30-ans-de-scene-tamm-ha-tamm\/","schema":{"@context":"https:\/\/schema.org","@graph":[{"@type":"WebPage","@id":"https:\/\/arfolk.bzh\/boutique\/soig-siberil-30-ans-de-scene-tamm-ha-tamm\/","url":"https:\/\/arfolk.bzh\/boutique\/soig-siberil-30-ans-de-scene-tamm-ha-tamm\/","name":"Album de So\u00efg Sib\u00e9ril - 30 ans de sc\u00e8ne... Tamm ha tamm","isPartOf":{"@id":"https:\/\/arfolk.bzh\/#website"},"primaryImageOfPage":{"@id":"https:\/\/arfolk.bzh\/boutique\/soig-siberil-30-ans-de-scene-tamm-ha-tamm\/#primaryimage"},"image":{"@id":"https:\/\/arfolk.bzh\/boutique\/soig-siberil-30-ans-de-scene-tamm-ha-tamm\/#primaryimage"},"thumbnailUrl":"https:\/\/arfolk.bzh\/wp-content\/uploads\/2025\/01\/capture-d-ecran-2025-01-10-a-10-27-21.webp","datePublished":"2012-04-15T08:28:49+00:00","dateModified":"2025-12-11T11:07:40+00:00","description":"Retrouvez l'album deSo\u00efg Sib\u00e9ril - 30 ans de sc\u00e8ne... Tamm ha tamm. Commandez directement en ligne sur arfolk.bzh, le label discographique breton.","breadcrumb":{"@id":"https:\/\/arfolk.bzh\/boutique\/soig-siberil-30-ans-de-scene-tamm-ha-tamm\/#breadcrumb"},"inLanguage":"br-FR","potentialAction":[{"@type":"ReadAction","target":["https:\/\/arfolk.bzh\/boutique\/soig-siberil-30-ans-de-scene-tamm-ha-tamm\/"]}]},{"@type":"ImageObject","inLanguage":"br-FR","@id":"https:\/\/arfolk.bzh\/boutique\/soig-siberil-30-ans-de-scene-tamm-ha-tamm\/#primaryimage","url":"https:\/\/arfolk.bzh\/wp-content\/uploads\/2025\/01\/capture-d-ecran-2025-01-10-a-10-27-21.webp","contentUrl":"https:\/\/arfolk.bzh\/wp-content\/uploads\/2025\/01\/capture-d-ecran-2025-01-10-a-10-27-21.webp","width":632,"height":562,"caption":"soig-siberil-30-ans-scene"},{"@type":"BreadcrumbList","@id":"https:\/\/arfolk.bzh\/boutique\/soig-siberil-30-ans-de-scene-tamm-ha-tamm\/#breadcrumb","itemListElement":[{"@type":"ListItem","position":1,"name":"Accueil","item":"https:\/\/arfolk.bzh\/"},{"@type":"ListItem","position":2,"name":"Boutique","item":"https:\/\/arfolk.bzh\/boutique\/"},{"@type":"ListItem","position":3,"name":"So\u00efg Sib\u00e9ril &#8211; 30 ans de sc\u00e8ne&#8230; Tamm ha tamm"}]},{"@type":"WebSite","@id":"https:\/\/arfolk.bzh\/#website","url":"https:\/\/arfolk.bzh\/","name":"Arfolk","description":"Label discographique sp\u00e9cialis\u00e9 dans la musique bretonne","publisher":{"@id":"https:\/\/arfolk.bzh\/#organization"},"potentialAction":[{"@type":"SearchAction","target":{"@type":"EntryPoint","urlTemplate":"https:\/\/arfolk.bzh\/?s={search_term_string}"},"query-input":{"@type":"PropertyValueSpecification","valueRequired":true,"valueName":"search_term_string"}}],"inLanguage":"br-FR"},{"@type":"Organization","@id":"https:\/\/arfolk.bzh\/#organization","name":"Arfolk","alternateName":"Le label de la musique bretonne","url":"https:\/\/arfolk.bzh\/","logo":{"@type":"ImageObject","inLanguage":"br-FR","@id":"https:\/\/arfolk.bzh\/#\/schema\/logo\/image\/","url":"https:\/\/arfolk.bzh\/wp-content\/uploads\/2023\/11\/cropped-logo-label-de-musique-breton-arfolf-vignette.webp","contentUrl":"https:\/\/arfolk.bzh\/wp-content\/uploads\/2023\/11\/cropped-logo-label-de-musique-breton-arfolf-vignette.webp","width":512,"height":512,"caption":"Arfolk"},"image":{"@id":"https:\/\/arfolk.bzh\/#\/schema\/logo\/image\/"},"sameAs":["https:\/\/www.facebook.com\/Arfolkmusik","https:\/\/www.instagram.com\/arfolkmusik\/"]}]}},"jetpack_sharing_enabled":true,"_links":{"self":[{"href":"https:\/\/arfolk.bzh\/br\/wp-json\/wp\/v2\/product\/3519","targetHints":{"allow":["GET"]}}],"collection":[{"href":"https:\/\/arfolk.bzh\/br\/wp-json\/wp\/v2\/product"}],"about":[{"href":"https:\/\/arfolk.bzh\/br\/wp-json\/wp\/v2\/types\/product"}],"wp:featuredmedia":[{"embeddable":true,"href":"https:\/\/arfolk.bzh\/br\/wp-json\/wp\/v2\/media\/3521"}],"wp:attachment":[{"href":"https:\/\/arfolk.bzh\/br\/wp-json\/wp\/v2\/media?parent=3519"}],"wp:term":[{"taxonomy":"product_brand","embeddable":true,"href":"https:\/\/arfolk.bzh\/br\/wp-json\/wp\/v2\/product_brand?post=3519"},{"taxonomy":"product_cat","embeddable":true,"href":"https:\/\/arfolk.bzh\/br\/wp-json\/wp\/v2\/false?post=3519"},{"taxonomy":"product_tag","embeddable":true,"href":"https:\/\/arfolk.bzh\/br\/wp-json\/wp\/v2\/product_tag?post=3519"},{"taxonomy":"disponible_a_la_vente","embeddable":true,"href":"https:\/\/arfolk.bzh\/br\/wp-json\/wp\/v2\/disponible_a_la_vente?post=3519"},{"taxonomy":"langue","embeddable":true,"href":"https:\/\/arfolk.bzh\/br\/wp-json\/wp\/v2\/langue?post=3519"},{"taxonomy":"style","embeddable":true,"href":"https:\/\/arfolk.bzh\/br\/wp-json\/wp\/v2\/style?post=3519"},{"taxonomy":"supports","embeddable":true,"href":"https:\/\/arfolk.bzh\/br\/wp-json\/wp\/v2\/supports?post=3519"}],"curies":[{"name":"wp","href":"https:\/\/api.w.org\/{rel}","templated":true}]}}