{"id":3539,"date":"2020-09-08T16:10:31","date_gmt":"2020-09-08T14:10:31","guid":{"rendered":"https:\/\/arfolk.bzh\/?post_type=product&#038;p=3539"},"modified":"2025-12-11T11:02:21","modified_gmt":"2025-12-11T10:02:21","slug":"fleuves-1-2-double-vinyle","status":"publish","type":"product","link":"https:\/\/arfolk.bzh\/br\/boutique\/fleuves-1-2-double-vinyle\/","title":{"rendered":"Fleuves #1 &#038; #2 &#8211; Double Vinyle"},"content":{"rendered":"<p>L\u2019\u00e9nergie de l\u2019\u00e9lectro, l\u2019esprit du jazz, la transe du fest-noz&#8230;<\/p>\n<p>Fleuves est la r\u00e9v\u00e9lation musicale de la sc\u00e8ne Bretonne ces derni\u00e8res ann\u00e9es.<\/p>\n<p><iframe loading=\"lazy\" title=\"Fleuves - #2\" width=\"1080\" height=\"608\" src=\"https:\/\/www.youtube.com\/embed\/videoseries?list=PLQMZD0e8YHDJ8JZV2nZDVaRh4dffhgp69\"  allow=\"accelerometer; autoplay; clipboard-write; encrypted-media; gyroscope; picture-in-picture; web-share\" referrerpolicy=\"strict-origin-when-cross-origin\" allowfullscreen><\/iframe><\/p>\n<p>Tracklist de \u00a0\u00bb Fleuves #1 &amp; #2 \u00ab\u00a0:<\/p>\n<ol>\n<li>Le Fil<\/li>\n<li>Da\u00f1s Plinn<\/li>\n<li>Riqueni\u00e9e<\/li>\n<li>Rond de Saint Vincent<\/li>\n<li>Marv Eo Ma Mestrez<\/li>\n<li>Da\u00f1s Fisel<\/li>\n<li>Pil\u00e9 Menu<\/li>\n<li>Cercle<\/li>\n<li>Andro<\/li>\n<li>Glomel<\/li>\n<li>Tour<\/li>\n<li>Moug<\/li>\n<li>Kaza<\/li>\n<li>Hir<\/li>\n<li>Valse \u00e0 Olga<\/li>\n<li>Source<\/li>\n<li>Nina S<\/li>\n<\/ol>","protected":false},"excerpt":{"rendered":"<p>Une s\u00e9lection des meilleurs morceaux des 2 premiers albums de Fleuves.<\/p>\n<p>Ecoutez en Streaming :<\/p>\n<ul>\n<li><strong><a href=\"https:\/\/fanlink.tv\/cTaE\">Fleuves #1<\/a><\/strong><\/li>\n<li><strong><a href=\"https:\/\/fanlink.tv\/bARh\">Fleuves #2<\/a><\/strong><\/li>\n<\/ul>","protected":false},"featured_media":3541,"template":"","meta":{"_acf_changed":false,"_et_pb_use_builder":"","_et_pb_old_content":"","_et_gb_content_width":""},"product_brand":[],"false":[47],"product_tag":[],"disponible_a_la_vente":[38],"langue":[75],"style":[76],"supports":[87],"class_list":{"0":"post-3539","1":"product","2":"type-product","3":"status-publish","4":"has-post-thumbnail","6":"product_cat-fleuves","7":"disponible_a_la_vente-disponible-a-la-vente","8":"langue-instrumental","9":"style-fest-noz","10":"supports-vinyle","12":"first","13":"instock","14":"taxable","15":"shipping-taxable","16":"purchasable","17":"product-type-simple"},"acf":[],"yoast_head":"<!-- This site is optimized with the Yoast SEO Premium plugin v24.0 (Yoast SEO v27.3) - https:\/\/yoast.com\/product\/yoast-seo-premium-wordpress\/ -->\n<title>Album de Fleuves #1 &amp; #2 - Double Vinyle<\/title>\n<meta name=\"description\" content=\"Retrouvez l&#039;album de Fleuves #1 &amp; #2 - Double Vinyle. Commandez directement en ligne sur arfolk.bzh, le label discographique breton.\" \/>\n<meta name=\"robots\" content=\"index, follow, max-snippet:-1, max-image-preview:large, max-video-preview:-1\" \/>\n<link rel=\"canonical\" href=\"https:\/\/arfolk.bzh\/br\/boutique\/fleuves-1-2-double-vinyle\/\" \/>\n<script type=\"application\/ld+json\" class=\"yoast-schema-graph\">{\"@context\":\"https:\\\/\\\/schema.org\",\"@graph\":[{\"@type\":\"WebPage\",\"@id\":\"https:\\\/\\\/arfolk.bzh\\\/boutique\\\/fleuves-1-2-double-vinyle\\\/\",\"url\":\"https:\\\/\\\/arfolk.bzh\\\/boutique\\\/fleuves-1-2-double-vinyle\\\/\",\"name\":\"Album de Fleuves #1 & #2 - Double Vinyle\",\"isPartOf\":{\"@id\":\"https:\\\/\\\/arfolk.bzh\\\/#website\"},\"primaryImageOfPage\":{\"@id\":\"https:\\\/\\\/arfolk.bzh\\\/boutique\\\/fleuves-1-2-double-vinyle\\\/#primaryimage\"},\"image\":{\"@id\":\"https:\\\/\\\/arfolk.bzh\\\/boutique\\\/fleuves-1-2-double-vinyle\\\/#primaryimage\"},\"thumbnailUrl\":\"https:\\\/\\\/arfolk.bzh\\\/wp-content\\\/uploads\\\/2025\\\/01\\\/capture-d-ecran-2025-01-10-a-16-46-17.webp\",\"datePublished\":\"2020-09-08T14:10:31+00:00\",\"dateModified\":\"2025-12-11T10:02:21+00:00\",\"description\":\"Retrouvez l'album de Fleuves #1 & #2 - Double Vinyle. Commandez directement en ligne sur arfolk.bzh, le label discographique breton.\",\"breadcrumb\":{\"@id\":\"https:\\\/\\\/arfolk.bzh\\\/boutique\\\/fleuves-1-2-double-vinyle\\\/#breadcrumb\"},\"inLanguage\":\"br-FR\",\"potentialAction\":[{\"@type\":\"ReadAction\",\"target\":[\"https:\\\/\\\/arfolk.bzh\\\/boutique\\\/fleuves-1-2-double-vinyle\\\/\"]}]},{\"@type\":\"ImageObject\",\"inLanguage\":\"br-FR\",\"@id\":\"https:\\\/\\\/arfolk.bzh\\\/boutique\\\/fleuves-1-2-double-vinyle\\\/#primaryimage\",\"url\":\"https:\\\/\\\/arfolk.bzh\\\/wp-content\\\/uploads\\\/2025\\\/01\\\/capture-d-ecran-2025-01-10-a-16-46-17.webp\",\"contentUrl\":\"https:\\\/\\\/arfolk.bzh\\\/wp-content\\\/uploads\\\/2025\\\/01\\\/capture-d-ecran-2025-01-10-a-16-46-17.webp\",\"width\":626,\"height\":622,\"caption\":\"fleuves-double-vinyle-1-&-2\"},{\"@type\":\"BreadcrumbList\",\"@id\":\"https:\\\/\\\/arfolk.bzh\\\/boutique\\\/fleuves-1-2-double-vinyle\\\/#breadcrumb\",\"itemListElement\":[{\"@type\":\"ListItem\",\"position\":1,\"name\":\"Accueil\",\"item\":\"https:\\\/\\\/arfolk.bzh\\\/\"},{\"@type\":\"ListItem\",\"position\":2,\"name\":\"Boutique\",\"item\":\"https:\\\/\\\/arfolk.bzh\\\/boutique\\\/\"},{\"@type\":\"ListItem\",\"position\":3,\"name\":\"Fleuves #1 &#038; #2 &#8211; Double Vinyle\"}]},{\"@type\":\"WebSite\",\"@id\":\"https:\\\/\\\/arfolk.bzh\\\/#website\",\"url\":\"https:\\\/\\\/arfolk.bzh\\\/\",\"name\":\"Arfolk\",\"description\":\"Label discographique sp\u00e9cialis\u00e9 dans la musique bretonne\",\"publisher\":{\"@id\":\"https:\\\/\\\/arfolk.bzh\\\/#organization\"},\"potentialAction\":[{\"@type\":\"SearchAction\",\"target\":{\"@type\":\"EntryPoint\",\"urlTemplate\":\"https:\\\/\\\/arfolk.bzh\\\/?s={search_term_string}\"},\"query-input\":{\"@type\":\"PropertyValueSpecification\",\"valueRequired\":true,\"valueName\":\"search_term_string\"}}],\"inLanguage\":\"br-FR\"},{\"@type\":\"Organization\",\"@id\":\"https:\\\/\\\/arfolk.bzh\\\/#organization\",\"name\":\"Arfolk\",\"alternateName\":\"Le label de la musique bretonne\",\"url\":\"https:\\\/\\\/arfolk.bzh\\\/\",\"logo\":{\"@type\":\"ImageObject\",\"inLanguage\":\"br-FR\",\"@id\":\"https:\\\/\\\/arfolk.bzh\\\/#\\\/schema\\\/logo\\\/image\\\/\",\"url\":\"https:\\\/\\\/arfolk.bzh\\\/wp-content\\\/uploads\\\/2023\\\/11\\\/cropped-logo-label-de-musique-breton-arfolf-vignette.webp\",\"contentUrl\":\"https:\\\/\\\/arfolk.bzh\\\/wp-content\\\/uploads\\\/2023\\\/11\\\/cropped-logo-label-de-musique-breton-arfolf-vignette.webp\",\"width\":512,\"height\":512,\"caption\":\"Arfolk\"},\"image\":{\"@id\":\"https:\\\/\\\/arfolk.bzh\\\/#\\\/schema\\\/logo\\\/image\\\/\"},\"sameAs\":[\"https:\\\/\\\/www.facebook.com\\\/Arfolkmusik\",\"https:\\\/\\\/www.instagram.com\\\/arfolkmusik\\\/\"]}]}<\/script>\n<!-- \/ Yoast SEO Premium plugin. -->","yoast_head_json":{"title":"Album de Fleuves #1 & #2 - Double Vinyle","description":"Retrouvez l'album de Fleuves #1 & #2 - Double Vinyle. Commandez directement en ligne sur arfolk.bzh, le label discographique breton.","robots":{"index":"index","follow":"follow","max-snippet":"max-snippet:-1","max-image-preview":"max-image-preview:large","max-video-preview":"max-video-preview:-1"},"canonical":"https:\/\/arfolk.bzh\/br\/boutique\/fleuves-1-2-double-vinyle\/","schema":{"@context":"https:\/\/schema.org","@graph":[{"@type":"WebPage","@id":"https:\/\/arfolk.bzh\/boutique\/fleuves-1-2-double-vinyle\/","url":"https:\/\/arfolk.bzh\/boutique\/fleuves-1-2-double-vinyle\/","name":"Album de Fleuves #1 & #2 - Double Vinyle","isPartOf":{"@id":"https:\/\/arfolk.bzh\/#website"},"primaryImageOfPage":{"@id":"https:\/\/arfolk.bzh\/boutique\/fleuves-1-2-double-vinyle\/#primaryimage"},"image":{"@id":"https:\/\/arfolk.bzh\/boutique\/fleuves-1-2-double-vinyle\/#primaryimage"},"thumbnailUrl":"https:\/\/arfolk.bzh\/wp-content\/uploads\/2025\/01\/capture-d-ecran-2025-01-10-a-16-46-17.webp","datePublished":"2020-09-08T14:10:31+00:00","dateModified":"2025-12-11T10:02:21+00:00","description":"Retrouvez l'album de Fleuves #1 & #2 - Double Vinyle. Commandez directement en ligne sur arfolk.bzh, le label discographique breton.","breadcrumb":{"@id":"https:\/\/arfolk.bzh\/boutique\/fleuves-1-2-double-vinyle\/#breadcrumb"},"inLanguage":"br-FR","potentialAction":[{"@type":"ReadAction","target":["https:\/\/arfolk.bzh\/boutique\/fleuves-1-2-double-vinyle\/"]}]},{"@type":"ImageObject","inLanguage":"br-FR","@id":"https:\/\/arfolk.bzh\/boutique\/fleuves-1-2-double-vinyle\/#primaryimage","url":"https:\/\/arfolk.bzh\/wp-content\/uploads\/2025\/01\/capture-d-ecran-2025-01-10-a-16-46-17.webp","contentUrl":"https:\/\/arfolk.bzh\/wp-content\/uploads\/2025\/01\/capture-d-ecran-2025-01-10-a-16-46-17.webp","width":626,"height":622,"caption":"fleuves-double-vinyle-1-&-2"},{"@type":"BreadcrumbList","@id":"https:\/\/arfolk.bzh\/boutique\/fleuves-1-2-double-vinyle\/#breadcrumb","itemListElement":[{"@type":"ListItem","position":1,"name":"Accueil","item":"https:\/\/arfolk.bzh\/"},{"@type":"ListItem","position":2,"name":"Boutique","item":"https:\/\/arfolk.bzh\/boutique\/"},{"@type":"ListItem","position":3,"name":"Fleuves #1 &#038; #2 &#8211; Double Vinyle"}]},{"@type":"WebSite","@id":"https:\/\/arfolk.bzh\/#website","url":"https:\/\/arfolk.bzh\/","name":"Arfolk","description":"Label discographique sp\u00e9cialis\u00e9 dans la musique bretonne","publisher":{"@id":"https:\/\/arfolk.bzh\/#organization"},"potentialAction":[{"@type":"SearchAction","target":{"@type":"EntryPoint","urlTemplate":"https:\/\/arfolk.bzh\/?s={search_term_string}"},"query-input":{"@type":"PropertyValueSpecification","valueRequired":true,"valueName":"search_term_string"}}],"inLanguage":"br-FR"},{"@type":"Organization","@id":"https:\/\/arfolk.bzh\/#organization","name":"Arfolk","alternateName":"Le label de la musique bretonne","url":"https:\/\/arfolk.bzh\/","logo":{"@type":"ImageObject","inLanguage":"br-FR","@id":"https:\/\/arfolk.bzh\/#\/schema\/logo\/image\/","url":"https:\/\/arfolk.bzh\/wp-content\/uploads\/2023\/11\/cropped-logo-label-de-musique-breton-arfolf-vignette.webp","contentUrl":"https:\/\/arfolk.bzh\/wp-content\/uploads\/2023\/11\/cropped-logo-label-de-musique-breton-arfolf-vignette.webp","width":512,"height":512,"caption":"Arfolk"},"image":{"@id":"https:\/\/arfolk.bzh\/#\/schema\/logo\/image\/"},"sameAs":["https:\/\/www.facebook.com\/Arfolkmusik","https:\/\/www.instagram.com\/arfolkmusik\/"]}]}},"jetpack_sharing_enabled":true,"_links":{"self":[{"href":"https:\/\/arfolk.bzh\/br\/wp-json\/wp\/v2\/product\/3539","targetHints":{"allow":["GET"]}}],"collection":[{"href":"https:\/\/arfolk.bzh\/br\/wp-json\/wp\/v2\/product"}],"about":[{"href":"https:\/\/arfolk.bzh\/br\/wp-json\/wp\/v2\/types\/product"}],"wp:featuredmedia":[{"embeddable":true,"href":"https:\/\/arfolk.bzh\/br\/wp-json\/wp\/v2\/media\/3541"}],"wp:attachment":[{"href":"https:\/\/arfolk.bzh\/br\/wp-json\/wp\/v2\/media?parent=3539"}],"wp:term":[{"taxonomy":"product_brand","embeddable":true,"href":"https:\/\/arfolk.bzh\/br\/wp-json\/wp\/v2\/product_brand?post=3539"},{"taxonomy":"product_cat","embeddable":true,"href":"https:\/\/arfolk.bzh\/br\/wp-json\/wp\/v2\/false?post=3539"},{"taxonomy":"product_tag","embeddable":true,"href":"https:\/\/arfolk.bzh\/br\/wp-json\/wp\/v2\/product_tag?post=3539"},{"taxonomy":"disponible_a_la_vente","embeddable":true,"href":"https:\/\/arfolk.bzh\/br\/wp-json\/wp\/v2\/disponible_a_la_vente?post=3539"},{"taxonomy":"langue","embeddable":true,"href":"https:\/\/arfolk.bzh\/br\/wp-json\/wp\/v2\/langue?post=3539"},{"taxonomy":"style","embeddable":true,"href":"https:\/\/arfolk.bzh\/br\/wp-json\/wp\/v2\/style?post=3539"},{"taxonomy":"supports","embeddable":true,"href":"https:\/\/arfolk.bzh\/br\/wp-json\/wp\/v2\/supports?post=3539"}],"curies":[{"name":"wp","href":"https:\/\/api.w.org\/{rel}","templated":true}]}}