{"id":4231,"date":"2025-09-27T13:34:51","date_gmt":"2025-09-27T11:34:51","guid":{"rendered":"https:\/\/arfolk.bzh\/?post_type=product&#038;p=4231"},"modified":"2025-12-11T10:28:21","modified_gmt":"2025-12-11T09:28:21","slug":"jean-charles-guichen-panorama","status":"publish","type":"product","link":"https:\/\/arfolk.bzh\/br\/boutique\/jean-charles-guichen-panorama\/","title":{"rendered":"Jean-Charles Guichen &#8211; Panorama"},"content":{"rendered":"<p><iframe loading=\"lazy\" title=\"Jean-Charles Guichen - Ma dousig\" width=\"1080\" height=\"608\" src=\"https:\/\/www.youtube.com\/embed\/YzYguNHr4dE?list=PLQMZD0e8YHDKQrhUY3pw6fD2Lhz7KYNNH\"  allow=\"accelerometer; autoplay; clipboard-write; encrypted-media; gyroscope; picture-in-picture; web-share\" referrerpolicy=\"strict-origin-when-cross-origin\" allowfullscreen><\/iframe><\/p>\n<p>1.Ma dousig \/ 3min02<\/p>\n<p>2. Keltieg \/ 3min44<\/p>\n<p>3. Panorama \/ 06min23<\/p>\n<p>4. Ma c&rsquo;hoarezhed \/ 2min53<\/p>\n<p>5. Arvorik Yaouank \/ 5min32<\/p>\n<p>6.A galon \/ 4min39<\/p>\n<p>7. Tri mab \/ 3min37<\/p>\n<p>8. Ma zud \/ 4min11<\/p>\n<p>9. Dred \/ 4min25<\/p>\n<p>10. Rosewood \/ 2min33<\/p>\n<p>11. E Kemper \/ 5min38<\/p>\n<p>12. Ar Spi \/ 5min28<\/p>\n<p>&nbsp;<\/p>\n<p>&nbsp;<\/p>","protected":false},"excerpt":{"rendered":"<p data-start=\"146\" data-end=\"381\"><strong data-start=\"146\" data-end=\"252\">Jean-Charles Guichen, grand ma\u00eetre de la guitare celtique, signe son septi\u00e8me album solo : <em data-start=\"239\" data-end=\"249\">PANORAMA<\/em>.<\/strong><\/p>\n<p data-start=\"146\" data-end=\"381\">Streaming \u00a0: <a href=\"https:\/\/fanlink.tv\/wMi4\">https:\/\/fanlink.tv\/wMi4 <\/a><\/p>\n<p data-start=\"146\" data-end=\"381\">Guitariste hors pair, compositeur et arrangeur, il s\u2019est impos\u00e9 comme l\u2019une des figures majeures du jeu en accordage DADGAD.<\/p>\n<p data-start=\"383\" data-end=\"573\">Avec ce nouvel opus acoustique, \u00e9tincelant et vibrant d\u2019\u00e9motion, Jean-Charles Guichen retrace quarante ann\u00e9es de sc\u00e8ne, depuis ses d\u00e9buts fulgurants avec Ar Re Yaouank jusqu\u2019\u00e0 aujourd\u2019hui.<\/p>\n<p data-start=\"575\" data-end=\"913\">Plus qu\u2019un simple album,\u00a0<em data-start=\"600\" data-end=\"610\">PANORAMA<\/em>\u00a0est un v\u00e9ritable voyage dans le temps : une musique ancr\u00e9e dans le pr\u00e9sent mais r\u00e9solument tourn\u00e9e vers l\u2019avenir. Entre r\u00e9trospective et introspection, ce projet c\u00e9l\u00e8bre la famille, la m\u00e9moire et la Bretagne, accompagn\u00e9 d\u2019un livret richement illustr\u00e9 de photos personnelles en hommage \u00e0 ses anc\u00eatres.<\/p>\n<p data-start=\"915\" data-end=\"1034\">Un disque-anniversaire lumineux, \u00e0 la fois intime et universel, t\u00e9moin d\u2019un h\u00e9ritage vivant et toujours en mouvement.<\/p>","protected":false},"featured_media":4233,"template":"","meta":{"_acf_changed":false,"_et_pb_use_builder":"","_et_pb_old_content":"","_et_gb_content_width":""},"product_brand":[],"false":[100],"product_tag":[],"disponible_a_la_vente":[38],"langue":[75],"style":[76,77,78],"supports":[86,88],"class_list":{"0":"post-4231","1":"product","2":"type-product","3":"status-publish","4":"has-post-thumbnail","6":"product_cat-jean-charles-guichen","7":"disponible_a_la_vente-disponible-a-la-vente","8":"langue-instrumental","9":"style-fest-noz","10":"style-pop-rock-folk-punk","11":"style-world-music","12":"supports-cd","13":"supports-dematerialise","15":"first","16":"instock","17":"taxable","18":"shipping-taxable","19":"purchasable","20":"product-type-simple"},"acf":[],"yoast_head":"<!-- This site is optimized with the Yoast SEO Premium plugin v24.0 (Yoast SEO v27.3) - https:\/\/yoast.com\/product\/yoast-seo-premium-wordpress\/ -->\n<title>Album de Jean-Charles Guichen - Panorama<\/title>\n<meta name=\"description\" content=\"Retrouvez l&#039;album de Jean-Charles Guichen - Panorama. Commandez directement en ligne sur arfolk.bzh, le label discographique breton.\" \/>\n<meta name=\"robots\" content=\"index, follow, max-snippet:-1, max-image-preview:large, max-video-preview:-1\" \/>\n<link rel=\"canonical\" href=\"https:\/\/arfolk.bzh\/br\/boutique\/jean-charles-guichen-panorama\/\" \/>\n<script type=\"application\/ld+json\" class=\"yoast-schema-graph\">{\"@context\":\"https:\\\/\\\/schema.org\",\"@graph\":[{\"@type\":\"WebPage\",\"@id\":\"https:\\\/\\\/arfolk.bzh\\\/boutique\\\/jean-charles-guichen-panorama\\\/\",\"url\":\"https:\\\/\\\/arfolk.bzh\\\/boutique\\\/jean-charles-guichen-panorama\\\/\",\"name\":\"Album de Jean-Charles Guichen - Panorama\",\"isPartOf\":{\"@id\":\"https:\\\/\\\/arfolk.bzh\\\/#website\"},\"primaryImageOfPage\":{\"@id\":\"https:\\\/\\\/arfolk.bzh\\\/boutique\\\/jean-charles-guichen-panorama\\\/#primaryimage\"},\"image\":{\"@id\":\"https:\\\/\\\/arfolk.bzh\\\/boutique\\\/jean-charles-guichen-panorama\\\/#primaryimage\"},\"thumbnailUrl\":\"https:\\\/\\\/arfolk.bzh\\\/wp-content\\\/uploads\\\/2025\\\/09\\\/guichen.webp\",\"datePublished\":\"2025-09-27T11:34:51+00:00\",\"dateModified\":\"2025-12-11T09:28:21+00:00\",\"description\":\"Retrouvez l'album de Jean-Charles Guichen - Panorama. Commandez directement en ligne sur arfolk.bzh, le label discographique breton.\",\"breadcrumb\":{\"@id\":\"https:\\\/\\\/arfolk.bzh\\\/boutique\\\/jean-charles-guichen-panorama\\\/#breadcrumb\"},\"inLanguage\":\"br-FR\",\"potentialAction\":[{\"@type\":\"ReadAction\",\"target\":[\"https:\\\/\\\/arfolk.bzh\\\/boutique\\\/jean-charles-guichen-panorama\\\/\"]}]},{\"@type\":\"ImageObject\",\"inLanguage\":\"br-FR\",\"@id\":\"https:\\\/\\\/arfolk.bzh\\\/boutique\\\/jean-charles-guichen-panorama\\\/#primaryimage\",\"url\":\"https:\\\/\\\/arfolk.bzh\\\/wp-content\\\/uploads\\\/2025\\\/09\\\/guichen.webp\",\"contentUrl\":\"https:\\\/\\\/arfolk.bzh\\\/wp-content\\\/uploads\\\/2025\\\/09\\\/guichen.webp\",\"width\":1644,\"height\":1471,\"caption\":\"Jean-Chalres Guichen\"},{\"@type\":\"BreadcrumbList\",\"@id\":\"https:\\\/\\\/arfolk.bzh\\\/boutique\\\/jean-charles-guichen-panorama\\\/#breadcrumb\",\"itemListElement\":[{\"@type\":\"ListItem\",\"position\":1,\"name\":\"Accueil\",\"item\":\"https:\\\/\\\/arfolk.bzh\\\/\"},{\"@type\":\"ListItem\",\"position\":2,\"name\":\"Boutique\",\"item\":\"https:\\\/\\\/arfolk.bzh\\\/boutique\\\/\"},{\"@type\":\"ListItem\",\"position\":3,\"name\":\"Jean-Charles Guichen &#8211; Panorama\"}]},{\"@type\":\"WebSite\",\"@id\":\"https:\\\/\\\/arfolk.bzh\\\/#website\",\"url\":\"https:\\\/\\\/arfolk.bzh\\\/\",\"name\":\"Arfolk\",\"description\":\"Label discographique sp\u00e9cialis\u00e9 dans la musique bretonne\",\"publisher\":{\"@id\":\"https:\\\/\\\/arfolk.bzh\\\/#organization\"},\"potentialAction\":[{\"@type\":\"SearchAction\",\"target\":{\"@type\":\"EntryPoint\",\"urlTemplate\":\"https:\\\/\\\/arfolk.bzh\\\/?s={search_term_string}\"},\"query-input\":{\"@type\":\"PropertyValueSpecification\",\"valueRequired\":true,\"valueName\":\"search_term_string\"}}],\"inLanguage\":\"br-FR\"},{\"@type\":\"Organization\",\"@id\":\"https:\\\/\\\/arfolk.bzh\\\/#organization\",\"name\":\"Arfolk\",\"alternateName\":\"Le label de la musique bretonne\",\"url\":\"https:\\\/\\\/arfolk.bzh\\\/\",\"logo\":{\"@type\":\"ImageObject\",\"inLanguage\":\"br-FR\",\"@id\":\"https:\\\/\\\/arfolk.bzh\\\/#\\\/schema\\\/logo\\\/image\\\/\",\"url\":\"https:\\\/\\\/arfolk.bzh\\\/wp-content\\\/uploads\\\/2023\\\/11\\\/cropped-logo-label-de-musique-breton-arfolf-vignette.webp\",\"contentUrl\":\"https:\\\/\\\/arfolk.bzh\\\/wp-content\\\/uploads\\\/2023\\\/11\\\/cropped-logo-label-de-musique-breton-arfolf-vignette.webp\",\"width\":512,\"height\":512,\"caption\":\"Arfolk\"},\"image\":{\"@id\":\"https:\\\/\\\/arfolk.bzh\\\/#\\\/schema\\\/logo\\\/image\\\/\"},\"sameAs\":[\"https:\\\/\\\/www.facebook.com\\\/Arfolkmusik\",\"https:\\\/\\\/www.instagram.com\\\/arfolkmusik\\\/\"]}]}<\/script>\n<!-- \/ Yoast SEO Premium plugin. -->","yoast_head_json":{"title":"Album de Jean-Charles Guichen - Panorama","description":"Retrouvez l'album de Jean-Charles Guichen - Panorama. Commandez directement en ligne sur arfolk.bzh, le label discographique breton.","robots":{"index":"index","follow":"follow","max-snippet":"max-snippet:-1","max-image-preview":"max-image-preview:large","max-video-preview":"max-video-preview:-1"},"canonical":"https:\/\/arfolk.bzh\/br\/boutique\/jean-charles-guichen-panorama\/","schema":{"@context":"https:\/\/schema.org","@graph":[{"@type":"WebPage","@id":"https:\/\/arfolk.bzh\/boutique\/jean-charles-guichen-panorama\/","url":"https:\/\/arfolk.bzh\/boutique\/jean-charles-guichen-panorama\/","name":"Album de Jean-Charles Guichen - Panorama","isPartOf":{"@id":"https:\/\/arfolk.bzh\/#website"},"primaryImageOfPage":{"@id":"https:\/\/arfolk.bzh\/boutique\/jean-charles-guichen-panorama\/#primaryimage"},"image":{"@id":"https:\/\/arfolk.bzh\/boutique\/jean-charles-guichen-panorama\/#primaryimage"},"thumbnailUrl":"https:\/\/arfolk.bzh\/wp-content\/uploads\/2025\/09\/guichen.webp","datePublished":"2025-09-27T11:34:51+00:00","dateModified":"2025-12-11T09:28:21+00:00","description":"Retrouvez l'album de Jean-Charles Guichen - Panorama. Commandez directement en ligne sur arfolk.bzh, le label discographique breton.","breadcrumb":{"@id":"https:\/\/arfolk.bzh\/boutique\/jean-charles-guichen-panorama\/#breadcrumb"},"inLanguage":"br-FR","potentialAction":[{"@type":"ReadAction","target":["https:\/\/arfolk.bzh\/boutique\/jean-charles-guichen-panorama\/"]}]},{"@type":"ImageObject","inLanguage":"br-FR","@id":"https:\/\/arfolk.bzh\/boutique\/jean-charles-guichen-panorama\/#primaryimage","url":"https:\/\/arfolk.bzh\/wp-content\/uploads\/2025\/09\/guichen.webp","contentUrl":"https:\/\/arfolk.bzh\/wp-content\/uploads\/2025\/09\/guichen.webp","width":1644,"height":1471,"caption":"Jean-Chalres Guichen"},{"@type":"BreadcrumbList","@id":"https:\/\/arfolk.bzh\/boutique\/jean-charles-guichen-panorama\/#breadcrumb","itemListElement":[{"@type":"ListItem","position":1,"name":"Accueil","item":"https:\/\/arfolk.bzh\/"},{"@type":"ListItem","position":2,"name":"Boutique","item":"https:\/\/arfolk.bzh\/boutique\/"},{"@type":"ListItem","position":3,"name":"Jean-Charles Guichen &#8211; Panorama"}]},{"@type":"WebSite","@id":"https:\/\/arfolk.bzh\/#website","url":"https:\/\/arfolk.bzh\/","name":"Arfolk","description":"Label discographique sp\u00e9cialis\u00e9 dans la musique bretonne","publisher":{"@id":"https:\/\/arfolk.bzh\/#organization"},"potentialAction":[{"@type":"SearchAction","target":{"@type":"EntryPoint","urlTemplate":"https:\/\/arfolk.bzh\/?s={search_term_string}"},"query-input":{"@type":"PropertyValueSpecification","valueRequired":true,"valueName":"search_term_string"}}],"inLanguage":"br-FR"},{"@type":"Organization","@id":"https:\/\/arfolk.bzh\/#organization","name":"Arfolk","alternateName":"Le label de la musique bretonne","url":"https:\/\/arfolk.bzh\/","logo":{"@type":"ImageObject","inLanguage":"br-FR","@id":"https:\/\/arfolk.bzh\/#\/schema\/logo\/image\/","url":"https:\/\/arfolk.bzh\/wp-content\/uploads\/2023\/11\/cropped-logo-label-de-musique-breton-arfolf-vignette.webp","contentUrl":"https:\/\/arfolk.bzh\/wp-content\/uploads\/2023\/11\/cropped-logo-label-de-musique-breton-arfolf-vignette.webp","width":512,"height":512,"caption":"Arfolk"},"image":{"@id":"https:\/\/arfolk.bzh\/#\/schema\/logo\/image\/"},"sameAs":["https:\/\/www.facebook.com\/Arfolkmusik","https:\/\/www.instagram.com\/arfolkmusik\/"]}]}},"jetpack_sharing_enabled":true,"_links":{"self":[{"href":"https:\/\/arfolk.bzh\/br\/wp-json\/wp\/v2\/product\/4231","targetHints":{"allow":["GET"]}}],"collection":[{"href":"https:\/\/arfolk.bzh\/br\/wp-json\/wp\/v2\/product"}],"about":[{"href":"https:\/\/arfolk.bzh\/br\/wp-json\/wp\/v2\/types\/product"}],"wp:featuredmedia":[{"embeddable":true,"href":"https:\/\/arfolk.bzh\/br\/wp-json\/wp\/v2\/media\/4233"}],"wp:attachment":[{"href":"https:\/\/arfolk.bzh\/br\/wp-json\/wp\/v2\/media?parent=4231"}],"wp:term":[{"taxonomy":"product_brand","embeddable":true,"href":"https:\/\/arfolk.bzh\/br\/wp-json\/wp\/v2\/product_brand?post=4231"},{"taxonomy":"product_cat","embeddable":true,"href":"https:\/\/arfolk.bzh\/br\/wp-json\/wp\/v2\/false?post=4231"},{"taxonomy":"product_tag","embeddable":true,"href":"https:\/\/arfolk.bzh\/br\/wp-json\/wp\/v2\/product_tag?post=4231"},{"taxonomy":"disponible_a_la_vente","embeddable":true,"href":"https:\/\/arfolk.bzh\/br\/wp-json\/wp\/v2\/disponible_a_la_vente?post=4231"},{"taxonomy":"langue","embeddable":true,"href":"https:\/\/arfolk.bzh\/br\/wp-json\/wp\/v2\/langue?post=4231"},{"taxonomy":"style","embeddable":true,"href":"https:\/\/arfolk.bzh\/br\/wp-json\/wp\/v2\/style?post=4231"},{"taxonomy":"supports","embeddable":true,"href":"https:\/\/arfolk.bzh\/br\/wp-json\/wp\/v2\/supports?post=4231"}],"curies":[{"name":"wp","href":"https:\/\/api.w.org\/{rel}","templated":true}]}}