{"id":5982,"date":"2026-03-02T16:06:52","date_gmt":"2026-03-02T15:06:52","guid":{"rendered":"https:\/\/arfolk.bzh\/?post_type=product&#038;p=5982"},"modified":"2026-03-02T16:06:53","modified_gmt":"2026-03-02T15:06:53","slug":"sonerien-du-kalon","status":"publish","type":"product","link":"https:\/\/arfolk.bzh\/br\/boutique\/sonerien-du-kalon\/","title":{"rendered":"Sonerien Du &#8211; Kalon"},"content":{"rendered":"<p><span data-sheets-root=\"1\">4 ans apr\u00e8s \u00abFRANKIZ\u00bb et 2 ans apr\u00e8s la compilation live \u00ab45 ans- la Fiesta\u00bb, voici qu&rsquo;arrive \u00abKALON\u00bb, le 25\u00e8me album de SONERIEN DU\u2026.<\/p>\n<p>KALON (le c\u0153ur, en breton), allusion au c\u00e9l\u00e8bre logo fa\u00e7onn\u00e9 en 1985 par Fa\u00f1ch Le Henaff, mais aussi \u00e0 l&rsquo;amour, th\u00e8me r\u00e9curent sur plusieurs des chansons de ce nouvel album. L&rsquo;amour de la Bretagne, bien s\u00fbr, de toute la Bretagne (de Saint-Malo \u00e0 Noirmoutier, via les marais de Bri\u00e8re), l&rsquo;amour des Humains, de la musique, de la danse et de la f\u00eate, de la convivialit\u00e9 qui caract\u00e9rise SONERIEN DU depuis bient\u00f4t 50 piges !!!<\/p>\n<p>14 titres enregistr\u00e9s \u00able plus live possible\u00bb entre d\u00e9cembre 2018 et avril 2019, dans le Nord-Finist\u00e8re, entre Porspoder, Carantec et Plouescat\u2026<\/p>\n<p>Au programme, 2 titres d\u00e9j\u00e0 jou\u00e9s sur sc\u00e8ne, le Rond Paludier \u00abla Robe Blanche\u00bb et la Polka \u00abManon la jolie\u00bb, auxquels s&rsquo;ajoutent un Bal Paludier, un Tour \u00ab Belle-Antoinette\u00bb, un Kaz ha Barh, un Branle de Noirmoutier, une Scottish \u00abLes Terre-Neuvas\u00bb, une bourr\u00e9e, un an-dro \u00abla Carene\u00bb une suite \u00e9cossaise, un Rond de Saint-Vincent \u00abla Rumeur\u00bb, un Pach-pi \u00abDisko-Noz\u00bb, un Larid\u00e9 8 temps \u201cMatilin\u201d, et une envo\u00fbtante m\u00e9lodie \u00abar Vugale\u00bb, sur le BUGALED BREIZH\u2026.<\/p>\n<p>3 invit\u00e9s de prestige nous ont rejoints sur cet album:<\/p>\n<p>La charmante Morgan Le COZ au chant, le talentueux Willy PICHARD \u00e0 la veille \u00e0 roue, et l\u2019ami de longue date, Lors LANDAT au chant\u2026<\/span><\/p>\n<p><span style=\"text-decoration: underline;\"><strong>Tracklist :<\/strong><\/span><\/p>\n<ol>\n<li><span data-sheets-root=\"1\">Belle Antoinette (Tour) 4:27<\/span><\/li>\n<li><span data-sheets-root=\"1\">Les Terres Neuvas (Scottish) 3:53<br \/>\n<\/span><\/li>\n<li><span data-sheets-root=\"1\">La Rumeur (Rond de Saint-Vincent) 4:35<br \/>\n<\/span><\/li>\n<li><span data-sheets-root=\"1\">Esperteyu (Branle de Noirmutier) 4:01<br \/>\n<\/span><\/li>\n<li><span data-sheets-root=\"1\">Manon la Jolie (Polka) 4:50<br \/>\n<\/span><\/li>\n<li><span data-sheets-root=\"1\">Lichaven (Kas A Barh) 5:02<br \/>\n<\/span><\/li>\n<li><span data-sheets-root=\"1\">Disko Noz (Pach Pi) 3:51<br \/>\n<\/span><\/li>\n<li><span data-sheets-root=\"1\">Bleunienn Gwenn (Bal Paludier) 1:50<br \/>\n<\/span><\/li>\n<li><span data-sheets-root=\"1\">La Robe Blanche (Rond Paludier) 4:56<br \/>\n<\/span><\/li>\n<li><span data-sheets-root=\"1\">La Car\u00e8ne (An Dro) 3:50<br \/>\n<\/span><\/li>\n<li><span data-sheets-root=\"1\">Auzers Da\u00f1s (Bourr\u00e9e) 5:12<br \/>\n<\/span><\/li>\n<li><span data-sheets-root=\"1\">Matilin (Larid\u00e9 8 Temps) 3:53<br \/>\n<\/span><\/li>\n<li><span data-sheets-root=\"1\">Ar Vugale (M\u00e9lodie) 4:47<br \/>\n<\/span><\/li>\n<li><span data-sheets-root=\"1\">Zo Reel (Suite Ecossaise) 2:58<\/span><\/li>\n<\/ol>","protected":false},"excerpt":{"rendered":"<p>4 ans apr\u00e8s \u00abFRANKIZ\u00bb et 2 ans apr\u00e8s la compilation live \u00ab45 ans- la Fiesta\u00bb, voici qu&rsquo;arrive \u00abKALON\u00bb, le 25\u00e8me album de SONERIEN DU\u2026. KALON (le c\u0153ur, en breton), allusion au c\u00e9l\u00e8bre logo fa\u00e7onn\u00e9 en 1985 par Fa\u00f1ch Le Henaff, mais aussi \u00e0 l&rsquo;amour, th\u00e8me r\u00e9curent sur plusieurs des chansons de ce nouvel album. L&rsquo;amour [&hellip;]<\/p>\n","protected":false},"featured_media":5984,"template":"","meta":{"_acf_changed":false,"_et_pb_use_builder":"","_et_pb_old_content":"","_et_gb_content_width":""},"product_brand":[],"false":[131],"product_tag":[],"disponible_a_la_vente":[38],"langue":[72],"style":[76,77],"supports":[86],"class_list":{"0":"post-5982","1":"product","2":"type-product","3":"status-publish","4":"has-post-thumbnail","6":"product_cat-sonerien-du","7":"disponible_a_la_vente-disponible-a-la-vente","8":"langue-francais","9":"style-fest-noz","10":"style-pop-rock-folk-punk","11":"supports-cd","13":"first","14":"instock","15":"taxable","16":"shipping-taxable","17":"purchasable","18":"product-type-simple"},"acf":[],"yoast_head":"<!-- This site is optimized with the Yoast SEO Premium plugin v24.0 (Yoast SEO v27.3) - https:\/\/yoast.com\/product\/yoast-seo-premium-wordpress\/ -->\n<title>Album de Sonerien Du - Kalon<\/title>\n<meta name=\"description\" content=\"Retrouvez l&#039;album de Sonerien Du - Kalon. Commandez directement en ligne sur arfolk.bzh, le label discographique breton.\" \/>\n<meta name=\"robots\" content=\"index, follow, max-snippet:-1, max-image-preview:large, max-video-preview:-1\" \/>\n<link rel=\"canonical\" href=\"https:\/\/arfolk.bzh\/br\/boutique\/sonerien-du-kalon\/\" \/>\n<script type=\"application\/ld+json\" class=\"yoast-schema-graph\">{\"@context\":\"https:\\\/\\\/schema.org\",\"@graph\":[{\"@type\":\"WebPage\",\"@id\":\"https:\\\/\\\/arfolk.bzh\\\/boutique\\\/sonerien-du-kalon\\\/\",\"url\":\"https:\\\/\\\/arfolk.bzh\\\/boutique\\\/sonerien-du-kalon\\\/\",\"name\":\"Album de Sonerien Du - Kalon\",\"isPartOf\":{\"@id\":\"https:\\\/\\\/arfolk.bzh\\\/#website\"},\"primaryImageOfPage\":{\"@id\":\"https:\\\/\\\/arfolk.bzh\\\/boutique\\\/sonerien-du-kalon\\\/#primaryimage\"},\"image\":{\"@id\":\"https:\\\/\\\/arfolk.bzh\\\/boutique\\\/sonerien-du-kalon\\\/#primaryimage\"},\"thumbnailUrl\":\"https:\\\/\\\/arfolk.bzh\\\/wp-content\\\/uploads\\\/2026\\\/03\\\/3359340163201_cover.webp\",\"datePublished\":\"2026-03-02T15:06:52+00:00\",\"dateModified\":\"2026-03-02T15:06:53+00:00\",\"description\":\"Retrouvez l'album de Sonerien Du - Kalon. Commandez directement en ligne sur arfolk.bzh, le label discographique breton.\",\"breadcrumb\":{\"@id\":\"https:\\\/\\\/arfolk.bzh\\\/boutique\\\/sonerien-du-kalon\\\/#breadcrumb\"},\"inLanguage\":\"br-FR\",\"potentialAction\":[{\"@type\":\"ReadAction\",\"target\":[\"https:\\\/\\\/arfolk.bzh\\\/boutique\\\/sonerien-du-kalon\\\/\"]}]},{\"@type\":\"ImageObject\",\"inLanguage\":\"br-FR\",\"@id\":\"https:\\\/\\\/arfolk.bzh\\\/boutique\\\/sonerien-du-kalon\\\/#primaryimage\",\"url\":\"https:\\\/\\\/arfolk.bzh\\\/wp-content\\\/uploads\\\/2026\\\/03\\\/3359340163201_cover.webp\",\"contentUrl\":\"https:\\\/\\\/arfolk.bzh\\\/wp-content\\\/uploads\\\/2026\\\/03\\\/3359340163201_cover.webp\",\"width\":1200,\"height\":1200,\"caption\":\"Sonerien Du - Kalon 3359340163201_cover\"},{\"@type\":\"BreadcrumbList\",\"@id\":\"https:\\\/\\\/arfolk.bzh\\\/boutique\\\/sonerien-du-kalon\\\/#breadcrumb\",\"itemListElement\":[{\"@type\":\"ListItem\",\"position\":1,\"name\":\"Accueil\",\"item\":\"https:\\\/\\\/arfolk.bzh\\\/\"},{\"@type\":\"ListItem\",\"position\":2,\"name\":\"Boutique\",\"item\":\"https:\\\/\\\/arfolk.bzh\\\/boutique\\\/\"},{\"@type\":\"ListItem\",\"position\":3,\"name\":\"Sonerien Du &#8211; Kalon\"}]},{\"@type\":\"WebSite\",\"@id\":\"https:\\\/\\\/arfolk.bzh\\\/#website\",\"url\":\"https:\\\/\\\/arfolk.bzh\\\/\",\"name\":\"Arfolk\",\"description\":\"Label discographique sp\u00e9cialis\u00e9 dans la musique bretonne\",\"publisher\":{\"@id\":\"https:\\\/\\\/arfolk.bzh\\\/#organization\"},\"potentialAction\":[{\"@type\":\"SearchAction\",\"target\":{\"@type\":\"EntryPoint\",\"urlTemplate\":\"https:\\\/\\\/arfolk.bzh\\\/?s={search_term_string}\"},\"query-input\":{\"@type\":\"PropertyValueSpecification\",\"valueRequired\":true,\"valueName\":\"search_term_string\"}}],\"inLanguage\":\"br-FR\"},{\"@type\":\"Organization\",\"@id\":\"https:\\\/\\\/arfolk.bzh\\\/#organization\",\"name\":\"Arfolk\",\"alternateName\":\"Le label de la musique bretonne\",\"url\":\"https:\\\/\\\/arfolk.bzh\\\/\",\"logo\":{\"@type\":\"ImageObject\",\"inLanguage\":\"br-FR\",\"@id\":\"https:\\\/\\\/arfolk.bzh\\\/#\\\/schema\\\/logo\\\/image\\\/\",\"url\":\"https:\\\/\\\/arfolk.bzh\\\/wp-content\\\/uploads\\\/2023\\\/11\\\/cropped-logo-label-de-musique-breton-arfolf-vignette.webp\",\"contentUrl\":\"https:\\\/\\\/arfolk.bzh\\\/wp-content\\\/uploads\\\/2023\\\/11\\\/cropped-logo-label-de-musique-breton-arfolf-vignette.webp\",\"width\":512,\"height\":512,\"caption\":\"Arfolk\"},\"image\":{\"@id\":\"https:\\\/\\\/arfolk.bzh\\\/#\\\/schema\\\/logo\\\/image\\\/\"},\"sameAs\":[\"https:\\\/\\\/www.facebook.com\\\/Arfolkmusik\",\"https:\\\/\\\/www.instagram.com\\\/arfolkmusik\\\/\"]}]}<\/script>\n<!-- \/ Yoast SEO Premium plugin. -->","yoast_head_json":{"title":"Album de Sonerien Du - Kalon","description":"Retrouvez l'album de Sonerien Du - Kalon. Commandez directement en ligne sur arfolk.bzh, le label discographique breton.","robots":{"index":"index","follow":"follow","max-snippet":"max-snippet:-1","max-image-preview":"max-image-preview:large","max-video-preview":"max-video-preview:-1"},"canonical":"https:\/\/arfolk.bzh\/br\/boutique\/sonerien-du-kalon\/","schema":{"@context":"https:\/\/schema.org","@graph":[{"@type":"WebPage","@id":"https:\/\/arfolk.bzh\/boutique\/sonerien-du-kalon\/","url":"https:\/\/arfolk.bzh\/boutique\/sonerien-du-kalon\/","name":"Album de Sonerien Du - Kalon","isPartOf":{"@id":"https:\/\/arfolk.bzh\/#website"},"primaryImageOfPage":{"@id":"https:\/\/arfolk.bzh\/boutique\/sonerien-du-kalon\/#primaryimage"},"image":{"@id":"https:\/\/arfolk.bzh\/boutique\/sonerien-du-kalon\/#primaryimage"},"thumbnailUrl":"https:\/\/arfolk.bzh\/wp-content\/uploads\/2026\/03\/3359340163201_cover.webp","datePublished":"2026-03-02T15:06:52+00:00","dateModified":"2026-03-02T15:06:53+00:00","description":"Retrouvez l'album de Sonerien Du - Kalon. Commandez directement en ligne sur arfolk.bzh, le label discographique breton.","breadcrumb":{"@id":"https:\/\/arfolk.bzh\/boutique\/sonerien-du-kalon\/#breadcrumb"},"inLanguage":"br-FR","potentialAction":[{"@type":"ReadAction","target":["https:\/\/arfolk.bzh\/boutique\/sonerien-du-kalon\/"]}]},{"@type":"ImageObject","inLanguage":"br-FR","@id":"https:\/\/arfolk.bzh\/boutique\/sonerien-du-kalon\/#primaryimage","url":"https:\/\/arfolk.bzh\/wp-content\/uploads\/2026\/03\/3359340163201_cover.webp","contentUrl":"https:\/\/arfolk.bzh\/wp-content\/uploads\/2026\/03\/3359340163201_cover.webp","width":1200,"height":1200,"caption":"Sonerien Du - Kalon 3359340163201_cover"},{"@type":"BreadcrumbList","@id":"https:\/\/arfolk.bzh\/boutique\/sonerien-du-kalon\/#breadcrumb","itemListElement":[{"@type":"ListItem","position":1,"name":"Accueil","item":"https:\/\/arfolk.bzh\/"},{"@type":"ListItem","position":2,"name":"Boutique","item":"https:\/\/arfolk.bzh\/boutique\/"},{"@type":"ListItem","position":3,"name":"Sonerien Du &#8211; Kalon"}]},{"@type":"WebSite","@id":"https:\/\/arfolk.bzh\/#website","url":"https:\/\/arfolk.bzh\/","name":"Arfolk","description":"Label discographique sp\u00e9cialis\u00e9 dans la musique bretonne","publisher":{"@id":"https:\/\/arfolk.bzh\/#organization"},"potentialAction":[{"@type":"SearchAction","target":{"@type":"EntryPoint","urlTemplate":"https:\/\/arfolk.bzh\/?s={search_term_string}"},"query-input":{"@type":"PropertyValueSpecification","valueRequired":true,"valueName":"search_term_string"}}],"inLanguage":"br-FR"},{"@type":"Organization","@id":"https:\/\/arfolk.bzh\/#organization","name":"Arfolk","alternateName":"Le label de la musique bretonne","url":"https:\/\/arfolk.bzh\/","logo":{"@type":"ImageObject","inLanguage":"br-FR","@id":"https:\/\/arfolk.bzh\/#\/schema\/logo\/image\/","url":"https:\/\/arfolk.bzh\/wp-content\/uploads\/2023\/11\/cropped-logo-label-de-musique-breton-arfolf-vignette.webp","contentUrl":"https:\/\/arfolk.bzh\/wp-content\/uploads\/2023\/11\/cropped-logo-label-de-musique-breton-arfolf-vignette.webp","width":512,"height":512,"caption":"Arfolk"},"image":{"@id":"https:\/\/arfolk.bzh\/#\/schema\/logo\/image\/"},"sameAs":["https:\/\/www.facebook.com\/Arfolkmusik","https:\/\/www.instagram.com\/arfolkmusik\/"]}]}},"jetpack_sharing_enabled":true,"_links":{"self":[{"href":"https:\/\/arfolk.bzh\/br\/wp-json\/wp\/v2\/product\/5982","targetHints":{"allow":["GET"]}}],"collection":[{"href":"https:\/\/arfolk.bzh\/br\/wp-json\/wp\/v2\/product"}],"about":[{"href":"https:\/\/arfolk.bzh\/br\/wp-json\/wp\/v2\/types\/product"}],"wp:featuredmedia":[{"embeddable":true,"href":"https:\/\/arfolk.bzh\/br\/wp-json\/wp\/v2\/media\/5984"}],"wp:attachment":[{"href":"https:\/\/arfolk.bzh\/br\/wp-json\/wp\/v2\/media?parent=5982"}],"wp:term":[{"taxonomy":"product_brand","embeddable":true,"href":"https:\/\/arfolk.bzh\/br\/wp-json\/wp\/v2\/product_brand?post=5982"},{"taxonomy":"product_cat","embeddable":true,"href":"https:\/\/arfolk.bzh\/br\/wp-json\/wp\/v2\/false?post=5982"},{"taxonomy":"product_tag","embeddable":true,"href":"https:\/\/arfolk.bzh\/br\/wp-json\/wp\/v2\/product_tag?post=5982"},{"taxonomy":"disponible_a_la_vente","embeddable":true,"href":"https:\/\/arfolk.bzh\/br\/wp-json\/wp\/v2\/disponible_a_la_vente?post=5982"},{"taxonomy":"langue","embeddable":true,"href":"https:\/\/arfolk.bzh\/br\/wp-json\/wp\/v2\/langue?post=5982"},{"taxonomy":"style","embeddable":true,"href":"https:\/\/arfolk.bzh\/br\/wp-json\/wp\/v2\/style?post=5982"},{"taxonomy":"supports","embeddable":true,"href":"https:\/\/arfolk.bzh\/br\/wp-json\/wp\/v2\/supports?post=5982"}],"curies":[{"name":"wp","href":"https:\/\/api.w.org\/{rel}","templated":true}]}}