{"id":5987,"date":"2026-03-02T16:20:13","date_gmt":"2026-03-02T15:20:13","guid":{"rendered":"https:\/\/arfolk.bzh\/?post_type=product&#038;p=5987"},"modified":"2026-03-02T16:20:14","modified_gmt":"2026-03-02T15:20:14","slug":"sonerien-du-la-kollec","status":"publish","type":"product","link":"https:\/\/arfolk.bzh\/br\/boutique\/sonerien-du-la-kollec\/","title":{"rendered":"Sonerien Du &#8211; La Kollec&#8230;"},"content":{"rendered":"<p><span data-sheets-root=\"1\">Depuis 1972, Sonerien Du \u00e9cume les routes et les Fest-noz, de Bretagne et de Navarre, en passant par l\u2019Italie, l\u2019Allemagne, l\u2019Angleterre et m\u00eame la Chine ! L\u2019ann\u00e9e de leurs 50 ans, c\u2019est l\u2019occasion pour eux de faire \u00ab un r\u00e9sum\u00e9 des \u00e9pisodes pr\u00e9c\u00e9dents \u00bb dans un triple album. D\u2019autant que le dernier \u00ab Best of \u00bb du groupe datait de 2010. 44 chansons, standards des fest-noz du groupe. L\u2019occasion pour le Sonerien DU de refaire une version studio de \u00ab Kanomp ha roulomp atao \u00bb, dont la version pr\u00e9c\u00e9dente datait de 1994, et une version in\u00e9dite des \u00ab Berg\u00e8res \u00bb en version acoustique.<\/span><\/p>\n<p><span style=\"text-decoration: underline;\"><strong>Tracklist :<\/strong><\/span><\/p>\n<ul>\n<li><span data-sheets-root=\"1\">CD 1 :<\/span><\/li>\n<\/ul>\n<ol>\n<li style=\"list-style-type: none;\">\n<ol>\n<li>Kanomp Ha Roulomp Atao (Version 2022) 4:58<\/li>\n<li><span data-sheets-root=\"1\">Louise 4:50<\/span><\/li>\n<li><span data-sheets-root=\"1\">\u00c0 Quimper Sur Le P&rsquo;tit Pont 4:13<\/span><\/li>\n<li><span data-sheets-root=\"1\">L&rsquo;Hypolipid\u00e9mie 5:32<\/span><\/li>\n<li><span data-sheets-root=\"1\">Les Points 4:19<\/span><\/li>\n<li><span data-sheets-root=\"1\">La L\u00e9gende De Connor 6:19<\/span><\/li>\n<li><span data-sheets-root=\"1\">De Ploeuc \u00c0 Quimperl\u00e9 3:44<\/span><\/li>\n<li><span data-sheets-root=\"1\">Les Trois Commerces 4:29<\/span><\/li>\n<li><span data-sheets-root=\"1\">Les Berg\u00e8res (Version Acoustique) 3:16<\/span><\/li>\n<li><span data-sheets-root=\"1\">Marie Bas De Laine 4:30<\/span><\/li>\n<li><span data-sheets-root=\"1\">Le Cheval Dor\u00e9 5:45<\/span><\/li>\n<li><span data-sheets-root=\"1\">Dans Mon Jardin 3:58<\/span><\/li>\n<li><span data-sheets-root=\"1\">M&rsquo;en Allant Sur La Lande 3:57<\/span><\/li>\n<li><span data-sheets-root=\"1\">Les Mariniers 4:19<\/span><\/li>\n<\/ol>\n<\/li>\n<\/ol>\n<ul>\n<li>CD 2 :<\/li>\n<\/ul>\n<ol>\n<li style=\"list-style-type: none;\">\n<ol>\n<li><span data-sheets-root=\"1\">Y&rsquo;a Du Z\u00e8le 5:10<\/span><\/li>\n<li><span data-sheets-root=\"1\">Ruz Pa Guz 4:39<\/span><\/li>\n<li><span data-sheets-root=\"1\">Tour Du Beau Pays 5:13<\/span><\/li>\n<li><span data-sheets-root=\"1\">Oh ! La Gabiche 4:54<\/span><\/li>\n<li><span data-sheets-root=\"1\">Marion S&rsquo;y Prom\u00e8ne 3:49<\/span><\/li>\n<li><span data-sheets-root=\"1\">La Rose Aux Rosiers 4:11<\/span><\/li>\n<li><span data-sheets-root=\"1\">H\u00e9lix 5:18<\/span><\/li>\n<li><span data-sheets-root=\"1\">La Gerbe 4:44<\/span><\/li>\n<li><span data-sheets-root=\"1\">Histoire De Filles 4:42<\/span><\/li>\n<li><span data-sheets-root=\"1\">Tournerons 3:44<\/span><\/li>\n<li><span data-sheets-root=\"1\">La Langue De Chez Moi 4:24<\/span><\/li>\n<li><span data-sheets-root=\"1\">Toute La Nuit Les Chats Sont Gris 4:10<\/span><\/li>\n<li><span data-sheets-root=\"1\">Le Vin L&rsquo;amour 3:36<\/span><\/li>\n<li><span data-sheets-root=\"1\">Les Justices 6:28<\/span><\/li>\n<\/ol>\n<\/li>\n<\/ol>\n<ul>\n<li>CD 3 :<\/li>\n<\/ul>\n<ol>\n<li style=\"list-style-type: none;\">\n<ol>\n<li>L&rsquo;artilleur 4:57<\/li>\n<li><span data-sheets-root=\"1\">Ellez Et Yeun 4:21<\/span><\/li>\n<li><span data-sheets-root=\"1\">Gouel An Erer Koz 4:38<\/span><\/li>\n<li><span data-sheets-root=\"1\">Opodomo 3:01<\/span><\/li>\n<li><span data-sheets-root=\"1\">Pedont War Bont 4:37<\/span><\/li>\n<li><span data-sheets-root=\"1\">Carhaix Loud\u00e9ac 4:16<\/span><\/li>\n<li><span data-sheets-root=\"1\">Que Dit-On De L&rsquo;amour (Le Marcelot) 3:04<\/span><\/li>\n<li><span data-sheets-root=\"1\">La Nuit 3:05<\/span><\/li>\n<li><span data-sheets-root=\"1\">Dessous Le Pont De Nantes 3:48<\/span><\/li>\n<li><span data-sheets-root=\"1\">Quand La Maison Est Propre 3:47<\/span><\/li>\n<li><span data-sheets-root=\"1\">Jean-Marie 3:45<\/span><\/li>\n<li><span data-sheets-root=\"1\">Les Emm &#8230; P\u00eacheurs 3:30<\/span><\/li>\n<li><span data-sheets-root=\"1\">Le Vieux Ch\u00eane 4:25<\/span><\/li>\n<li><span data-sheets-root=\"1\">Du Malt Et Du Houblon 4:24<\/span><\/li>\n<li><span data-sheets-root=\"1\">Bonsoir Ma\u00eetre De Maison 4:00<\/span><\/li>\n<li><span data-sheets-root=\"1\">Mille Batailles 4:31<\/span><\/li>\n<\/ol>\n<\/li>\n<\/ol>","protected":false},"excerpt":{"rendered":"<p>Depuis 1972, Sonerien Du \u00e9cume les routes et les Fest-noz, de Bretagne et de Navarre, en passant par l\u2019Italie, l\u2019Allemagne, l\u2019Angleterre et m\u00eame la Chine ! L\u2019ann\u00e9e de leurs 50 ans, c\u2019est l\u2019occasion pour eux de faire \u00ab un r\u00e9sum\u00e9 des \u00e9pisodes pr\u00e9c\u00e9dents \u00bb dans un triple album. D\u2019autant que le dernier \u00ab Best of [&hellip;]<\/p>\n","protected":false},"featured_media":5989,"template":"","meta":{"_acf_changed":false,"_et_pb_use_builder":"","_et_pb_old_content":"","_et_gb_content_width":""},"product_brand":[],"false":[131],"product_tag":[],"disponible_a_la_vente":[38],"langue":[72],"style":[76,77],"supports":[86],"class_list":{"0":"post-5987","1":"product","2":"type-product","3":"status-publish","4":"has-post-thumbnail","6":"product_cat-sonerien-du","7":"disponible_a_la_vente-disponible-a-la-vente","8":"langue-francais","9":"style-fest-noz","10":"style-pop-rock-folk-punk","11":"supports-cd","13":"first","14":"instock","15":"taxable","16":"shipping-taxable","17":"purchasable","18":"product-type-simple"},"acf":[],"yoast_head":"<!-- This site is optimized with the Yoast SEO Premium plugin v24.0 (Yoast SEO v27.3) - https:\/\/yoast.com\/product\/yoast-seo-premium-wordpress\/ -->\n<title>Album de Sonerien Du - La Kollec...<\/title>\n<meta name=\"description\" content=\"Retrouvez l&#039;album de Sonerien Du - La Kollec.... Commandez directement en ligne sur arfolk.bzh, le label discographique breton.\" \/>\n<meta name=\"robots\" content=\"index, follow, max-snippet:-1, max-image-preview:large, max-video-preview:-1\" \/>\n<link rel=\"canonical\" href=\"https:\/\/arfolk.bzh\/br\/boutique\/sonerien-du-la-kollec\/\" \/>\n<script type=\"application\/ld+json\" class=\"yoast-schema-graph\">{\"@context\":\"https:\\\/\\\/schema.org\",\"@graph\":[{\"@type\":\"WebPage\",\"@id\":\"https:\\\/\\\/arfolk.bzh\\\/boutique\\\/sonerien-du-la-kollec\\\/\",\"url\":\"https:\\\/\\\/arfolk.bzh\\\/boutique\\\/sonerien-du-la-kollec\\\/\",\"name\":\"Album de Sonerien Du - La Kollec...\",\"isPartOf\":{\"@id\":\"https:\\\/\\\/arfolk.bzh\\\/#website\"},\"primaryImageOfPage\":{\"@id\":\"https:\\\/\\\/arfolk.bzh\\\/boutique\\\/sonerien-du-la-kollec\\\/#primaryimage\"},\"image\":{\"@id\":\"https:\\\/\\\/arfolk.bzh\\\/boutique\\\/sonerien-du-la-kollec\\\/#primaryimage\"},\"thumbnailUrl\":\"https:\\\/\\\/arfolk.bzh\\\/wp-content\\\/uploads\\\/2026\\\/03\\\/3359340164796_cover.webp\",\"datePublished\":\"2026-03-02T15:20:13+00:00\",\"dateModified\":\"2026-03-02T15:20:14+00:00\",\"description\":\"Retrouvez l'album de Sonerien Du - La Kollec.... Commandez directement en ligne sur arfolk.bzh, le label discographique breton.\",\"breadcrumb\":{\"@id\":\"https:\\\/\\\/arfolk.bzh\\\/boutique\\\/sonerien-du-la-kollec\\\/#breadcrumb\"},\"inLanguage\":\"br-FR\",\"potentialAction\":[{\"@type\":\"ReadAction\",\"target\":[\"https:\\\/\\\/arfolk.bzh\\\/boutique\\\/sonerien-du-la-kollec\\\/\"]}]},{\"@type\":\"ImageObject\",\"inLanguage\":\"br-FR\",\"@id\":\"https:\\\/\\\/arfolk.bzh\\\/boutique\\\/sonerien-du-la-kollec\\\/#primaryimage\",\"url\":\"https:\\\/\\\/arfolk.bzh\\\/wp-content\\\/uploads\\\/2026\\\/03\\\/3359340164796_cover.webp\",\"contentUrl\":\"https:\\\/\\\/arfolk.bzh\\\/wp-content\\\/uploads\\\/2026\\\/03\\\/3359340164796_cover.webp\",\"width\":1000,\"height\":1000,\"caption\":\"Sonerien Du - La Kollec... 3359340164796_cover\"},{\"@type\":\"BreadcrumbList\",\"@id\":\"https:\\\/\\\/arfolk.bzh\\\/boutique\\\/sonerien-du-la-kollec\\\/#breadcrumb\",\"itemListElement\":[{\"@type\":\"ListItem\",\"position\":1,\"name\":\"Accueil\",\"item\":\"https:\\\/\\\/arfolk.bzh\\\/\"},{\"@type\":\"ListItem\",\"position\":2,\"name\":\"Boutique\",\"item\":\"https:\\\/\\\/arfolk.bzh\\\/boutique\\\/\"},{\"@type\":\"ListItem\",\"position\":3,\"name\":\"Sonerien Du &#8211; La Kollec&#8230;\"}]},{\"@type\":\"WebSite\",\"@id\":\"https:\\\/\\\/arfolk.bzh\\\/#website\",\"url\":\"https:\\\/\\\/arfolk.bzh\\\/\",\"name\":\"Arfolk\",\"description\":\"Label discographique sp\u00e9cialis\u00e9 dans la musique bretonne\",\"publisher\":{\"@id\":\"https:\\\/\\\/arfolk.bzh\\\/#organization\"},\"potentialAction\":[{\"@type\":\"SearchAction\",\"target\":{\"@type\":\"EntryPoint\",\"urlTemplate\":\"https:\\\/\\\/arfolk.bzh\\\/?s={search_term_string}\"},\"query-input\":{\"@type\":\"PropertyValueSpecification\",\"valueRequired\":true,\"valueName\":\"search_term_string\"}}],\"inLanguage\":\"br-FR\"},{\"@type\":\"Organization\",\"@id\":\"https:\\\/\\\/arfolk.bzh\\\/#organization\",\"name\":\"Arfolk\",\"alternateName\":\"Le label de la musique bretonne\",\"url\":\"https:\\\/\\\/arfolk.bzh\\\/\",\"logo\":{\"@type\":\"ImageObject\",\"inLanguage\":\"br-FR\",\"@id\":\"https:\\\/\\\/arfolk.bzh\\\/#\\\/schema\\\/logo\\\/image\\\/\",\"url\":\"https:\\\/\\\/arfolk.bzh\\\/wp-content\\\/uploads\\\/2023\\\/11\\\/cropped-logo-label-de-musique-breton-arfolf-vignette.webp\",\"contentUrl\":\"https:\\\/\\\/arfolk.bzh\\\/wp-content\\\/uploads\\\/2023\\\/11\\\/cropped-logo-label-de-musique-breton-arfolf-vignette.webp\",\"width\":512,\"height\":512,\"caption\":\"Arfolk\"},\"image\":{\"@id\":\"https:\\\/\\\/arfolk.bzh\\\/#\\\/schema\\\/logo\\\/image\\\/\"},\"sameAs\":[\"https:\\\/\\\/www.facebook.com\\\/Arfolkmusik\",\"https:\\\/\\\/www.instagram.com\\\/arfolkmusik\\\/\"]}]}<\/script>\n<!-- \/ Yoast SEO Premium plugin. -->","yoast_head_json":{"title":"Album de Sonerien Du - La Kollec...","description":"Retrouvez l'album de Sonerien Du - La Kollec.... Commandez directement en ligne sur arfolk.bzh, le label discographique breton.","robots":{"index":"index","follow":"follow","max-snippet":"max-snippet:-1","max-image-preview":"max-image-preview:large","max-video-preview":"max-video-preview:-1"},"canonical":"https:\/\/arfolk.bzh\/br\/boutique\/sonerien-du-la-kollec\/","schema":{"@context":"https:\/\/schema.org","@graph":[{"@type":"WebPage","@id":"https:\/\/arfolk.bzh\/boutique\/sonerien-du-la-kollec\/","url":"https:\/\/arfolk.bzh\/boutique\/sonerien-du-la-kollec\/","name":"Album de Sonerien Du - La Kollec...","isPartOf":{"@id":"https:\/\/arfolk.bzh\/#website"},"primaryImageOfPage":{"@id":"https:\/\/arfolk.bzh\/boutique\/sonerien-du-la-kollec\/#primaryimage"},"image":{"@id":"https:\/\/arfolk.bzh\/boutique\/sonerien-du-la-kollec\/#primaryimage"},"thumbnailUrl":"https:\/\/arfolk.bzh\/wp-content\/uploads\/2026\/03\/3359340164796_cover.webp","datePublished":"2026-03-02T15:20:13+00:00","dateModified":"2026-03-02T15:20:14+00:00","description":"Retrouvez l'album de Sonerien Du - La Kollec.... Commandez directement en ligne sur arfolk.bzh, le label discographique breton.","breadcrumb":{"@id":"https:\/\/arfolk.bzh\/boutique\/sonerien-du-la-kollec\/#breadcrumb"},"inLanguage":"br-FR","potentialAction":[{"@type":"ReadAction","target":["https:\/\/arfolk.bzh\/boutique\/sonerien-du-la-kollec\/"]}]},{"@type":"ImageObject","inLanguage":"br-FR","@id":"https:\/\/arfolk.bzh\/boutique\/sonerien-du-la-kollec\/#primaryimage","url":"https:\/\/arfolk.bzh\/wp-content\/uploads\/2026\/03\/3359340164796_cover.webp","contentUrl":"https:\/\/arfolk.bzh\/wp-content\/uploads\/2026\/03\/3359340164796_cover.webp","width":1000,"height":1000,"caption":"Sonerien Du - La Kollec... 3359340164796_cover"},{"@type":"BreadcrumbList","@id":"https:\/\/arfolk.bzh\/boutique\/sonerien-du-la-kollec\/#breadcrumb","itemListElement":[{"@type":"ListItem","position":1,"name":"Accueil","item":"https:\/\/arfolk.bzh\/"},{"@type":"ListItem","position":2,"name":"Boutique","item":"https:\/\/arfolk.bzh\/boutique\/"},{"@type":"ListItem","position":3,"name":"Sonerien Du &#8211; La Kollec&#8230;"}]},{"@type":"WebSite","@id":"https:\/\/arfolk.bzh\/#website","url":"https:\/\/arfolk.bzh\/","name":"Arfolk","description":"Label discographique sp\u00e9cialis\u00e9 dans la musique bretonne","publisher":{"@id":"https:\/\/arfolk.bzh\/#organization"},"potentialAction":[{"@type":"SearchAction","target":{"@type":"EntryPoint","urlTemplate":"https:\/\/arfolk.bzh\/?s={search_term_string}"},"query-input":{"@type":"PropertyValueSpecification","valueRequired":true,"valueName":"search_term_string"}}],"inLanguage":"br-FR"},{"@type":"Organization","@id":"https:\/\/arfolk.bzh\/#organization","name":"Arfolk","alternateName":"Le label de la musique bretonne","url":"https:\/\/arfolk.bzh\/","logo":{"@type":"ImageObject","inLanguage":"br-FR","@id":"https:\/\/arfolk.bzh\/#\/schema\/logo\/image\/","url":"https:\/\/arfolk.bzh\/wp-content\/uploads\/2023\/11\/cropped-logo-label-de-musique-breton-arfolf-vignette.webp","contentUrl":"https:\/\/arfolk.bzh\/wp-content\/uploads\/2023\/11\/cropped-logo-label-de-musique-breton-arfolf-vignette.webp","width":512,"height":512,"caption":"Arfolk"},"image":{"@id":"https:\/\/arfolk.bzh\/#\/schema\/logo\/image\/"},"sameAs":["https:\/\/www.facebook.com\/Arfolkmusik","https:\/\/www.instagram.com\/arfolkmusik\/"]}]}},"jetpack_sharing_enabled":true,"_links":{"self":[{"href":"https:\/\/arfolk.bzh\/br\/wp-json\/wp\/v2\/product\/5987","targetHints":{"allow":["GET"]}}],"collection":[{"href":"https:\/\/arfolk.bzh\/br\/wp-json\/wp\/v2\/product"}],"about":[{"href":"https:\/\/arfolk.bzh\/br\/wp-json\/wp\/v2\/types\/product"}],"wp:featuredmedia":[{"embeddable":true,"href":"https:\/\/arfolk.bzh\/br\/wp-json\/wp\/v2\/media\/5989"}],"wp:attachment":[{"href":"https:\/\/arfolk.bzh\/br\/wp-json\/wp\/v2\/media?parent=5987"}],"wp:term":[{"taxonomy":"product_brand","embeddable":true,"href":"https:\/\/arfolk.bzh\/br\/wp-json\/wp\/v2\/product_brand?post=5987"},{"taxonomy":"product_cat","embeddable":true,"href":"https:\/\/arfolk.bzh\/br\/wp-json\/wp\/v2\/false?post=5987"},{"taxonomy":"product_tag","embeddable":true,"href":"https:\/\/arfolk.bzh\/br\/wp-json\/wp\/v2\/product_tag?post=5987"},{"taxonomy":"disponible_a_la_vente","embeddable":true,"href":"https:\/\/arfolk.bzh\/br\/wp-json\/wp\/v2\/disponible_a_la_vente?post=5987"},{"taxonomy":"langue","embeddable":true,"href":"https:\/\/arfolk.bzh\/br\/wp-json\/wp\/v2\/langue?post=5987"},{"taxonomy":"style","embeddable":true,"href":"https:\/\/arfolk.bzh\/br\/wp-json\/wp\/v2\/style?post=5987"},{"taxonomy":"supports","embeddable":true,"href":"https:\/\/arfolk.bzh\/br\/wp-json\/wp\/v2\/supports?post=5987"}],"curies":[{"name":"wp","href":"https:\/\/api.w.org\/{rel}","templated":true}]}}