{"id":6230,"date":"2026-05-15T09:17:04","date_gmt":"2026-05-15T07:17:04","guid":{"rendered":"https:\/\/arfolk.bzh\/?post_type=product&#038;p=6230"},"modified":"2026-05-15T11:06:26","modified_gmt":"2026-05-15T09:06:26","slug":"erwan-hamon-janick-martin-les-ineffables-fantaisies-nocturnes-de-frederic-lambierge-dit-gazman","status":"publish","type":"product","link":"https:\/\/arfolk.bzh\/br\/boutique\/erwan-hamon-janick-martin-les-ineffables-fantaisies-nocturnes-de-frederic-lambierge-dit-gazman\/","title":{"rendered":"[PR\u00c9COMMANDE] Erwan Hamon &#038; Janick Martin &#8211; Les ineffables fantaisies nocturnes de Fr\u00e9d\u00e9ric Lambierge dit \u00ab\u00a0Gazman\u00a0\u00bb"},"content":{"rendered":"<p><strong>\u00ab Les ineffables fantaisies nocturnes de Fr\u00e9d\u00e9ric Lambierge dit Gazman \u00bb<\/strong><\/p>\n<p>Erwan Hamon (fl\u00fbte traversi\u00e8re en bois, bombarde) et Janick Martin (accord\u00e9on diatonique) rendent hommage \u00e0 leur ami disparu en 2020, Fr\u00e9d\u00e9ric Lambierge, alias \u00ab Gazman \u00bb, avec un album \u00e0 para\u00eetre le 19 juin 2026. Ce projet plonge dans l\u2019univers m\u00e9lodique, virtuose et onirique de ce musicien autodidacte, marqu\u00e9 par le swing musette, le folk et les musiques traditionnelles.<\/p>\n<p>Le duo a exhum\u00e9 des compositions famili\u00e8res et des tr\u00e9sors inachev\u00e9s de \u00ab Gazman \u00bb \u00e0 partir de ses archives sonores. Leur interpr\u00e9tation, \u00e0 la fois fid\u00e8le et personnelle, m\u00eale influences vari\u00e9es (Jo Privat, Astor Piazzolla, Fran\u00e7ois Couperin, John Lennon) et met en valeur la singularit\u00e9 de son phras\u00e9.<\/p>\n<p>L\u2019album s\u2019accompagne d\u2019une bande dessin\u00e9e de 20 pages, sign\u00e9e Jop, qui illustre l\u2019esprit de \u00ab Gazman \u00bb et l\u2019ambiance des soir\u00e9es rennaises des ann\u00e9es 90. Un hommage vibrant \u00e0 un artiste hors norme.<\/p>\n<p>&nbsp;<\/p>\n<p><span style=\"text-decoration: underline;\"><strong>Tracklist :<\/strong><\/span><\/p>\n<p>1 &#8211; Valse a Marite<br \/>\n2 &#8211; Ca va v&rsquo;nir<br \/>\n3 &#8211; Bulgare de Rennes<br \/>\n4 &#8211; Maigret de canard<br \/>\n5 &#8211; Vuelvo Al Sur<br \/>\n6 &#8211; Rennes<br \/>\n7 &#8211; Titine<br \/>\n8 &#8211; Les ronds des cousins<br \/>\n9 &#8211; Lunettes rondes<br \/>\n10 &#8211; Rue Duhamel<\/p>","protected":false},"excerpt":{"rendered":"<p>Pr\u00e9commandez le nouvel album du duo Hamon Martin sur notre site<\/p>","protected":false},"featured_media":6224,"template":"","meta":{"_acf_changed":false,"_et_pb_use_builder":"","_et_pb_old_content":"","_et_gb_content_width":""},"product_brand":[],"false":[49],"product_tag":[],"disponible_a_la_vente":[38],"langue":[75],"style":[76],"supports":[86],"class_list":{"0":"post-6230","1":"product","2":"type-product","3":"status-publish","4":"has-post-thumbnail","6":"product_cat-hamon-martin","7":"disponible_a_la_vente-disponible-a-la-vente","8":"langue-instrumental","9":"style-fest-noz","10":"supports-cd","12":"first","13":"instock","14":"taxable","15":"shipping-taxable","16":"purchasable","17":"product-type-simple"},"acf":[],"yoast_head":"<!-- This site is optimized with the Yoast SEO Premium plugin v24.0 (Yoast SEO v27.3) - https:\/\/yoast.com\/product\/yoast-seo-premium-wordpress\/ -->\n<title>Album de [PR\u00c9COMMANDE] Erwan Hamon &amp; Janick Martin - Les ineffables fantaisies nocturnes de Fr\u00e9d\u00e9ric Lambierge dit &quot;Gazman&quot;<\/title>\n<meta name=\"description\" content=\"Retrouvez l&#039;album de [PR\u00c9COMMANDE] Erwan Hamon &amp; Janick Martin - Les ineffables fantaisies nocturnes de Fr\u00e9d\u00e9ric Lambierge dit &quot;Gazman&quot;. Commandez directement en ligne sur arfolk.bzh, le label discographique breton.\" \/>\n<meta name=\"robots\" content=\"index, follow, max-snippet:-1, max-image-preview:large, max-video-preview:-1\" \/>\n<link rel=\"canonical\" href=\"https:\/\/arfolk.bzh\/br\/boutique\/erwan-hamon-janick-martin-les-ineffables-fantaisies-nocturnes-de-frederic-lambierge-dit-gazman\/\" \/>\n<script type=\"application\/ld+json\" class=\"yoast-schema-graph\">{\"@context\":\"https:\\\/\\\/schema.org\",\"@graph\":[{\"@type\":\"WebPage\",\"@id\":\"https:\\\/\\\/arfolk.bzh\\\/boutique\\\/erwan-hamon-janick-martin-les-ineffables-fantaisies-nocturnes-de-frederic-lambierge-dit-gazman\\\/\",\"url\":\"https:\\\/\\\/arfolk.bzh\\\/boutique\\\/erwan-hamon-janick-martin-les-ineffables-fantaisies-nocturnes-de-frederic-lambierge-dit-gazman\\\/\",\"name\":\"Album de [PR\u00c9COMMANDE] Erwan Hamon & Janick Martin - Les ineffables fantaisies nocturnes de Fr\u00e9d\u00e9ric Lambierge dit \\\"Gazman\\\"\",\"isPartOf\":{\"@id\":\"https:\\\/\\\/arfolk.bzh\\\/#website\"},\"primaryImageOfPage\":{\"@id\":\"https:\\\/\\\/arfolk.bzh\\\/boutique\\\/erwan-hamon-janick-martin-les-ineffables-fantaisies-nocturnes-de-frederic-lambierge-dit-gazman\\\/#primaryimage\"},\"image\":{\"@id\":\"https:\\\/\\\/arfolk.bzh\\\/boutique\\\/erwan-hamon-janick-martin-les-ineffables-fantaisies-nocturnes-de-frederic-lambierge-dit-gazman\\\/#primaryimage\"},\"thumbnailUrl\":\"https:\\\/\\\/arfolk.bzh\\\/wp-content\\\/uploads\\\/2026\\\/05\\\/3770038066954_cover.webp\",\"datePublished\":\"2026-05-15T07:17:04+00:00\",\"dateModified\":\"2026-05-15T09:06:26+00:00\",\"description\":\"Retrouvez l'album de [PR\u00c9COMMANDE] Erwan Hamon & Janick Martin - Les ineffables fantaisies nocturnes de Fr\u00e9d\u00e9ric Lambierge dit \\\"Gazman\\\". Commandez directement en ligne sur arfolk.bzh, le label discographique breton.\",\"breadcrumb\":{\"@id\":\"https:\\\/\\\/arfolk.bzh\\\/boutique\\\/erwan-hamon-janick-martin-les-ineffables-fantaisies-nocturnes-de-frederic-lambierge-dit-gazman\\\/#breadcrumb\"},\"inLanguage\":\"br-FR\",\"potentialAction\":[{\"@type\":\"ReadAction\",\"target\":[\"https:\\\/\\\/arfolk.bzh\\\/boutique\\\/erwan-hamon-janick-martin-les-ineffables-fantaisies-nocturnes-de-frederic-lambierge-dit-gazman\\\/\"]}]},{\"@type\":\"ImageObject\",\"inLanguage\":\"br-FR\",\"@id\":\"https:\\\/\\\/arfolk.bzh\\\/boutique\\\/erwan-hamon-janick-martin-les-ineffables-fantaisies-nocturnes-de-frederic-lambierge-dit-gazman\\\/#primaryimage\",\"url\":\"https:\\\/\\\/arfolk.bzh\\\/wp-content\\\/uploads\\\/2026\\\/05\\\/3770038066954_cover.webp\",\"contentUrl\":\"https:\\\/\\\/arfolk.bzh\\\/wp-content\\\/uploads\\\/2026\\\/05\\\/3770038066954_cover.webp\",\"width\":1628,\"height\":1509,\"caption\":\"3770038066954_cover\"},{\"@type\":\"BreadcrumbList\",\"@id\":\"https:\\\/\\\/arfolk.bzh\\\/boutique\\\/erwan-hamon-janick-martin-les-ineffables-fantaisies-nocturnes-de-frederic-lambierge-dit-gazman\\\/#breadcrumb\",\"itemListElement\":[{\"@type\":\"ListItem\",\"position\":1,\"name\":\"Accueil\",\"item\":\"https:\\\/\\\/arfolk.bzh\\\/\"},{\"@type\":\"ListItem\",\"position\":2,\"name\":\"Boutique\",\"item\":\"https:\\\/\\\/arfolk.bzh\\\/boutique\\\/\"},{\"@type\":\"ListItem\",\"position\":3,\"name\":\"[PR\u00c9COMMANDE] Erwan Hamon &#038; Janick Martin &#8211; Les ineffables fantaisies nocturnes de Fr\u00e9d\u00e9ric Lambierge dit \u00ab\u00a0Gazman\u00a0\u00bb\"}]},{\"@type\":\"WebSite\",\"@id\":\"https:\\\/\\\/arfolk.bzh\\\/#website\",\"url\":\"https:\\\/\\\/arfolk.bzh\\\/\",\"name\":\"Arfolk\",\"description\":\"Label discographique sp\u00e9cialis\u00e9 dans la musique bretonne\",\"publisher\":{\"@id\":\"https:\\\/\\\/arfolk.bzh\\\/#organization\"},\"potentialAction\":[{\"@type\":\"SearchAction\",\"target\":{\"@type\":\"EntryPoint\",\"urlTemplate\":\"https:\\\/\\\/arfolk.bzh\\\/?s={search_term_string}\"},\"query-input\":{\"@type\":\"PropertyValueSpecification\",\"valueRequired\":true,\"valueName\":\"search_term_string\"}}],\"inLanguage\":\"br-FR\"},{\"@type\":\"Organization\",\"@id\":\"https:\\\/\\\/arfolk.bzh\\\/#organization\",\"name\":\"Arfolk\",\"alternateName\":\"Le label de la musique bretonne\",\"url\":\"https:\\\/\\\/arfolk.bzh\\\/\",\"logo\":{\"@type\":\"ImageObject\",\"inLanguage\":\"br-FR\",\"@id\":\"https:\\\/\\\/arfolk.bzh\\\/#\\\/schema\\\/logo\\\/image\\\/\",\"url\":\"https:\\\/\\\/arfolk.bzh\\\/wp-content\\\/uploads\\\/2023\\\/11\\\/cropped-logo-label-de-musique-breton-arfolf-vignette.webp\",\"contentUrl\":\"https:\\\/\\\/arfolk.bzh\\\/wp-content\\\/uploads\\\/2023\\\/11\\\/cropped-logo-label-de-musique-breton-arfolf-vignette.webp\",\"width\":512,\"height\":512,\"caption\":\"Arfolk\"},\"image\":{\"@id\":\"https:\\\/\\\/arfolk.bzh\\\/#\\\/schema\\\/logo\\\/image\\\/\"},\"sameAs\":[\"https:\\\/\\\/www.facebook.com\\\/Arfolkmusik\",\"https:\\\/\\\/www.instagram.com\\\/arfolkmusik\\\/\"]}]}<\/script>\n<!-- \/ Yoast SEO Premium plugin. -->","yoast_head_json":{"title":"Album de [PR\u00c9COMMANDE] Erwan Hamon & Janick Martin - Les ineffables fantaisies nocturnes de Fr\u00e9d\u00e9ric Lambierge dit \"Gazman\"","description":"Retrouvez l'album de [PR\u00c9COMMANDE] Erwan Hamon & Janick Martin - Les ineffables fantaisies nocturnes de Fr\u00e9d\u00e9ric Lambierge dit \"Gazman\". Commandez directement en ligne sur arfolk.bzh, le label discographique breton.","robots":{"index":"index","follow":"follow","max-snippet":"max-snippet:-1","max-image-preview":"max-image-preview:large","max-video-preview":"max-video-preview:-1"},"canonical":"https:\/\/arfolk.bzh\/br\/boutique\/erwan-hamon-janick-martin-les-ineffables-fantaisies-nocturnes-de-frederic-lambierge-dit-gazman\/","schema":{"@context":"https:\/\/schema.org","@graph":[{"@type":"WebPage","@id":"https:\/\/arfolk.bzh\/boutique\/erwan-hamon-janick-martin-les-ineffables-fantaisies-nocturnes-de-frederic-lambierge-dit-gazman\/","url":"https:\/\/arfolk.bzh\/boutique\/erwan-hamon-janick-martin-les-ineffables-fantaisies-nocturnes-de-frederic-lambierge-dit-gazman\/","name":"Album de [PR\u00c9COMMANDE] Erwan Hamon & Janick Martin - Les ineffables fantaisies nocturnes de Fr\u00e9d\u00e9ric Lambierge dit \"Gazman\"","isPartOf":{"@id":"https:\/\/arfolk.bzh\/#website"},"primaryImageOfPage":{"@id":"https:\/\/arfolk.bzh\/boutique\/erwan-hamon-janick-martin-les-ineffables-fantaisies-nocturnes-de-frederic-lambierge-dit-gazman\/#primaryimage"},"image":{"@id":"https:\/\/arfolk.bzh\/boutique\/erwan-hamon-janick-martin-les-ineffables-fantaisies-nocturnes-de-frederic-lambierge-dit-gazman\/#primaryimage"},"thumbnailUrl":"https:\/\/arfolk.bzh\/wp-content\/uploads\/2026\/05\/3770038066954_cover.webp","datePublished":"2026-05-15T07:17:04+00:00","dateModified":"2026-05-15T09:06:26+00:00","description":"Retrouvez l'album de [PR\u00c9COMMANDE] Erwan Hamon & Janick Martin - Les ineffables fantaisies nocturnes de Fr\u00e9d\u00e9ric Lambierge dit \"Gazman\". Commandez directement en ligne sur arfolk.bzh, le label discographique breton.","breadcrumb":{"@id":"https:\/\/arfolk.bzh\/boutique\/erwan-hamon-janick-martin-les-ineffables-fantaisies-nocturnes-de-frederic-lambierge-dit-gazman\/#breadcrumb"},"inLanguage":"br-FR","potentialAction":[{"@type":"ReadAction","target":["https:\/\/arfolk.bzh\/boutique\/erwan-hamon-janick-martin-les-ineffables-fantaisies-nocturnes-de-frederic-lambierge-dit-gazman\/"]}]},{"@type":"ImageObject","inLanguage":"br-FR","@id":"https:\/\/arfolk.bzh\/boutique\/erwan-hamon-janick-martin-les-ineffables-fantaisies-nocturnes-de-frederic-lambierge-dit-gazman\/#primaryimage","url":"https:\/\/arfolk.bzh\/wp-content\/uploads\/2026\/05\/3770038066954_cover.webp","contentUrl":"https:\/\/arfolk.bzh\/wp-content\/uploads\/2026\/05\/3770038066954_cover.webp","width":1628,"height":1509,"caption":"3770038066954_cover"},{"@type":"BreadcrumbList","@id":"https:\/\/arfolk.bzh\/boutique\/erwan-hamon-janick-martin-les-ineffables-fantaisies-nocturnes-de-frederic-lambierge-dit-gazman\/#breadcrumb","itemListElement":[{"@type":"ListItem","position":1,"name":"Accueil","item":"https:\/\/arfolk.bzh\/"},{"@type":"ListItem","position":2,"name":"Boutique","item":"https:\/\/arfolk.bzh\/boutique\/"},{"@type":"ListItem","position":3,"name":"[PR\u00c9COMMANDE] Erwan Hamon &#038; Janick Martin &#8211; Les ineffables fantaisies nocturnes de Fr\u00e9d\u00e9ric Lambierge dit \u00ab\u00a0Gazman\u00a0\u00bb"}]},{"@type":"WebSite","@id":"https:\/\/arfolk.bzh\/#website","url":"https:\/\/arfolk.bzh\/","name":"Arfolk","description":"Label discographique sp\u00e9cialis\u00e9 dans la musique bretonne","publisher":{"@id":"https:\/\/arfolk.bzh\/#organization"},"potentialAction":[{"@type":"SearchAction","target":{"@type":"EntryPoint","urlTemplate":"https:\/\/arfolk.bzh\/?s={search_term_string}"},"query-input":{"@type":"PropertyValueSpecification","valueRequired":true,"valueName":"search_term_string"}}],"inLanguage":"br-FR"},{"@type":"Organization","@id":"https:\/\/arfolk.bzh\/#organization","name":"Arfolk","alternateName":"Le label de la musique bretonne","url":"https:\/\/arfolk.bzh\/","logo":{"@type":"ImageObject","inLanguage":"br-FR","@id":"https:\/\/arfolk.bzh\/#\/schema\/logo\/image\/","url":"https:\/\/arfolk.bzh\/wp-content\/uploads\/2023\/11\/cropped-logo-label-de-musique-breton-arfolf-vignette.webp","contentUrl":"https:\/\/arfolk.bzh\/wp-content\/uploads\/2023\/11\/cropped-logo-label-de-musique-breton-arfolf-vignette.webp","width":512,"height":512,"caption":"Arfolk"},"image":{"@id":"https:\/\/arfolk.bzh\/#\/schema\/logo\/image\/"},"sameAs":["https:\/\/www.facebook.com\/Arfolkmusik","https:\/\/www.instagram.com\/arfolkmusik\/"]}]}},"jetpack_sharing_enabled":true,"_links":{"self":[{"href":"https:\/\/arfolk.bzh\/br\/wp-json\/wp\/v2\/product\/6230","targetHints":{"allow":["GET"]}}],"collection":[{"href":"https:\/\/arfolk.bzh\/br\/wp-json\/wp\/v2\/product"}],"about":[{"href":"https:\/\/arfolk.bzh\/br\/wp-json\/wp\/v2\/types\/product"}],"wp:featuredmedia":[{"embeddable":true,"href":"https:\/\/arfolk.bzh\/br\/wp-json\/wp\/v2\/media\/6224"}],"wp:attachment":[{"href":"https:\/\/arfolk.bzh\/br\/wp-json\/wp\/v2\/media?parent=6230"}],"wp:term":[{"taxonomy":"product_brand","embeddable":true,"href":"https:\/\/arfolk.bzh\/br\/wp-json\/wp\/v2\/product_brand?post=6230"},{"taxonomy":"product_cat","embeddable":true,"href":"https:\/\/arfolk.bzh\/br\/wp-json\/wp\/v2\/false?post=6230"},{"taxonomy":"product_tag","embeddable":true,"href":"https:\/\/arfolk.bzh\/br\/wp-json\/wp\/v2\/product_tag?post=6230"},{"taxonomy":"disponible_a_la_vente","embeddable":true,"href":"https:\/\/arfolk.bzh\/br\/wp-json\/wp\/v2\/disponible_a_la_vente?post=6230"},{"taxonomy":"langue","embeddable":true,"href":"https:\/\/arfolk.bzh\/br\/wp-json\/wp\/v2\/langue?post=6230"},{"taxonomy":"style","embeddable":true,"href":"https:\/\/arfolk.bzh\/br\/wp-json\/wp\/v2\/style?post=6230"},{"taxonomy":"supports","embeddable":true,"href":"https:\/\/arfolk.bzh\/br\/wp-json\/wp\/v2\/supports?post=6230"}],"curies":[{"name":"wp","href":"https:\/\/api.w.org\/{rel}","templated":true}]}}