{"id":586,"date":"2023-03-09T14:42:28","date_gmt":"2023-03-09T13:42:28","guid":{"rendered":"https:\/\/arfolk.bzh\/?page_id=586"},"modified":"2025-02-19T17:41:03","modified_gmt":"2025-02-19T16:41:03","slug":"mentions-legales","status":"publish","type":"page","link":"https:\/\/arfolk.bzh\/en\/mentions-legales\/","title":{"rendered":"CGV &#038; Mentions l\u00e9gales"},"content":{"rendered":"<p>[et_pb_section fb_built=\u00a0\u00bb1&Prime; _builder_version=\u00a0\u00bb4.27.4&Prime; _module_preset=\u00a0\u00bbdefault\u00a0\u00bb hover_enabled=\u00a0\u00bb0&Prime; global_colors_info=\u00a0\u00bb{}\u00a0\u00bb sticky_enabled=\u00a0\u00bb0&Prime;][et_pb_row _builder_version=\u00a0\u00bb4.24.0&Prime; _module_preset=\u00a0\u00bbdefault\u00a0\u00bb hover_enabled=\u00a0\u00bb0&Prime; global_colors_info=\u00a0\u00bb{}\u00a0\u00bb sticky_enabled=\u00a0\u00bb0&Prime;][et_pb_column type=\u00a0\u00bb4_4&Prime; _builder_version=\u00a0\u00bb4.24.0&Prime; _module_preset=\u00a0\u00bbdefault\u00a0\u00bb global_colors_info=\u00a0\u00bb{}\u00a0\u00bb][et_pb_text _builder_version=\u00a0\u00bb4.27.4&Prime; _module_preset=\u00a0\u00bbdefault\u00a0\u00bb header_3_font_size=\u00a0\u00bb25px\u00a0\u00bb hover_enabled=\u00a0\u00bb0&Prime; header_3_font_size_tablet=\u00a0\u00bb24px\u00a0\u00bb header_3_font_size_phone=\u00a0\u00bb22px\u00a0\u00bb header_3_font_size_last_edited=\u00a0\u00bbon|phone\u00a0\u00bb global_colors_info=\u00a0\u00bb{}\u00a0\u00bb link_text_color__hover_enabled=\u00a0\u00bbon|desktop\u00a0\u00bb link_letter_spacing__hover_enabled=\u00a0\u00bbon|hover\u00a0\u00bb link_letter_spacing__hover=\u00a0\u00bb0px\u00a0\u00bb link_text_color__hover=\u00a0\u00bb#6d6d6d\u00a0\u00bb sticky_enabled=\u00a0\u00bb0&Prime;]<\/p>\n<h1>\u00a0Mentions l\u00e9gales &amp; CGV Boutik<\/h1>\n<p>MENTIONS LEGALES<\/p>\n<div class=\"et_pb_module et_pb_text et_pb_text_0 et_pb_text_align_left et_pb_bg_layout_light\">\n<div class=\"et_pb_text_inner\">\n<div class=\"et_pb_module et_pb_text et_pb_text_0 et_pb_text_align_left et_pb_bg_layout_light\">\n<div class=\"et_pb_text_inner\">\n<h3>1.INFORMATIONS G\u00c9N\u00c9RALES :<\/h3>\n<p>Le site internet<a href=\"https:\/\/arfolk.bzh\/\"> arfolk.bzh <\/a>est administr\u00e9 par la SAS ARFOLK, Entreprise immatricul\u00e9e au RCS de Saint-Brieuc B sous le num\u00e9ro de SIREN 914 683 305<br \/>N\u00b0SIRET : 91468330500017<br \/>TVA Intracommunautaire: FR49914683305<br \/><span style=\"font-size: 15px;\">Convention collective\u00a0 : <\/span><span style=\"font-size: 15px;\">\u00c9dition phonographique (<\/span><span class=\"copyNumber__copy\" style=\"font-size: 15px;\">2770<\/span><span style=\"font-size: 15px;\">)<br \/>Capital social: 50,00\u20ac<br \/><\/span>Si\u00e8ge social :\u00a010 rue des halles, 22570 Gouarec<br \/>Responsable de la publication : Romain Sponnagel<br \/>Contact :\u00a0<a href=\"\/contact\/\">Envoyer un message<\/a><\/p>\n<\/div>\n<\/div>\n<div class=\"et_pb_module et_pb_text et_pb_text_1 et_pb_text_align_left et_pb_bg_layout_light\">\n<div class=\"et_pb_text_inner\">\n<h3>2.H\u00c9BERGEMENT DU SITE<\/h3>\n<p>Ce site est h\u00e9berg\u00e9 par\u00a0<a href=\"https:\/\/www.ovh.com\/\" target=\"_blank\" rel=\"noopener\">OVH<\/a><br \/>SAS au capital de 10\u00a0059\u00a0500\u00a0\u20ac<br \/>RCS Lille M\u00e9tropole 424 761 419 00045<br \/>Code APE 6202A<br \/>N\u00b0 TVA : FR 22 424 761 419<br \/>Si\u00e8ge social : 2 rue Kellermann \u2013 59100 Roubaix \u2013 France.<\/p>\n<h3>3.CR\u00c9ATION \u2013 D\u00c9VELOPPEMENT DU SITE<\/h3>\n<p>Conception, r\u00e9alisation et d\u00e9veloppement par l\u2019<a href=\"https:\/\/breizh-tandem.bzh\/\" target=\"_blank\" rel=\"noopener\">Agence web Breizh tandem \u00e0 Pontivy et Quimper<\/a>.<br \/>Breizh tandem immatricul\u00e9e au RCS de Lorient sous le num\u00e9ro 903 297 257<br \/>Forme juridique : Soci\u00e9t\u00e9 par actions simplifi\u00e9es<br \/>Capital social : 5 000.00 \u20ac<br \/>Si\u00e8ge social : 41 rue Jacqueline de Romilly, 56300 Pontivy<br \/>TVA intracommunautaire : FR 67903297257<br \/>Siret : 90329725700029<br \/>APE : 7021Z<\/p>\n<h3>4.CR\u00c9DITS PHOTOS ET VID\u00c9OS<\/h3>\n<p>Arfolk, <a href=\"https:\/\/fr.freepik.com\/\" target=\"_blank\" rel=\"noopener\">freepik<\/a><\/p>\n<h3>5.CONTACT<\/h3>\n<p>Pour nous contacter, vous pouvez le faire via\u00a0<a href=\"\/contact\/\">ce formulaire<\/a>.<\/p>\n<h3>6.R\u00c8GLEMENT ET CONDITIONS D\u2019UTILISATION<\/h3>\n<p>L\u2019utilisation du site internet\u00a0est r\u00e9gie par les mentions l\u00e9gales, dont les conditions g\u00e9n\u00e9rales. L\u2019utilisateur d\u00e9clare avoir pris connaissance et avoir accept\u00e9 express\u00e9ment et de mani\u00e8re inconditionnelle les mentions l\u00e9gales en vigueur au jour de l\u2019acc\u00e8s au site internet.<\/p>\n<p>L\u2019utilisateur s\u2019interdit dans le cadre de l\u2019utilisation du site internet de se livrer \u00e0 des actes, de quelque nature que ce soit, qui seraient contraires \u00e0 la loi fran\u00e7aise ou qui porteraient atteinte \u00e0 l\u2019ordre public ou aux droits d\u2019un tiers. Tout litige sera de la comp\u00e9tence exclusive des tribunaux fran\u00e7ais et notamment trait\u00e9s dans les tribunaux les plus proches, en distance kilom\u00e9trique \u00e0 parcourir en automobile.<\/p>\n<h3>7.CONTREFA\u00c7ON<\/h3>\n<p>Toute reproduction, utilisation ou repr\u00e9sentation du site<a href=\"https:\/\/laiglon-pontivy.com\/\">,<\/a> en tout ou partie, \u00e0 d\u2019autres fins sur un quelconque support est interdite. Le non-respect de cette interdiction constitue une contrefa\u00e7on pouvant engager la responsabilit\u00e9 civile et p\u00e9nale du contrefacteur.<\/p>\n<h3>8.RESPONSABILIT\u00c9<\/h3>\n<p>Nous n\u2019avons aucune obligation de moyens ni de r\u00e9sultats pour toutes les \u00e9tapes et fonctionnalit\u00e9s du site.\u00a0Notre responsabilit\u00e9 ne saurait \u00eatre engag\u00e9e pour tout inconv\u00e9nient ou dommage inh\u00e9rent \u00e0 l\u2019utilisation du r\u00e9seau internet, notamment une rupture du service, de bug, une intrusion ext\u00e9rieure ou la pr\u00e9sence de virus informatique, ou de tout fait qualifi\u00e9 de force majeure, conform\u00e9ment \u00e0 la jurisprudence.<\/p>\n<p>&nbsp;<\/p>\n<h1><strong>CGV: CONDITIONS GENERALES DE VENTES<\/strong><\/h1>\n<p>&nbsp;<\/p>\n<p><strong>Article 1- Champ d&rsquo;application<\/strong><\/p>\n<p>En cas de commande en provenance d\u2019un pays autre que la France m\u00e9tropolitaine, le client est l\u2019importateur des produits concern\u00e9s.<\/p>\n<p>Pour tous les produits exp\u00e9di\u00e9s hors CEE et DOM-TOM, des droits de douane et autres taxes locales sont susceptibles d\u2019\u00eatre exigibles. Ces droits ne sont pas du ressort d\u2019ARFOLK. Ils seront \u00e0 la charge exclusive du client \u00e0 qui il est conseill\u00e9 de se renseigner sur ces aspects avant toute commande.<\/p>\n<p>Les pr\u00e9sentes conditions g\u00e9n\u00e9rales de vente sont modifiables \u00e0 tout moment sous r\u00e9serve de faire appara\u00eetre ces modifications sur le site.<\/p>\n<p><strong>Article 2 &#8211; Prix<\/strong><\/p>\n<p>Les prix des produits sont indiqu\u00e9s en Euros toutes taxes comprises hors participation aux frais de traitement et d&rsquo;exp\u00e9dition pour les envois en Zone Europe.<br \/>Pour les envois hors Union Europ\u00e9enne et DOM, TOM, les prix sont indiqu\u00e9s en Euros Hors Taxes. La TVA Locale et les frais d\u2019importation vous seront demand\u00e9s par le transporteur pour la remise de votre colis.<\/p>\n<p>ARFOLK se r\u00e9serve le droit de modifier ses prix \u00e0 tout moment mais les produits seront factur\u00e9s sur la base des tarifs en vigueur au moment o\u00f9 la commande est enregistr\u00e9e sous r\u00e9serve de disponibilit\u00e9.<\/p>\n<p><strong>Article 3 &#8211; Commande<\/strong><\/p>\n<p>Il appartient au client de s\u00e9lectionner sur le site les produits qu\u2019il d\u00e9sire commander. Le paiement est effectu\u00e9 en ligne par carte bancaire, ou par paypal. La commande fait l\u2019objet d\u2019une confirmation par mail pr\u00e9cisant, les r\u00e9f\u00e9rences command\u00e9es, le montant de la commande et l\u2019adresse de livraison.<br \/>La commande sera exp\u00e9di\u00e9e au plus tard dans les 10 jours suivant la r\u00e9ception du r\u00e8glement.<\/p>\n<p><strong>Article 4 &#8211; Acceptation des conditions g\u00e9n\u00e9rales de vente<\/strong><\/p>\n<p>Le client d\u00e9clare avoir pris connaissance et accept\u00e9 les pr\u00e9sentes conditions g\u00e9n\u00e9rales de vente avant passation de sa commande. La validation de la commande vaut donc acceptation des conditions g\u00e9n\u00e9rales de vente. Sauf preuve contraire, les donn\u00e9es enregistr\u00e9es par ARFOLK constituent la preuve de la transaction.<\/p>\n<p><strong>Article 5 &#8211; Disponibilit\u00e9<\/strong><\/p>\n<p>Les offres de produits et prix sont valables tant qu&rsquo;ils sont visibles sur le site, dans la limite des stocks disponibles.<br \/>En cas d&rsquo;indisponibilit\u00e9 du produit apr\u00e8s passation de commande, le client est inform\u00e9 par mail dans les meilleurs d\u00e9lais. Seuls les articles exp\u00e9di\u00e9s vous seront alors d\u00e9bit\u00e9s.<\/p>\n<p><strong>Article 6 &#8211; Livraison<\/strong><\/p>\n<p>Les produits sont livr\u00e9s \u00e0 l&rsquo;adresse de livraison indiqu\u00e9e par le client au cours du processus de passation de commande. Le d\u00e9lai de livraison comprend le temps de pr\u00e9paration du colis et le temps d&rsquo;acheminement.<br \/>La commande ne sera trait\u00e9e qu&rsquo;apr\u00e8s confirmation du r\u00e8glement.<\/p>\n<p>En cas de retard de livraison, le client a possibilit\u00e9 d\u2019annuler la commande.<\/p>\n<p>Le client a la possibilit\u00e9 de consulter r\u00e9guli\u00e8rement le suivi de sa commande et de contacter le service client\u00e8le pour toute question au Service commercial Arfolk 07 49 58 41 50.<\/p>\n<p><strong>Article 7 &#8211; Frais de port<\/strong><\/p>\n<p>Les frais de port sont g\u00e9n\u00e9r\u00e9s automatiquement en cours de processus de commande. ARFOLK applique des tarifs de port diff\u00e9renci\u00e9s en fonction du montant de la commande, de la zone g\u00e9ographique de livraison et du mode de transport.<br \/>Le montant du port figure sur la confirmation de commande.<\/p>\n<p>Ces frais comprennent une participation aux frais de pr\u00e9paration et d&#8217;emballage + les co\u00fbts d&rsquo;affranchissement + les co\u00fbts de transport. Les frais de port sont dus \u00e0 chaque commande pass\u00e9e.<\/p>\n<p><strong>Article 8 &#8211; Paiement<\/strong><\/p>\n<p>Pour le paiement en ligne, il convient de suivre le processus de passation de commande d\u00e9roul\u00e9 sur le site.<\/p>\n<p>Les transactions sont effectu\u00e9es dans un environnement s\u00e9curis\u00e9 aux normes SSL.<\/p>\n<p>Article 9 &#8211; Transfert de propri\u00e9t\u00e9, transfert de risques.<\/p>\n<p>Le transfert de propri\u00e9t\u00e9 et le transfert de risques s\u2019effectuent d\u00e8s la livraison de la marchandise pr\u00e9alablement pay\u00e9e. Les marchandises doivent \u00eatre contr\u00f4l\u00e9es par le client lors de la livraison. Les r\u00e9serves \u00e9ventuelles sont port\u00e9es sur le bordereau de livraison pr\u00e9sent\u00e9 par le transporteur ou peuvent \u00eatre adress\u00e9es au service commercial d\u2019ARFOLK dans un d\u00e9lai de 72 heures.<\/p>\n<p>En cas de d\u00e9fectuosit\u00e9, les frais de retour sont \u00e0 la charge d\u2019ARFOLK. L\u2019article d\u00e9fectueux sera soit \u00e9chang\u00e9 soit rembours\u00e9.<\/p>\n<p><strong>Article 10 &#8211; Droit de r\u00e9tractation.<\/strong><\/p>\n<p>Article 10.1 Cas g\u00e9n\u00e9ral<\/p>\n<p>Le client dispose d\u2019un d\u00e9lai de 15 jours, \u00e0 compter de la r\u00e9ception de sa commande, pour informer ARFOLK de son souhait de retourner tout ou partie de sa commande. Pass\u00e9 ce d\u00e9lai, la commande sera consid\u00e9r\u00e9e comme ferme et d\u00e9finitive.<\/p>\n<p>Pour informer ARFOLK de son souhait de se r\u00e9tracter de tout ou partie de sa commande, le client peut\u00a0:<\/p>\n<ul>\n<li>Contacter notre service client par courrier (ARFOLK SERVICE CLIENT<span class=\"Apple-converted-space\">\u00a0 <\/span>10 RUE DES HALLES 22570 GOUAREC)<span class=\"Apple-converted-space\">\u00a0<\/span><\/li>\n<li>Par email \u00e0 urzhiad@arfolk.bzh en exprimant de fa\u00e7on claire et non ambig\u00fce son souhait de se r\u00e9tracter de tout ou partie de sa commande.<\/li>\n<\/ul>\n<p>Le client dispose ensuite d\u2019un d\u00e9lai de 14 jours \u00e0 compter de la prise en compte de sa demande de retour par ARFOLK, mat\u00e9rialis\u00e9e par un bon de retour, pour retourner sa marchandise \u00e0 ARFOLK Pass\u00e9 ce d\u00e9lai, la demande de retour sera annul\u00e9e, et la commande initiale sera consid\u00e9r\u00e9e comme ferme et d\u00e9finitive.<\/p>\n<p>Les articles doivent nous \u00eatre retourn\u00e9s dans leur emballage et dans leur \u00e9tat d\u2019origine.<span class=\"Apple-converted-space\">\u00a0<\/span><\/p>\n<p>Le retour, jug\u00e9 conforme par ARFOLK de l\u2019ensemble des produits command\u00e9s, donnera lieu \u00e0 l\u2019\u00e9mission d\u2019un avoir par ARFOLK correspondant \u00e0\u00a0la totalit\u00e9 des sommes vers\u00e9es par le client, c\u2019est-\u00e0-dire\u00a0:<\/p>\n<ul>\n<li>Valeur de la marchandise pay\u00e9e par le client<\/li>\n<li>+ Frais \u00e9ventuels de livraison<\/li>\n<\/ul>\n<p>Dans le cas d\u2019un retour, jug\u00e9 conforme par ARFOLK, d\u2019une partie des produits command\u00e9s, ARFOLK \u00e9mettra un avoir correspondant \u00e0\u00a0:<\/p>\n<ul>\n<li>Valeur de la marchandise retourn\u00e9e, pay\u00e9e par le client<\/li>\n<\/ul>\n<p>A noter que les bons de r\u00e9duction et codes promotionnels n&rsquo;ouvrent droit \u00e0 aucun avoir.<\/p>\n<p>Cet avoir donnera lieu \u00e0 un remboursement via le moyen de paiement utilis\u00e9 lors de la commande initiale (CB, ch\u00e8que\u2026)<\/p>\n<p>Les remboursements seront effectu\u00e9s dans un d\u00e9lai maximal de 20 jours apr\u00e8s r\u00e9ception du colis de retour par ARFOLK.<\/p>\n<p>Les retours sont gratuits\u00a0(lors de la demande de retour, une \u00e9tiquette est cr\u00e9\u00e9e pour le client) pour les clients ayant command\u00e9 depuis l&rsquo;un des pays suivants : France M\u00e9tropolitaine, Allemagne, Belgique, Espagne et Luxembourg. Si le client a command\u00e9 depuis un autre pays, les frais de retour sont \u00e0 sa charge.<\/p>\n<p><strong>Article 11 &#8211; Garanties.<\/strong><\/p>\n<p>Les Produits sont fabriqu\u00e9s et distribu\u00e9s en conformit\u00e9 \u00e0 la l\u00e9gislation fran\u00e7aise en vigueur. Si malgr\u00e9 toutes les pr\u00e9cautions, un Article \u00e9tait livr\u00e9 ab\u00eem\u00e9, dans une taille ou un coloris non conforme, le client peut contacter le service client.<\/p>\n<p>La proc\u00e9dure d\u00e9crite ci-dessus \u00e0 l\u2019article 10.1 concernant le droit de r\u00e9tractation est applicable.<\/p>\n<p>Les produits sont couverts par la garantie l\u00e9gale de conformit\u00e9\u00a0 et ARFOLK est tenue des d\u00e9fauts de conformit\u00e9 du bien concern\u00e9 dans les conditions des articles L217-4\u00a0 \u00e0 L217-12 du Code de la Consommation et des d\u00e9fauts cach\u00e9s de la chose vendue dans les conditions des articles 1641 \u00e0 1648 et 2232 du Code civil.<\/p>\n<p>Lorsque le consommateur agit en garantie l\u00e9gale de conformit\u00e9 :<\/p>\n<ul>\n<li>&#8211; il b\u00e9n\u00e9ficie d&rsquo;un d\u00e9lai de deux ans \u00e0 compter de la d\u00e9livrance du bien pour agir ;<\/li>\n<li>&#8211; il peut choisir entre la r\u00e9paration ou le remplacement du bien, sous r\u00e9serve des conditions de co\u00fbt pr\u00e9vues par l&rsquo;article\u00a0 L. 217-9 du code de la consommation ;<\/li>\n<li>&#8211; il est dispens\u00e9 de rapporter la preuve de l&rsquo;existence du d\u00e9faut de conformit\u00e9 du bien durant les vingt-quatre mois suivant la livraison, sauf pour les biens d&rsquo;occasion.<\/li>\n<\/ul>\n<p>La garantie l\u00e9gale de conformit\u00e9 s&rsquo;applique ind\u00e9pendamment de toute garantie commerciale \u00e9ventuellement consentie.<br \/>Il est rappel\u00e9 que le consommateur peut d\u00e9cider de mettre en \u0153uvre la garantie contre les d\u00e9fauts cach\u00e9s de la chose vendue au sens de l&rsquo;article 1641 du code civil et que dans cette hypoth\u00e8se, il peut choisir entre la r\u00e9solution de la vente ou une r\u00e9duction du prix de vente conform\u00e9ment \u00e0 l&rsquo;article 1644 du code civil.<\/p>\n<p>Pour plus de d\u00e9tails sur les textes applicables, ils sont reproduits en fin des Conditions G\u00e9n\u00e9rales de Vente<\/p>\n<p><strong>Article 12 &#8211; Droit Applicable &#8211; Litiges<\/strong><\/p>\n<p>Pour toute r\u00e9clamation, le client doit prendre contact avec le Service Client ARFOLK, au 07 49 58 41 50 afin de solliciter un r\u00e8glement \u00e0 l&rsquo;amiable.<\/p>\n<p>Conform\u00e9ment aux dispositions du Code de la Consommation concernant le r\u00e8glement amiable des litiges, ARFOLK adh\u00e8re au service de m\u00e9diation du Centre de M\u00e9diation de la Consommation de Conciliateurs justice (CM2C) dont les coordonn\u00e9es sont les suivantes : 14 rue Saint-Jean &#8211; 75017 Paris.<\/p>\n<p>Apr\u00e8s une d\u00e9marche pr\u00e9alable \u00e9crite au professionnel, le CM2C peut \u00eatre saisi soit :<br \/>\u2022 En ligne, en cliquant sur le lien suivant : https:\/\/www.cm2c.net\/declarer-un-litige.php et en remplissant le formulaire accompagn\u00e9 des pi\u00e8ces justificatives,<br \/>\u2022 Par courrier, \u00e0 l\u2019adresse indiqu\u00e9e ci-dessus,<br \/>\u2022 Par mail \u00e0 l\u2019adresse suivante : cm2c@cm2c.net.<\/p>\n<p>En outre, la Commission Europ\u00e9enne a mis en place une plateforme de r\u00e9solution des litiges destin\u00e9e \u00e0 recueillir les \u00e9ventuelles r\u00e9clamations de consommateurs faisant suite \u00e0 un achat en ligne afin de les transmettre ensuite aux m\u00e9diateurs nationaux comp\u00e9tents. Cette plateforme est accessible en cliquant sur le lien suivant : http:\/\/ec.europa.eu\/consumers\/odr\/<\/p>\n<p>Les pr\u00e9sentes conditions g\u00e9n\u00e9rales de vente sont soumises \u00e0 la loi fran\u00e7aise. En cas de litige, seuls les tribunaux fran\u00e7ais sont comp\u00e9tents.<\/p>\n<p><strong>Article 13 &#8211; Donn\u00e9es personnelles<\/strong><\/p>\n<p>En application du R\u00e8glement G\u00e9n\u00e9ral sur la Protection des Donn\u00e9es entr\u00e9 en vigueur le 25 mai 2018, ARFOLK a \u00e9tabli une charte pour la protection des donn\u00e9es personnelles. Cette charte figure sur le site internet dans un onglet sp\u00e9cifique consultable par\u00a0 les clients.<\/p>\n<p>Les donn\u00e9es personnelles sont utilis\u00e9es pour les traitements suivants, r\u00e9alis\u00e9s directement par ARFOLK<\/p>\n<ul>\n<li>G\u00e9rer le compte client, le panier et les commandes<\/li>\n<li>G\u00e9rer les livraisons et le suivi de commande<\/li>\n<li>Fournir un contenu publicitaire personnalis\u00e9<\/li>\n<li>Am\u00e9liorer le service client<\/li>\n<li>Contacter par e-mail<\/li>\n<li>Recueillir les avis<\/li>\n<li>Administrer des concours, des promotions, ou des enqu\u00eates<\/li>\n<\/ul>\n<p>Les donn\u00e9es des clients sont conserv\u00e9es\u00a03 ans apr\u00e8s le dernier achat.<\/p>\n<p>Chacun a\u00a0 <a href=\"https:\/\/www.armorlux.com\/fr\/content\/105-politique-de-confidentialite\">le droit de demander l&rsquo;acc\u00e8s aux donn\u00e9es \u00e0 caract\u00e8re personnel, la rectification ou l&rsquo;effacement de celles-ci, ou une limitation du traitement ou de s\u2019opposer au traitement et a le droit \u00e0 la portabilit\u00e9 des donn\u00e9es.<\/a><\/p>\n<p>Pour en savoir plus sur la politique de confidentialit\u00e9 d\u2019ARFOLK, le Client est invit\u00e9 \u00e0 consulter la page du Site \u00ab\u00a0Politique de confidentialit\u00e9<a href=\"https:\/\/www.armorlux.com\/fr\/content\/105-politique-de-confidentialite\">\u00a0<\/a>\u00bb<\/p>\n<p>En application du R\u00e8glement G\u00e9n\u00e9ral sur la Protection des Donn\u00e9es entr\u00e9 en vigueur le 25 mai 2018, ARFOLK a \u00e9tabli une charte pour la protection des donn\u00e9es personnelles. Cette charte figure sur le site internet dans un onglet sp\u00e9cifique consultable par les clients.<\/p>\n<p>Fait \u00e0 Gouarec, le\u00a003\u00a0d\u00e9cembre\u00a02024<\/p>\n<\/div>\n<\/div>\n<\/div>\n<\/div>\n<p>[\/et_pb_text][\/et_pb_column][\/et_pb_row][\/et_pb_section]<\/p>\n","protected":false},"excerpt":{"rendered":"<p>\u00a0Mentions l\u00e9gales &amp; CGV Boutik MENTIONS LEGALES 1.INFORMATIONS G\u00c9N\u00c9RALES : Le site internet arfolk.bzh est administr\u00e9 par la SAS ARFOLK, Entreprise immatricul\u00e9e au RCS de Saint-Brieuc B sous le num\u00e9ro de SIREN 914 683 305N\u00b0SIRET : 91468330500017TVA Intracommunautaire: FR49914683305Convention collective\u00a0 : \u00c9dition phonographique (2770)Capital social: 50,00\u20acSi\u00e8ge social :\u00a010 rue des halles, 22570 GouarecResponsable de la [&hellip;]<\/p>\n","protected":false},"author":1,"featured_media":0,"parent":0,"menu_order":26,"comment_status":"closed","ping_status":"closed","template":"","meta":{"_acf_changed":false,"_et_pb_use_builder":"on","_et_pb_old_content":"<!-- wp:divi\/placeholder \/-->","_et_gb_content_width":"","footnotes":""},"class_list":["post-586","page","type-page","status-publish","hentry"],"acf":[],"yoast_head":"<!-- This site is optimized with the Yoast SEO Premium plugin v24.0 (Yoast SEO v27.3) - https:\/\/yoast.com\/product\/yoast-seo-premium-wordpress\/ -->\n<title>CGV &amp; Mentions l\u00e9gales - Arfolk<\/title>\n<meta name=\"robots\" content=\"index, follow, max-snippet:-1, max-image-preview:large, max-video-preview:-1\" \/>\n<link rel=\"canonical\" href=\"https:\/\/arfolk.bzh\/en\/mentions-legales\/\" \/>\n<script type=\"application\/ld+json\" class=\"yoast-schema-graph\">{\"@context\":\"https:\\\/\\\/schema.org\",\"@graph\":[{\"@type\":\"WebPage\",\"@id\":\"https:\\\/\\\/arfolk.bzh\\\/mentions-legales\\\/\",\"url\":\"https:\\\/\\\/arfolk.bzh\\\/mentions-legales\\\/\",\"name\":\"CGV & Mentions l\u00e9gales - Arfolk\",\"isPartOf\":{\"@id\":\"https:\\\/\\\/arfolk.bzh\\\/#website\"},\"datePublished\":\"2023-03-09T13:42:28+00:00\",\"dateModified\":\"2025-02-19T16:41:03+00:00\",\"breadcrumb\":{\"@id\":\"https:\\\/\\\/arfolk.bzh\\\/mentions-legales\\\/#breadcrumb\"},\"inLanguage\":\"en-US\",\"potentialAction\":[{\"@type\":\"ReadAction\",\"target\":[\"https:\\\/\\\/arfolk.bzh\\\/mentions-legales\\\/\"]}]},{\"@type\":\"BreadcrumbList\",\"@id\":\"https:\\\/\\\/arfolk.bzh\\\/mentions-legales\\\/#breadcrumb\",\"itemListElement\":[{\"@type\":\"ListItem\",\"position\":1,\"name\":\"Accueil\",\"item\":\"https:\\\/\\\/arfolk.bzh\\\/\"},{\"@type\":\"ListItem\",\"position\":2,\"name\":\"CGV &#038; Mentions l\u00e9gales\"}]},{\"@type\":\"WebSite\",\"@id\":\"https:\\\/\\\/arfolk.bzh\\\/#website\",\"url\":\"https:\\\/\\\/arfolk.bzh\\\/\",\"name\":\"Arfolk\",\"description\":\"Label discographique sp\u00e9cialis\u00e9 dans la musique bretonne\",\"publisher\":{\"@id\":\"https:\\\/\\\/arfolk.bzh\\\/#organization\"},\"potentialAction\":[{\"@type\":\"SearchAction\",\"target\":{\"@type\":\"EntryPoint\",\"urlTemplate\":\"https:\\\/\\\/arfolk.bzh\\\/?s={search_term_string}\"},\"query-input\":{\"@type\":\"PropertyValueSpecification\",\"valueRequired\":true,\"valueName\":\"search_term_string\"}}],\"inLanguage\":\"en-US\"},{\"@type\":\"Organization\",\"@id\":\"https:\\\/\\\/arfolk.bzh\\\/#organization\",\"name\":\"Arfolk\",\"alternateName\":\"Le label de la musique bretonne\",\"url\":\"https:\\\/\\\/arfolk.bzh\\\/\",\"logo\":{\"@type\":\"ImageObject\",\"inLanguage\":\"en-US\",\"@id\":\"https:\\\/\\\/arfolk.bzh\\\/#\\\/schema\\\/logo\\\/image\\\/\",\"url\":\"https:\\\/\\\/arfolk.bzh\\\/wp-content\\\/uploads\\\/2023\\\/11\\\/cropped-logo-label-de-musique-breton-arfolf-vignette.webp\",\"contentUrl\":\"https:\\\/\\\/arfolk.bzh\\\/wp-content\\\/uploads\\\/2023\\\/11\\\/cropped-logo-label-de-musique-breton-arfolf-vignette.webp\",\"width\":512,\"height\":512,\"caption\":\"Arfolk\"},\"image\":{\"@id\":\"https:\\\/\\\/arfolk.bzh\\\/#\\\/schema\\\/logo\\\/image\\\/\"},\"sameAs\":[\"https:\\\/\\\/www.facebook.com\\\/Arfolkmusik\",\"https:\\\/\\\/www.instagram.com\\\/arfolkmusik\\\/\"]}]}<\/script>\n<!-- \/ Yoast SEO Premium plugin. -->","yoast_head_json":{"title":"CGV & Mentions l\u00e9gales - Arfolk","robots":{"index":"index","follow":"follow","max-snippet":"max-snippet:-1","max-image-preview":"max-image-preview:large","max-video-preview":"max-video-preview:-1"},"canonical":"https:\/\/arfolk.bzh\/en\/mentions-legales\/","schema":{"@context":"https:\/\/schema.org","@graph":[{"@type":"WebPage","@id":"https:\/\/arfolk.bzh\/mentions-legales\/","url":"https:\/\/arfolk.bzh\/mentions-legales\/","name":"CGV & Mentions l\u00e9gales - Arfolk","isPartOf":{"@id":"https:\/\/arfolk.bzh\/#website"},"datePublished":"2023-03-09T13:42:28+00:00","dateModified":"2025-02-19T16:41:03+00:00","breadcrumb":{"@id":"https:\/\/arfolk.bzh\/mentions-legales\/#breadcrumb"},"inLanguage":"en-US","potentialAction":[{"@type":"ReadAction","target":["https:\/\/arfolk.bzh\/mentions-legales\/"]}]},{"@type":"BreadcrumbList","@id":"https:\/\/arfolk.bzh\/mentions-legales\/#breadcrumb","itemListElement":[{"@type":"ListItem","position":1,"name":"Accueil","item":"https:\/\/arfolk.bzh\/"},{"@type":"ListItem","position":2,"name":"CGV &#038; Mentions l\u00e9gales"}]},{"@type":"WebSite","@id":"https:\/\/arfolk.bzh\/#website","url":"https:\/\/arfolk.bzh\/","name":"Arfolk","description":"Label discographique sp\u00e9cialis\u00e9 dans la musique bretonne","publisher":{"@id":"https:\/\/arfolk.bzh\/#organization"},"potentialAction":[{"@type":"SearchAction","target":{"@type":"EntryPoint","urlTemplate":"https:\/\/arfolk.bzh\/?s={search_term_string}"},"query-input":{"@type":"PropertyValueSpecification","valueRequired":true,"valueName":"search_term_string"}}],"inLanguage":"en-US"},{"@type":"Organization","@id":"https:\/\/arfolk.bzh\/#organization","name":"Arfolk","alternateName":"Le label de la musique bretonne","url":"https:\/\/arfolk.bzh\/","logo":{"@type":"ImageObject","inLanguage":"en-US","@id":"https:\/\/arfolk.bzh\/#\/schema\/logo\/image\/","url":"https:\/\/arfolk.bzh\/wp-content\/uploads\/2023\/11\/cropped-logo-label-de-musique-breton-arfolf-vignette.webp","contentUrl":"https:\/\/arfolk.bzh\/wp-content\/uploads\/2023\/11\/cropped-logo-label-de-musique-breton-arfolf-vignette.webp","width":512,"height":512,"caption":"Arfolk"},"image":{"@id":"https:\/\/arfolk.bzh\/#\/schema\/logo\/image\/"},"sameAs":["https:\/\/www.facebook.com\/Arfolkmusik","https:\/\/www.instagram.com\/arfolkmusik\/"]}]}},"jetpack_sharing_enabled":true,"_links":{"self":[{"href":"https:\/\/arfolk.bzh\/en\/wp-json\/wp\/v2\/pages\/586","targetHints":{"allow":["GET"]}}],"collection":[{"href":"https:\/\/arfolk.bzh\/en\/wp-json\/wp\/v2\/pages"}],"about":[{"href":"https:\/\/arfolk.bzh\/en\/wp-json\/wp\/v2\/types\/page"}],"author":[{"embeddable":true,"href":"https:\/\/arfolk.bzh\/en\/wp-json\/wp\/v2\/users\/1"}],"replies":[{"embeddable":true,"href":"https:\/\/arfolk.bzh\/en\/wp-json\/wp\/v2\/comments?post=586"}],"version-history":[{"count":4,"href":"https:\/\/arfolk.bzh\/en\/wp-json\/wp\/v2\/pages\/586\/revisions"}],"predecessor-version":[{"id":3639,"href":"https:\/\/arfolk.bzh\/en\/wp-json\/wp\/v2\/pages\/586\/revisions\/3639"}],"wp:attachment":[{"href":"https:\/\/arfolk.bzh\/en\/wp-json\/wp\/v2\/media?parent=586"}],"curies":[{"name":"wp","href":"https:\/\/api.w.org\/{rel}","templated":true}]}}