{"id":1998,"date":"2023-11-15T21:10:44","date_gmt":"2023-11-15T20:10:44","guid":{"rendered":"https:\/\/arfolk.bzh\/?post_type=product&#038;p=1998"},"modified":"2025-12-11T10:17:55","modified_gmt":"2025-12-11T09:17:55","slug":"carlos-nunez-celtic-sea","status":"publish","type":"product","link":"https:\/\/arfolk.bzh\/en\/boutique\/carlos-nunez-celtic-sea\/","title":{"rendered":"Carlos N\u00fa\u00f1ez &#8211; Celtic Sea"},"content":{"rendered":"<p>D\u00e9couvrez dans la playliste officielle Bretagne :<\/p>\n<p>Apr\u00e8s de nombreuses collaborations internationales sur sc\u00e8ne ces derni\u00e8res ann\u00e9es (Des Chieftains \u00e0 Jordi Savall en passant par Gilles Servat), Carlos Nu\u00f1ez jette son ancre dans l\u2019oc\u00e9an celtique et nous propose un nouvel opus inspir\u00e9 des musiques celtes pass\u00e9es, actuelles et futures \u00e0 travers une symphonie compos\u00e9e en naviguant sur les routes maritimes de la Brittany Ferries, compagnie reine des mers celtes. L\u2019occasion de f\u00eater en musique le 50\u00e8me anniversaire de la compagnie maritime europ\u00e9enne qui partage avec Carlos Nu\u00f1ez leur date de naissance et la m\u00eame passion de l\u2019Ouest Europ\u00e9en. Une \u0153uvre universelle, g\u00e9n\u00e9reuse et bienveillante, inspir\u00e9e par l\u2019oc\u00e9an.<\/p>\n<p><iframe loading=\"lazy\" title=\"Carlos N\u00fa\u00f1ez - Celtic Sea\" width=\"1080\" height=\"608\" src=\"https:\/\/www.youtube.com\/embed\/videoseries?list=PLQMZD0e8YHDJIIUfx-E_7pepdxzcMLswK\"  allow=\"accelerometer; autoplay; clipboard-write; encrypted-media; gyroscope; picture-in-picture; web-share\" referrerpolicy=\"strict-origin-when-cross-origin\" allowfullscreen><\/iframe><\/p>\n<p>Les titres du CD de Carlos N\u00da\u00d1EZ &#8211; \u00ab\u00a0Celtic Sea\u00a0\u00bb :<\/p>\n<p>MARE BRITTANICUM (Hymne de Brittany Ferries).<br \/>\n01 &#8211; Intro &#8211; 00:46.<br \/>\n02 &#8211; March &#8211; 04:22.<br \/>\nCELTIC SEA (Symphony).<br \/>\n03 &#8211; I &#8211; Ar mor (Sea) &#8211; 05:05.<br \/>\n&#8211; Atlantic Lyres.<br \/>\n&#8211; Ap Huw (Wales).<br \/>\n&#8211; Pibroch (Scotland).<br \/>\n&#8211; The Sea Invocation (Isle of Man).<br \/>\nII &#8211; Le voyage.<br \/>\n04 &#8211; O&rsquo; Castro (Galicia) &#8211; 02:15.<br \/>\n05 &#8211; Land&rsquo;s End (Cornwall) &#8211; 01:57.<br \/>\n06 &#8211; Bay of Biscay (Basque Country) &#8211; 01:43.<br \/>\n07 &#8211; Xanas (Asturias) &#8211; 01:38.<br \/>\n08 &#8211; The Mountains of Santander (Cantabria) &#8211; 03:26.<br \/>\n09 &#8211; The Silver Way (Leon) &#8211; 03:35.<br \/>\n10 &#8211; Saint-Pol-de-L\u00e9on (Brittany) &#8211; 04:20.<br \/>\n11 &#8211; Gaels (Scotland) &#8211; 01:52.<br \/>\n12 &#8211; Glendalough (Ireland) &#8211; 03:28.<br \/>\n13 &#8211; Final &#8211; (04:48).<br \/>\n&#8211; Mont Saint-Michel (Normandy).<br \/>\n&#8211; Compostelle (Galicia).<br \/>\n&#8211; Finis Terrae.<br \/>\n14 &#8211; DIHUN &#8211; Le R\u00e9veil &#8211; 03:17.<\/p>\n<p>&nbsp;<\/p>\n<p>&nbsp;<\/p>","protected":false},"excerpt":{"rendered":"<p>Compos\u00e9 sur les lignes maritimes de Brittany Ferries, le nouvel album de Carlos N\u00da\u00d1EZ : Celtic Sea<\/p>\n<p>Listen \/ Ecoutez en streaming : <strong><a href=\"https:\/\/fanlink.tv\/CelticSea\">https:\/\/fanlink.tv\/CelticSea<\/a><\/strong><\/p>","protected":false},"featured_media":1296,"template":"","meta":{"_acf_changed":false,"_et_pb_use_builder":"","_et_pb_old_content":"","_et_gb_content_width":""},"product_brand":[],"false":[34],"product_tag":[],"disponible_a_la_vente":[38],"langue":[75],"style":[80,78],"supports":[86],"class_list":{"0":"post-1998","1":"product","2":"type-product","3":"status-publish","4":"has-post-thumbnail","6":"product_cat-carlos-nunez","7":"disponible_a_la_vente-disponible-a-la-vente","8":"langue-instrumental","9":"style-arfolk-klasik-jazz","10":"style-world-music","11":"supports-cd","13":"first","14":"instock","15":"taxable","16":"shipping-taxable","17":"purchasable","18":"product-type-simple"},"acf":[],"yoast_head":"<!-- This site is optimized with the Yoast SEO Premium plugin v24.0 (Yoast SEO v27.3) - https:\/\/yoast.com\/product\/yoast-seo-premium-wordpress\/ -->\n<title>Retrouvez l&#039;album de Carlos N\u00fa\u00f1ez - Celtic Sea<\/title>\n<meta name=\"description\" content=\"Retrouvez le nouvel album de Carlos N\u00fa\u00f1ez - Celtic Sea. Commandez directement en ligne sur arfolk.bzh, le label discographique breton.\" \/>\n<meta name=\"robots\" content=\"index, follow, max-snippet:-1, max-image-preview:large, max-video-preview:-1\" \/>\n<link rel=\"canonical\" href=\"https:\/\/arfolk.bzh\/en\/boutique\/carlos-nunez-celtic-sea\/\" \/>\n<script type=\"application\/ld+json\" class=\"yoast-schema-graph\">{\"@context\":\"https:\\\/\\\/schema.org\",\"@graph\":[{\"@type\":\"WebPage\",\"@id\":\"https:\\\/\\\/arfolk.bzh\\\/boutique\\\/carlos-nunez-celtic-sea\\\/\",\"url\":\"https:\\\/\\\/arfolk.bzh\\\/boutique\\\/carlos-nunez-celtic-sea\\\/\",\"name\":\"Retrouvez l'album de Carlos N\u00fa\u00f1ez - Celtic Sea\",\"isPartOf\":{\"@id\":\"https:\\\/\\\/arfolk.bzh\\\/#website\"},\"primaryImageOfPage\":{\"@id\":\"https:\\\/\\\/arfolk.bzh\\\/boutique\\\/carlos-nunez-celtic-sea\\\/#primaryimage\"},\"image\":{\"@id\":\"https:\\\/\\\/arfolk.bzh\\\/boutique\\\/carlos-nunez-celtic-sea\\\/#primaryimage\"},\"thumbnailUrl\":\"https:\\\/\\\/arfolk.bzh\\\/wp-content\\\/uploads\\\/2023\\\/12\\\/carlos-nunez-album-Celtic-Sea.webp\",\"datePublished\":\"2023-11-15T20:10:44+00:00\",\"dateModified\":\"2025-12-11T09:17:55+00:00\",\"description\":\"Retrouvez le nouvel album de Carlos N\u00fa\u00f1ez - Celtic Sea. Commandez directement en ligne sur arfolk.bzh, le label discographique breton.\",\"breadcrumb\":{\"@id\":\"https:\\\/\\\/arfolk.bzh\\\/boutique\\\/carlos-nunez-celtic-sea\\\/#breadcrumb\"},\"inLanguage\":\"en-US\",\"potentialAction\":[{\"@type\":\"ReadAction\",\"target\":[\"https:\\\/\\\/arfolk.bzh\\\/boutique\\\/carlos-nunez-celtic-sea\\\/\"]}]},{\"@type\":\"ImageObject\",\"inLanguage\":\"en-US\",\"@id\":\"https:\\\/\\\/arfolk.bzh\\\/boutique\\\/carlos-nunez-celtic-sea\\\/#primaryimage\",\"url\":\"https:\\\/\\\/arfolk.bzh\\\/wp-content\\\/uploads\\\/2023\\\/12\\\/carlos-nunez-album-Celtic-Sea.webp\",\"contentUrl\":\"https:\\\/\\\/arfolk.bzh\\\/wp-content\\\/uploads\\\/2023\\\/12\\\/carlos-nunez-album-Celtic-Sea.webp\",\"width\":300,\"height\":300,\"caption\":\"carlos nunez album Celtic Sea\"},{\"@type\":\"BreadcrumbList\",\"@id\":\"https:\\\/\\\/arfolk.bzh\\\/boutique\\\/carlos-nunez-celtic-sea\\\/#breadcrumb\",\"itemListElement\":[{\"@type\":\"ListItem\",\"position\":1,\"name\":\"Accueil\",\"item\":\"https:\\\/\\\/arfolk.bzh\\\/\"},{\"@type\":\"ListItem\",\"position\":2,\"name\":\"Boutique\",\"item\":\"https:\\\/\\\/arfolk.bzh\\\/boutique\\\/\"},{\"@type\":\"ListItem\",\"position\":3,\"name\":\"Carlos N\u00fa\u00f1ez &#8211; Celtic Sea\"}]},{\"@type\":\"WebSite\",\"@id\":\"https:\\\/\\\/arfolk.bzh\\\/#website\",\"url\":\"https:\\\/\\\/arfolk.bzh\\\/\",\"name\":\"Arfolk\",\"description\":\"Label discographique sp\u00e9cialis\u00e9 dans la musique bretonne\",\"publisher\":{\"@id\":\"https:\\\/\\\/arfolk.bzh\\\/#organization\"},\"potentialAction\":[{\"@type\":\"SearchAction\",\"target\":{\"@type\":\"EntryPoint\",\"urlTemplate\":\"https:\\\/\\\/arfolk.bzh\\\/?s={search_term_string}\"},\"query-input\":{\"@type\":\"PropertyValueSpecification\",\"valueRequired\":true,\"valueName\":\"search_term_string\"}}],\"inLanguage\":\"en-US\"},{\"@type\":\"Organization\",\"@id\":\"https:\\\/\\\/arfolk.bzh\\\/#organization\",\"name\":\"Arfolk\",\"alternateName\":\"Le label de la musique bretonne\",\"url\":\"https:\\\/\\\/arfolk.bzh\\\/\",\"logo\":{\"@type\":\"ImageObject\",\"inLanguage\":\"en-US\",\"@id\":\"https:\\\/\\\/arfolk.bzh\\\/#\\\/schema\\\/logo\\\/image\\\/\",\"url\":\"https:\\\/\\\/arfolk.bzh\\\/wp-content\\\/uploads\\\/2023\\\/11\\\/cropped-logo-label-de-musique-breton-arfolf-vignette.webp\",\"contentUrl\":\"https:\\\/\\\/arfolk.bzh\\\/wp-content\\\/uploads\\\/2023\\\/11\\\/cropped-logo-label-de-musique-breton-arfolf-vignette.webp\",\"width\":512,\"height\":512,\"caption\":\"Arfolk\"},\"image\":{\"@id\":\"https:\\\/\\\/arfolk.bzh\\\/#\\\/schema\\\/logo\\\/image\\\/\"},\"sameAs\":[\"https:\\\/\\\/www.facebook.com\\\/Arfolkmusik\",\"https:\\\/\\\/www.instagram.com\\\/arfolkmusik\\\/\"]}]}<\/script>\n<!-- \/ Yoast SEO Premium plugin. -->","yoast_head_json":{"title":"Retrouvez l'album de Carlos N\u00fa\u00f1ez - Celtic Sea","description":"Retrouvez le nouvel album de Carlos N\u00fa\u00f1ez - Celtic Sea. Commandez directement en ligne sur arfolk.bzh, le label discographique breton.","robots":{"index":"index","follow":"follow","max-snippet":"max-snippet:-1","max-image-preview":"max-image-preview:large","max-video-preview":"max-video-preview:-1"},"canonical":"https:\/\/arfolk.bzh\/en\/boutique\/carlos-nunez-celtic-sea\/","schema":{"@context":"https:\/\/schema.org","@graph":[{"@type":"WebPage","@id":"https:\/\/arfolk.bzh\/boutique\/carlos-nunez-celtic-sea\/","url":"https:\/\/arfolk.bzh\/boutique\/carlos-nunez-celtic-sea\/","name":"Retrouvez l'album de Carlos N\u00fa\u00f1ez - Celtic Sea","isPartOf":{"@id":"https:\/\/arfolk.bzh\/#website"},"primaryImageOfPage":{"@id":"https:\/\/arfolk.bzh\/boutique\/carlos-nunez-celtic-sea\/#primaryimage"},"image":{"@id":"https:\/\/arfolk.bzh\/boutique\/carlos-nunez-celtic-sea\/#primaryimage"},"thumbnailUrl":"https:\/\/arfolk.bzh\/wp-content\/uploads\/2023\/12\/carlos-nunez-album-Celtic-Sea.webp","datePublished":"2023-11-15T20:10:44+00:00","dateModified":"2025-12-11T09:17:55+00:00","description":"Retrouvez le nouvel album de Carlos N\u00fa\u00f1ez - Celtic Sea. Commandez directement en ligne sur arfolk.bzh, le label discographique breton.","breadcrumb":{"@id":"https:\/\/arfolk.bzh\/boutique\/carlos-nunez-celtic-sea\/#breadcrumb"},"inLanguage":"en-US","potentialAction":[{"@type":"ReadAction","target":["https:\/\/arfolk.bzh\/boutique\/carlos-nunez-celtic-sea\/"]}]},{"@type":"ImageObject","inLanguage":"en-US","@id":"https:\/\/arfolk.bzh\/boutique\/carlos-nunez-celtic-sea\/#primaryimage","url":"https:\/\/arfolk.bzh\/wp-content\/uploads\/2023\/12\/carlos-nunez-album-Celtic-Sea.webp","contentUrl":"https:\/\/arfolk.bzh\/wp-content\/uploads\/2023\/12\/carlos-nunez-album-Celtic-Sea.webp","width":300,"height":300,"caption":"carlos nunez album Celtic Sea"},{"@type":"BreadcrumbList","@id":"https:\/\/arfolk.bzh\/boutique\/carlos-nunez-celtic-sea\/#breadcrumb","itemListElement":[{"@type":"ListItem","position":1,"name":"Accueil","item":"https:\/\/arfolk.bzh\/"},{"@type":"ListItem","position":2,"name":"Boutique","item":"https:\/\/arfolk.bzh\/boutique\/"},{"@type":"ListItem","position":3,"name":"Carlos N\u00fa\u00f1ez &#8211; Celtic Sea"}]},{"@type":"WebSite","@id":"https:\/\/arfolk.bzh\/#website","url":"https:\/\/arfolk.bzh\/","name":"Arfolk","description":"Label discographique sp\u00e9cialis\u00e9 dans la musique bretonne","publisher":{"@id":"https:\/\/arfolk.bzh\/#organization"},"potentialAction":[{"@type":"SearchAction","target":{"@type":"EntryPoint","urlTemplate":"https:\/\/arfolk.bzh\/?s={search_term_string}"},"query-input":{"@type":"PropertyValueSpecification","valueRequired":true,"valueName":"search_term_string"}}],"inLanguage":"en-US"},{"@type":"Organization","@id":"https:\/\/arfolk.bzh\/#organization","name":"Arfolk","alternateName":"Le label de la musique bretonne","url":"https:\/\/arfolk.bzh\/","logo":{"@type":"ImageObject","inLanguage":"en-US","@id":"https:\/\/arfolk.bzh\/#\/schema\/logo\/image\/","url":"https:\/\/arfolk.bzh\/wp-content\/uploads\/2023\/11\/cropped-logo-label-de-musique-breton-arfolf-vignette.webp","contentUrl":"https:\/\/arfolk.bzh\/wp-content\/uploads\/2023\/11\/cropped-logo-label-de-musique-breton-arfolf-vignette.webp","width":512,"height":512,"caption":"Arfolk"},"image":{"@id":"https:\/\/arfolk.bzh\/#\/schema\/logo\/image\/"},"sameAs":["https:\/\/www.facebook.com\/Arfolkmusik","https:\/\/www.instagram.com\/arfolkmusik\/"]}]}},"jetpack_sharing_enabled":true,"_links":{"self":[{"href":"https:\/\/arfolk.bzh\/en\/wp-json\/wp\/v2\/product\/1998","targetHints":{"allow":["GET"]}}],"collection":[{"href":"https:\/\/arfolk.bzh\/en\/wp-json\/wp\/v2\/product"}],"about":[{"href":"https:\/\/arfolk.bzh\/en\/wp-json\/wp\/v2\/types\/product"}],"wp:featuredmedia":[{"embeddable":true,"href":"https:\/\/arfolk.bzh\/en\/wp-json\/wp\/v2\/media\/1296"}],"wp:attachment":[{"href":"https:\/\/arfolk.bzh\/en\/wp-json\/wp\/v2\/media?parent=1998"}],"wp:term":[{"taxonomy":"product_brand","embeddable":true,"href":"https:\/\/arfolk.bzh\/en\/wp-json\/wp\/v2\/product_brand?post=1998"},{"taxonomy":"product_cat","embeddable":true,"href":"https:\/\/arfolk.bzh\/en\/wp-json\/wp\/v2\/false?post=1998"},{"taxonomy":"product_tag","embeddable":true,"href":"https:\/\/arfolk.bzh\/en\/wp-json\/wp\/v2\/product_tag?post=1998"},{"taxonomy":"disponible_a_la_vente","embeddable":true,"href":"https:\/\/arfolk.bzh\/en\/wp-json\/wp\/v2\/disponible_a_la_vente?post=1998"},{"taxonomy":"langue","embeddable":true,"href":"https:\/\/arfolk.bzh\/en\/wp-json\/wp\/v2\/langue?post=1998"},{"taxonomy":"style","embeddable":true,"href":"https:\/\/arfolk.bzh\/en\/wp-json\/wp\/v2\/style?post=1998"},{"taxonomy":"supports","embeddable":true,"href":"https:\/\/arfolk.bzh\/en\/wp-json\/wp\/v2\/supports?post=1998"}],"curies":[{"name":"wp","href":"https:\/\/api.w.org\/{rel}","templated":true}]}}