{"id":2016,"date":"2022-11-15T21:07:03","date_gmt":"2022-11-15T20:07:03","guid":{"rendered":"https:\/\/arfolk.bzh\/?post_type=product&#038;p=2016"},"modified":"2025-12-11T10:20:23","modified_gmt":"2025-12-11T09:20:23","slug":"didier-squiban-symphonie-du-ponant","status":"publish","type":"product","link":"https:\/\/arfolk.bzh\/en\/boutique\/didier-squiban-symphonie-du-ponant\/","title":{"rendered":"Didier Squiban &#8211; Symphonie du Ponant"},"content":{"rendered":"<p>Deux Victoires du Jazz, Baptiste Trotignon et Airelle Besson se rencontrent pour la premi\u00e8re fois avec l&rsquo;Orchestre national de Bretagne sur l&rsquo;enregistrement in\u00e9dit de la Symphonie du Ponant, derni\u00e8re symphonie jamais enregistr\u00e9e du compositeur breton Didier Squiban. Symphonie jazz concertante qui rassemble aussi des solistes de renom: Baptiste Trotignon, Airelle Besson, Sylvain Barou, Bernard Le Dr\u00e9au, J\u00e9r\u00f4me Kerihuel, Didier Ithursarry&#8230; L\u2019Orchestre est ici dirig\u00e9 par Ariane Matiakh. Deux concerts sont pr\u00e9vus \u00e0 l\u2019op\u00e9ra de Rennes en novembre.<\/p>\n<p><iframe loading=\"lazy\" title=\"Baptiste Trotignon &amp; Airelle Besson - Symphonie du ponant, Ouverture: Baradoz\" width=\"1080\" height=\"608\" src=\"https:\/\/www.youtube.com\/embed\/0erCkSFA_B0?feature=oembed\"  allow=\"accelerometer; autoplay; clipboard-write; encrypted-media; gyroscope; picture-in-picture; web-share\" referrerpolicy=\"strict-origin-when-cross-origin\" allowfullscreen><\/iframe><\/p>\n<p><strong>Tracklist de \u00ab\u00a0Symphonie du Ponant\u00a0\u00bb:<\/strong><\/p>\n<ol>\n<li><strong>Ouverture: BARADOZ &#8211; Orchestre National de Bretagne, Airelle Besson<\/strong><\/li>\n<li><strong>Part I : KER LOEIZ &#8211; Orchestre National de Bretagne, Airelle Besson<\/strong><\/li>\n<li><strong>Part I : ENEZ TRIELEN &#8211; Orchestre National de Bretagne, Airelle Besson<\/strong><\/li>\n<li><strong>PartII : PALUD &#8211; ENEZ VAZ &#8211; Orchestre National de Bretagne <\/strong><\/li>\n<li><strong>Part II : ENEZ KOSTAN &#8211; Orchestre National de Bretagne<\/strong><\/li>\n<li><strong>Part III : ENEZIG &#8211; Orchestre National de Bretagne<\/strong><\/li>\n<li><strong>Part III : ENEZ RIOUZIG &#8211; Orchestre National de Bretagne, Airelle Besson<\/strong><\/li>\n<li><strong>Part IV : LUSKELLEREZIG &#8211; Sylvain Barou, Orchestre National de Bretagne, Didier Ithursarry, &#8230;<\/strong><\/li>\n<li><strong>Part V : O ELEZ AR BARADOZ &#8211; Orchestre National de Bretagne, Didier Ithursarry, Bernard Le Dr\u00e9au, &#8230; <\/strong><\/li>\n<li><strong>Part V : ARMEL &#8211; Sylvain Barou, Orchestre National de Bretagne, Didier Ithursarry<\/strong><\/li>\n<li><strong>Part VI : KERDIDER &#8211; Orchestre National de Bretagne<\/strong><\/li>\n<li><strong>Part VI : FUGENN &#8211; Orchestre National de Bretagne<\/strong><\/li>\n<li><strong>Part VI : AN AOD VEV &#8211; Orchestre National de Bretagne, Bernard Le Dr\u00e9au, Didier Ithursarry, &#8230;<\/strong><\/li>\n<li><strong>Part V I : OLIEAN &#8211; Orchestre National de Bretagne<\/strong><\/li>\n<li><strong>Part VI I : 7 or 8 STEPS &#8211; J\u00e9r\u00f4me Kerihuel, Sylvain Barou, Orchestre National de Bretagne<\/strong><\/li>\n<li><strong>Part VII : ECHU &#8211; Orchestre National de Bretagne <\/strong><\/li>\n<\/ol>","protected":false},"excerpt":{"rendered":"<p>Une symphonie jazz concertante compos\u00e9e par Didier Squiban, qui rassemble des solistes de renom (Baptiste Trotignon, Airelle Besson, Sylvain Barou, Bernard Le Dr\u00e9au, J\u00e9r\u00f4me Kerihuel, Didier Ithursarry) autour de l&rsquo;Orchestre national de Bretagne, ici dirig\u00e9 par Ariane Matiakh.<\/p>\n<p>Ecoutez en streaming : <strong><a href=\"https:\/\/fanlink.tv\/sPnt\">https:\/\/fanlink.tv\/sPnt<\/a><\/strong><\/p>\n<p>Ecoutez \/ Listen Didier Squiban best of : <strong><a href=\"https:\/\/fanlink.tv\/esDS\">https:\/\/fanlink.tv\/esDS<\/a><\/strong><\/p>","protected":false},"featured_media":1384,"template":"","meta":{"_acf_changed":false,"_et_pb_use_builder":"","_et_pb_old_content":"","_et_gb_content_width":""},"product_brand":[],"false":[36],"product_tag":[],"disponible_a_la_vente":[38],"langue":[75],"style":[80],"supports":[86],"class_list":{"0":"post-2016","1":"product","2":"type-product","3":"status-publish","4":"has-post-thumbnail","6":"product_cat-didier-squiban","7":"disponible_a_la_vente-disponible-a-la-vente","8":"langue-instrumental","9":"style-arfolk-klasik-jazz","10":"supports-cd","12":"first","13":"instock","14":"taxable","15":"shipping-taxable","16":"purchasable","17":"product-type-simple"},"acf":[],"yoast_head":"<!-- This site is optimized with the Yoast SEO Premium plugin v24.0 (Yoast SEO v27.3) - https:\/\/yoast.com\/product\/yoast-seo-premium-wordpress\/ -->\n<title>Album de Didier Squiban - Symphonie du Ponant<\/title>\n<meta name=\"description\" content=\"Retrouvez le nouvel album de Didier Squiban -Symphonie du Ponant. Commandez directement en ligne sur arfolk.bzh, le label discographique breton.\" \/>\n<meta name=\"robots\" content=\"index, follow, max-snippet:-1, max-image-preview:large, max-video-preview:-1\" \/>\n<link rel=\"canonical\" href=\"https:\/\/arfolk.bzh\/en\/boutique\/didier-squiban-symphonie-du-ponant\/\" \/>\n<script type=\"application\/ld+json\" class=\"yoast-schema-graph\">{\"@context\":\"https:\\\/\\\/schema.org\",\"@graph\":[{\"@type\":\"WebPage\",\"@id\":\"https:\\\/\\\/arfolk.bzh\\\/boutique\\\/didier-squiban-symphonie-du-ponant\\\/\",\"url\":\"https:\\\/\\\/arfolk.bzh\\\/boutique\\\/didier-squiban-symphonie-du-ponant\\\/\",\"name\":\"Album de Didier Squiban - Symphonie du Ponant\",\"isPartOf\":{\"@id\":\"https:\\\/\\\/arfolk.bzh\\\/#website\"},\"primaryImageOfPage\":{\"@id\":\"https:\\\/\\\/arfolk.bzh\\\/boutique\\\/didier-squiban-symphonie-du-ponant\\\/#primaryimage\"},\"image\":{\"@id\":\"https:\\\/\\\/arfolk.bzh\\\/boutique\\\/didier-squiban-symphonie-du-ponant\\\/#primaryimage\"},\"thumbnailUrl\":\"https:\\\/\\\/arfolk.bzh\\\/wp-content\\\/uploads\\\/2023\\\/12\\\/Didier-squiban-symphonie-du-ponant.webp\",\"datePublished\":\"2022-11-15T20:07:03+00:00\",\"dateModified\":\"2025-12-11T09:20:23+00:00\",\"description\":\"Retrouvez le nouvel album de Didier Squiban -Symphonie du Ponant. Commandez directement en ligne sur arfolk.bzh, le label discographique breton.\",\"breadcrumb\":{\"@id\":\"https:\\\/\\\/arfolk.bzh\\\/boutique\\\/didier-squiban-symphonie-du-ponant\\\/#breadcrumb\"},\"inLanguage\":\"en-US\",\"potentialAction\":[{\"@type\":\"ReadAction\",\"target\":[\"https:\\\/\\\/arfolk.bzh\\\/boutique\\\/didier-squiban-symphonie-du-ponant\\\/\"]}]},{\"@type\":\"ImageObject\",\"inLanguage\":\"en-US\",\"@id\":\"https:\\\/\\\/arfolk.bzh\\\/boutique\\\/didier-squiban-symphonie-du-ponant\\\/#primaryimage\",\"url\":\"https:\\\/\\\/arfolk.bzh\\\/wp-content\\\/uploads\\\/2023\\\/12\\\/Didier-squiban-symphonie-du-ponant.webp\",\"contentUrl\":\"https:\\\/\\\/arfolk.bzh\\\/wp-content\\\/uploads\\\/2023\\\/12\\\/Didier-squiban-symphonie-du-ponant.webp\",\"width\":600,\"height\":600,\"caption\":\"Didier squiban symphonie du ponant\"},{\"@type\":\"BreadcrumbList\",\"@id\":\"https:\\\/\\\/arfolk.bzh\\\/boutique\\\/didier-squiban-symphonie-du-ponant\\\/#breadcrumb\",\"itemListElement\":[{\"@type\":\"ListItem\",\"position\":1,\"name\":\"Accueil\",\"item\":\"https:\\\/\\\/arfolk.bzh\\\/\"},{\"@type\":\"ListItem\",\"position\":2,\"name\":\"Boutique\",\"item\":\"https:\\\/\\\/arfolk.bzh\\\/boutique\\\/\"},{\"@type\":\"ListItem\",\"position\":3,\"name\":\"Didier Squiban &#8211; Symphonie du Ponant\"}]},{\"@type\":\"WebSite\",\"@id\":\"https:\\\/\\\/arfolk.bzh\\\/#website\",\"url\":\"https:\\\/\\\/arfolk.bzh\\\/\",\"name\":\"Arfolk\",\"description\":\"Label discographique sp\u00e9cialis\u00e9 dans la musique bretonne\",\"publisher\":{\"@id\":\"https:\\\/\\\/arfolk.bzh\\\/#organization\"},\"potentialAction\":[{\"@type\":\"SearchAction\",\"target\":{\"@type\":\"EntryPoint\",\"urlTemplate\":\"https:\\\/\\\/arfolk.bzh\\\/?s={search_term_string}\"},\"query-input\":{\"@type\":\"PropertyValueSpecification\",\"valueRequired\":true,\"valueName\":\"search_term_string\"}}],\"inLanguage\":\"en-US\"},{\"@type\":\"Organization\",\"@id\":\"https:\\\/\\\/arfolk.bzh\\\/#organization\",\"name\":\"Arfolk\",\"alternateName\":\"Le label de la musique bretonne\",\"url\":\"https:\\\/\\\/arfolk.bzh\\\/\",\"logo\":{\"@type\":\"ImageObject\",\"inLanguage\":\"en-US\",\"@id\":\"https:\\\/\\\/arfolk.bzh\\\/#\\\/schema\\\/logo\\\/image\\\/\",\"url\":\"https:\\\/\\\/arfolk.bzh\\\/wp-content\\\/uploads\\\/2023\\\/11\\\/cropped-logo-label-de-musique-breton-arfolf-vignette.webp\",\"contentUrl\":\"https:\\\/\\\/arfolk.bzh\\\/wp-content\\\/uploads\\\/2023\\\/11\\\/cropped-logo-label-de-musique-breton-arfolf-vignette.webp\",\"width\":512,\"height\":512,\"caption\":\"Arfolk\"},\"image\":{\"@id\":\"https:\\\/\\\/arfolk.bzh\\\/#\\\/schema\\\/logo\\\/image\\\/\"},\"sameAs\":[\"https:\\\/\\\/www.facebook.com\\\/Arfolkmusik\",\"https:\\\/\\\/www.instagram.com\\\/arfolkmusik\\\/\"]}]}<\/script>\n<!-- \/ Yoast SEO Premium plugin. -->","yoast_head_json":{"title":"Album de Didier Squiban - Symphonie du Ponant","description":"Retrouvez le nouvel album de Didier Squiban -Symphonie du Ponant. Commandez directement en ligne sur arfolk.bzh, le label discographique breton.","robots":{"index":"index","follow":"follow","max-snippet":"max-snippet:-1","max-image-preview":"max-image-preview:large","max-video-preview":"max-video-preview:-1"},"canonical":"https:\/\/arfolk.bzh\/en\/boutique\/didier-squiban-symphonie-du-ponant\/","schema":{"@context":"https:\/\/schema.org","@graph":[{"@type":"WebPage","@id":"https:\/\/arfolk.bzh\/boutique\/didier-squiban-symphonie-du-ponant\/","url":"https:\/\/arfolk.bzh\/boutique\/didier-squiban-symphonie-du-ponant\/","name":"Album de Didier Squiban - Symphonie du Ponant","isPartOf":{"@id":"https:\/\/arfolk.bzh\/#website"},"primaryImageOfPage":{"@id":"https:\/\/arfolk.bzh\/boutique\/didier-squiban-symphonie-du-ponant\/#primaryimage"},"image":{"@id":"https:\/\/arfolk.bzh\/boutique\/didier-squiban-symphonie-du-ponant\/#primaryimage"},"thumbnailUrl":"https:\/\/arfolk.bzh\/wp-content\/uploads\/2023\/12\/Didier-squiban-symphonie-du-ponant.webp","datePublished":"2022-11-15T20:07:03+00:00","dateModified":"2025-12-11T09:20:23+00:00","description":"Retrouvez le nouvel album de Didier Squiban -Symphonie du Ponant. Commandez directement en ligne sur arfolk.bzh, le label discographique breton.","breadcrumb":{"@id":"https:\/\/arfolk.bzh\/boutique\/didier-squiban-symphonie-du-ponant\/#breadcrumb"},"inLanguage":"en-US","potentialAction":[{"@type":"ReadAction","target":["https:\/\/arfolk.bzh\/boutique\/didier-squiban-symphonie-du-ponant\/"]}]},{"@type":"ImageObject","inLanguage":"en-US","@id":"https:\/\/arfolk.bzh\/boutique\/didier-squiban-symphonie-du-ponant\/#primaryimage","url":"https:\/\/arfolk.bzh\/wp-content\/uploads\/2023\/12\/Didier-squiban-symphonie-du-ponant.webp","contentUrl":"https:\/\/arfolk.bzh\/wp-content\/uploads\/2023\/12\/Didier-squiban-symphonie-du-ponant.webp","width":600,"height":600,"caption":"Didier squiban symphonie du ponant"},{"@type":"BreadcrumbList","@id":"https:\/\/arfolk.bzh\/boutique\/didier-squiban-symphonie-du-ponant\/#breadcrumb","itemListElement":[{"@type":"ListItem","position":1,"name":"Accueil","item":"https:\/\/arfolk.bzh\/"},{"@type":"ListItem","position":2,"name":"Boutique","item":"https:\/\/arfolk.bzh\/boutique\/"},{"@type":"ListItem","position":3,"name":"Didier Squiban &#8211; Symphonie du Ponant"}]},{"@type":"WebSite","@id":"https:\/\/arfolk.bzh\/#website","url":"https:\/\/arfolk.bzh\/","name":"Arfolk","description":"Label discographique sp\u00e9cialis\u00e9 dans la musique bretonne","publisher":{"@id":"https:\/\/arfolk.bzh\/#organization"},"potentialAction":[{"@type":"SearchAction","target":{"@type":"EntryPoint","urlTemplate":"https:\/\/arfolk.bzh\/?s={search_term_string}"},"query-input":{"@type":"PropertyValueSpecification","valueRequired":true,"valueName":"search_term_string"}}],"inLanguage":"en-US"},{"@type":"Organization","@id":"https:\/\/arfolk.bzh\/#organization","name":"Arfolk","alternateName":"Le label de la musique bretonne","url":"https:\/\/arfolk.bzh\/","logo":{"@type":"ImageObject","inLanguage":"en-US","@id":"https:\/\/arfolk.bzh\/#\/schema\/logo\/image\/","url":"https:\/\/arfolk.bzh\/wp-content\/uploads\/2023\/11\/cropped-logo-label-de-musique-breton-arfolf-vignette.webp","contentUrl":"https:\/\/arfolk.bzh\/wp-content\/uploads\/2023\/11\/cropped-logo-label-de-musique-breton-arfolf-vignette.webp","width":512,"height":512,"caption":"Arfolk"},"image":{"@id":"https:\/\/arfolk.bzh\/#\/schema\/logo\/image\/"},"sameAs":["https:\/\/www.facebook.com\/Arfolkmusik","https:\/\/www.instagram.com\/arfolkmusik\/"]}]}},"jetpack_sharing_enabled":true,"_links":{"self":[{"href":"https:\/\/arfolk.bzh\/en\/wp-json\/wp\/v2\/product\/2016","targetHints":{"allow":["GET"]}}],"collection":[{"href":"https:\/\/arfolk.bzh\/en\/wp-json\/wp\/v2\/product"}],"about":[{"href":"https:\/\/arfolk.bzh\/en\/wp-json\/wp\/v2\/types\/product"}],"wp:featuredmedia":[{"embeddable":true,"href":"https:\/\/arfolk.bzh\/en\/wp-json\/wp\/v2\/media\/1384"}],"wp:attachment":[{"href":"https:\/\/arfolk.bzh\/en\/wp-json\/wp\/v2\/media?parent=2016"}],"wp:term":[{"taxonomy":"product_brand","embeddable":true,"href":"https:\/\/arfolk.bzh\/en\/wp-json\/wp\/v2\/product_brand?post=2016"},{"taxonomy":"product_cat","embeddable":true,"href":"https:\/\/arfolk.bzh\/en\/wp-json\/wp\/v2\/false?post=2016"},{"taxonomy":"product_tag","embeddable":true,"href":"https:\/\/arfolk.bzh\/en\/wp-json\/wp\/v2\/product_tag?post=2016"},{"taxonomy":"disponible_a_la_vente","embeddable":true,"href":"https:\/\/arfolk.bzh\/en\/wp-json\/wp\/v2\/disponible_a_la_vente?post=2016"},{"taxonomy":"langue","embeddable":true,"href":"https:\/\/arfolk.bzh\/en\/wp-json\/wp\/v2\/langue?post=2016"},{"taxonomy":"style","embeddable":true,"href":"https:\/\/arfolk.bzh\/en\/wp-json\/wp\/v2\/style?post=2016"},{"taxonomy":"supports","embeddable":true,"href":"https:\/\/arfolk.bzh\/en\/wp-json\/wp\/v2\/supports?post=2016"}],"curies":[{"name":"wp","href":"https:\/\/api.w.org\/{rel}","templated":true}]}}