{"id":2571,"date":"2017-11-17T20:18:23","date_gmt":"2017-11-17T19:18:23","guid":{"rendered":"https:\/\/arfolk.bzh\/boutique\/erwan-hamon-janick-martin-annie-ebrel-fest-noz-symphonique\/"},"modified":"2025-12-11T11:56:31","modified_gmt":"2025-12-11T10:56:31","slug":"hamon-martin-annie-ebrel-fest-noz-symphonique","status":"publish","type":"product","link":"https:\/\/arfolk.bzh\/en\/boutique\/hamon-martin-annie-ebrel-fest-noz-symphonique\/","title":{"rendered":"Orchestre symphonique de Bretagne &#8211; Fest-noz symphonique"},"content":{"rendered":"<p>La force et l&rsquo;\u00e9nergie du fest-noz se retrouvent multipli\u00e9es par cette formule in\u00e9dite jusqu&rsquo;\u00e0 pr\u00e9sent, pour le plaisir des auditeurs et des danseurs.<\/p>\n<p>Le duo Hamon-Martin est \u00e0 l&rsquo;origine d&rsquo;un des plus grand groupe de fest-noz de Haute Bretagne.<\/p>\n<p>La chanteuse Annie Ebrel est la plus belle voix de Bretagne.<\/p>\n<p>Il fallait au moins l&rsquo;Orchestre Symphonique de Bretagne pour se mesurer \u00e0 ces virtuoses de la musique bretonne.<\/p>\n<p><iframe loading=\"lazy\" title=\"Fest-noz Symphonique - Erwan Hamon, Janick Martin, Annie Ebrel &amp; Orchestre National de Bretagne\" width=\"1080\" height=\"608\" src=\"https:\/\/www.youtube.com\/embed\/videoseries?list=PLQMZD0e8YHDIBqchZTLhkYraZ6U-EH8KY\"  allow=\"accelerometer; autoplay; clipboard-write; encrypted-media; gyroscope; picture-in-picture; web-share\" referrerpolicy=\"strict-origin-when-cross-origin\" allowfullscreen><\/iframe><\/p>\n<p><strong>Tracklist du Fest-noz symphonique :<\/strong><\/p>\n<ol>\n<li><strong>D\u00e9rid\u00e9 rid\u00e9ri d\u00e9ri d\u00e9 (rid\u00e9e 6 temps)<\/strong><\/li>\n<li><strong>Portrait (scottish)<\/strong><\/li>\n<li><strong>Sant Fonik Plinn (ton berr)<\/strong><\/li>\n<li><strong>Sant Fonik Plinn (bal)<\/strong><\/li>\n<li><strong>Sant Fonik Plinn (ton hir)<\/strong><\/li>\n<li><strong>Banian&rsquo;s jig (cercle circassien)<\/strong><\/li>\n<li><strong>Al lann melen<\/strong><\/li>\n<li><strong>Caza dansa (kas a-barh)<\/strong><\/li>\n<li><strong>Visance (gavotte)<\/strong><\/li>\n<\/ol>\n<p>&nbsp;<\/p>","protected":false},"excerpt":{"rendered":"<p>Entre musique classique contemporaine, musique traditionnelle, musique de film&#8230;<\/p>\n<p>Ecoutez en streaming : <strong><a href=\"https:\/\/fanlink.tv\/cNtW\">https:\/\/fanlink.tv\/cNtW<\/a><\/strong><\/p>","protected":false},"featured_media":2315,"template":"","meta":{"_acf_changed":false,"_et_pb_use_builder":"","_et_pb_old_content":"","_et_gb_content_width":""},"product_brand":[],"false":[42,49,51],"product_tag":[],"disponible_a_la_vente":[38],"langue":[73,75],"style":[80],"supports":[86],"class_list":{"0":"post-2571","1":"product","2":"type-product","3":"status-publish","4":"has-post-thumbnail","6":"product_cat-annie-ebrel","7":"product_cat-hamon-martin","8":"product_cat-orchestre-national-de-bretagne","9":"disponible_a_la_vente-disponible-a-la-vente","10":"langue-breton","11":"langue-instrumental","12":"style-arfolk-klasik-jazz","13":"supports-cd","15":"first","16":"instock","17":"sale","18":"purchasable","19":"product-type-simple"},"acf":[],"yoast_head":"<!-- This site is optimized with the Yoast SEO Premium plugin v24.0 (Yoast SEO v27.3) - https:\/\/yoast.com\/product\/yoast-seo-premium-wordpress\/ -->\n<title>Album Fest-noz symphonique \/ 12,50\u20ac<\/title>\n<meta name=\"description\" content=\"Retrouvez l&#039;album de l&#039;Orchestre symphonique de Bretagne - Fest-noz symphonique. Commandez directement en ligne sur arfolk.bzh.\" \/>\n<meta name=\"robots\" content=\"index, follow, max-snippet:-1, max-image-preview:large, max-video-preview:-1\" \/>\n<link rel=\"canonical\" href=\"https:\/\/arfolk.bzh\/en\/boutique\/hamon-martin-annie-ebrel-fest-noz-symphonique\/\" \/>\n<script type=\"application\/ld+json\" class=\"yoast-schema-graph\">{\"@context\":\"https:\\\/\\\/schema.org\",\"@graph\":[{\"@type\":\"WebPage\",\"@id\":\"https:\\\/\\\/arfolk.bzh\\\/boutique\\\/hamon-martin-annie-ebrel-fest-noz-symphonique\\\/\",\"url\":\"https:\\\/\\\/arfolk.bzh\\\/boutique\\\/hamon-martin-annie-ebrel-fest-noz-symphonique\\\/\",\"name\":\"Album Fest-noz symphonique \\\/ 12,50\u20ac\",\"isPartOf\":{\"@id\":\"https:\\\/\\\/arfolk.bzh\\\/#website\"},\"primaryImageOfPage\":{\"@id\":\"https:\\\/\\\/arfolk.bzh\\\/boutique\\\/hamon-martin-annie-ebrel-fest-noz-symphonique\\\/#primaryimage\"},\"image\":{\"@id\":\"https:\\\/\\\/arfolk.bzh\\\/boutique\\\/hamon-martin-annie-ebrel-fest-noz-symphonique\\\/#primaryimage\"},\"thumbnailUrl\":\"https:\\\/\\\/arfolk.bzh\\\/wp-content\\\/uploads\\\/2024\\\/04\\\/festnozsymphonique_hamonmartinebrel-scaled.jpg\",\"datePublished\":\"2017-11-17T19:18:23+00:00\",\"dateModified\":\"2025-12-11T10:56:31+00:00\",\"description\":\"Retrouvez l'album de l'Orchestre symphonique de Bretagne - Fest-noz symphonique. Commandez directement en ligne sur arfolk.bzh.\",\"breadcrumb\":{\"@id\":\"https:\\\/\\\/arfolk.bzh\\\/boutique\\\/hamon-martin-annie-ebrel-fest-noz-symphonique\\\/#breadcrumb\"},\"inLanguage\":\"en-US\",\"potentialAction\":[{\"@type\":\"ReadAction\",\"target\":[\"https:\\\/\\\/arfolk.bzh\\\/boutique\\\/hamon-martin-annie-ebrel-fest-noz-symphonique\\\/\"]}]},{\"@type\":\"ImageObject\",\"inLanguage\":\"en-US\",\"@id\":\"https:\\\/\\\/arfolk.bzh\\\/boutique\\\/hamon-martin-annie-ebrel-fest-noz-symphonique\\\/#primaryimage\",\"url\":\"https:\\\/\\\/arfolk.bzh\\\/wp-content\\\/uploads\\\/2024\\\/04\\\/festnozsymphonique_hamonmartinebrel-scaled.jpg\",\"contentUrl\":\"https:\\\/\\\/arfolk.bzh\\\/wp-content\\\/uploads\\\/2024\\\/04\\\/festnozsymphonique_hamonmartinebrel-scaled.jpg\",\"width\":2560,\"height\":2560,\"caption\":\"festnozsymphonique hamonmartinebrel\"},{\"@type\":\"BreadcrumbList\",\"@id\":\"https:\\\/\\\/arfolk.bzh\\\/boutique\\\/hamon-martin-annie-ebrel-fest-noz-symphonique\\\/#breadcrumb\",\"itemListElement\":[{\"@type\":\"ListItem\",\"position\":1,\"name\":\"Accueil\",\"item\":\"https:\\\/\\\/arfolk.bzh\\\/\"},{\"@type\":\"ListItem\",\"position\":2,\"name\":\"Boutique\",\"item\":\"https:\\\/\\\/arfolk.bzh\\\/boutique\\\/\"},{\"@type\":\"ListItem\",\"position\":3,\"name\":\"Orchestre symphonique de Bretagne &#8211; Fest-noz symphonique\"}]},{\"@type\":\"WebSite\",\"@id\":\"https:\\\/\\\/arfolk.bzh\\\/#website\",\"url\":\"https:\\\/\\\/arfolk.bzh\\\/\",\"name\":\"Arfolk\",\"description\":\"Label discographique sp\u00e9cialis\u00e9 dans la musique bretonne\",\"publisher\":{\"@id\":\"https:\\\/\\\/arfolk.bzh\\\/#organization\"},\"potentialAction\":[{\"@type\":\"SearchAction\",\"target\":{\"@type\":\"EntryPoint\",\"urlTemplate\":\"https:\\\/\\\/arfolk.bzh\\\/?s={search_term_string}\"},\"query-input\":{\"@type\":\"PropertyValueSpecification\",\"valueRequired\":true,\"valueName\":\"search_term_string\"}}],\"inLanguage\":\"en-US\"},{\"@type\":\"Organization\",\"@id\":\"https:\\\/\\\/arfolk.bzh\\\/#organization\",\"name\":\"Arfolk\",\"alternateName\":\"Le label de la musique bretonne\",\"url\":\"https:\\\/\\\/arfolk.bzh\\\/\",\"logo\":{\"@type\":\"ImageObject\",\"inLanguage\":\"en-US\",\"@id\":\"https:\\\/\\\/arfolk.bzh\\\/#\\\/schema\\\/logo\\\/image\\\/\",\"url\":\"https:\\\/\\\/arfolk.bzh\\\/wp-content\\\/uploads\\\/2023\\\/11\\\/cropped-logo-label-de-musique-breton-arfolf-vignette.webp\",\"contentUrl\":\"https:\\\/\\\/arfolk.bzh\\\/wp-content\\\/uploads\\\/2023\\\/11\\\/cropped-logo-label-de-musique-breton-arfolf-vignette.webp\",\"width\":512,\"height\":512,\"caption\":\"Arfolk\"},\"image\":{\"@id\":\"https:\\\/\\\/arfolk.bzh\\\/#\\\/schema\\\/logo\\\/image\\\/\"},\"sameAs\":[\"https:\\\/\\\/www.facebook.com\\\/Arfolkmusik\",\"https:\\\/\\\/www.instagram.com\\\/arfolkmusik\\\/\"]}]}<\/script>\n<!-- \/ Yoast SEO Premium plugin. -->","yoast_head_json":{"title":"Album Fest-noz symphonique \/ 12,50\u20ac","description":"Retrouvez l'album de l'Orchestre symphonique de Bretagne - Fest-noz symphonique. Commandez directement en ligne sur arfolk.bzh.","robots":{"index":"index","follow":"follow","max-snippet":"max-snippet:-1","max-image-preview":"max-image-preview:large","max-video-preview":"max-video-preview:-1"},"canonical":"https:\/\/arfolk.bzh\/en\/boutique\/hamon-martin-annie-ebrel-fest-noz-symphonique\/","schema":{"@context":"https:\/\/schema.org","@graph":[{"@type":"WebPage","@id":"https:\/\/arfolk.bzh\/boutique\/hamon-martin-annie-ebrel-fest-noz-symphonique\/","url":"https:\/\/arfolk.bzh\/boutique\/hamon-martin-annie-ebrel-fest-noz-symphonique\/","name":"Album Fest-noz symphonique \/ 12,50\u20ac","isPartOf":{"@id":"https:\/\/arfolk.bzh\/#website"},"primaryImageOfPage":{"@id":"https:\/\/arfolk.bzh\/boutique\/hamon-martin-annie-ebrel-fest-noz-symphonique\/#primaryimage"},"image":{"@id":"https:\/\/arfolk.bzh\/boutique\/hamon-martin-annie-ebrel-fest-noz-symphonique\/#primaryimage"},"thumbnailUrl":"https:\/\/arfolk.bzh\/wp-content\/uploads\/2024\/04\/festnozsymphonique_hamonmartinebrel-scaled.jpg","datePublished":"2017-11-17T19:18:23+00:00","dateModified":"2025-12-11T10:56:31+00:00","description":"Retrouvez l'album de l'Orchestre symphonique de Bretagne - Fest-noz symphonique. Commandez directement en ligne sur arfolk.bzh.","breadcrumb":{"@id":"https:\/\/arfolk.bzh\/boutique\/hamon-martin-annie-ebrel-fest-noz-symphonique\/#breadcrumb"},"inLanguage":"en-US","potentialAction":[{"@type":"ReadAction","target":["https:\/\/arfolk.bzh\/boutique\/hamon-martin-annie-ebrel-fest-noz-symphonique\/"]}]},{"@type":"ImageObject","inLanguage":"en-US","@id":"https:\/\/arfolk.bzh\/boutique\/hamon-martin-annie-ebrel-fest-noz-symphonique\/#primaryimage","url":"https:\/\/arfolk.bzh\/wp-content\/uploads\/2024\/04\/festnozsymphonique_hamonmartinebrel-scaled.jpg","contentUrl":"https:\/\/arfolk.bzh\/wp-content\/uploads\/2024\/04\/festnozsymphonique_hamonmartinebrel-scaled.jpg","width":2560,"height":2560,"caption":"festnozsymphonique hamonmartinebrel"},{"@type":"BreadcrumbList","@id":"https:\/\/arfolk.bzh\/boutique\/hamon-martin-annie-ebrel-fest-noz-symphonique\/#breadcrumb","itemListElement":[{"@type":"ListItem","position":1,"name":"Accueil","item":"https:\/\/arfolk.bzh\/"},{"@type":"ListItem","position":2,"name":"Boutique","item":"https:\/\/arfolk.bzh\/boutique\/"},{"@type":"ListItem","position":3,"name":"Orchestre symphonique de Bretagne &#8211; Fest-noz symphonique"}]},{"@type":"WebSite","@id":"https:\/\/arfolk.bzh\/#website","url":"https:\/\/arfolk.bzh\/","name":"Arfolk","description":"Label discographique sp\u00e9cialis\u00e9 dans la musique bretonne","publisher":{"@id":"https:\/\/arfolk.bzh\/#organization"},"potentialAction":[{"@type":"SearchAction","target":{"@type":"EntryPoint","urlTemplate":"https:\/\/arfolk.bzh\/?s={search_term_string}"},"query-input":{"@type":"PropertyValueSpecification","valueRequired":true,"valueName":"search_term_string"}}],"inLanguage":"en-US"},{"@type":"Organization","@id":"https:\/\/arfolk.bzh\/#organization","name":"Arfolk","alternateName":"Le label de la musique bretonne","url":"https:\/\/arfolk.bzh\/","logo":{"@type":"ImageObject","inLanguage":"en-US","@id":"https:\/\/arfolk.bzh\/#\/schema\/logo\/image\/","url":"https:\/\/arfolk.bzh\/wp-content\/uploads\/2023\/11\/cropped-logo-label-de-musique-breton-arfolf-vignette.webp","contentUrl":"https:\/\/arfolk.bzh\/wp-content\/uploads\/2023\/11\/cropped-logo-label-de-musique-breton-arfolf-vignette.webp","width":512,"height":512,"caption":"Arfolk"},"image":{"@id":"https:\/\/arfolk.bzh\/#\/schema\/logo\/image\/"},"sameAs":["https:\/\/www.facebook.com\/Arfolkmusik","https:\/\/www.instagram.com\/arfolkmusik\/"]}]}},"jetpack_sharing_enabled":true,"_links":{"self":[{"href":"https:\/\/arfolk.bzh\/en\/wp-json\/wp\/v2\/product\/2571","targetHints":{"allow":["GET"]}}],"collection":[{"href":"https:\/\/arfolk.bzh\/en\/wp-json\/wp\/v2\/product"}],"about":[{"href":"https:\/\/arfolk.bzh\/en\/wp-json\/wp\/v2\/types\/product"}],"wp:featuredmedia":[{"embeddable":true,"href":"https:\/\/arfolk.bzh\/en\/wp-json\/wp\/v2\/media\/2315"}],"wp:attachment":[{"href":"https:\/\/arfolk.bzh\/en\/wp-json\/wp\/v2\/media?parent=2571"}],"wp:term":[{"taxonomy":"product_brand","embeddable":true,"href":"https:\/\/arfolk.bzh\/en\/wp-json\/wp\/v2\/product_brand?post=2571"},{"taxonomy":"product_cat","embeddable":true,"href":"https:\/\/arfolk.bzh\/en\/wp-json\/wp\/v2\/false?post=2571"},{"taxonomy":"product_tag","embeddable":true,"href":"https:\/\/arfolk.bzh\/en\/wp-json\/wp\/v2\/product_tag?post=2571"},{"taxonomy":"disponible_a_la_vente","embeddable":true,"href":"https:\/\/arfolk.bzh\/en\/wp-json\/wp\/v2\/disponible_a_la_vente?post=2571"},{"taxonomy":"langue","embeddable":true,"href":"https:\/\/arfolk.bzh\/en\/wp-json\/wp\/v2\/langue?post=2571"},{"taxonomy":"style","embeddable":true,"href":"https:\/\/arfolk.bzh\/en\/wp-json\/wp\/v2\/style?post=2571"},{"taxonomy":"supports","embeddable":true,"href":"https:\/\/arfolk.bzh\/en\/wp-json\/wp\/v2\/supports?post=2571"}],"curies":[{"name":"wp","href":"https:\/\/api.w.org\/{rel}","templated":true}]}}