{"id":2634,"date":"2012-11-15T20:19:03","date_gmt":"2012-11-15T19:19:03","guid":{"rendered":"https:\/\/arfolk.bzh\/boutique\/les-siurs-goadec-chanteuses-du-centre-bretagne\/"},"modified":"2025-12-11T12:03:57","modified_gmt":"2025-12-11T11:03:57","slug":"les-soeurs-goadec-chanteuses-du-centre-bretagne","status":"publish","type":"product","link":"https:\/\/arfolk.bzh\/en\/boutique\/les-soeurs-goadec-chanteuses-du-centre-bretagne\/","title":{"rendered":"Les soeurs Goadec &#8211; Chanteuses du Centre-Bretagne"},"content":{"rendered":"<p>Ces deux cds sont compl\u00e9mentaires de ceux qui ont d\u00e9j\u00e0 \u00e9t\u00e9 publi\u00e9s. Ils pr\u00e9sentent des documents sonores issus de collectes in\u00e9dites. Ils comportent \u00e9galement une r\u00e9\u00e9dition num\u00e9rique des enregistrements du fonds Mouez Breiz, dont les vinyles sont \u00e9puis\u00e9s de longue date.<\/p>\n<p>Livret inclus de 150 pages avec paroles, traductions et analyses de chacun des chants, biographie et t\u00e9moignages de ceux qui ont c\u00f4toy\u00e9 les soeurs GOADEC.<\/p>\n<p><iframe loading=\"lazy\" title=\"Les soeurs Goadec - Les Soeurs Goadec, chanteuses du Centre-Bretagne (Grands interpr\u00e8tes de Bretagne\" width=\"1080\" height=\"608\" src=\"https:\/\/www.youtube.com\/embed\/videoseries?list=PLQMZD0e8YHDLJ4nL4ULK6JVmWufLjCNVE\"  allow=\"accelerometer; autoplay; clipboard-write; encrypted-media; gyroscope; picture-in-picture; web-share\" referrerpolicy=\"strict-origin-when-cross-origin\" allowfullscreen><\/iframe><\/p>\n<p>Tracklist de \u00a0\u00bb Les soeurs GOADEC &#8211; Chanteuses du Centre-Bretagne \u00ab\u00a0:<\/p>\n<p>CD1<\/p>\n<ol>\n<li>Ar montcho\u00f9<\/li>\n<li>Disput etre an tieg hag ar merdried<\/li>\n<li>Metig ha Gwenole<\/li>\n<li>Ar sorserez<\/li>\n<li>Kaourantennig (E ti Eliziza)<\/li>\n<li>Kaourantennig (E ti Eliziza)<\/li>\n<li>Ar marc&rsquo;hadour bihan<\/li>\n<li>Ar c&rsquo;hog hag ar yod<\/li>\n<li>Ar verjelenn<\/li>\n<li>Al lez-vamm<\/li>\n<li>Gouspero\u00f9 ar raned<\/li>\n<li>Me a zo ur paotr bihan savant ha disoursi<\/li>\n<li>O sevel montenn Montroulez<\/li>\n<li>An daou bichon yaouank<\/li>\n<li>Ma zad, ma mamm en doa mado\u00f9<\/li>\n<li>Ar gornandonez<\/li>\n<li>Igenane<\/li>\n<li>Ar boked eured<\/li>\n<\/ol>\n<p>CD2<\/p>\n<ol>\n<li>An tad moualc&rsquo;h kozh<\/li>\n<li>An inta\u00f1vez<\/li>\n<li>Kenta\u00f1 hani am boa gwelet<\/li>\n<li>Ar spilhenn<\/li>\n<li>Janedig ar Rouz<\/li>\n<li>Deuet ganin-me plac&rsquo;h yaouank<\/li>\n<li>Deuet ganin-me plac&rsquo;h yaouank<\/li>\n<li>Deuet ganin-me plac&rsquo;h yaouank<\/li>\n<li>E-barzh ar bloavezh 1872<\/li>\n<li>Mari-Louiz<\/li>\n<li>Disput etre an tieg hag ar merdried<\/li>\n<li>Ar fleurenn<\/li>\n<li>M&rsquo;am bije bet un tamm amzer<\/li>\n<li>O sevel montenn Montroulez<\/li>\n<li>Devezh pardon Sant Herbot<\/li>\n<li>Feunteun ar Wazhaleg<\/li>\n<li>An dennadeg patatez<\/li>\n<li>Disul vintin pe oan savet<\/li>\n<li>Ar bennerezh<\/li>\n<li>Deomp d&rsquo;an unvet<\/li>\n<li>Me&rsquo;m eus ganet ur mab dindan ur bod spern gwent<\/li>\n<\/ol>\n<p>&nbsp;<\/p>","protected":false},"excerpt":{"rendered":"<p>Trois quinquag\u00e9naires dans la force de l&rsquo;\u00e2ge ont accompagn\u00e9 le renouveau des festo\u00f9-noz, relanc\u00e9s par Loeiz Ropars, Albert Tr\u00e9vidic et quelques autres dans les ann\u00e9es 50.<\/p>\n<p>Ecoutez en Streaming : <a href=\"https:\/\/fanlink.tv\/wdXf\"><strong>https:\/\/fanlink.tv\/wdXf<\/strong><\/a><\/p>\n<p>&nbsp;<\/p>","protected":false},"featured_media":2379,"template":"","meta":{"_acf_changed":false,"_et_pb_use_builder":"","_et_pb_old_content":"","_et_gb_content_width":""},"product_brand":[],"false":[67],"product_tag":[],"disponible_a_la_vente":[38],"langue":[73],"style":[79],"supports":[86],"class_list":{"0":"post-2634","1":"product","2":"type-product","3":"status-publish","4":"has-post-thumbnail","6":"product_cat-les-soeurs-goadec","7":"disponible_a_la_vente-disponible-a-la-vente","8":"langue-breton","9":"style-traditionnel-kan-ha-diskan","10":"supports-cd","12":"first","13":"instock","14":"taxable","15":"shipping-taxable","16":"purchasable","17":"product-type-simple"},"acf":[],"yoast_head":"<!-- This site is optimized with the Yoast SEO Premium plugin v24.0 (Yoast SEO v27.3) - https:\/\/yoast.com\/product\/yoast-seo-premium-wordpress\/ -->\n<title>Les soeurs Goadec - Chanteuses du Centre-Bretagne<\/title>\n<meta name=\"description\" content=\"Retrouvez l&#039;album Les Soeurs Goadec - Chanteuses du Centre-Bretagne. Commandez directement en ligne sur arfolk.bzh, le label discographique breton.\" \/>\n<meta name=\"robots\" content=\"index, follow, max-snippet:-1, max-image-preview:large, max-video-preview:-1\" \/>\n<link rel=\"canonical\" href=\"https:\/\/arfolk.bzh\/en\/boutique\/les-soeurs-goadec-chanteuses-du-centre-bretagne\/\" \/>\n<script type=\"application\/ld+json\" class=\"yoast-schema-graph\">{\"@context\":\"https:\\\/\\\/schema.org\",\"@graph\":[{\"@type\":\"WebPage\",\"@id\":\"https:\\\/\\\/arfolk.bzh\\\/boutique\\\/les-soeurs-goadec-chanteuses-du-centre-bretagne\\\/\",\"url\":\"https:\\\/\\\/arfolk.bzh\\\/boutique\\\/les-soeurs-goadec-chanteuses-du-centre-bretagne\\\/\",\"name\":\"Les soeurs Goadec - Chanteuses du Centre-Bretagne\",\"isPartOf\":{\"@id\":\"https:\\\/\\\/arfolk.bzh\\\/#website\"},\"primaryImageOfPage\":{\"@id\":\"https:\\\/\\\/arfolk.bzh\\\/boutique\\\/les-soeurs-goadec-chanteuses-du-centre-bretagne\\\/#primaryimage\"},\"image\":{\"@id\":\"https:\\\/\\\/arfolk.bzh\\\/boutique\\\/les-soeurs-goadec-chanteuses-du-centre-bretagne\\\/#primaryimage\"},\"thumbnailUrl\":\"https:\\\/\\\/arfolk.bzh\\\/wp-content\\\/uploads\\\/2024\\\/04\\\/lessoeursgoadec_chanteusesducentrebretagne-scaled.jpg\",\"datePublished\":\"2012-11-15T19:19:03+00:00\",\"dateModified\":\"2025-12-11T11:03:57+00:00\",\"description\":\"Retrouvez l'album Les Soeurs Goadec - Chanteuses du Centre-Bretagne. Commandez directement en ligne sur arfolk.bzh, le label discographique breton.\",\"breadcrumb\":{\"@id\":\"https:\\\/\\\/arfolk.bzh\\\/boutique\\\/les-soeurs-goadec-chanteuses-du-centre-bretagne\\\/#breadcrumb\"},\"inLanguage\":\"en-US\",\"potentialAction\":[{\"@type\":\"ReadAction\",\"target\":[\"https:\\\/\\\/arfolk.bzh\\\/boutique\\\/les-soeurs-goadec-chanteuses-du-centre-bretagne\\\/\"]}]},{\"@type\":\"ImageObject\",\"inLanguage\":\"en-US\",\"@id\":\"https:\\\/\\\/arfolk.bzh\\\/boutique\\\/les-soeurs-goadec-chanteuses-du-centre-bretagne\\\/#primaryimage\",\"url\":\"https:\\\/\\\/arfolk.bzh\\\/wp-content\\\/uploads\\\/2024\\\/04\\\/lessoeursgoadec_chanteusesducentrebretagne-scaled.jpg\",\"contentUrl\":\"https:\\\/\\\/arfolk.bzh\\\/wp-content\\\/uploads\\\/2024\\\/04\\\/lessoeursgoadec_chanteusesducentrebretagne-scaled.jpg\",\"width\":2560,\"height\":2560,\"caption\":\"lessoeursgoadec chanteusesducentrebretagne\"},{\"@type\":\"BreadcrumbList\",\"@id\":\"https:\\\/\\\/arfolk.bzh\\\/boutique\\\/les-soeurs-goadec-chanteuses-du-centre-bretagne\\\/#breadcrumb\",\"itemListElement\":[{\"@type\":\"ListItem\",\"position\":1,\"name\":\"Accueil\",\"item\":\"https:\\\/\\\/arfolk.bzh\\\/\"},{\"@type\":\"ListItem\",\"position\":2,\"name\":\"Boutique\",\"item\":\"https:\\\/\\\/arfolk.bzh\\\/boutique\\\/\"},{\"@type\":\"ListItem\",\"position\":3,\"name\":\"Les soeurs Goadec &#8211; Chanteuses du Centre-Bretagne\"}]},{\"@type\":\"WebSite\",\"@id\":\"https:\\\/\\\/arfolk.bzh\\\/#website\",\"url\":\"https:\\\/\\\/arfolk.bzh\\\/\",\"name\":\"Arfolk\",\"description\":\"Label discographique sp\u00e9cialis\u00e9 dans la musique bretonne\",\"publisher\":{\"@id\":\"https:\\\/\\\/arfolk.bzh\\\/#organization\"},\"potentialAction\":[{\"@type\":\"SearchAction\",\"target\":{\"@type\":\"EntryPoint\",\"urlTemplate\":\"https:\\\/\\\/arfolk.bzh\\\/?s={search_term_string}\"},\"query-input\":{\"@type\":\"PropertyValueSpecification\",\"valueRequired\":true,\"valueName\":\"search_term_string\"}}],\"inLanguage\":\"en-US\"},{\"@type\":\"Organization\",\"@id\":\"https:\\\/\\\/arfolk.bzh\\\/#organization\",\"name\":\"Arfolk\",\"alternateName\":\"Le label de la musique bretonne\",\"url\":\"https:\\\/\\\/arfolk.bzh\\\/\",\"logo\":{\"@type\":\"ImageObject\",\"inLanguage\":\"en-US\",\"@id\":\"https:\\\/\\\/arfolk.bzh\\\/#\\\/schema\\\/logo\\\/image\\\/\",\"url\":\"https:\\\/\\\/arfolk.bzh\\\/wp-content\\\/uploads\\\/2023\\\/11\\\/cropped-logo-label-de-musique-breton-arfolf-vignette.webp\",\"contentUrl\":\"https:\\\/\\\/arfolk.bzh\\\/wp-content\\\/uploads\\\/2023\\\/11\\\/cropped-logo-label-de-musique-breton-arfolf-vignette.webp\",\"width\":512,\"height\":512,\"caption\":\"Arfolk\"},\"image\":{\"@id\":\"https:\\\/\\\/arfolk.bzh\\\/#\\\/schema\\\/logo\\\/image\\\/\"},\"sameAs\":[\"https:\\\/\\\/www.facebook.com\\\/Arfolkmusik\",\"https:\\\/\\\/www.instagram.com\\\/arfolkmusik\\\/\"]}]}<\/script>\n<!-- \/ Yoast SEO Premium plugin. -->","yoast_head_json":{"title":"Les soeurs Goadec - Chanteuses du Centre-Bretagne","description":"Retrouvez l'album Les Soeurs Goadec - Chanteuses du Centre-Bretagne. Commandez directement en ligne sur arfolk.bzh, le label discographique breton.","robots":{"index":"index","follow":"follow","max-snippet":"max-snippet:-1","max-image-preview":"max-image-preview:large","max-video-preview":"max-video-preview:-1"},"canonical":"https:\/\/arfolk.bzh\/en\/boutique\/les-soeurs-goadec-chanteuses-du-centre-bretagne\/","schema":{"@context":"https:\/\/schema.org","@graph":[{"@type":"WebPage","@id":"https:\/\/arfolk.bzh\/boutique\/les-soeurs-goadec-chanteuses-du-centre-bretagne\/","url":"https:\/\/arfolk.bzh\/boutique\/les-soeurs-goadec-chanteuses-du-centre-bretagne\/","name":"Les soeurs Goadec - Chanteuses du Centre-Bretagne","isPartOf":{"@id":"https:\/\/arfolk.bzh\/#website"},"primaryImageOfPage":{"@id":"https:\/\/arfolk.bzh\/boutique\/les-soeurs-goadec-chanteuses-du-centre-bretagne\/#primaryimage"},"image":{"@id":"https:\/\/arfolk.bzh\/boutique\/les-soeurs-goadec-chanteuses-du-centre-bretagne\/#primaryimage"},"thumbnailUrl":"https:\/\/arfolk.bzh\/wp-content\/uploads\/2024\/04\/lessoeursgoadec_chanteusesducentrebretagne-scaled.jpg","datePublished":"2012-11-15T19:19:03+00:00","dateModified":"2025-12-11T11:03:57+00:00","description":"Retrouvez l'album Les Soeurs Goadec - Chanteuses du Centre-Bretagne. Commandez directement en ligne sur arfolk.bzh, le label discographique breton.","breadcrumb":{"@id":"https:\/\/arfolk.bzh\/boutique\/les-soeurs-goadec-chanteuses-du-centre-bretagne\/#breadcrumb"},"inLanguage":"en-US","potentialAction":[{"@type":"ReadAction","target":["https:\/\/arfolk.bzh\/boutique\/les-soeurs-goadec-chanteuses-du-centre-bretagne\/"]}]},{"@type":"ImageObject","inLanguage":"en-US","@id":"https:\/\/arfolk.bzh\/boutique\/les-soeurs-goadec-chanteuses-du-centre-bretagne\/#primaryimage","url":"https:\/\/arfolk.bzh\/wp-content\/uploads\/2024\/04\/lessoeursgoadec_chanteusesducentrebretagne-scaled.jpg","contentUrl":"https:\/\/arfolk.bzh\/wp-content\/uploads\/2024\/04\/lessoeursgoadec_chanteusesducentrebretagne-scaled.jpg","width":2560,"height":2560,"caption":"lessoeursgoadec chanteusesducentrebretagne"},{"@type":"BreadcrumbList","@id":"https:\/\/arfolk.bzh\/boutique\/les-soeurs-goadec-chanteuses-du-centre-bretagne\/#breadcrumb","itemListElement":[{"@type":"ListItem","position":1,"name":"Accueil","item":"https:\/\/arfolk.bzh\/"},{"@type":"ListItem","position":2,"name":"Boutique","item":"https:\/\/arfolk.bzh\/boutique\/"},{"@type":"ListItem","position":3,"name":"Les soeurs Goadec &#8211; Chanteuses du Centre-Bretagne"}]},{"@type":"WebSite","@id":"https:\/\/arfolk.bzh\/#website","url":"https:\/\/arfolk.bzh\/","name":"Arfolk","description":"Label discographique sp\u00e9cialis\u00e9 dans la musique bretonne","publisher":{"@id":"https:\/\/arfolk.bzh\/#organization"},"potentialAction":[{"@type":"SearchAction","target":{"@type":"EntryPoint","urlTemplate":"https:\/\/arfolk.bzh\/?s={search_term_string}"},"query-input":{"@type":"PropertyValueSpecification","valueRequired":true,"valueName":"search_term_string"}}],"inLanguage":"en-US"},{"@type":"Organization","@id":"https:\/\/arfolk.bzh\/#organization","name":"Arfolk","alternateName":"Le label de la musique bretonne","url":"https:\/\/arfolk.bzh\/","logo":{"@type":"ImageObject","inLanguage":"en-US","@id":"https:\/\/arfolk.bzh\/#\/schema\/logo\/image\/","url":"https:\/\/arfolk.bzh\/wp-content\/uploads\/2023\/11\/cropped-logo-label-de-musique-breton-arfolf-vignette.webp","contentUrl":"https:\/\/arfolk.bzh\/wp-content\/uploads\/2023\/11\/cropped-logo-label-de-musique-breton-arfolf-vignette.webp","width":512,"height":512,"caption":"Arfolk"},"image":{"@id":"https:\/\/arfolk.bzh\/#\/schema\/logo\/image\/"},"sameAs":["https:\/\/www.facebook.com\/Arfolkmusik","https:\/\/www.instagram.com\/arfolkmusik\/"]}]}},"jetpack_sharing_enabled":true,"_links":{"self":[{"href":"https:\/\/arfolk.bzh\/en\/wp-json\/wp\/v2\/product\/2634","targetHints":{"allow":["GET"]}}],"collection":[{"href":"https:\/\/arfolk.bzh\/en\/wp-json\/wp\/v2\/product"}],"about":[{"href":"https:\/\/arfolk.bzh\/en\/wp-json\/wp\/v2\/types\/product"}],"wp:featuredmedia":[{"embeddable":true,"href":"https:\/\/arfolk.bzh\/en\/wp-json\/wp\/v2\/media\/2379"}],"wp:attachment":[{"href":"https:\/\/arfolk.bzh\/en\/wp-json\/wp\/v2\/media?parent=2634"}],"wp:term":[{"taxonomy":"product_brand","embeddable":true,"href":"https:\/\/arfolk.bzh\/en\/wp-json\/wp\/v2\/product_brand?post=2634"},{"taxonomy":"product_cat","embeddable":true,"href":"https:\/\/arfolk.bzh\/en\/wp-json\/wp\/v2\/false?post=2634"},{"taxonomy":"product_tag","embeddable":true,"href":"https:\/\/arfolk.bzh\/en\/wp-json\/wp\/v2\/product_tag?post=2634"},{"taxonomy":"disponible_a_la_vente","embeddable":true,"href":"https:\/\/arfolk.bzh\/en\/wp-json\/wp\/v2\/disponible_a_la_vente?post=2634"},{"taxonomy":"langue","embeddable":true,"href":"https:\/\/arfolk.bzh\/en\/wp-json\/wp\/v2\/langue?post=2634"},{"taxonomy":"style","embeddable":true,"href":"https:\/\/arfolk.bzh\/en\/wp-json\/wp\/v2\/style?post=2634"},{"taxonomy":"supports","embeddable":true,"href":"https:\/\/arfolk.bzh\/en\/wp-json\/wp\/v2\/supports?post=2634"}],"curies":[{"name":"wp","href":"https:\/\/api.w.org\/{rel}","templated":true}]}}