{"id":2643,"date":"1985-01-04T20:19:18","date_gmt":"1985-01-04T19:19:18","guid":{"rendered":"https:\/\/arfolk.bzh\/boutique\/mikael-yaouank-chants-de-marins\/"},"modified":"2025-12-11T12:51:17","modified_gmt":"2025-12-11T11:51:17","slug":"mikael-yaouank-chants-de-marins","status":"publish","type":"product","link":"https:\/\/arfolk.bzh\/en\/boutique\/mikael-yaouank-chants-de-marins\/","title":{"rendered":"Mika\u00ebl Yaouank &#8211; Chants de marins"},"content":{"rendered":"<p>Mika\u00ebl Yaouank fondera en 1970 avec Michel Tonnerre, le c\u00e9l\u00e8bre groupe Djiboudjep. Ils sont tous deux consid\u00e9r\u00e9s comme les principaux ambassadeurs du chant de marin.<\/p>\n<p>Mika\u00ebl Yaouank nous quittait en juin 2020. Ce disque lui rend hommage.<\/p>\n<p><iframe loading=\"lazy\" title=\"Mika\u00ebl Yaouank - Chants de marins\" width=\"1080\" height=\"608\" src=\"https:\/\/www.youtube.com\/embed\/videoseries?list=PLQMZD0e8YHDKdOmp1K35vCmOfwi8X_E2s\"  allow=\"accelerometer; autoplay; clipboard-write; encrypted-media; gyroscope; picture-in-picture; web-share\" referrerpolicy=\"strict-origin-when-cross-origin\" allowfullscreen><\/iframe><\/p>\n<p>Tracklist de \u00a0\u00bb Chants de marins \u00ab\u00a0:<\/p>\n<ol>\n<li><span class=\"col-xs-10 no-padding\"><span class=\"col-xs-8 no-padding trackTitre\">Quinze marins<\/span><\/span><\/li>\n<li><span class=\"col-xs-10 no-padding\"><span class=\"col-xs-8 no-padding trackTitre\">Fanny de Laninon<\/span><\/span><\/li>\n<li><span class=\"col-xs-10 no-padding\"><span class=\"col-xs-8 no-padding trackTitre\">Sul&rsquo;pont d&rsquo;Morlaix<\/span><\/span><\/li>\n<li><span class=\"col-xs-10 no-padding\"><span class=\"col-xs-8 no-padding trackTitre\">Adieu cher camarade<\/span><\/span><\/li>\n<li><span class=\"col-xs-10 no-padding\"><span class=\"col-xs-8 no-padding trackTitre\">Sur la route de San Francisco<\/span><\/span><\/li>\n<li><span class=\"col-xs-10 no-padding\"><span class=\"col-xs-8 no-padding trackTitre\">Le premier c&rsquo;est un marin<\/span><\/span><\/li>\n<li><span class=\"col-xs-10 no-padding\"><span class=\"col-xs-8 no-padding trackTitre\">Le grand coureur<\/span><\/span><\/li>\n<li><span class=\"col-xs-10 no-padding\"><span class=\"col-xs-8 no-padding trackTitre\">La tramontane<\/span><\/span><\/li>\n<li><span class=\"col-xs-10 no-padding\"><span class=\"col-xs-8 no-padding trackTitre\">Le grand mat veut d&rsquo;la route<\/span><\/span><\/li>\n<li><span class=\"col-xs-10 no-padding\"><span class=\"col-xs-8 no-padding trackTitre\">Le forban<\/span><\/span><\/li>\n<li><span class=\"col-xs-10 no-padding\"><span class=\"col-xs-8 no-padding trackTitre\">Jean-Fran\u00e7ois de Nantes<\/span><\/span><\/li>\n<li><span class=\"col-xs-10 no-padding\"><span class=\"col-xs-8 no-padding trackTitre\">Satanicles<\/span><\/span><\/li>\n<li><span class=\"col-xs-10 no-padding\"><span class=\"col-xs-8 no-padding trackTitre\">Le port de Tacoma<\/span><\/span><\/li>\n<li><span class=\"col-xs-10 no-padding\"><span class=\"col-xs-8 no-padding trackTitre\">La complainte de Jean Quemeneur<\/span><\/span><\/li>\n<li><span class=\"col-xs-10 no-padding\"><span class=\"col-xs-8 no-padding trackTitre\">La gal\u00e8re<\/span><\/span><\/li>\n<li><span class=\"col-xs-10 no-padding\"><span class=\"col-xs-8 no-padding trackTitre\">A Lorient la jolie<\/span><\/span><\/li>\n<li><span class=\"col-xs-10 no-padding\"><span class=\"col-xs-8 no-padding trackTitre\">La Dana\u00e9<\/span><\/span><\/li>\n<li><span class=\"col-xs-10 no-padding\"><span class=\"col-xs-8 no-padding trackTitre\">Le 31 du mois d&rsquo;ao\u00fbt<\/span><\/span><\/li>\n<li><span class=\"col-xs-10 no-padding\"><span class=\"col-xs-8 no-padding trackTitre\">Le ma\u00eetre \u00e0 bord<\/span><\/span><\/li>\n<li><span class=\"col-xs-10 no-padding\"><span class=\"col-xs-8 no-padding trackTitre\">Les marins de Groix<\/span><\/span><\/li>\n<li><span class=\"col-xs-10 no-padding\"><span class=\"col-xs-8 no-padding trackTitre\">La taverne<\/span><\/span><\/li>\n<li><span class=\"col-xs-10 no-padding\"><span class=\"col-xs-8 no-padding trackTitre\">La chanson des adieux<\/span><\/span><\/li>\n<\/ol>","protected":false},"excerpt":{"rendered":"<p>R\u00e9\u00e9dition de la compilation de Mika\u00ebl Yaouank \u00ab Chants de Marin \u00bb qui regroupe 22 standards intemporels issus de la tradition ou de son r\u00e9pertoire personnel.<\/p>\n<p>Ecoutez en Streaming : <a href=\"https:\/\/fanlink.tv\/wcte\"><strong>https:\/\/fanlink.tv\/wcte<\/strong><\/a><\/p>","protected":false},"featured_media":2388,"template":"","meta":{"_acf_changed":false,"_et_pb_use_builder":"","_et_pb_old_content":"","_et_gb_content_width":""},"product_brand":[],"false":[32],"product_tag":[],"disponible_a_la_vente":[38],"langue":[72],"style":[93],"supports":[86],"class_list":{"0":"post-2643","1":"product","2":"type-product","3":"status-publish","4":"has-post-thumbnail","6":"product_cat-non-classe","7":"disponible_a_la_vente-disponible-a-la-vente","8":"langue-francais","9":"style-chants-marins","10":"supports-cd","12":"first","13":"instock","14":"taxable","15":"shipping-taxable","16":"purchasable","17":"product-type-simple"},"acf":[],"yoast_head":"<!-- This site is optimized with the Yoast SEO Premium plugin v24.0 (Yoast SEO v27.3) - https:\/\/yoast.com\/product\/yoast-seo-premium-wordpress\/ -->\n<title>Album de Mika\u00ebl Yaouank - Chants de marins<\/title>\n<meta name=\"description\" content=\"Retrouvez le nouvel album compilation de Mika\u00ebl Yaouank - Chants de marins. Commandez directement en ligne sur arfolk.bzh, le label discographique breton.\" \/>\n<meta name=\"robots\" content=\"index, follow, max-snippet:-1, max-image-preview:large, max-video-preview:-1\" \/>\n<link rel=\"canonical\" href=\"https:\/\/arfolk.bzh\/en\/boutique\/mikael-yaouank-chants-de-marins\/\" \/>\n<script type=\"application\/ld+json\" class=\"yoast-schema-graph\">{\"@context\":\"https:\\\/\\\/schema.org\",\"@graph\":[{\"@type\":\"WebPage\",\"@id\":\"https:\\\/\\\/arfolk.bzh\\\/boutique\\\/mikael-yaouank-chants-de-marins\\\/\",\"url\":\"https:\\\/\\\/arfolk.bzh\\\/boutique\\\/mikael-yaouank-chants-de-marins\\\/\",\"name\":\"Album de Mika\u00ebl Yaouank - Chants de marins\",\"isPartOf\":{\"@id\":\"https:\\\/\\\/arfolk.bzh\\\/#website\"},\"primaryImageOfPage\":{\"@id\":\"https:\\\/\\\/arfolk.bzh\\\/boutique\\\/mikael-yaouank-chants-de-marins\\\/#primaryimage\"},\"image\":{\"@id\":\"https:\\\/\\\/arfolk.bzh\\\/boutique\\\/mikael-yaouank-chants-de-marins\\\/#primaryimage\"},\"thumbnailUrl\":\"https:\\\/\\\/arfolk.bzh\\\/wp-content\\\/uploads\\\/2024\\\/04\\\/mikaelyaouank_chantsdemarins-scaled.jpg\",\"datePublished\":\"1985-01-04T19:19:18+00:00\",\"dateModified\":\"2025-12-11T11:51:17+00:00\",\"description\":\"Retrouvez le nouvel album compilation de Mika\u00ebl Yaouank - Chants de marins. Commandez directement en ligne sur arfolk.bzh, le label discographique breton.\",\"breadcrumb\":{\"@id\":\"https:\\\/\\\/arfolk.bzh\\\/boutique\\\/mikael-yaouank-chants-de-marins\\\/#breadcrumb\"},\"inLanguage\":\"en-US\",\"potentialAction\":[{\"@type\":\"ReadAction\",\"target\":[\"https:\\\/\\\/arfolk.bzh\\\/boutique\\\/mikael-yaouank-chants-de-marins\\\/\"]}]},{\"@type\":\"ImageObject\",\"inLanguage\":\"en-US\",\"@id\":\"https:\\\/\\\/arfolk.bzh\\\/boutique\\\/mikael-yaouank-chants-de-marins\\\/#primaryimage\",\"url\":\"https:\\\/\\\/arfolk.bzh\\\/wp-content\\\/uploads\\\/2024\\\/04\\\/mikaelyaouank_chantsdemarins-scaled.jpg\",\"contentUrl\":\"https:\\\/\\\/arfolk.bzh\\\/wp-content\\\/uploads\\\/2024\\\/04\\\/mikaelyaouank_chantsdemarins-scaled.jpg\",\"width\":2560,\"height\":2560,\"caption\":\"mikaelyaouank chantsdemarins\"},{\"@type\":\"BreadcrumbList\",\"@id\":\"https:\\\/\\\/arfolk.bzh\\\/boutique\\\/mikael-yaouank-chants-de-marins\\\/#breadcrumb\",\"itemListElement\":[{\"@type\":\"ListItem\",\"position\":1,\"name\":\"Accueil\",\"item\":\"https:\\\/\\\/arfolk.bzh\\\/\"},{\"@type\":\"ListItem\",\"position\":2,\"name\":\"Boutique\",\"item\":\"https:\\\/\\\/arfolk.bzh\\\/boutique\\\/\"},{\"@type\":\"ListItem\",\"position\":3,\"name\":\"Mika\u00ebl Yaouank &#8211; Chants de marins\"}]},{\"@type\":\"WebSite\",\"@id\":\"https:\\\/\\\/arfolk.bzh\\\/#website\",\"url\":\"https:\\\/\\\/arfolk.bzh\\\/\",\"name\":\"Arfolk\",\"description\":\"Label discographique sp\u00e9cialis\u00e9 dans la musique bretonne\",\"publisher\":{\"@id\":\"https:\\\/\\\/arfolk.bzh\\\/#organization\"},\"potentialAction\":[{\"@type\":\"SearchAction\",\"target\":{\"@type\":\"EntryPoint\",\"urlTemplate\":\"https:\\\/\\\/arfolk.bzh\\\/?s={search_term_string}\"},\"query-input\":{\"@type\":\"PropertyValueSpecification\",\"valueRequired\":true,\"valueName\":\"search_term_string\"}}],\"inLanguage\":\"en-US\"},{\"@type\":\"Organization\",\"@id\":\"https:\\\/\\\/arfolk.bzh\\\/#organization\",\"name\":\"Arfolk\",\"alternateName\":\"Le label de la musique bretonne\",\"url\":\"https:\\\/\\\/arfolk.bzh\\\/\",\"logo\":{\"@type\":\"ImageObject\",\"inLanguage\":\"en-US\",\"@id\":\"https:\\\/\\\/arfolk.bzh\\\/#\\\/schema\\\/logo\\\/image\\\/\",\"url\":\"https:\\\/\\\/arfolk.bzh\\\/wp-content\\\/uploads\\\/2023\\\/11\\\/cropped-logo-label-de-musique-breton-arfolf-vignette.webp\",\"contentUrl\":\"https:\\\/\\\/arfolk.bzh\\\/wp-content\\\/uploads\\\/2023\\\/11\\\/cropped-logo-label-de-musique-breton-arfolf-vignette.webp\",\"width\":512,\"height\":512,\"caption\":\"Arfolk\"},\"image\":{\"@id\":\"https:\\\/\\\/arfolk.bzh\\\/#\\\/schema\\\/logo\\\/image\\\/\"},\"sameAs\":[\"https:\\\/\\\/www.facebook.com\\\/Arfolkmusik\",\"https:\\\/\\\/www.instagram.com\\\/arfolkmusik\\\/\"]}]}<\/script>\n<!-- \/ Yoast SEO Premium plugin. -->","yoast_head_json":{"title":"Album de Mika\u00ebl Yaouank - Chants de marins","description":"Retrouvez le nouvel album compilation de Mika\u00ebl Yaouank - Chants de marins. Commandez directement en ligne sur arfolk.bzh, le label discographique breton.","robots":{"index":"index","follow":"follow","max-snippet":"max-snippet:-1","max-image-preview":"max-image-preview:large","max-video-preview":"max-video-preview:-1"},"canonical":"https:\/\/arfolk.bzh\/en\/boutique\/mikael-yaouank-chants-de-marins\/","schema":{"@context":"https:\/\/schema.org","@graph":[{"@type":"WebPage","@id":"https:\/\/arfolk.bzh\/boutique\/mikael-yaouank-chants-de-marins\/","url":"https:\/\/arfolk.bzh\/boutique\/mikael-yaouank-chants-de-marins\/","name":"Album de Mika\u00ebl Yaouank - Chants de marins","isPartOf":{"@id":"https:\/\/arfolk.bzh\/#website"},"primaryImageOfPage":{"@id":"https:\/\/arfolk.bzh\/boutique\/mikael-yaouank-chants-de-marins\/#primaryimage"},"image":{"@id":"https:\/\/arfolk.bzh\/boutique\/mikael-yaouank-chants-de-marins\/#primaryimage"},"thumbnailUrl":"https:\/\/arfolk.bzh\/wp-content\/uploads\/2024\/04\/mikaelyaouank_chantsdemarins-scaled.jpg","datePublished":"1985-01-04T19:19:18+00:00","dateModified":"2025-12-11T11:51:17+00:00","description":"Retrouvez le nouvel album compilation de Mika\u00ebl Yaouank - Chants de marins. Commandez directement en ligne sur arfolk.bzh, le label discographique breton.","breadcrumb":{"@id":"https:\/\/arfolk.bzh\/boutique\/mikael-yaouank-chants-de-marins\/#breadcrumb"},"inLanguage":"en-US","potentialAction":[{"@type":"ReadAction","target":["https:\/\/arfolk.bzh\/boutique\/mikael-yaouank-chants-de-marins\/"]}]},{"@type":"ImageObject","inLanguage":"en-US","@id":"https:\/\/arfolk.bzh\/boutique\/mikael-yaouank-chants-de-marins\/#primaryimage","url":"https:\/\/arfolk.bzh\/wp-content\/uploads\/2024\/04\/mikaelyaouank_chantsdemarins-scaled.jpg","contentUrl":"https:\/\/arfolk.bzh\/wp-content\/uploads\/2024\/04\/mikaelyaouank_chantsdemarins-scaled.jpg","width":2560,"height":2560,"caption":"mikaelyaouank chantsdemarins"},{"@type":"BreadcrumbList","@id":"https:\/\/arfolk.bzh\/boutique\/mikael-yaouank-chants-de-marins\/#breadcrumb","itemListElement":[{"@type":"ListItem","position":1,"name":"Accueil","item":"https:\/\/arfolk.bzh\/"},{"@type":"ListItem","position":2,"name":"Boutique","item":"https:\/\/arfolk.bzh\/boutique\/"},{"@type":"ListItem","position":3,"name":"Mika\u00ebl Yaouank &#8211; Chants de marins"}]},{"@type":"WebSite","@id":"https:\/\/arfolk.bzh\/#website","url":"https:\/\/arfolk.bzh\/","name":"Arfolk","description":"Label discographique sp\u00e9cialis\u00e9 dans la musique bretonne","publisher":{"@id":"https:\/\/arfolk.bzh\/#organization"},"potentialAction":[{"@type":"SearchAction","target":{"@type":"EntryPoint","urlTemplate":"https:\/\/arfolk.bzh\/?s={search_term_string}"},"query-input":{"@type":"PropertyValueSpecification","valueRequired":true,"valueName":"search_term_string"}}],"inLanguage":"en-US"},{"@type":"Organization","@id":"https:\/\/arfolk.bzh\/#organization","name":"Arfolk","alternateName":"Le label de la musique bretonne","url":"https:\/\/arfolk.bzh\/","logo":{"@type":"ImageObject","inLanguage":"en-US","@id":"https:\/\/arfolk.bzh\/#\/schema\/logo\/image\/","url":"https:\/\/arfolk.bzh\/wp-content\/uploads\/2023\/11\/cropped-logo-label-de-musique-breton-arfolf-vignette.webp","contentUrl":"https:\/\/arfolk.bzh\/wp-content\/uploads\/2023\/11\/cropped-logo-label-de-musique-breton-arfolf-vignette.webp","width":512,"height":512,"caption":"Arfolk"},"image":{"@id":"https:\/\/arfolk.bzh\/#\/schema\/logo\/image\/"},"sameAs":["https:\/\/www.facebook.com\/Arfolkmusik","https:\/\/www.instagram.com\/arfolkmusik\/"]}]}},"jetpack_sharing_enabled":true,"_links":{"self":[{"href":"https:\/\/arfolk.bzh\/en\/wp-json\/wp\/v2\/product\/2643","targetHints":{"allow":["GET"]}}],"collection":[{"href":"https:\/\/arfolk.bzh\/en\/wp-json\/wp\/v2\/product"}],"about":[{"href":"https:\/\/arfolk.bzh\/en\/wp-json\/wp\/v2\/types\/product"}],"wp:featuredmedia":[{"embeddable":true,"href":"https:\/\/arfolk.bzh\/en\/wp-json\/wp\/v2\/media\/2388"}],"wp:attachment":[{"href":"https:\/\/arfolk.bzh\/en\/wp-json\/wp\/v2\/media?parent=2643"}],"wp:term":[{"taxonomy":"product_brand","embeddable":true,"href":"https:\/\/arfolk.bzh\/en\/wp-json\/wp\/v2\/product_brand?post=2643"},{"taxonomy":"product_cat","embeddable":true,"href":"https:\/\/arfolk.bzh\/en\/wp-json\/wp\/v2\/false?post=2643"},{"taxonomy":"product_tag","embeddable":true,"href":"https:\/\/arfolk.bzh\/en\/wp-json\/wp\/v2\/product_tag?post=2643"},{"taxonomy":"disponible_a_la_vente","embeddable":true,"href":"https:\/\/arfolk.bzh\/en\/wp-json\/wp\/v2\/disponible_a_la_vente?post=2643"},{"taxonomy":"langue","embeddable":true,"href":"https:\/\/arfolk.bzh\/en\/wp-json\/wp\/v2\/langue?post=2643"},{"taxonomy":"style","embeddable":true,"href":"https:\/\/arfolk.bzh\/en\/wp-json\/wp\/v2\/style?post=2643"},{"taxonomy":"supports","embeddable":true,"href":"https:\/\/arfolk.bzh\/en\/wp-json\/wp\/v2\/supports?post=2643"}],"curies":[{"name":"wp","href":"https:\/\/api.w.org\/{rel}","templated":true}]}}