{"id":2670,"date":"2018-10-15T20:19:32","date_gmt":"2018-10-15T18:19:32","guid":{"rendered":"https:\/\/arfolk.bzh\/boutique\/renaud-detressan-b52\/"},"modified":"2025-12-11T11:24:59","modified_gmt":"2025-12-11T10:24:59","slug":"renaud-detressan-b52","status":"publish","type":"product","link":"https:\/\/arfolk.bzh\/en\/boutique\/renaud-detressan-b52\/","title":{"rendered":"Renaud Detressan &#8211; B52"},"content":{"rendered":"<p>Ses chansons nous ram\u00e8nent dans les ann\u00e9es 70, du c\u00f4t\u00e9 de Woodstock et de Sa\u00efgon. Certains titres vous donnent des envies de grands espaces, d&rsquo;autres ont ce classicisme \u00e0 la fran\u00e7aise qu&rsquo;on lui reconna\u00eet depuis ses d\u00e9buts.<\/p>\n<p>B-52 est le 6eme album solo de Detressan. Avec \u00ab\u00a0On est comme on est\u00a0\u00bb, le jeune tombeur avait charm\u00e9 la France en 1981.<\/p>\n<p>Il a \u00e9crit ou compos\u00e9 avec Daniel Auteuil et Dave. En 1988, avec son guitariste Serge Danet, Detressan cr\u00e9e le groupe Soldat Louis et fait la rencontre de Renaud, avec qui il \u00e9crit deux chansons dont le fameux \u00ab\u00a0500 connards\u00a0\u00bb.<\/p>\n<p><iframe loading=\"lazy\" title=\"Renaud Detressan - B-52\" width=\"1080\" height=\"608\" src=\"https:\/\/www.youtube.com\/embed\/videoseries?list=PLQMZD0e8YHDIogQ61Q9GYWtTZWqOU18Nd\"  allow=\"accelerometer; autoplay; clipboard-write; encrypted-media; gyroscope; picture-in-picture; web-share\" referrerpolicy=\"strict-origin-when-cross-origin\" allowfullscreen><\/iframe><\/p>\n<p><strong>Tracklist de \u00a0\u00bb B52 \u00ab\u00a0:<\/strong><\/p>\n<ol>\n<li><strong>\u00a0B-52<\/strong><\/li>\n<li><strong>Le coeur en sommeil<\/strong><\/li>\n<li><strong>Si j&rsquo;avais \u00e9t\u00e9 un marine<\/strong><\/li>\n<li><strong>Les notes impr\u00e9cises<\/strong><\/li>\n<li><strong>Pr\u00eate-moi ta main<\/strong><\/li>\n<li><strong>C&rsquo;\u00e9tait mieux avant<\/strong><\/li>\n<li><strong>Tendre amie<\/strong><\/li>\n<li><strong>500 connards<\/strong><\/li>\n<li><strong>le vieux Loden<\/strong><\/li>\n<li><strong>L&rsquo;eau des Bayous<\/strong><\/li>\n<li><strong>Elle s&rsquo;endort<\/strong><\/li>\n<li><strong>Salut les amoureux<\/strong><\/li>\n<\/ol>\n<p><strong>Dur\u00e9e totale : 45&prime;<\/strong><\/p>","protected":false},"excerpt":{"rendered":"<p>Detressan est un des cr\u00e9ateurs et chanteurs du groupe Soldat Louis.<\/p>\n<p>Il signe ici un album intime, \u00e9mouvant, que seule une vie d&rsquo;artiste accompli et de saltimbanque peut engendrer.<\/p>\n<p>Ecoutez en Streaming : <strong><a href=\"https:\/\/fanlink.tv\/cNt8\">https:\/\/fanlink.tv\/cNt8<\/a><\/strong><\/p>","protected":false},"featured_media":2276,"template":"","meta":{"_acf_changed":false,"_et_pb_use_builder":"","_et_pb_old_content":"","_et_gb_content_width":""},"product_brand":[],"false":[32,55],"product_tag":[],"disponible_a_la_vente":[38],"langue":[72],"style":[77],"supports":[86],"class_list":{"0":"post-2670","1":"product","2":"type-product","3":"status-publish","4":"has-post-thumbnail","6":"product_cat-non-classe","7":"product_cat-soldat-louis","8":"disponible_a_la_vente-disponible-a-la-vente","9":"langue-francais","10":"style-pop-rock-folk-punk","11":"supports-cd","13":"first","14":"instock","15":"sale","16":"purchasable","17":"product-type-simple"},"acf":[],"yoast_head":"<!-- This site is optimized with the Yoast SEO Premium plugin v24.0 (Yoast SEO v27.3) - https:\/\/yoast.com\/product\/yoast-seo-premium-wordpress\/ -->\n<title>Album de Renaud Detressan - B52<\/title>\n<meta name=\"description\" content=\"Retrouvez l&#039;album de Renaud Detressan - B52. Detressan est le cr\u00e9ateur et chanteur du groupe Soldat Louis.Commandez directement en ligne sur arfolk.bzh.\" \/>\n<meta name=\"robots\" content=\"index, follow, max-snippet:-1, max-image-preview:large, max-video-preview:-1\" \/>\n<link rel=\"canonical\" href=\"https:\/\/arfolk.bzh\/en\/boutique\/renaud-detressan-b52\/\" \/>\n<script type=\"application\/ld+json\" class=\"yoast-schema-graph\">{\"@context\":\"https:\\\/\\\/schema.org\",\"@graph\":[{\"@type\":\"WebPage\",\"@id\":\"https:\\\/\\\/arfolk.bzh\\\/boutique\\\/renaud-detressan-b52\\\/\",\"url\":\"https:\\\/\\\/arfolk.bzh\\\/boutique\\\/renaud-detressan-b52\\\/\",\"name\":\"Album de Renaud Detressan - B52\",\"isPartOf\":{\"@id\":\"https:\\\/\\\/arfolk.bzh\\\/#website\"},\"primaryImageOfPage\":{\"@id\":\"https:\\\/\\\/arfolk.bzh\\\/boutique\\\/renaud-detressan-b52\\\/#primaryimage\"},\"image\":{\"@id\":\"https:\\\/\\\/arfolk.bzh\\\/boutique\\\/renaud-detressan-b52\\\/#primaryimage\"},\"thumbnailUrl\":\"https:\\\/\\\/arfolk.bzh\\\/wp-content\\\/uploads\\\/2024\\\/04\\\/detressan_b52-scaled.jpg\",\"datePublished\":\"2018-10-15T18:19:32+00:00\",\"dateModified\":\"2025-12-11T10:24:59+00:00\",\"description\":\"Retrouvez l'album de Renaud Detressan - B52. Detressan est le cr\u00e9ateur et chanteur du groupe Soldat Louis.Commandez directement en ligne sur arfolk.bzh.\",\"breadcrumb\":{\"@id\":\"https:\\\/\\\/arfolk.bzh\\\/boutique\\\/renaud-detressan-b52\\\/#breadcrumb\"},\"inLanguage\":\"en-US\",\"potentialAction\":[{\"@type\":\"ReadAction\",\"target\":[\"https:\\\/\\\/arfolk.bzh\\\/boutique\\\/renaud-detressan-b52\\\/\"]}]},{\"@type\":\"ImageObject\",\"inLanguage\":\"en-US\",\"@id\":\"https:\\\/\\\/arfolk.bzh\\\/boutique\\\/renaud-detressan-b52\\\/#primaryimage\",\"url\":\"https:\\\/\\\/arfolk.bzh\\\/wp-content\\\/uploads\\\/2024\\\/04\\\/detressan_b52-scaled.jpg\",\"contentUrl\":\"https:\\\/\\\/arfolk.bzh\\\/wp-content\\\/uploads\\\/2024\\\/04\\\/detressan_b52-scaled.jpg\",\"width\":2560,\"height\":2560,\"caption\":\"detressan b52\"},{\"@type\":\"BreadcrumbList\",\"@id\":\"https:\\\/\\\/arfolk.bzh\\\/boutique\\\/renaud-detressan-b52\\\/#breadcrumb\",\"itemListElement\":[{\"@type\":\"ListItem\",\"position\":1,\"name\":\"Accueil\",\"item\":\"https:\\\/\\\/arfolk.bzh\\\/\"},{\"@type\":\"ListItem\",\"position\":2,\"name\":\"Boutique\",\"item\":\"https:\\\/\\\/arfolk.bzh\\\/boutique\\\/\"},{\"@type\":\"ListItem\",\"position\":3,\"name\":\"Renaud Detressan &#8211; B52\"}]},{\"@type\":\"WebSite\",\"@id\":\"https:\\\/\\\/arfolk.bzh\\\/#website\",\"url\":\"https:\\\/\\\/arfolk.bzh\\\/\",\"name\":\"Arfolk\",\"description\":\"Label discographique sp\u00e9cialis\u00e9 dans la musique bretonne\",\"publisher\":{\"@id\":\"https:\\\/\\\/arfolk.bzh\\\/#organization\"},\"potentialAction\":[{\"@type\":\"SearchAction\",\"target\":{\"@type\":\"EntryPoint\",\"urlTemplate\":\"https:\\\/\\\/arfolk.bzh\\\/?s={search_term_string}\"},\"query-input\":{\"@type\":\"PropertyValueSpecification\",\"valueRequired\":true,\"valueName\":\"search_term_string\"}}],\"inLanguage\":\"en-US\"},{\"@type\":\"Organization\",\"@id\":\"https:\\\/\\\/arfolk.bzh\\\/#organization\",\"name\":\"Arfolk\",\"alternateName\":\"Le label de la musique bretonne\",\"url\":\"https:\\\/\\\/arfolk.bzh\\\/\",\"logo\":{\"@type\":\"ImageObject\",\"inLanguage\":\"en-US\",\"@id\":\"https:\\\/\\\/arfolk.bzh\\\/#\\\/schema\\\/logo\\\/image\\\/\",\"url\":\"https:\\\/\\\/arfolk.bzh\\\/wp-content\\\/uploads\\\/2023\\\/11\\\/cropped-logo-label-de-musique-breton-arfolf-vignette.webp\",\"contentUrl\":\"https:\\\/\\\/arfolk.bzh\\\/wp-content\\\/uploads\\\/2023\\\/11\\\/cropped-logo-label-de-musique-breton-arfolf-vignette.webp\",\"width\":512,\"height\":512,\"caption\":\"Arfolk\"},\"image\":{\"@id\":\"https:\\\/\\\/arfolk.bzh\\\/#\\\/schema\\\/logo\\\/image\\\/\"},\"sameAs\":[\"https:\\\/\\\/www.facebook.com\\\/Arfolkmusik\",\"https:\\\/\\\/www.instagram.com\\\/arfolkmusik\\\/\"]}]}<\/script>\n<!-- \/ Yoast SEO Premium plugin. -->","yoast_head_json":{"title":"Album de Renaud Detressan - B52","description":"Retrouvez l'album de Renaud Detressan - B52. Detressan est le cr\u00e9ateur et chanteur du groupe Soldat Louis.Commandez directement en ligne sur arfolk.bzh.","robots":{"index":"index","follow":"follow","max-snippet":"max-snippet:-1","max-image-preview":"max-image-preview:large","max-video-preview":"max-video-preview:-1"},"canonical":"https:\/\/arfolk.bzh\/en\/boutique\/renaud-detressan-b52\/","schema":{"@context":"https:\/\/schema.org","@graph":[{"@type":"WebPage","@id":"https:\/\/arfolk.bzh\/boutique\/renaud-detressan-b52\/","url":"https:\/\/arfolk.bzh\/boutique\/renaud-detressan-b52\/","name":"Album de Renaud Detressan - B52","isPartOf":{"@id":"https:\/\/arfolk.bzh\/#website"},"primaryImageOfPage":{"@id":"https:\/\/arfolk.bzh\/boutique\/renaud-detressan-b52\/#primaryimage"},"image":{"@id":"https:\/\/arfolk.bzh\/boutique\/renaud-detressan-b52\/#primaryimage"},"thumbnailUrl":"https:\/\/arfolk.bzh\/wp-content\/uploads\/2024\/04\/detressan_b52-scaled.jpg","datePublished":"2018-10-15T18:19:32+00:00","dateModified":"2025-12-11T10:24:59+00:00","description":"Retrouvez l'album de Renaud Detressan - B52. Detressan est le cr\u00e9ateur et chanteur du groupe Soldat Louis.Commandez directement en ligne sur arfolk.bzh.","breadcrumb":{"@id":"https:\/\/arfolk.bzh\/boutique\/renaud-detressan-b52\/#breadcrumb"},"inLanguage":"en-US","potentialAction":[{"@type":"ReadAction","target":["https:\/\/arfolk.bzh\/boutique\/renaud-detressan-b52\/"]}]},{"@type":"ImageObject","inLanguage":"en-US","@id":"https:\/\/arfolk.bzh\/boutique\/renaud-detressan-b52\/#primaryimage","url":"https:\/\/arfolk.bzh\/wp-content\/uploads\/2024\/04\/detressan_b52-scaled.jpg","contentUrl":"https:\/\/arfolk.bzh\/wp-content\/uploads\/2024\/04\/detressan_b52-scaled.jpg","width":2560,"height":2560,"caption":"detressan b52"},{"@type":"BreadcrumbList","@id":"https:\/\/arfolk.bzh\/boutique\/renaud-detressan-b52\/#breadcrumb","itemListElement":[{"@type":"ListItem","position":1,"name":"Accueil","item":"https:\/\/arfolk.bzh\/"},{"@type":"ListItem","position":2,"name":"Boutique","item":"https:\/\/arfolk.bzh\/boutique\/"},{"@type":"ListItem","position":3,"name":"Renaud Detressan &#8211; B52"}]},{"@type":"WebSite","@id":"https:\/\/arfolk.bzh\/#website","url":"https:\/\/arfolk.bzh\/","name":"Arfolk","description":"Label discographique sp\u00e9cialis\u00e9 dans la musique bretonne","publisher":{"@id":"https:\/\/arfolk.bzh\/#organization"},"potentialAction":[{"@type":"SearchAction","target":{"@type":"EntryPoint","urlTemplate":"https:\/\/arfolk.bzh\/?s={search_term_string}"},"query-input":{"@type":"PropertyValueSpecification","valueRequired":true,"valueName":"search_term_string"}}],"inLanguage":"en-US"},{"@type":"Organization","@id":"https:\/\/arfolk.bzh\/#organization","name":"Arfolk","alternateName":"Le label de la musique bretonne","url":"https:\/\/arfolk.bzh\/","logo":{"@type":"ImageObject","inLanguage":"en-US","@id":"https:\/\/arfolk.bzh\/#\/schema\/logo\/image\/","url":"https:\/\/arfolk.bzh\/wp-content\/uploads\/2023\/11\/cropped-logo-label-de-musique-breton-arfolf-vignette.webp","contentUrl":"https:\/\/arfolk.bzh\/wp-content\/uploads\/2023\/11\/cropped-logo-label-de-musique-breton-arfolf-vignette.webp","width":512,"height":512,"caption":"Arfolk"},"image":{"@id":"https:\/\/arfolk.bzh\/#\/schema\/logo\/image\/"},"sameAs":["https:\/\/www.facebook.com\/Arfolkmusik","https:\/\/www.instagram.com\/arfolkmusik\/"]}]}},"jetpack_sharing_enabled":true,"_links":{"self":[{"href":"https:\/\/arfolk.bzh\/en\/wp-json\/wp\/v2\/product\/2670","targetHints":{"allow":["GET"]}}],"collection":[{"href":"https:\/\/arfolk.bzh\/en\/wp-json\/wp\/v2\/product"}],"about":[{"href":"https:\/\/arfolk.bzh\/en\/wp-json\/wp\/v2\/types\/product"}],"wp:featuredmedia":[{"embeddable":true,"href":"https:\/\/arfolk.bzh\/en\/wp-json\/wp\/v2\/media\/2276"}],"wp:attachment":[{"href":"https:\/\/arfolk.bzh\/en\/wp-json\/wp\/v2\/media?parent=2670"}],"wp:term":[{"taxonomy":"product_brand","embeddable":true,"href":"https:\/\/arfolk.bzh\/en\/wp-json\/wp\/v2\/product_brand?post=2670"},{"taxonomy":"product_cat","embeddable":true,"href":"https:\/\/arfolk.bzh\/en\/wp-json\/wp\/v2\/false?post=2670"},{"taxonomy":"product_tag","embeddable":true,"href":"https:\/\/arfolk.bzh\/en\/wp-json\/wp\/v2\/product_tag?post=2670"},{"taxonomy":"disponible_a_la_vente","embeddable":true,"href":"https:\/\/arfolk.bzh\/en\/wp-json\/wp\/v2\/disponible_a_la_vente?post=2670"},{"taxonomy":"langue","embeddable":true,"href":"https:\/\/arfolk.bzh\/en\/wp-json\/wp\/v2\/langue?post=2670"},{"taxonomy":"style","embeddable":true,"href":"https:\/\/arfolk.bzh\/en\/wp-json\/wp\/v2\/style?post=2670"},{"taxonomy":"supports","embeddable":true,"href":"https:\/\/arfolk.bzh\/en\/wp-json\/wp\/v2\/supports?post=2670"}],"curies":[{"name":"wp","href":"https:\/\/api.w.org\/{rel}","templated":true}]}}