{"id":2680,"date":"2016-06-03T20:19:32","date_gmt":"2016-06-03T18:19:32","guid":{"rendered":"https:\/\/arfolk.bzh\/boutique\/ronan-le-bars-group-anerchkentan\/"},"modified":"2025-12-11T11:47:03","modified_gmt":"2025-12-11T10:47:03","slug":"ronan-le-bars-group-an-erch-kentan-the-first-snow","status":"publish","type":"product","link":"https:\/\/arfolk.bzh\/en\/boutique\/ronan-le-bars-group-an-erch-kentan-the-first-snow\/","title":{"rendered":"Ronan le Bars Group &#8211; An erc&rsquo;h kenta\u00f1"},"content":{"rendered":"<p><iframe loading=\"lazy\" title=\"Ronan Le Bars Group - An erc&#039;h kenta\u00f1\" width=\"1080\" height=\"608\" src=\"https:\/\/www.youtube.com\/embed\/videoseries?list=PLQMZD0e8YHDLebwHnv18zne4GH6ZGUJ4y\"  allow=\"accelerometer; autoplay; clipboard-write; encrypted-media; gyroscope; picture-in-picture; web-share\" referrerpolicy=\"strict-origin-when-cross-origin\" allowfullscreen><\/iframe><\/p>\n<p>Enregistr\u00e9 avec les m\u00eames musiciens que dans l&rsquo;album pr\u00e9c\u00e9dent, <em>An Erc&rsquo;h Kenta\u00f1<\/em> se d\u00e9marque par la collaboration de l&rsquo;arrangeur Robert Le Gall sur des morceaux avec orchestre.<\/p>\n<p>Le Uilleann-pipes, \u00ab\u00a0cornemuse irlandaise\u00a0\u00bb, reste l&rsquo;\u00e9l\u00e9ment central de ce nouvel album, conf\u00e9rant une couleur sonore unique et une touche reconnaissable dans le paysage musical breton.<\/p>\n<p>(L&rsquo;album a \u00e9t\u00e9 initialement pr\u00e9sent\u00e9 sur le catalogue papier sous le titre <em>Tro Breizh<\/em>)<\/p>\n<p><strong>Tracklist de \u00a0\u00bb An erc &lsquo;h kenta\u00f1 \u00ab\u00a0:<\/strong><\/p>\n<ol>\n<li><strong>Tro breizh<\/strong><\/li>\n<li><strong>Larid\u00e9 gavotte<\/strong><\/li>\n<li><strong>Enez an enez<\/strong><\/li>\n<li><strong>An erc&rsquo;h kenta\u00f1<\/strong><\/li>\n<li><strong>D\u00e9rob\u00e9e de Guingamp<\/strong><\/li>\n<li><strong>Nu alrest<\/strong><\/li>\n<li><strong>Da\u00f1s fisel<\/strong><\/li>\n<li><strong>Son an ene<\/strong><\/li>\n<li><strong>It was a nice day<\/strong><\/li>\n<li><strong>Ratchenisca<\/strong><\/li>\n<\/ol>","protected":false},"excerpt":{"rendered":"<p>Dans ce second album, le virtuose breton nous fait voyager dans diverses parties du pays breton \u00e0 travers des suites traditionnelles revisit\u00e9es ainsi que des compositions de Ronan inspir\u00e9es par son histoire et ses paysages.<\/p>\n<p>Ecoutez en Streaming : <strong><a href=\"https:\/\/fanlink.tv\/wdBY\">https:\/\/fanlink.tv\/wdBY<\/a><\/strong><\/p>","protected":false},"featured_media":2425,"template":"","meta":{"_acf_changed":false,"_et_pb_use_builder":"","_et_pb_old_content":"","_et_gb_content_width":""},"product_brand":[],"false":[69],"product_tag":[],"disponible_a_la_vente":[38],"langue":[75],"style":[76],"supports":[86],"class_list":{"0":"post-2680","1":"product","2":"type-product","3":"status-publish","4":"has-post-thumbnail","6":"product_cat-ronan-le-bars-group","7":"disponible_a_la_vente-disponible-a-la-vente","8":"langue-instrumental","9":"style-fest-noz","10":"supports-cd","12":"first","13":"instock","14":"sale","15":"purchasable","16":"product-type-simple"},"acf":[],"yoast_head":"<!-- This site is optimized with the Yoast SEO Premium plugin v24.0 (Yoast SEO v27.3) - https:\/\/yoast.com\/product\/yoast-seo-premium-wordpress\/ -->\n<title>Album de Ronan le Bars Group - An erc&#039;h kenta\u00f1<\/title>\n<meta name=\"description\" content=\"Retrouvez l&#039;album de Ronan le Bars Group - An erc&#039;h kentan. Commandez directement en ligne sur arfolk.bzh, le label discographique breton.\" \/>\n<meta name=\"robots\" content=\"index, follow, max-snippet:-1, max-image-preview:large, max-video-preview:-1\" \/>\n<link rel=\"canonical\" href=\"https:\/\/arfolk.bzh\/en\/boutique\/ronan-le-bars-group-an-erch-kentan-the-first-snow\/\" \/>\n<script type=\"application\/ld+json\" class=\"yoast-schema-graph\">{\"@context\":\"https:\\\/\\\/schema.org\",\"@graph\":[{\"@type\":\"WebPage\",\"@id\":\"https:\\\/\\\/arfolk.bzh\\\/boutique\\\/ronan-le-bars-group-an-erch-kentan-the-first-snow\\\/\",\"url\":\"https:\\\/\\\/arfolk.bzh\\\/boutique\\\/ronan-le-bars-group-an-erch-kentan-the-first-snow\\\/\",\"name\":\"Album de Ronan le Bars Group - An erc'h kenta\u00f1\",\"isPartOf\":{\"@id\":\"https:\\\/\\\/arfolk.bzh\\\/#website\"},\"primaryImageOfPage\":{\"@id\":\"https:\\\/\\\/arfolk.bzh\\\/boutique\\\/ronan-le-bars-group-an-erch-kentan-the-first-snow\\\/#primaryimage\"},\"image\":{\"@id\":\"https:\\\/\\\/arfolk.bzh\\\/boutique\\\/ronan-le-bars-group-an-erch-kentan-the-first-snow\\\/#primaryimage\"},\"thumbnailUrl\":\"https:\\\/\\\/arfolk.bzh\\\/wp-content\\\/uploads\\\/2024\\\/04\\\/ronanlebarsgroup_-anerchkentan-scaled.jpg\",\"datePublished\":\"2016-06-03T18:19:32+00:00\",\"dateModified\":\"2025-12-11T10:47:03+00:00\",\"description\":\"Retrouvez l'album de Ronan le Bars Group - An erc'h kentan. Commandez directement en ligne sur arfolk.bzh, le label discographique breton.\",\"breadcrumb\":{\"@id\":\"https:\\\/\\\/arfolk.bzh\\\/boutique\\\/ronan-le-bars-group-an-erch-kentan-the-first-snow\\\/#breadcrumb\"},\"inLanguage\":\"en-US\",\"potentialAction\":[{\"@type\":\"ReadAction\",\"target\":[\"https:\\\/\\\/arfolk.bzh\\\/boutique\\\/ronan-le-bars-group-an-erch-kentan-the-first-snow\\\/\"]}]},{\"@type\":\"ImageObject\",\"inLanguage\":\"en-US\",\"@id\":\"https:\\\/\\\/arfolk.bzh\\\/boutique\\\/ronan-le-bars-group-an-erch-kentan-the-first-snow\\\/#primaryimage\",\"url\":\"https:\\\/\\\/arfolk.bzh\\\/wp-content\\\/uploads\\\/2024\\\/04\\\/ronanlebarsgroup_-anerchkentan-scaled.jpg\",\"contentUrl\":\"https:\\\/\\\/arfolk.bzh\\\/wp-content\\\/uploads\\\/2024\\\/04\\\/ronanlebarsgroup_-anerchkentan-scaled.jpg\",\"width\":2560,\"height\":2560,\"caption\":\"ronanlebarsgroup anerchkentan\"},{\"@type\":\"BreadcrumbList\",\"@id\":\"https:\\\/\\\/arfolk.bzh\\\/boutique\\\/ronan-le-bars-group-an-erch-kentan-the-first-snow\\\/#breadcrumb\",\"itemListElement\":[{\"@type\":\"ListItem\",\"position\":1,\"name\":\"Accueil\",\"item\":\"https:\\\/\\\/arfolk.bzh\\\/\"},{\"@type\":\"ListItem\",\"position\":2,\"name\":\"Boutique\",\"item\":\"https:\\\/\\\/arfolk.bzh\\\/boutique\\\/\"},{\"@type\":\"ListItem\",\"position\":3,\"name\":\"Ronan le Bars Group &#8211; An erc&rsquo;h kenta\u00f1\"}]},{\"@type\":\"WebSite\",\"@id\":\"https:\\\/\\\/arfolk.bzh\\\/#website\",\"url\":\"https:\\\/\\\/arfolk.bzh\\\/\",\"name\":\"Arfolk\",\"description\":\"Label discographique sp\u00e9cialis\u00e9 dans la musique bretonne\",\"publisher\":{\"@id\":\"https:\\\/\\\/arfolk.bzh\\\/#organization\"},\"potentialAction\":[{\"@type\":\"SearchAction\",\"target\":{\"@type\":\"EntryPoint\",\"urlTemplate\":\"https:\\\/\\\/arfolk.bzh\\\/?s={search_term_string}\"},\"query-input\":{\"@type\":\"PropertyValueSpecification\",\"valueRequired\":true,\"valueName\":\"search_term_string\"}}],\"inLanguage\":\"en-US\"},{\"@type\":\"Organization\",\"@id\":\"https:\\\/\\\/arfolk.bzh\\\/#organization\",\"name\":\"Arfolk\",\"alternateName\":\"Le label de la musique bretonne\",\"url\":\"https:\\\/\\\/arfolk.bzh\\\/\",\"logo\":{\"@type\":\"ImageObject\",\"inLanguage\":\"en-US\",\"@id\":\"https:\\\/\\\/arfolk.bzh\\\/#\\\/schema\\\/logo\\\/image\\\/\",\"url\":\"https:\\\/\\\/arfolk.bzh\\\/wp-content\\\/uploads\\\/2023\\\/11\\\/cropped-logo-label-de-musique-breton-arfolf-vignette.webp\",\"contentUrl\":\"https:\\\/\\\/arfolk.bzh\\\/wp-content\\\/uploads\\\/2023\\\/11\\\/cropped-logo-label-de-musique-breton-arfolf-vignette.webp\",\"width\":512,\"height\":512,\"caption\":\"Arfolk\"},\"image\":{\"@id\":\"https:\\\/\\\/arfolk.bzh\\\/#\\\/schema\\\/logo\\\/image\\\/\"},\"sameAs\":[\"https:\\\/\\\/www.facebook.com\\\/Arfolkmusik\",\"https:\\\/\\\/www.instagram.com\\\/arfolkmusik\\\/\"]}]}<\/script>\n<!-- \/ Yoast SEO Premium plugin. -->","yoast_head_json":{"title":"Album de Ronan le Bars Group - An erc'h kenta\u00f1","description":"Retrouvez l'album de Ronan le Bars Group - An erc'h kentan. Commandez directement en ligne sur arfolk.bzh, le label discographique breton.","robots":{"index":"index","follow":"follow","max-snippet":"max-snippet:-1","max-image-preview":"max-image-preview:large","max-video-preview":"max-video-preview:-1"},"canonical":"https:\/\/arfolk.bzh\/en\/boutique\/ronan-le-bars-group-an-erch-kentan-the-first-snow\/","schema":{"@context":"https:\/\/schema.org","@graph":[{"@type":"WebPage","@id":"https:\/\/arfolk.bzh\/boutique\/ronan-le-bars-group-an-erch-kentan-the-first-snow\/","url":"https:\/\/arfolk.bzh\/boutique\/ronan-le-bars-group-an-erch-kentan-the-first-snow\/","name":"Album de Ronan le Bars Group - An erc'h kenta\u00f1","isPartOf":{"@id":"https:\/\/arfolk.bzh\/#website"},"primaryImageOfPage":{"@id":"https:\/\/arfolk.bzh\/boutique\/ronan-le-bars-group-an-erch-kentan-the-first-snow\/#primaryimage"},"image":{"@id":"https:\/\/arfolk.bzh\/boutique\/ronan-le-bars-group-an-erch-kentan-the-first-snow\/#primaryimage"},"thumbnailUrl":"https:\/\/arfolk.bzh\/wp-content\/uploads\/2024\/04\/ronanlebarsgroup_-anerchkentan-scaled.jpg","datePublished":"2016-06-03T18:19:32+00:00","dateModified":"2025-12-11T10:47:03+00:00","description":"Retrouvez l'album de Ronan le Bars Group - An erc'h kentan. Commandez directement en ligne sur arfolk.bzh, le label discographique breton.","breadcrumb":{"@id":"https:\/\/arfolk.bzh\/boutique\/ronan-le-bars-group-an-erch-kentan-the-first-snow\/#breadcrumb"},"inLanguage":"en-US","potentialAction":[{"@type":"ReadAction","target":["https:\/\/arfolk.bzh\/boutique\/ronan-le-bars-group-an-erch-kentan-the-first-snow\/"]}]},{"@type":"ImageObject","inLanguage":"en-US","@id":"https:\/\/arfolk.bzh\/boutique\/ronan-le-bars-group-an-erch-kentan-the-first-snow\/#primaryimage","url":"https:\/\/arfolk.bzh\/wp-content\/uploads\/2024\/04\/ronanlebarsgroup_-anerchkentan-scaled.jpg","contentUrl":"https:\/\/arfolk.bzh\/wp-content\/uploads\/2024\/04\/ronanlebarsgroup_-anerchkentan-scaled.jpg","width":2560,"height":2560,"caption":"ronanlebarsgroup anerchkentan"},{"@type":"BreadcrumbList","@id":"https:\/\/arfolk.bzh\/boutique\/ronan-le-bars-group-an-erch-kentan-the-first-snow\/#breadcrumb","itemListElement":[{"@type":"ListItem","position":1,"name":"Accueil","item":"https:\/\/arfolk.bzh\/"},{"@type":"ListItem","position":2,"name":"Boutique","item":"https:\/\/arfolk.bzh\/boutique\/"},{"@type":"ListItem","position":3,"name":"Ronan le Bars Group &#8211; An erc&rsquo;h kenta\u00f1"}]},{"@type":"WebSite","@id":"https:\/\/arfolk.bzh\/#website","url":"https:\/\/arfolk.bzh\/","name":"Arfolk","description":"Label discographique sp\u00e9cialis\u00e9 dans la musique bretonne","publisher":{"@id":"https:\/\/arfolk.bzh\/#organization"},"potentialAction":[{"@type":"SearchAction","target":{"@type":"EntryPoint","urlTemplate":"https:\/\/arfolk.bzh\/?s={search_term_string}"},"query-input":{"@type":"PropertyValueSpecification","valueRequired":true,"valueName":"search_term_string"}}],"inLanguage":"en-US"},{"@type":"Organization","@id":"https:\/\/arfolk.bzh\/#organization","name":"Arfolk","alternateName":"Le label de la musique bretonne","url":"https:\/\/arfolk.bzh\/","logo":{"@type":"ImageObject","inLanguage":"en-US","@id":"https:\/\/arfolk.bzh\/#\/schema\/logo\/image\/","url":"https:\/\/arfolk.bzh\/wp-content\/uploads\/2023\/11\/cropped-logo-label-de-musique-breton-arfolf-vignette.webp","contentUrl":"https:\/\/arfolk.bzh\/wp-content\/uploads\/2023\/11\/cropped-logo-label-de-musique-breton-arfolf-vignette.webp","width":512,"height":512,"caption":"Arfolk"},"image":{"@id":"https:\/\/arfolk.bzh\/#\/schema\/logo\/image\/"},"sameAs":["https:\/\/www.facebook.com\/Arfolkmusik","https:\/\/www.instagram.com\/arfolkmusik\/"]}]}},"jetpack_sharing_enabled":true,"_links":{"self":[{"href":"https:\/\/arfolk.bzh\/en\/wp-json\/wp\/v2\/product\/2680","targetHints":{"allow":["GET"]}}],"collection":[{"href":"https:\/\/arfolk.bzh\/en\/wp-json\/wp\/v2\/product"}],"about":[{"href":"https:\/\/arfolk.bzh\/en\/wp-json\/wp\/v2\/types\/product"}],"wp:featuredmedia":[{"embeddable":true,"href":"https:\/\/arfolk.bzh\/en\/wp-json\/wp\/v2\/media\/2425"}],"wp:attachment":[{"href":"https:\/\/arfolk.bzh\/en\/wp-json\/wp\/v2\/media?parent=2680"}],"wp:term":[{"taxonomy":"product_brand","embeddable":true,"href":"https:\/\/arfolk.bzh\/en\/wp-json\/wp\/v2\/product_brand?post=2680"},{"taxonomy":"product_cat","embeddable":true,"href":"https:\/\/arfolk.bzh\/en\/wp-json\/wp\/v2\/false?post=2680"},{"taxonomy":"product_tag","embeddable":true,"href":"https:\/\/arfolk.bzh\/en\/wp-json\/wp\/v2\/product_tag?post=2680"},{"taxonomy":"disponible_a_la_vente","embeddable":true,"href":"https:\/\/arfolk.bzh\/en\/wp-json\/wp\/v2\/disponible_a_la_vente?post=2680"},{"taxonomy":"langue","embeddable":true,"href":"https:\/\/arfolk.bzh\/en\/wp-json\/wp\/v2\/langue?post=2680"},{"taxonomy":"style","embeddable":true,"href":"https:\/\/arfolk.bzh\/en\/wp-json\/wp\/v2\/style?post=2680"},{"taxonomy":"supports","embeddable":true,"href":"https:\/\/arfolk.bzh\/en\/wp-json\/wp\/v2\/supports?post=2680"}],"curies":[{"name":"wp","href":"https:\/\/api.w.org\/{rel}","templated":true}]}}