{"id":2686,"date":"2018-09-10T20:19:45","date_gmt":"2018-09-10T18:19:45","guid":{"rendered":"https:\/\/arfolk.bzh\/boutique\/skolvan-ti-ar-seven\/"},"modified":"2025-12-11T11:26:36","modified_gmt":"2025-12-11T10:26:36","slug":"skolvan-ti-ar-seven","status":"publish","type":"product","link":"https:\/\/arfolk.bzh\/en\/boutique\/skolvan-ti-ar-seven\/","title":{"rendered":"Skolvan &#8211; Ti ar seven"},"content":{"rendered":"<p>\u00ab\u00a0De ces centaines de villes et pays parcourus, nous avons gard\u00e9 le plaisir de partager nos d\u00e9couvertes avec les danseurs. Ils nous ont t\u00e9moign\u00e9 leur fid\u00e9lit\u00e9 depuis 35 ans et c&rsquo;est \u00e0 eux que nous d\u00e9dions cet album.<\/p>\n<p>Ti ar Seven (la maison du courtois en breton) est \u00e9galement un lieu-dit dans la commune de Brasparts (29), cher pays de la gavotte.\u00a0\u00bb<\/p>\n<p><iframe loading=\"lazy\" title=\"Skolvan - Sous les lampions (Andro)\" width=\"1080\" height=\"608\" src=\"https:\/\/www.youtube.com\/embed\/yV8lH5moaYw?feature=oembed\"  allow=\"accelerometer; autoplay; clipboard-write; encrypted-media; gyroscope; picture-in-picture; web-share\" referrerpolicy=\"strict-origin-when-cross-origin\" allowfullscreen><\/iframe><\/p>\n<p><strong>Tracklist de Ti Ar seven :<\/strong><\/p>\n<ol>\n<li><strong><span class=\"MuiTypography-root MuiTypography-labelSmall css-1kybk0l\"><span class=\"trackTitle_CTKp4\">Sous Les Lampions (Andro)<\/span><\/span><\/strong><\/li>\n<li><strong><span class=\"MuiTypography-root MuiTypography-labelSmall css-1kybk0l\"><span class=\"trackTitle_CTKp4\">La Ronde Des Choucas (Ton Simpl) [Suite Plinn]<\/span><\/span><\/strong><\/li>\n<li><strong><span class=\"MuiTypography-root MuiTypography-labelSmall css-1kybk0l\"><span class=\"trackTitle_CTKp4\">Distro Deus An Douren (Bal Plinn) [Suite Plinn]<\/span><\/span><\/strong><\/li>\n<li><strong><span class=\"MuiTypography-root MuiTypography-labelSmall css-1kybk0l\"><span class=\"trackTitle_CTKp4\">Lies Pevar \/ C&rsquo;hwezek (Ton Doubl) [Suite Plinn]<\/span><\/span><\/strong><\/li>\n<li><strong><span class=\"MuiTypography-root MuiTypography-labelSmall css-1kybk0l\"><span class=\"trackTitle_CTKp4\">Scottishs Des Charrettes (Scottish)<\/span><\/span><\/strong><\/li>\n<li><strong><span class=\"MuiTypography-root MuiTypography-labelSmall css-1kybk0l\"><span class=\"trackTitle_CTKp4\">Le R\u00e9veil Du Volcan (Rond De St Vincent)<\/span><\/span><\/strong><\/li>\n<li><strong><span class=\"MuiTypography-root MuiTypography-labelSmall css-1kybk0l\"><span class=\"trackTitle_CTKp4\">Danse Des \u00c9chasses (Traditionnel Flamand)<\/span><\/span><\/strong><\/li>\n<li><strong><span class=\"MuiTypography-root MuiTypography-labelSmall css-1kybk0l\"><span class=\"trackTitle_CTKp4\">Digor An Da\u00f1s (Ton Simpl) [Suite Gavotte Des Montagnes]<\/span><\/span><\/strong><\/li>\n<li><strong><span class=\"MuiTypography-root MuiTypography-labelSmall css-1kybk0l\"><span class=\"trackTitle_CTKp4\">March&rsquo;hlav War Ar C&rsquo;hann (Tamm Kreiz) [Suite Gavotte Des Montagnes]<\/span><\/span>\u00a0<\/strong><\/li>\n<li><strong><span class=\"MuiTypography-root MuiTypography-labelSmall css-1kybk0l\"><span class=\"trackTitle_CTKp4\">Froud E-barzh An Divhar (Ton Doubl) [Suite Gavotte Des Montagnes]<\/span><\/span><\/strong><\/li>\n<li><strong><span class=\"MuiTypography-root MuiTypography-labelSmall css-1kybk0l\"><span class=\"trackTitle_CTKp4\">Coquin Cherche Coquine (Mazurka)<\/span><\/span><\/strong><\/li>\n<li><strong><span class=\"MuiTypography-root MuiTypography-labelSmall css-1kybk0l\"><span class=\"trackTitle_CTKp4\">Kejadenno\u00f9 (Larid\u00e9 8 Temps)<\/span><\/span><\/strong><\/li>\n<li><strong><span class=\"MuiTypography-root MuiTypography-labelSmall css-1kybk0l\"><span class=\"trackTitle_CTKp4\">Premiers Ronds (Suite De Loud\u00e9ac)<\/span><\/span><\/strong><\/li>\n<li><strong><span class=\"MuiTypography-root MuiTypography-labelSmall css-1kybk0l\"><span class=\"trackTitle_CTKp4\">Pignon Blanc (Baleu) [Suite De Loud\u00e9ac]<\/span><\/span><\/strong><\/li>\n<li><strong><span class=\"MuiTypography-root MuiTypography-labelSmall css-1kybk0l\"><span class=\"trackTitle_CTKp4\">Deuxi\u00e8me Ronds (Suite De Loud\u00e9ac)<\/span><\/span><\/strong><\/li>\n<li><strong><span class=\"MuiTypography-root MuiTypography-labelSmall css-1kybk0l\"><span class=\"trackTitle_CTKp4\">Retour De Bocage (Riqueni\u00e9e) [Suite De Loud\u00e9ac]<\/span><\/span><\/strong><\/li>\n<li><strong><span class=\"MuiTypography-root MuiTypography-labelSmall css-1kybk0l\"><span class=\"trackTitle_CTKp4\">Ar Spletenn, Les Horloges (M\u00e9lodie)<\/span><\/span><\/strong><\/li>\n<\/ol>\n","protected":false},"excerpt":{"rendered":"<p>Ti ar Seven : la maison des sept&#8230; albums.<\/p>\n<p>C&rsquo;est dans sa cuisine, que Youenn\u00a0explore avec passion, de nouvelles lignes m\u00e9lodiques, \u00e9tudie les accents, les phras\u00e9s, les accords et les arrangements avec obstination, dans le respect de cette musique traditionnelle bretonne qui les anime.<\/p>\n<p>Un groupe c\u00e9l\u00e8bre incarn\u00e9 par des instrumentistes de renom !<\/p>\n<p>Ecoutez en Streaming : <strong><a href=\"https:\/\/fanlink.tv\/cNuc\">https:\/\/fanlink.tv\/cNuc<\/a><\/strong><\/p>","protected":false},"featured_media":2428,"template":"","meta":{"_acf_changed":false,"_et_pb_use_builder":"","_et_pb_old_content":"","_et_gb_content_width":""},"product_brand":[],"false":[68],"product_tag":[],"disponible_a_la_vente":[38],"langue":[75],"style":[76],"supports":[86],"class_list":{"0":"post-2686","1":"product","2":"type-product","3":"status-publish","4":"has-post-thumbnail","6":"product_cat-skolvan","7":"disponible_a_la_vente-disponible-a-la-vente","8":"langue-instrumental","9":"style-fest-noz","10":"supports-cd","12":"first","13":"instock","14":"sale","15":"purchasable","16":"product-type-simple"},"acf":[],"yoast_head":"<!-- This site is optimized with the Yoast SEO Premium plugin v24.0 (Yoast SEO v27.3) - https:\/\/yoast.com\/product\/yoast-seo-premium-wordpress\/ -->\n<title>Album de Skolvan - Ti ar seven<\/title>\n<meta name=\"description\" content=\"Retrouvez l&#039;album de Skolvan - Ti ar seven. Un groupe c\u00e9l\u00e8bre de festo\u00f9-noz! Commandez directement en ligne sur arfolk.bzh.\" \/>\n<meta name=\"robots\" content=\"index, follow, max-snippet:-1, max-image-preview:large, max-video-preview:-1\" \/>\n<link rel=\"canonical\" href=\"https:\/\/arfolk.bzh\/en\/boutique\/skolvan-ti-ar-seven\/\" \/>\n<script type=\"application\/ld+json\" class=\"yoast-schema-graph\">{\"@context\":\"https:\\\/\\\/schema.org\",\"@graph\":[{\"@type\":\"WebPage\",\"@id\":\"https:\\\/\\\/arfolk.bzh\\\/boutique\\\/skolvan-ti-ar-seven\\\/\",\"url\":\"https:\\\/\\\/arfolk.bzh\\\/boutique\\\/skolvan-ti-ar-seven\\\/\",\"name\":\"Album de Skolvan - Ti ar seven\",\"isPartOf\":{\"@id\":\"https:\\\/\\\/arfolk.bzh\\\/#website\"},\"primaryImageOfPage\":{\"@id\":\"https:\\\/\\\/arfolk.bzh\\\/boutique\\\/skolvan-ti-ar-seven\\\/#primaryimage\"},\"image\":{\"@id\":\"https:\\\/\\\/arfolk.bzh\\\/boutique\\\/skolvan-ti-ar-seven\\\/#primaryimage\"},\"thumbnailUrl\":\"https:\\\/\\\/arfolk.bzh\\\/wp-content\\\/uploads\\\/2024\\\/04\\\/skolvan_tiarseven-scaled.jpg\",\"datePublished\":\"2018-09-10T18:19:45+00:00\",\"dateModified\":\"2025-12-11T10:26:36+00:00\",\"description\":\"Retrouvez l'album de Skolvan - Ti ar seven. Un groupe c\u00e9l\u00e8bre de festo\u00f9-noz! Commandez directement en ligne sur arfolk.bzh.\",\"breadcrumb\":{\"@id\":\"https:\\\/\\\/arfolk.bzh\\\/boutique\\\/skolvan-ti-ar-seven\\\/#breadcrumb\"},\"inLanguage\":\"en-US\",\"potentialAction\":[{\"@type\":\"ReadAction\",\"target\":[\"https:\\\/\\\/arfolk.bzh\\\/boutique\\\/skolvan-ti-ar-seven\\\/\"]}]},{\"@type\":\"ImageObject\",\"inLanguage\":\"en-US\",\"@id\":\"https:\\\/\\\/arfolk.bzh\\\/boutique\\\/skolvan-ti-ar-seven\\\/#primaryimage\",\"url\":\"https:\\\/\\\/arfolk.bzh\\\/wp-content\\\/uploads\\\/2024\\\/04\\\/skolvan_tiarseven-scaled.jpg\",\"contentUrl\":\"https:\\\/\\\/arfolk.bzh\\\/wp-content\\\/uploads\\\/2024\\\/04\\\/skolvan_tiarseven-scaled.jpg\",\"width\":2560,\"height\":2560,\"caption\":\"skolvan tiarseven\"},{\"@type\":\"BreadcrumbList\",\"@id\":\"https:\\\/\\\/arfolk.bzh\\\/boutique\\\/skolvan-ti-ar-seven\\\/#breadcrumb\",\"itemListElement\":[{\"@type\":\"ListItem\",\"position\":1,\"name\":\"Accueil\",\"item\":\"https:\\\/\\\/arfolk.bzh\\\/\"},{\"@type\":\"ListItem\",\"position\":2,\"name\":\"Boutique\",\"item\":\"https:\\\/\\\/arfolk.bzh\\\/boutique\\\/\"},{\"@type\":\"ListItem\",\"position\":3,\"name\":\"Skolvan &#8211; Ti ar seven\"}]},{\"@type\":\"WebSite\",\"@id\":\"https:\\\/\\\/arfolk.bzh\\\/#website\",\"url\":\"https:\\\/\\\/arfolk.bzh\\\/\",\"name\":\"Arfolk\",\"description\":\"Label discographique sp\u00e9cialis\u00e9 dans la musique bretonne\",\"publisher\":{\"@id\":\"https:\\\/\\\/arfolk.bzh\\\/#organization\"},\"potentialAction\":[{\"@type\":\"SearchAction\",\"target\":{\"@type\":\"EntryPoint\",\"urlTemplate\":\"https:\\\/\\\/arfolk.bzh\\\/?s={search_term_string}\"},\"query-input\":{\"@type\":\"PropertyValueSpecification\",\"valueRequired\":true,\"valueName\":\"search_term_string\"}}],\"inLanguage\":\"en-US\"},{\"@type\":\"Organization\",\"@id\":\"https:\\\/\\\/arfolk.bzh\\\/#organization\",\"name\":\"Arfolk\",\"alternateName\":\"Le label de la musique bretonne\",\"url\":\"https:\\\/\\\/arfolk.bzh\\\/\",\"logo\":{\"@type\":\"ImageObject\",\"inLanguage\":\"en-US\",\"@id\":\"https:\\\/\\\/arfolk.bzh\\\/#\\\/schema\\\/logo\\\/image\\\/\",\"url\":\"https:\\\/\\\/arfolk.bzh\\\/wp-content\\\/uploads\\\/2023\\\/11\\\/cropped-logo-label-de-musique-breton-arfolf-vignette.webp\",\"contentUrl\":\"https:\\\/\\\/arfolk.bzh\\\/wp-content\\\/uploads\\\/2023\\\/11\\\/cropped-logo-label-de-musique-breton-arfolf-vignette.webp\",\"width\":512,\"height\":512,\"caption\":\"Arfolk\"},\"image\":{\"@id\":\"https:\\\/\\\/arfolk.bzh\\\/#\\\/schema\\\/logo\\\/image\\\/\"},\"sameAs\":[\"https:\\\/\\\/www.facebook.com\\\/Arfolkmusik\",\"https:\\\/\\\/www.instagram.com\\\/arfolkmusik\\\/\"]}]}<\/script>\n<!-- \/ Yoast SEO Premium plugin. -->","yoast_head_json":{"title":"Album de Skolvan - Ti ar seven","description":"Retrouvez l'album de Skolvan - Ti ar seven. Un groupe c\u00e9l\u00e8bre de festo\u00f9-noz! Commandez directement en ligne sur arfolk.bzh.","robots":{"index":"index","follow":"follow","max-snippet":"max-snippet:-1","max-image-preview":"max-image-preview:large","max-video-preview":"max-video-preview:-1"},"canonical":"https:\/\/arfolk.bzh\/en\/boutique\/skolvan-ti-ar-seven\/","schema":{"@context":"https:\/\/schema.org","@graph":[{"@type":"WebPage","@id":"https:\/\/arfolk.bzh\/boutique\/skolvan-ti-ar-seven\/","url":"https:\/\/arfolk.bzh\/boutique\/skolvan-ti-ar-seven\/","name":"Album de Skolvan - Ti ar seven","isPartOf":{"@id":"https:\/\/arfolk.bzh\/#website"},"primaryImageOfPage":{"@id":"https:\/\/arfolk.bzh\/boutique\/skolvan-ti-ar-seven\/#primaryimage"},"image":{"@id":"https:\/\/arfolk.bzh\/boutique\/skolvan-ti-ar-seven\/#primaryimage"},"thumbnailUrl":"https:\/\/arfolk.bzh\/wp-content\/uploads\/2024\/04\/skolvan_tiarseven-scaled.jpg","datePublished":"2018-09-10T18:19:45+00:00","dateModified":"2025-12-11T10:26:36+00:00","description":"Retrouvez l'album de Skolvan - Ti ar seven. Un groupe c\u00e9l\u00e8bre de festo\u00f9-noz! Commandez directement en ligne sur arfolk.bzh.","breadcrumb":{"@id":"https:\/\/arfolk.bzh\/boutique\/skolvan-ti-ar-seven\/#breadcrumb"},"inLanguage":"en-US","potentialAction":[{"@type":"ReadAction","target":["https:\/\/arfolk.bzh\/boutique\/skolvan-ti-ar-seven\/"]}]},{"@type":"ImageObject","inLanguage":"en-US","@id":"https:\/\/arfolk.bzh\/boutique\/skolvan-ti-ar-seven\/#primaryimage","url":"https:\/\/arfolk.bzh\/wp-content\/uploads\/2024\/04\/skolvan_tiarseven-scaled.jpg","contentUrl":"https:\/\/arfolk.bzh\/wp-content\/uploads\/2024\/04\/skolvan_tiarseven-scaled.jpg","width":2560,"height":2560,"caption":"skolvan tiarseven"},{"@type":"BreadcrumbList","@id":"https:\/\/arfolk.bzh\/boutique\/skolvan-ti-ar-seven\/#breadcrumb","itemListElement":[{"@type":"ListItem","position":1,"name":"Accueil","item":"https:\/\/arfolk.bzh\/"},{"@type":"ListItem","position":2,"name":"Boutique","item":"https:\/\/arfolk.bzh\/boutique\/"},{"@type":"ListItem","position":3,"name":"Skolvan &#8211; Ti ar seven"}]},{"@type":"WebSite","@id":"https:\/\/arfolk.bzh\/#website","url":"https:\/\/arfolk.bzh\/","name":"Arfolk","description":"Label discographique sp\u00e9cialis\u00e9 dans la musique bretonne","publisher":{"@id":"https:\/\/arfolk.bzh\/#organization"},"potentialAction":[{"@type":"SearchAction","target":{"@type":"EntryPoint","urlTemplate":"https:\/\/arfolk.bzh\/?s={search_term_string}"},"query-input":{"@type":"PropertyValueSpecification","valueRequired":true,"valueName":"search_term_string"}}],"inLanguage":"en-US"},{"@type":"Organization","@id":"https:\/\/arfolk.bzh\/#organization","name":"Arfolk","alternateName":"Le label de la musique bretonne","url":"https:\/\/arfolk.bzh\/","logo":{"@type":"ImageObject","inLanguage":"en-US","@id":"https:\/\/arfolk.bzh\/#\/schema\/logo\/image\/","url":"https:\/\/arfolk.bzh\/wp-content\/uploads\/2023\/11\/cropped-logo-label-de-musique-breton-arfolf-vignette.webp","contentUrl":"https:\/\/arfolk.bzh\/wp-content\/uploads\/2023\/11\/cropped-logo-label-de-musique-breton-arfolf-vignette.webp","width":512,"height":512,"caption":"Arfolk"},"image":{"@id":"https:\/\/arfolk.bzh\/#\/schema\/logo\/image\/"},"sameAs":["https:\/\/www.facebook.com\/Arfolkmusik","https:\/\/www.instagram.com\/arfolkmusik\/"]}]}},"jetpack_sharing_enabled":true,"_links":{"self":[{"href":"https:\/\/arfolk.bzh\/en\/wp-json\/wp\/v2\/product\/2686","targetHints":{"allow":["GET"]}}],"collection":[{"href":"https:\/\/arfolk.bzh\/en\/wp-json\/wp\/v2\/product"}],"about":[{"href":"https:\/\/arfolk.bzh\/en\/wp-json\/wp\/v2\/types\/product"}],"wp:featuredmedia":[{"embeddable":true,"href":"https:\/\/arfolk.bzh\/en\/wp-json\/wp\/v2\/media\/2428"}],"wp:attachment":[{"href":"https:\/\/arfolk.bzh\/en\/wp-json\/wp\/v2\/media?parent=2686"}],"wp:term":[{"taxonomy":"product_brand","embeddable":true,"href":"https:\/\/arfolk.bzh\/en\/wp-json\/wp\/v2\/product_brand?post=2686"},{"taxonomy":"product_cat","embeddable":true,"href":"https:\/\/arfolk.bzh\/en\/wp-json\/wp\/v2\/false?post=2686"},{"taxonomy":"product_tag","embeddable":true,"href":"https:\/\/arfolk.bzh\/en\/wp-json\/wp\/v2\/product_tag?post=2686"},{"taxonomy":"disponible_a_la_vente","embeddable":true,"href":"https:\/\/arfolk.bzh\/en\/wp-json\/wp\/v2\/disponible_a_la_vente?post=2686"},{"taxonomy":"langue","embeddable":true,"href":"https:\/\/arfolk.bzh\/en\/wp-json\/wp\/v2\/langue?post=2686"},{"taxonomy":"style","embeddable":true,"href":"https:\/\/arfolk.bzh\/en\/wp-json\/wp\/v2\/style?post=2686"},{"taxonomy":"supports","embeddable":true,"href":"https:\/\/arfolk.bzh\/en\/wp-json\/wp\/v2\/supports?post=2686"}],"curies":[{"name":"wp","href":"https:\/\/api.w.org\/{rel}","templated":true}]}}