{"id":2696,"date":"2017-11-15T20:19:45","date_gmt":"2017-11-15T19:19:45","guid":{"rendered":"https:\/\/arfolk.bzh\/boutique\/soldat-louis-quelques-nouvelles-du-front\/"},"modified":"2026-03-02T15:45:04","modified_gmt":"2026-03-02T14:45:04","slug":"soldat-louis-quelques-nouvelles-du-front","status":"publish","type":"product","link":"https:\/\/arfolk.bzh\/en\/boutique\/soldat-louis-quelques-nouvelles-du-front\/","title":{"rendered":"Soldat Louis &#8211; Quelques nouvelles du front"},"content":{"rendered":"<p><iframe loading=\"lazy\" title=\"Quelques nouvelles du front\" width=\"1080\" height=\"608\" src=\"https:\/\/www.youtube.com\/embed\/videoseries?list=OLAK5uy_mnzvHyE9-NDoqP99C8QN6Svvgkzf5-yp4\"  allow=\"accelerometer; autoplay; clipboard-write; encrypted-media; gyroscope; picture-in-picture; web-share\" referrerpolicy=\"strict-origin-when-cross-origin\" allowfullscreen><\/iframe><\/p>\n<p>En 2018, Soldat Louis travaille sur sa nouvelle tourn\u00e9e pour f\u00eater ses trente ans de sc\u00e8ne !<\/p>\n<p>C&rsquo;\u00e9tait donc l&rsquo;occasion de se lancer dans un nouvel album ; pas un recueil anniversaire, mais un album in\u00e9dit de A \u00e0 Z !<\/p>\n<p>Apr\u00e8s \u00ab\u00a0du Rhum, des Femmes\u00a0\u00bb, \u00ab\u00a0Tonton Louis\u00a0\u00bb, Soldat Louis revient avec \u00ab\u00a0Quelques nouvelles du front\u00a0\u00bb, des titres qui vont\u00a0certainement s&rsquo;ancrer\u00a0dans la culture populaire !<\/p>\n<p><strong>Tracklist de \u00a0\u00bb Quelques nouvelles du front \u00ab\u00a0:<\/strong><\/p>\n<ol>\n<li><strong><span class=\"MuiTypography-root MuiTypography-labelSmall css-1kybk0l\"><span class=\"trackTitle_CTKp4\">Billeves\u00e9es Et Balivernes<\/span><\/span><\/strong><\/li>\n<li><strong><span class=\"MuiTypography-root MuiTypography-labelSmall css-1kybk0l\"><span class=\"trackTitle_CTKp4\">Et Boum La Bombe<\/span><\/span><\/strong><\/li>\n<li><strong><span class=\"MuiTypography-root MuiTypography-labelSmall css-1kybk0l\"><span class=\"trackTitle_CTKp4\">C&rsquo;Est L&rsquo;Bordel<\/span><\/span><\/strong><\/li>\n<li><strong><span class=\"MuiTypography-root MuiTypography-labelSmall css-1kybk0l\"><span class=\"trackTitle_CTKp4\">Quelques Nouvelles Du Front<\/span><\/span><\/strong><\/li>\n<li><strong><span class=\"MuiTypography-root MuiTypography-labelSmall css-1kybk0l\"><span class=\"trackTitle_CTKp4\">Tout L&rsquo;Monde \u00c0 Bord<\/span><\/span><\/strong><\/li>\n<li><strong><span class=\"MuiTypography-root MuiTypography-labelSmall css-1kybk0l\"><span class=\"trackTitle_CTKp4\">Mercenaires<\/span><\/span><\/strong><\/li>\n<li><strong><span class=\"MuiTypography-root MuiTypography-labelSmall css-1kybk0l\"><span class=\"trackTitle_CTKp4\">Du Vent<\/span><\/span><\/strong><\/li>\n<li><strong><span class=\"MuiTypography-root MuiTypography-labelSmall css-1kybk0l\"><span class=\"trackTitle_CTKp4\">S&rsquo;Envoleront<\/span><\/span><\/strong><\/li>\n<li><strong><span class=\"MuiTypography-root MuiTypography-labelSmall css-1kybk0l\"><span class=\"trackTitle_CTKp4\">L&rsquo;Eau Des Bayous<\/span><\/span><\/strong><\/li>\n<li><strong><span class=\"MuiTypography-root MuiTypography-labelSmall css-1kybk0l\"><span class=\"trackTitle_CTKp4\">Si\u00e8cles Barbares<\/span><\/span><\/strong><\/li>\n<li><strong><span class=\"MuiTypography-root MuiTypography-labelSmall css-1kybk0l\"><span class=\"trackTitle_CTKp4\">Trente Ans D\u00e9j\u00e0<\/span><\/span><\/strong><\/li>\n<li><strong><span class=\"MuiTypography-root MuiTypography-labelSmall css-1kybk0l\"><span class=\"trackTitle_CTKp4\">Bel Air<\/span><\/span><\/strong><\/li>\n<li><strong><span class=\"MuiTypography-root MuiTypography-labelSmall css-1kybk0l\"><span class=\"trackTitle_CTKp4\">Du Rhum, Des Femmes V2 Live<\/span><\/span><\/strong><\/li>\n<\/ol>","protected":false},"excerpt":{"rendered":"<div class=\"elementor-element elementor-element-9781e6a elementor-widget elementor-widget-product-description-short elementor-widget-text-editor\" data-id=\"9781e6a\" data-element_type=\"widget\" data-widget_type=\"product-description-short.default\">\n<div class=\"elementor-widget-container\">\n<div class=\"ce-product-description-short\">\n<p>Douze titres in\u00e9dits plus une nouvelle version \u00ab\u00a0du Rhum, des Femmes\u00a0\u00bb en live !<\/p>\n<p>Ecoutez en Streaming : <strong><a href=\"https:\/\/fanlink.tv\/SoldatLouis\">https:\/\/fanlink.tv\/SoldatLouis<\/a><\/strong><\/p>\n<\/div>\n<\/div>\n<\/div>","protected":false},"featured_media":2438,"template":"","meta":{"_acf_changed":false,"_et_pb_use_builder":"","_et_pb_old_content":"","_et_gb_content_width":""},"product_brand":[],"false":[55],"product_tag":[],"disponible_a_la_vente":[38],"langue":[72],"style":[77],"supports":[86,87],"class_list":{"0":"post-2696","1":"product","2":"type-product","3":"status-publish","4":"has-post-thumbnail","6":"product_cat-soldat-louis","7":"disponible_a_la_vente-disponible-a-la-vente","8":"langue-francais","9":"style-pop-rock-folk-punk","10":"supports-cd","11":"supports-vinyle","13":"first","14":"instock","15":"taxable","16":"shipping-taxable","17":"purchasable","18":"product-type-variable"},"acf":[],"yoast_head":"<!-- This site is optimized with the Yoast SEO Premium plugin v24.0 (Yoast SEO v27.3) - https:\/\/yoast.com\/product\/yoast-seo-premium-wordpress\/ -->\n<title>Album de Soldat Louis - Quelques nouvelles du front \/ 17,50\u20ac<\/title>\n<meta name=\"description\" content=\"Retrouvez le nouvel album de Soldat Louis - Quelques nouvelles du front. Commandez directement en ligne sur arfolk.bzh, le label discographique breton.\" \/>\n<meta name=\"robots\" content=\"index, follow, max-snippet:-1, max-image-preview:large, max-video-preview:-1\" \/>\n<link rel=\"canonical\" href=\"https:\/\/arfolk.bzh\/en\/boutique\/soldat-louis-quelques-nouvelles-du-front\/\" \/>\n<script type=\"application\/ld+json\" class=\"yoast-schema-graph\">{\"@context\":\"https:\\\/\\\/schema.org\",\"@graph\":[{\"@type\":\"WebPage\",\"@id\":\"https:\\\/\\\/arfolk.bzh\\\/boutique\\\/soldat-louis-quelques-nouvelles-du-front\\\/\",\"url\":\"https:\\\/\\\/arfolk.bzh\\\/boutique\\\/soldat-louis-quelques-nouvelles-du-front\\\/\",\"name\":\"Album de Soldat Louis - Quelques nouvelles du front \\\/ 17,50\u20ac\",\"isPartOf\":{\"@id\":\"https:\\\/\\\/arfolk.bzh\\\/#website\"},\"primaryImageOfPage\":{\"@id\":\"https:\\\/\\\/arfolk.bzh\\\/boutique\\\/soldat-louis-quelques-nouvelles-du-front\\\/#primaryimage\"},\"image\":{\"@id\":\"https:\\\/\\\/arfolk.bzh\\\/boutique\\\/soldat-louis-quelques-nouvelles-du-front\\\/#primaryimage\"},\"thumbnailUrl\":\"https:\\\/\\\/arfolk.bzh\\\/wp-content\\\/uploads\\\/2024\\\/04\\\/soldatlouis_quelquesnouvellesdufront-scaled.jpg\",\"datePublished\":\"2017-11-15T19:19:45+00:00\",\"dateModified\":\"2026-03-02T14:45:04+00:00\",\"description\":\"Retrouvez le nouvel album de Soldat Louis - Quelques nouvelles du front. Commandez directement en ligne sur arfolk.bzh, le label discographique breton.\",\"breadcrumb\":{\"@id\":\"https:\\\/\\\/arfolk.bzh\\\/boutique\\\/soldat-louis-quelques-nouvelles-du-front\\\/#breadcrumb\"},\"inLanguage\":\"en-US\",\"potentialAction\":[{\"@type\":\"ReadAction\",\"target\":[\"https:\\\/\\\/arfolk.bzh\\\/boutique\\\/soldat-louis-quelques-nouvelles-du-front\\\/\"]}]},{\"@type\":\"ImageObject\",\"inLanguage\":\"en-US\",\"@id\":\"https:\\\/\\\/arfolk.bzh\\\/boutique\\\/soldat-louis-quelques-nouvelles-du-front\\\/#primaryimage\",\"url\":\"https:\\\/\\\/arfolk.bzh\\\/wp-content\\\/uploads\\\/2024\\\/04\\\/soldatlouis_quelquesnouvellesdufront-scaled.jpg\",\"contentUrl\":\"https:\\\/\\\/arfolk.bzh\\\/wp-content\\\/uploads\\\/2024\\\/04\\\/soldatlouis_quelquesnouvellesdufront-scaled.jpg\",\"width\":2560,\"height\":2560,\"caption\":\"soldatlouis quelquesnouvellesdufront\"},{\"@type\":\"BreadcrumbList\",\"@id\":\"https:\\\/\\\/arfolk.bzh\\\/boutique\\\/soldat-louis-quelques-nouvelles-du-front\\\/#breadcrumb\",\"itemListElement\":[{\"@type\":\"ListItem\",\"position\":1,\"name\":\"Accueil\",\"item\":\"https:\\\/\\\/arfolk.bzh\\\/\"},{\"@type\":\"ListItem\",\"position\":2,\"name\":\"Boutique\",\"item\":\"https:\\\/\\\/arfolk.bzh\\\/boutique\\\/\"},{\"@type\":\"ListItem\",\"position\":3,\"name\":\"Soldat Louis &#8211; Quelques nouvelles du front\"}]},{\"@type\":\"WebSite\",\"@id\":\"https:\\\/\\\/arfolk.bzh\\\/#website\",\"url\":\"https:\\\/\\\/arfolk.bzh\\\/\",\"name\":\"Arfolk\",\"description\":\"Label discographique sp\u00e9cialis\u00e9 dans la musique bretonne\",\"publisher\":{\"@id\":\"https:\\\/\\\/arfolk.bzh\\\/#organization\"},\"potentialAction\":[{\"@type\":\"SearchAction\",\"target\":{\"@type\":\"EntryPoint\",\"urlTemplate\":\"https:\\\/\\\/arfolk.bzh\\\/?s={search_term_string}\"},\"query-input\":{\"@type\":\"PropertyValueSpecification\",\"valueRequired\":true,\"valueName\":\"search_term_string\"}}],\"inLanguage\":\"en-US\"},{\"@type\":\"Organization\",\"@id\":\"https:\\\/\\\/arfolk.bzh\\\/#organization\",\"name\":\"Arfolk\",\"alternateName\":\"Le label de la musique bretonne\",\"url\":\"https:\\\/\\\/arfolk.bzh\\\/\",\"logo\":{\"@type\":\"ImageObject\",\"inLanguage\":\"en-US\",\"@id\":\"https:\\\/\\\/arfolk.bzh\\\/#\\\/schema\\\/logo\\\/image\\\/\",\"url\":\"https:\\\/\\\/arfolk.bzh\\\/wp-content\\\/uploads\\\/2023\\\/11\\\/cropped-logo-label-de-musique-breton-arfolf-vignette.webp\",\"contentUrl\":\"https:\\\/\\\/arfolk.bzh\\\/wp-content\\\/uploads\\\/2023\\\/11\\\/cropped-logo-label-de-musique-breton-arfolf-vignette.webp\",\"width\":512,\"height\":512,\"caption\":\"Arfolk\"},\"image\":{\"@id\":\"https:\\\/\\\/arfolk.bzh\\\/#\\\/schema\\\/logo\\\/image\\\/\"},\"sameAs\":[\"https:\\\/\\\/www.facebook.com\\\/Arfolkmusik\",\"https:\\\/\\\/www.instagram.com\\\/arfolkmusik\\\/\"]}]}<\/script>\n<!-- \/ Yoast SEO Premium plugin. -->","yoast_head_json":{"title":"Album de Soldat Louis - Quelques nouvelles du front \/ 17,50\u20ac","description":"Retrouvez le nouvel album de Soldat Louis - Quelques nouvelles du front. Commandez directement en ligne sur arfolk.bzh, le label discographique breton.","robots":{"index":"index","follow":"follow","max-snippet":"max-snippet:-1","max-image-preview":"max-image-preview:large","max-video-preview":"max-video-preview:-1"},"canonical":"https:\/\/arfolk.bzh\/en\/boutique\/soldat-louis-quelques-nouvelles-du-front\/","schema":{"@context":"https:\/\/schema.org","@graph":[{"@type":"WebPage","@id":"https:\/\/arfolk.bzh\/boutique\/soldat-louis-quelques-nouvelles-du-front\/","url":"https:\/\/arfolk.bzh\/boutique\/soldat-louis-quelques-nouvelles-du-front\/","name":"Album de Soldat Louis - Quelques nouvelles du front \/ 17,50\u20ac","isPartOf":{"@id":"https:\/\/arfolk.bzh\/#website"},"primaryImageOfPage":{"@id":"https:\/\/arfolk.bzh\/boutique\/soldat-louis-quelques-nouvelles-du-front\/#primaryimage"},"image":{"@id":"https:\/\/arfolk.bzh\/boutique\/soldat-louis-quelques-nouvelles-du-front\/#primaryimage"},"thumbnailUrl":"https:\/\/arfolk.bzh\/wp-content\/uploads\/2024\/04\/soldatlouis_quelquesnouvellesdufront-scaled.jpg","datePublished":"2017-11-15T19:19:45+00:00","dateModified":"2026-03-02T14:45:04+00:00","description":"Retrouvez le nouvel album de Soldat Louis - Quelques nouvelles du front. Commandez directement en ligne sur arfolk.bzh, le label discographique breton.","breadcrumb":{"@id":"https:\/\/arfolk.bzh\/boutique\/soldat-louis-quelques-nouvelles-du-front\/#breadcrumb"},"inLanguage":"en-US","potentialAction":[{"@type":"ReadAction","target":["https:\/\/arfolk.bzh\/boutique\/soldat-louis-quelques-nouvelles-du-front\/"]}]},{"@type":"ImageObject","inLanguage":"en-US","@id":"https:\/\/arfolk.bzh\/boutique\/soldat-louis-quelques-nouvelles-du-front\/#primaryimage","url":"https:\/\/arfolk.bzh\/wp-content\/uploads\/2024\/04\/soldatlouis_quelquesnouvellesdufront-scaled.jpg","contentUrl":"https:\/\/arfolk.bzh\/wp-content\/uploads\/2024\/04\/soldatlouis_quelquesnouvellesdufront-scaled.jpg","width":2560,"height":2560,"caption":"soldatlouis quelquesnouvellesdufront"},{"@type":"BreadcrumbList","@id":"https:\/\/arfolk.bzh\/boutique\/soldat-louis-quelques-nouvelles-du-front\/#breadcrumb","itemListElement":[{"@type":"ListItem","position":1,"name":"Accueil","item":"https:\/\/arfolk.bzh\/"},{"@type":"ListItem","position":2,"name":"Boutique","item":"https:\/\/arfolk.bzh\/boutique\/"},{"@type":"ListItem","position":3,"name":"Soldat Louis &#8211; Quelques nouvelles du front"}]},{"@type":"WebSite","@id":"https:\/\/arfolk.bzh\/#website","url":"https:\/\/arfolk.bzh\/","name":"Arfolk","description":"Label discographique sp\u00e9cialis\u00e9 dans la musique bretonne","publisher":{"@id":"https:\/\/arfolk.bzh\/#organization"},"potentialAction":[{"@type":"SearchAction","target":{"@type":"EntryPoint","urlTemplate":"https:\/\/arfolk.bzh\/?s={search_term_string}"},"query-input":{"@type":"PropertyValueSpecification","valueRequired":true,"valueName":"search_term_string"}}],"inLanguage":"en-US"},{"@type":"Organization","@id":"https:\/\/arfolk.bzh\/#organization","name":"Arfolk","alternateName":"Le label de la musique bretonne","url":"https:\/\/arfolk.bzh\/","logo":{"@type":"ImageObject","inLanguage":"en-US","@id":"https:\/\/arfolk.bzh\/#\/schema\/logo\/image\/","url":"https:\/\/arfolk.bzh\/wp-content\/uploads\/2023\/11\/cropped-logo-label-de-musique-breton-arfolf-vignette.webp","contentUrl":"https:\/\/arfolk.bzh\/wp-content\/uploads\/2023\/11\/cropped-logo-label-de-musique-breton-arfolf-vignette.webp","width":512,"height":512,"caption":"Arfolk"},"image":{"@id":"https:\/\/arfolk.bzh\/#\/schema\/logo\/image\/"},"sameAs":["https:\/\/www.facebook.com\/Arfolkmusik","https:\/\/www.instagram.com\/arfolkmusik\/"]}]}},"jetpack_sharing_enabled":true,"_links":{"self":[{"href":"https:\/\/arfolk.bzh\/en\/wp-json\/wp\/v2\/product\/2696","targetHints":{"allow":["GET"]}}],"collection":[{"href":"https:\/\/arfolk.bzh\/en\/wp-json\/wp\/v2\/product"}],"about":[{"href":"https:\/\/arfolk.bzh\/en\/wp-json\/wp\/v2\/types\/product"}],"wp:featuredmedia":[{"embeddable":true,"href":"https:\/\/arfolk.bzh\/en\/wp-json\/wp\/v2\/media\/2438"}],"wp:attachment":[{"href":"https:\/\/arfolk.bzh\/en\/wp-json\/wp\/v2\/media?parent=2696"}],"wp:term":[{"taxonomy":"product_brand","embeddable":true,"href":"https:\/\/arfolk.bzh\/en\/wp-json\/wp\/v2\/product_brand?post=2696"},{"taxonomy":"product_cat","embeddable":true,"href":"https:\/\/arfolk.bzh\/en\/wp-json\/wp\/v2\/false?post=2696"},{"taxonomy":"product_tag","embeddable":true,"href":"https:\/\/arfolk.bzh\/en\/wp-json\/wp\/v2\/product_tag?post=2696"},{"taxonomy":"disponible_a_la_vente","embeddable":true,"href":"https:\/\/arfolk.bzh\/en\/wp-json\/wp\/v2\/disponible_a_la_vente?post=2696"},{"taxonomy":"langue","embeddable":true,"href":"https:\/\/arfolk.bzh\/en\/wp-json\/wp\/v2\/langue?post=2696"},{"taxonomy":"style","embeddable":true,"href":"https:\/\/arfolk.bzh\/en\/wp-json\/wp\/v2\/style?post=2696"},{"taxonomy":"supports","embeddable":true,"href":"https:\/\/arfolk.bzh\/en\/wp-json\/wp\/v2\/supports?post=2696"}],"curies":[{"name":"wp","href":"https:\/\/api.w.org\/{rel}","templated":true}]}}