{"id":3190,"date":"2018-05-16T15:55:47","date_gmt":"2018-05-16T13:55:47","guid":{"rendered":"https:\/\/arfolk.bzh\/?post_type=product&#038;p=3190"},"modified":"2026-03-02T15:43:36","modified_gmt":"2026-03-02T14:43:36","slug":"denez-mil-hent-mille-chemins","status":"publish","type":"product","link":"https:\/\/arfolk.bzh\/en\/boutique\/denez-mil-hent-mille-chemins\/","title":{"rendered":"Denez &#8211; Mil hent . Mille chemins"},"content":{"rendered":"<p>L&rsquo;intensit\u00e9 des \u00e9motions, l&rsquo;\u00e9nergie de la transe, le m\u00e9lange de couleurs et de rythmes, les paysages sonores surprenants, et bien s\u00fbr, la voix unique de Denez sont au c\u0153ur de cet album \u00e9tonnant et magique, avec,\u00a0pour la premi\u00e8re fois un chant en fran\u00e7ais.<\/p>\n<p><iframe loading=\"lazy\" title=\"Denez Prigent - Ar groazig aour\" width=\"1080\" height=\"608\" src=\"https:\/\/www.youtube.com\/embed\/95fpLGFQxEo?feature=oembed\"  allow=\"accelerometer; autoplay; clipboard-write; encrypted-media; gyroscope; picture-in-picture; web-share\" referrerpolicy=\"strict-origin-when-cross-origin\" allowfullscreen><\/iframe><\/p>\n<p><strong>Un livret avec les traductions des chansons est inclus dans le coffret.<\/strong><\/p>\n<p><strong>La tracklist du CD \u00ab\u00a0Mil hent &#8211; Mille chemins\u00a0\u00bb:<\/strong><\/p>\n<ol>\n<li><strong>Ar groazig aour &#8211; La petite croix d&rsquo;or<\/strong><\/li>\n<li><strong>An hento\u00f9 splann &#8211; Les chemins merveilleux<\/strong><\/li>\n<li><strong>Va hent &#8211; Mon chemin<\/strong><\/li>\n<li><strong>Ar rodo\u00f9 avel &#8211; Les roues \u00e0 vent<\/strong><\/li>\n<li><strong>Dans la rivi\u00e8re courante <\/strong><\/li>\n<li><strong>Marc&rsquo;h-eon &#8211; Cheavla d&rsquo;\u00e9cume<\/strong><\/li>\n<li><strong>Al labous marzhus &#8211; Loiseau prodigieux<\/strong><\/li>\n<li><strong>Hent noazh &#8211; chemin nu<\/strong><\/li>\n<li><strong>An tad-moualc&rsquo;h kaner &#8211; Le merle chanteur <\/strong><\/li>\n<li><strong>Mil-hent-dall ar vuhez &#8211; Mille chemins aveugles<\/strong><\/li>\n<li><strong>It da lavaret &lsquo;n he hu\u00f1vre &#8211; Allez lui dire dans son r\u00eave<\/strong><\/li>\n<li><strong>Nij an erer &#8211; Le vol de l&rsquo;aigle<\/strong><\/li>\n<\/ol>","protected":false},"excerpt":{"rendered":"<p>Des compositions originales, une musique m\u00e9tiss\u00e9e, puissante et universelle, alliant instruments acoustiques et sonorit\u00e9s \u00e9lectro \u00ab\u00a0en fil rouge\u00a0\u00bb, comme une synth\u00e8se de tous les chemins que Denez a pu emprunter jusqu&rsquo;\u00e0 pr\u00e9sent&#8230; avec de nouvelles collaborations : Yann Tiersen, Fred et Jean-Charles Guichen, Ronan Le Bars&#8230;<\/p>\n<p>Ecoutez en streaming : <strong><a href=\"https:\/\/fanlink.tv\/cNtX\">https:\/\/fanlink.tv\/cNtX<\/a><\/strong><\/p>","protected":false},"featured_media":3196,"template":"","meta":{"_acf_changed":false,"_et_pb_use_builder":"","_et_pb_old_content":"","_et_gb_content_width":""},"product_brand":[],"false":[35],"product_tag":[],"disponible_a_la_vente":[38],"langue":[73],"style":[79],"supports":[86,87],"class_list":{"0":"post-3190","1":"product","2":"type-product","3":"status-publish","4":"has-post-thumbnail","6":"product_cat-denez","7":"disponible_a_la_vente-disponible-a-la-vente","8":"langue-breton","9":"style-traditionnel-kan-ha-diskan","10":"supports-cd","11":"supports-vinyle","13":"first","14":"instock","15":"taxable","16":"shipping-taxable","17":"purchasable","18":"product-type-variable"},"acf":[],"yoast_head":"<!-- This site is optimized with the Yoast SEO Premium plugin v24.0 (Yoast SEO v27.3) - https:\/\/yoast.com\/product\/yoast-seo-premium-wordpress\/ -->\n<title>Album de Denez - Mil hent \/ Mille chemins<\/title>\n<meta name=\"description\" content=\"CD ou vinyle de Denez - Mil hent \/ Mille chemins. Invit\u00e9s: Yann Tiersen, Jean-Charles Guichen... Commandez directement en ligne sur arfolk.bzh.\" \/>\n<meta name=\"robots\" content=\"index, follow, max-snippet:-1, max-image-preview:large, max-video-preview:-1\" \/>\n<link rel=\"canonical\" href=\"https:\/\/arfolk.bzh\/en\/boutique\/denez-mil-hent-mille-chemins\/\" \/>\n<script type=\"application\/ld+json\" class=\"yoast-schema-graph\">{\"@context\":\"https:\\\/\\\/schema.org\",\"@graph\":[{\"@type\":\"WebPage\",\"@id\":\"https:\\\/\\\/arfolk.bzh\\\/boutique\\\/denez-mil-hent-mille-chemins\\\/\",\"url\":\"https:\\\/\\\/arfolk.bzh\\\/boutique\\\/denez-mil-hent-mille-chemins\\\/\",\"name\":\"Album de Denez - Mil hent \\\/ Mille chemins\",\"isPartOf\":{\"@id\":\"https:\\\/\\\/arfolk.bzh\\\/#website\"},\"primaryImageOfPage\":{\"@id\":\"https:\\\/\\\/arfolk.bzh\\\/boutique\\\/denez-mil-hent-mille-chemins\\\/#primaryimage\"},\"image\":{\"@id\":\"https:\\\/\\\/arfolk.bzh\\\/boutique\\\/denez-mil-hent-mille-chemins\\\/#primaryimage\"},\"thumbnailUrl\":\"https:\\\/\\\/arfolk.bzh\\\/wp-content\\\/uploads\\\/2018\\\/05\\\/capture-d-ecran-2024-12-16-a-16-37-20.webp\",\"datePublished\":\"2018-05-16T13:55:47+00:00\",\"dateModified\":\"2026-03-02T14:43:36+00:00\",\"description\":\"CD ou vinyle de Denez - Mil hent \\\/ Mille chemins. Invit\u00e9s: Yann Tiersen, Jean-Charles Guichen... Commandez directement en ligne sur arfolk.bzh.\",\"breadcrumb\":{\"@id\":\"https:\\\/\\\/arfolk.bzh\\\/boutique\\\/denez-mil-hent-mille-chemins\\\/#breadcrumb\"},\"inLanguage\":\"en-US\",\"potentialAction\":[{\"@type\":\"ReadAction\",\"target\":[\"https:\\\/\\\/arfolk.bzh\\\/boutique\\\/denez-mil-hent-mille-chemins\\\/\"]}]},{\"@type\":\"ImageObject\",\"inLanguage\":\"en-US\",\"@id\":\"https:\\\/\\\/arfolk.bzh\\\/boutique\\\/denez-mil-hent-mille-chemins\\\/#primaryimage\",\"url\":\"https:\\\/\\\/arfolk.bzh\\\/wp-content\\\/uploads\\\/2018\\\/05\\\/capture-d-ecran-2024-12-16-a-16-37-20.webp\",\"contentUrl\":\"https:\\\/\\\/arfolk.bzh\\\/wp-content\\\/uploads\\\/2018\\\/05\\\/capture-d-ecran-2024-12-16-a-16-37-20.webp\",\"width\":1238,\"height\":1238,\"caption\":\"denez-prigent-mil-hent\"},{\"@type\":\"BreadcrumbList\",\"@id\":\"https:\\\/\\\/arfolk.bzh\\\/boutique\\\/denez-mil-hent-mille-chemins\\\/#breadcrumb\",\"itemListElement\":[{\"@type\":\"ListItem\",\"position\":1,\"name\":\"Accueil\",\"item\":\"https:\\\/\\\/arfolk.bzh\\\/\"},{\"@type\":\"ListItem\",\"position\":2,\"name\":\"Boutique\",\"item\":\"https:\\\/\\\/arfolk.bzh\\\/boutique\\\/\"},{\"@type\":\"ListItem\",\"position\":3,\"name\":\"Denez &#8211; Mil hent . Mille chemins\"}]},{\"@type\":\"WebSite\",\"@id\":\"https:\\\/\\\/arfolk.bzh\\\/#website\",\"url\":\"https:\\\/\\\/arfolk.bzh\\\/\",\"name\":\"Arfolk\",\"description\":\"Label discographique sp\u00e9cialis\u00e9 dans la musique bretonne\",\"publisher\":{\"@id\":\"https:\\\/\\\/arfolk.bzh\\\/#organization\"},\"potentialAction\":[{\"@type\":\"SearchAction\",\"target\":{\"@type\":\"EntryPoint\",\"urlTemplate\":\"https:\\\/\\\/arfolk.bzh\\\/?s={search_term_string}\"},\"query-input\":{\"@type\":\"PropertyValueSpecification\",\"valueRequired\":true,\"valueName\":\"search_term_string\"}}],\"inLanguage\":\"en-US\"},{\"@type\":\"Organization\",\"@id\":\"https:\\\/\\\/arfolk.bzh\\\/#organization\",\"name\":\"Arfolk\",\"alternateName\":\"Le label de la musique bretonne\",\"url\":\"https:\\\/\\\/arfolk.bzh\\\/\",\"logo\":{\"@type\":\"ImageObject\",\"inLanguage\":\"en-US\",\"@id\":\"https:\\\/\\\/arfolk.bzh\\\/#\\\/schema\\\/logo\\\/image\\\/\",\"url\":\"https:\\\/\\\/arfolk.bzh\\\/wp-content\\\/uploads\\\/2023\\\/11\\\/cropped-logo-label-de-musique-breton-arfolf-vignette.webp\",\"contentUrl\":\"https:\\\/\\\/arfolk.bzh\\\/wp-content\\\/uploads\\\/2023\\\/11\\\/cropped-logo-label-de-musique-breton-arfolf-vignette.webp\",\"width\":512,\"height\":512,\"caption\":\"Arfolk\"},\"image\":{\"@id\":\"https:\\\/\\\/arfolk.bzh\\\/#\\\/schema\\\/logo\\\/image\\\/\"},\"sameAs\":[\"https:\\\/\\\/www.facebook.com\\\/Arfolkmusik\",\"https:\\\/\\\/www.instagram.com\\\/arfolkmusik\\\/\"]}]}<\/script>\n<!-- \/ Yoast SEO Premium plugin. -->","yoast_head_json":{"title":"Album de Denez - Mil hent \/ Mille chemins","description":"CD ou vinyle de Denez - Mil hent \/ Mille chemins. Invit\u00e9s: Yann Tiersen, Jean-Charles Guichen... Commandez directement en ligne sur arfolk.bzh.","robots":{"index":"index","follow":"follow","max-snippet":"max-snippet:-1","max-image-preview":"max-image-preview:large","max-video-preview":"max-video-preview:-1"},"canonical":"https:\/\/arfolk.bzh\/en\/boutique\/denez-mil-hent-mille-chemins\/","schema":{"@context":"https:\/\/schema.org","@graph":[{"@type":"WebPage","@id":"https:\/\/arfolk.bzh\/boutique\/denez-mil-hent-mille-chemins\/","url":"https:\/\/arfolk.bzh\/boutique\/denez-mil-hent-mille-chemins\/","name":"Album de Denez - Mil hent \/ Mille chemins","isPartOf":{"@id":"https:\/\/arfolk.bzh\/#website"},"primaryImageOfPage":{"@id":"https:\/\/arfolk.bzh\/boutique\/denez-mil-hent-mille-chemins\/#primaryimage"},"image":{"@id":"https:\/\/arfolk.bzh\/boutique\/denez-mil-hent-mille-chemins\/#primaryimage"},"thumbnailUrl":"https:\/\/arfolk.bzh\/wp-content\/uploads\/2018\/05\/capture-d-ecran-2024-12-16-a-16-37-20.webp","datePublished":"2018-05-16T13:55:47+00:00","dateModified":"2026-03-02T14:43:36+00:00","description":"CD ou vinyle de Denez - Mil hent \/ Mille chemins. Invit\u00e9s: Yann Tiersen, Jean-Charles Guichen... Commandez directement en ligne sur arfolk.bzh.","breadcrumb":{"@id":"https:\/\/arfolk.bzh\/boutique\/denez-mil-hent-mille-chemins\/#breadcrumb"},"inLanguage":"en-US","potentialAction":[{"@type":"ReadAction","target":["https:\/\/arfolk.bzh\/boutique\/denez-mil-hent-mille-chemins\/"]}]},{"@type":"ImageObject","inLanguage":"en-US","@id":"https:\/\/arfolk.bzh\/boutique\/denez-mil-hent-mille-chemins\/#primaryimage","url":"https:\/\/arfolk.bzh\/wp-content\/uploads\/2018\/05\/capture-d-ecran-2024-12-16-a-16-37-20.webp","contentUrl":"https:\/\/arfolk.bzh\/wp-content\/uploads\/2018\/05\/capture-d-ecran-2024-12-16-a-16-37-20.webp","width":1238,"height":1238,"caption":"denez-prigent-mil-hent"},{"@type":"BreadcrumbList","@id":"https:\/\/arfolk.bzh\/boutique\/denez-mil-hent-mille-chemins\/#breadcrumb","itemListElement":[{"@type":"ListItem","position":1,"name":"Accueil","item":"https:\/\/arfolk.bzh\/"},{"@type":"ListItem","position":2,"name":"Boutique","item":"https:\/\/arfolk.bzh\/boutique\/"},{"@type":"ListItem","position":3,"name":"Denez &#8211; Mil hent . Mille chemins"}]},{"@type":"WebSite","@id":"https:\/\/arfolk.bzh\/#website","url":"https:\/\/arfolk.bzh\/","name":"Arfolk","description":"Label discographique sp\u00e9cialis\u00e9 dans la musique bretonne","publisher":{"@id":"https:\/\/arfolk.bzh\/#organization"},"potentialAction":[{"@type":"SearchAction","target":{"@type":"EntryPoint","urlTemplate":"https:\/\/arfolk.bzh\/?s={search_term_string}"},"query-input":{"@type":"PropertyValueSpecification","valueRequired":true,"valueName":"search_term_string"}}],"inLanguage":"en-US"},{"@type":"Organization","@id":"https:\/\/arfolk.bzh\/#organization","name":"Arfolk","alternateName":"Le label de la musique bretonne","url":"https:\/\/arfolk.bzh\/","logo":{"@type":"ImageObject","inLanguage":"en-US","@id":"https:\/\/arfolk.bzh\/#\/schema\/logo\/image\/","url":"https:\/\/arfolk.bzh\/wp-content\/uploads\/2023\/11\/cropped-logo-label-de-musique-breton-arfolf-vignette.webp","contentUrl":"https:\/\/arfolk.bzh\/wp-content\/uploads\/2023\/11\/cropped-logo-label-de-musique-breton-arfolf-vignette.webp","width":512,"height":512,"caption":"Arfolk"},"image":{"@id":"https:\/\/arfolk.bzh\/#\/schema\/logo\/image\/"},"sameAs":["https:\/\/www.facebook.com\/Arfolkmusik","https:\/\/www.instagram.com\/arfolkmusik\/"]}]}},"jetpack_sharing_enabled":true,"_links":{"self":[{"href":"https:\/\/arfolk.bzh\/en\/wp-json\/wp\/v2\/product\/3190","targetHints":{"allow":["GET"]}}],"collection":[{"href":"https:\/\/arfolk.bzh\/en\/wp-json\/wp\/v2\/product"}],"about":[{"href":"https:\/\/arfolk.bzh\/en\/wp-json\/wp\/v2\/types\/product"}],"wp:featuredmedia":[{"embeddable":true,"href":"https:\/\/arfolk.bzh\/en\/wp-json\/wp\/v2\/media\/3196"}],"wp:attachment":[{"href":"https:\/\/arfolk.bzh\/en\/wp-json\/wp\/v2\/media?parent=3190"}],"wp:term":[{"taxonomy":"product_brand","embeddable":true,"href":"https:\/\/arfolk.bzh\/en\/wp-json\/wp\/v2\/product_brand?post=3190"},{"taxonomy":"product_cat","embeddable":true,"href":"https:\/\/arfolk.bzh\/en\/wp-json\/wp\/v2\/false?post=3190"},{"taxonomy":"product_tag","embeddable":true,"href":"https:\/\/arfolk.bzh\/en\/wp-json\/wp\/v2\/product_tag?post=3190"},{"taxonomy":"disponible_a_la_vente","embeddable":true,"href":"https:\/\/arfolk.bzh\/en\/wp-json\/wp\/v2\/disponible_a_la_vente?post=3190"},{"taxonomy":"langue","embeddable":true,"href":"https:\/\/arfolk.bzh\/en\/wp-json\/wp\/v2\/langue?post=3190"},{"taxonomy":"style","embeddable":true,"href":"https:\/\/arfolk.bzh\/en\/wp-json\/wp\/v2\/style?post=3190"},{"taxonomy":"supports","embeddable":true,"href":"https:\/\/arfolk.bzh\/en\/wp-json\/wp\/v2\/supports?post=3190"}],"curies":[{"name":"wp","href":"https:\/\/api.w.org\/{rel}","templated":true}]}}