{"id":3474,"date":"2013-11-15T10:19:02","date_gmt":"2013-11-15T09:19:02","guid":{"rendered":"https:\/\/arfolk.bzh\/?post_type=product&#038;p=3474"},"modified":"2025-12-11T12:09:05","modified_gmt":"2025-12-11T11:09:05","slug":"ndiaz-ndiaz","status":"publish","type":"product","link":"https:\/\/arfolk.bzh\/en\/boutique\/ndiaz-ndiaz\/","title":{"rendered":"Ndiaz &#8211; &lsquo;ndiaz"},"content":{"rendered":"<p>Un vent d&rsquo;air frais et chaud ! Une musicalit\u00e9 qui convaincra les amateurs de musique \u00e0 danser jusqu&rsquo;aux oreilles amatrices de jazz, de sonorit\u00e9s cuivr\u00e9es et de rythmes venus de l&rsquo;autre bout du monde. Saxophone, accord\u00e9on, trompette, percussions, et voil\u00e0 un r\u00e9sultat \u00e9tonnant, vif, cr\u00e9atif. Vivifiant !<\/p>\n<p><strong>Yann Le Corre<br \/>\n<\/strong><em>Accord\u00e9on &amp; Electravox<\/em><\/p>\n<p><strong>Youn Kamm<\/strong><br \/>\n<em>Trompette<\/em><\/p>\n<p><strong>J\u00e9r\u00f4me Kerihuel<\/strong><br \/>\n<em>Batterie<\/em><\/p>\n<p><strong>Timoth\u00e9e Le Bour<\/strong><br \/>\n<em>Saxophones &amp; Fx<\/em><\/p>\n<p><iframe loading=\"lazy\" title=\"&#039;Ndiaz - &#039;Ndiaz\" width=\"1080\" height=\"608\" src=\"https:\/\/www.youtube.com\/embed\/videoseries?list=PLQMZD0e8YHDIlH8XXKyBcxb0had91irkv\"  allow=\"accelerometer; autoplay; clipboard-write; encrypted-media; gyroscope; picture-in-picture; web-share\" referrerpolicy=\"strict-origin-when-cross-origin\" allowfullscreen><\/iframe><\/p>\n<p><strong>Tracklist de \u00a0\u00bb &lsquo;ndiaz \u00ab\u00a0:<\/strong><\/p>\n<ol>\n<li><strong>D\u00e9partementale 787 &#8211; Rond de St Vincent<\/strong><\/li>\n<li><strong>La valse de la maison qui bouge &#8211; Valse<\/strong><\/li>\n<li><strong>Morningside Avenue (Introduction)<\/strong><\/li>\n<li><strong>Morningside Avenue &#8211; Laridenn<\/strong><\/li>\n<li><strong>Kerauffret N1 &#8211; Loud\u00e9ac<\/strong><\/li>\n<li><strong>Kerauffret N2 &#8211; Balou<\/strong><\/li>\n<li><strong>Kerauffret N3 &#8211; Loud\u00e9ac<\/strong><\/li>\n<li><strong>Organic bananas (Introduction)<\/strong><\/li>\n<li><strong>Organic bananas &#8211; Bour\u00e9e<\/strong><\/li>\n<li><strong>An anglezed\/Nilopolitano &#8211; Kas a barh<\/strong><\/li>\n<li><strong>Nina pollpk &#8211; Polka plein<\/strong><\/li>\n<li><strong>Krann huel + J2LV&rsquo;s mood &#8211; Gavotte<\/strong><\/li>\n<li><strong>Mets en pas si tant (Introduction)<\/strong><\/li>\n<li><strong>Mets en pas si tant &#8211; Rid\u00e9es<\/strong><\/li>\n<\/ol>","protected":false},"excerpt":{"rendered":"<p>Premier album du groupe NDIAZ, sorti en 2013.<\/p>\n<p>Ecoutez en Streaming : <strong><a href=\"https:\/\/fanlink.tv\/wdBr\">https:\/\/fanlink.tv\/wdBr<\/a><\/strong><\/p>","protected":false},"featured_media":3476,"template":"","meta":{"_acf_changed":false,"_et_pb_use_builder":"","_et_pb_old_content":"","_et_gb_content_width":""},"product_brand":[],"false":[32],"product_tag":[],"disponible_a_la_vente":[],"langue":[75],"style":[76],"supports":[86],"class_list":{"0":"post-3474","1":"product","2":"type-product","3":"status-publish","4":"has-post-thumbnail","6":"product_cat-non-classe","7":"langue-instrumental","8":"style-fest-noz","9":"supports-cd","11":"first","12":"outofstock","13":"taxable","14":"shipping-taxable","15":"purchasable","16":"product-type-simple"},"acf":[],"yoast_head":"<!-- This site is optimized with the Yoast SEO Premium plugin v24.0 (Yoast SEO v27.3) - https:\/\/yoast.com\/product\/yoast-seo-premium-wordpress\/ -->\n<title>Album de Ndiaz - &#039;ndiaz<\/title>\n<meta name=\"description\" content=\"Retrouvez le nouvel album de Ndiaz - &#039;ndiaz. Un vent d&#039;air frais et chaud ! Commandez directement en ligne sur arfolk.bzh, le label discographique breton.\" \/>\n<meta name=\"robots\" content=\"index, follow, max-snippet:-1, max-image-preview:large, max-video-preview:-1\" \/>\n<link rel=\"canonical\" href=\"https:\/\/arfolk.bzh\/en\/boutique\/ndiaz-ndiaz\/\" \/>\n<script type=\"application\/ld+json\" class=\"yoast-schema-graph\">{\"@context\":\"https:\\\/\\\/schema.org\",\"@graph\":[{\"@type\":\"WebPage\",\"@id\":\"https:\\\/\\\/arfolk.bzh\\\/boutique\\\/ndiaz-ndiaz\\\/\",\"url\":\"https:\\\/\\\/arfolk.bzh\\\/boutique\\\/ndiaz-ndiaz\\\/\",\"name\":\"Album de Ndiaz - 'ndiaz\",\"isPartOf\":{\"@id\":\"https:\\\/\\\/arfolk.bzh\\\/#website\"},\"primaryImageOfPage\":{\"@id\":\"https:\\\/\\\/arfolk.bzh\\\/boutique\\\/ndiaz-ndiaz\\\/#primaryimage\"},\"image\":{\"@id\":\"https:\\\/\\\/arfolk.bzh\\\/boutique\\\/ndiaz-ndiaz\\\/#primaryimage\"},\"thumbnailUrl\":\"https:\\\/\\\/arfolk.bzh\\\/wp-content\\\/uploads\\\/2024\\\/12\\\/capture-d-ecran-2024-12-31-a-10-18-46.webp\",\"datePublished\":\"2013-11-15T09:19:02+00:00\",\"dateModified\":\"2025-12-11T11:09:05+00:00\",\"description\":\"Retrouvez le nouvel album de Ndiaz - 'ndiaz. Un vent d'air frais et chaud ! Commandez directement en ligne sur arfolk.bzh, le label discographique breton.\",\"breadcrumb\":{\"@id\":\"https:\\\/\\\/arfolk.bzh\\\/boutique\\\/ndiaz-ndiaz\\\/#breadcrumb\"},\"inLanguage\":\"en-US\",\"potentialAction\":[{\"@type\":\"ReadAction\",\"target\":[\"https:\\\/\\\/arfolk.bzh\\\/boutique\\\/ndiaz-ndiaz\\\/\"]}]},{\"@type\":\"ImageObject\",\"inLanguage\":\"en-US\",\"@id\":\"https:\\\/\\\/arfolk.bzh\\\/boutique\\\/ndiaz-ndiaz\\\/#primaryimage\",\"url\":\"https:\\\/\\\/arfolk.bzh\\\/wp-content\\\/uploads\\\/2024\\\/12\\\/capture-d-ecran-2024-12-31-a-10-18-46.webp\",\"contentUrl\":\"https:\\\/\\\/arfolk.bzh\\\/wp-content\\\/uploads\\\/2024\\\/12\\\/capture-d-ecran-2024-12-31-a-10-18-46.webp\",\"width\":1208,\"height\":1196,\"caption\":\"Ndiaz\"},{\"@type\":\"BreadcrumbList\",\"@id\":\"https:\\\/\\\/arfolk.bzh\\\/boutique\\\/ndiaz-ndiaz\\\/#breadcrumb\",\"itemListElement\":[{\"@type\":\"ListItem\",\"position\":1,\"name\":\"Accueil\",\"item\":\"https:\\\/\\\/arfolk.bzh\\\/\"},{\"@type\":\"ListItem\",\"position\":2,\"name\":\"Boutique\",\"item\":\"https:\\\/\\\/arfolk.bzh\\\/boutique\\\/\"},{\"@type\":\"ListItem\",\"position\":3,\"name\":\"Ndiaz &#8211; &lsquo;ndiaz\"}]},{\"@type\":\"WebSite\",\"@id\":\"https:\\\/\\\/arfolk.bzh\\\/#website\",\"url\":\"https:\\\/\\\/arfolk.bzh\\\/\",\"name\":\"Arfolk\",\"description\":\"Label discographique sp\u00e9cialis\u00e9 dans la musique bretonne\",\"publisher\":{\"@id\":\"https:\\\/\\\/arfolk.bzh\\\/#organization\"},\"potentialAction\":[{\"@type\":\"SearchAction\",\"target\":{\"@type\":\"EntryPoint\",\"urlTemplate\":\"https:\\\/\\\/arfolk.bzh\\\/?s={search_term_string}\"},\"query-input\":{\"@type\":\"PropertyValueSpecification\",\"valueRequired\":true,\"valueName\":\"search_term_string\"}}],\"inLanguage\":\"en-US\"},{\"@type\":\"Organization\",\"@id\":\"https:\\\/\\\/arfolk.bzh\\\/#organization\",\"name\":\"Arfolk\",\"alternateName\":\"Le label de la musique bretonne\",\"url\":\"https:\\\/\\\/arfolk.bzh\\\/\",\"logo\":{\"@type\":\"ImageObject\",\"inLanguage\":\"en-US\",\"@id\":\"https:\\\/\\\/arfolk.bzh\\\/#\\\/schema\\\/logo\\\/image\\\/\",\"url\":\"https:\\\/\\\/arfolk.bzh\\\/wp-content\\\/uploads\\\/2023\\\/11\\\/cropped-logo-label-de-musique-breton-arfolf-vignette.webp\",\"contentUrl\":\"https:\\\/\\\/arfolk.bzh\\\/wp-content\\\/uploads\\\/2023\\\/11\\\/cropped-logo-label-de-musique-breton-arfolf-vignette.webp\",\"width\":512,\"height\":512,\"caption\":\"Arfolk\"},\"image\":{\"@id\":\"https:\\\/\\\/arfolk.bzh\\\/#\\\/schema\\\/logo\\\/image\\\/\"},\"sameAs\":[\"https:\\\/\\\/www.facebook.com\\\/Arfolkmusik\",\"https:\\\/\\\/www.instagram.com\\\/arfolkmusik\\\/\"]}]}<\/script>\n<!-- \/ Yoast SEO Premium plugin. -->","yoast_head_json":{"title":"Album de Ndiaz - 'ndiaz","description":"Retrouvez le nouvel album de Ndiaz - 'ndiaz. Un vent d'air frais et chaud ! Commandez directement en ligne sur arfolk.bzh, le label discographique breton.","robots":{"index":"index","follow":"follow","max-snippet":"max-snippet:-1","max-image-preview":"max-image-preview:large","max-video-preview":"max-video-preview:-1"},"canonical":"https:\/\/arfolk.bzh\/en\/boutique\/ndiaz-ndiaz\/","schema":{"@context":"https:\/\/schema.org","@graph":[{"@type":"WebPage","@id":"https:\/\/arfolk.bzh\/boutique\/ndiaz-ndiaz\/","url":"https:\/\/arfolk.bzh\/boutique\/ndiaz-ndiaz\/","name":"Album de Ndiaz - 'ndiaz","isPartOf":{"@id":"https:\/\/arfolk.bzh\/#website"},"primaryImageOfPage":{"@id":"https:\/\/arfolk.bzh\/boutique\/ndiaz-ndiaz\/#primaryimage"},"image":{"@id":"https:\/\/arfolk.bzh\/boutique\/ndiaz-ndiaz\/#primaryimage"},"thumbnailUrl":"https:\/\/arfolk.bzh\/wp-content\/uploads\/2024\/12\/capture-d-ecran-2024-12-31-a-10-18-46.webp","datePublished":"2013-11-15T09:19:02+00:00","dateModified":"2025-12-11T11:09:05+00:00","description":"Retrouvez le nouvel album de Ndiaz - 'ndiaz. Un vent d'air frais et chaud ! Commandez directement en ligne sur arfolk.bzh, le label discographique breton.","breadcrumb":{"@id":"https:\/\/arfolk.bzh\/boutique\/ndiaz-ndiaz\/#breadcrumb"},"inLanguage":"en-US","potentialAction":[{"@type":"ReadAction","target":["https:\/\/arfolk.bzh\/boutique\/ndiaz-ndiaz\/"]}]},{"@type":"ImageObject","inLanguage":"en-US","@id":"https:\/\/arfolk.bzh\/boutique\/ndiaz-ndiaz\/#primaryimage","url":"https:\/\/arfolk.bzh\/wp-content\/uploads\/2024\/12\/capture-d-ecran-2024-12-31-a-10-18-46.webp","contentUrl":"https:\/\/arfolk.bzh\/wp-content\/uploads\/2024\/12\/capture-d-ecran-2024-12-31-a-10-18-46.webp","width":1208,"height":1196,"caption":"Ndiaz"},{"@type":"BreadcrumbList","@id":"https:\/\/arfolk.bzh\/boutique\/ndiaz-ndiaz\/#breadcrumb","itemListElement":[{"@type":"ListItem","position":1,"name":"Accueil","item":"https:\/\/arfolk.bzh\/"},{"@type":"ListItem","position":2,"name":"Boutique","item":"https:\/\/arfolk.bzh\/boutique\/"},{"@type":"ListItem","position":3,"name":"Ndiaz &#8211; &lsquo;ndiaz"}]},{"@type":"WebSite","@id":"https:\/\/arfolk.bzh\/#website","url":"https:\/\/arfolk.bzh\/","name":"Arfolk","description":"Label discographique sp\u00e9cialis\u00e9 dans la musique bretonne","publisher":{"@id":"https:\/\/arfolk.bzh\/#organization"},"potentialAction":[{"@type":"SearchAction","target":{"@type":"EntryPoint","urlTemplate":"https:\/\/arfolk.bzh\/?s={search_term_string}"},"query-input":{"@type":"PropertyValueSpecification","valueRequired":true,"valueName":"search_term_string"}}],"inLanguage":"en-US"},{"@type":"Organization","@id":"https:\/\/arfolk.bzh\/#organization","name":"Arfolk","alternateName":"Le label de la musique bretonne","url":"https:\/\/arfolk.bzh\/","logo":{"@type":"ImageObject","inLanguage":"en-US","@id":"https:\/\/arfolk.bzh\/#\/schema\/logo\/image\/","url":"https:\/\/arfolk.bzh\/wp-content\/uploads\/2023\/11\/cropped-logo-label-de-musique-breton-arfolf-vignette.webp","contentUrl":"https:\/\/arfolk.bzh\/wp-content\/uploads\/2023\/11\/cropped-logo-label-de-musique-breton-arfolf-vignette.webp","width":512,"height":512,"caption":"Arfolk"},"image":{"@id":"https:\/\/arfolk.bzh\/#\/schema\/logo\/image\/"},"sameAs":["https:\/\/www.facebook.com\/Arfolkmusik","https:\/\/www.instagram.com\/arfolkmusik\/"]}]}},"jetpack_sharing_enabled":true,"_links":{"self":[{"href":"https:\/\/arfolk.bzh\/en\/wp-json\/wp\/v2\/product\/3474","targetHints":{"allow":["GET"]}}],"collection":[{"href":"https:\/\/arfolk.bzh\/en\/wp-json\/wp\/v2\/product"}],"about":[{"href":"https:\/\/arfolk.bzh\/en\/wp-json\/wp\/v2\/types\/product"}],"wp:featuredmedia":[{"embeddable":true,"href":"https:\/\/arfolk.bzh\/en\/wp-json\/wp\/v2\/media\/3476"}],"wp:attachment":[{"href":"https:\/\/arfolk.bzh\/en\/wp-json\/wp\/v2\/media?parent=3474"}],"wp:term":[{"taxonomy":"product_brand","embeddable":true,"href":"https:\/\/arfolk.bzh\/en\/wp-json\/wp\/v2\/product_brand?post=3474"},{"taxonomy":"product_cat","embeddable":true,"href":"https:\/\/arfolk.bzh\/en\/wp-json\/wp\/v2\/false?post=3474"},{"taxonomy":"product_tag","embeddable":true,"href":"https:\/\/arfolk.bzh\/en\/wp-json\/wp\/v2\/product_tag?post=3474"},{"taxonomy":"disponible_a_la_vente","embeddable":true,"href":"https:\/\/arfolk.bzh\/en\/wp-json\/wp\/v2\/disponible_a_la_vente?post=3474"},{"taxonomy":"langue","embeddable":true,"href":"https:\/\/arfolk.bzh\/en\/wp-json\/wp\/v2\/langue?post=3474"},{"taxonomy":"style","embeddable":true,"href":"https:\/\/arfolk.bzh\/en\/wp-json\/wp\/v2\/style?post=3474"},{"taxonomy":"supports","embeddable":true,"href":"https:\/\/arfolk.bzh\/en\/wp-json\/wp\/v2\/supports?post=3474"}],"curies":[{"name":"wp","href":"https:\/\/api.w.org\/{rel}","templated":true}]}}