{"id":3749,"date":"2025-05-15T17:22:25","date_gmt":"2025-05-15T15:22:25","guid":{"rendered":"https:\/\/arfolk.bzh\/?post_type=product&#038;p=3749"},"modified":"2025-12-11T10:36:49","modified_gmt":"2025-12-11T09:36:49","slug":"opus-meduse-la-nouvelle-rive","status":"publish","type":"product","link":"https:\/\/arfolk.bzh\/en\/boutique\/opus-meduse-la-nouvelle-rive\/","title":{"rendered":"OPUS MEDUSE &#8211; La nouvelle rive"},"content":{"rendered":"<p><iframe loading=\"lazy\" title=\"La nouvelle rive\" width=\"1080\" height=\"608\" src=\"https:\/\/www.youtube.com\/embed\/videoseries?list=OLAK5uy_ml5j75a0rkBpgfD2H7TvAAyNMF9ALZhK4\"  allow=\"accelerometer; autoplay; clipboard-write; encrypted-media; gyroscope; picture-in-picture; web-share\" referrerpolicy=\"strict-origin-when-cross-origin\" allowfullscreen><\/iframe><\/p>\n<p>Avec ce nouvel album Opus M\u00e9duse veut r\u00e9inventer le <strong>r\u00e9pertoire du chant maritime<\/strong> souvent d\u00e9crit comme masculin, sexiste, dur, des chansons tragiques ou humoristiques.<\/p>\n<p>Le groupe a fait le choix d\u2019exploser tous ces clich\u00e9s et de remettre la mer comme un fil conducteur au centre de probl\u00e9matiques contemporaines, tel que l\u2019<strong>\u00e9cologie, les migrants, les voyageurs clandestins, les insulaires, des histoires humaines, des histoires d\u2019amour, de la sensualit\u00e9, de la tol\u00e9rance, du respect, de la vie<\/strong> !<\/p>\n<p>Sortir les \u00ab chants de marins \u00bb les d\u00e9poussi\u00e9rer, parler d\u2019aujourd\u2019hui et remettre la mer au centre dans la pop-culture contemporaine.<\/p>\n<p>Un vrai travail d\u2019\u00e9criture et d\u2019arrangements , des guitares \u00e9lectriques, une batterie, un vocoder , se m\u00e9langent avec l\u2019accord\u00e9on , un trait d\u2019union entre des arrangements traditionnels des sons pop-rock toujours autour de la mer, le ressac des vagues comme fil conducteur.<\/p>\n<p>Tracklist de <em>La Nouvelle Rive<\/em> :<\/p>\n<ol>\n<li>La nouvelle rive<\/li>\n<li>Libert\u00e9 pour la petite sir\u00e8ne<\/li>\n<li>M\u00e9duse<\/li>\n<li>Tu te crois seul<\/li>\n<li>Voyageurs<\/li>\n<li>La courte paille<\/li>\n<li>Insulaire<\/li>\n<li>T&rsquo;as grandi<\/li>\n<li>La selkie<\/li>\n<li>Le grand d\u00e9part<\/li>\n<\/ol>\n<p>&nbsp;<\/p>\n<p>&nbsp;<\/p>","protected":false},"excerpt":{"rendered":"<p>Avec ce nouvel album Opus M\u00e9duse veut r\u00e9inventer le r\u00e9pertoire du chant maritime souvent d\u00e9crit comme masculin, sexiste, dur des chansons tragiques ou humoristiques.<\/p>\n<p>Un album pop-rock surprenant et rafra\u00eechissant qui vous fera voyager notamment vers Belle-\u00eele-en-mer, terroir d&rsquo;origine de l&rsquo;auteur-compositeur-interpr\u00eate Alexandre Sallet.<\/p>\n<p>Ecouter l&rsquo;album en streaming \u00a0<a href=\"https:\/\/fanlink.tv\/OminR\">https:\/\/fanlink.tv\/OminR<\/a><\/p>","protected":false},"featured_media":3751,"template":"","meta":{"_acf_changed":false,"_et_pb_use_builder":"","_et_pb_old_content":"","_et_gb_content_width":""},"product_brand":[],"false":[96],"product_tag":[],"disponible_a_la_vente":[38],"langue":[72],"style":[77],"supports":[86,88],"class_list":{"0":"post-3749","1":"product","2":"type-product","3":"status-publish","4":"has-post-thumbnail","6":"product_cat-opus-meduse","7":"disponible_a_la_vente-disponible-a-la-vente","8":"langue-francais","9":"style-pop-rock-folk-punk","10":"supports-cd","11":"supports-dematerialise","13":"first","14":"instock","15":"taxable","16":"shipping-taxable","17":"purchasable","18":"product-type-simple"},"acf":[],"yoast_head":"<!-- This site is optimized with the Yoast SEO Premium plugin v24.0 (Yoast SEO v27.3) - https:\/\/yoast.com\/product\/yoast-seo-premium-wordpress\/ -->\n<title>Album de OPUS MEDUSE - La nouvelle rive<\/title>\n<meta name=\"description\" content=\"Retrouvez l&#039;album de OPUS MEDUSE - La nouvelle rive. Commandez directement en ligne sur arfolk.bzh, le label discographique breton.\" \/>\n<meta name=\"robots\" content=\"index, follow, max-snippet:-1, max-image-preview:large, max-video-preview:-1\" \/>\n<link rel=\"canonical\" href=\"https:\/\/arfolk.bzh\/en\/boutique\/opus-meduse-la-nouvelle-rive\/\" \/>\n<script type=\"application\/ld+json\" class=\"yoast-schema-graph\">{\"@context\":\"https:\\\/\\\/schema.org\",\"@graph\":[{\"@type\":\"WebPage\",\"@id\":\"https:\\\/\\\/arfolk.bzh\\\/boutique\\\/opus-meduse-la-nouvelle-rive\\\/\",\"url\":\"https:\\\/\\\/arfolk.bzh\\\/boutique\\\/opus-meduse-la-nouvelle-rive\\\/\",\"name\":\"Album de OPUS MEDUSE - La nouvelle rive\",\"isPartOf\":{\"@id\":\"https:\\\/\\\/arfolk.bzh\\\/#website\"},\"primaryImageOfPage\":{\"@id\":\"https:\\\/\\\/arfolk.bzh\\\/boutique\\\/opus-meduse-la-nouvelle-rive\\\/#primaryimage\"},\"image\":{\"@id\":\"https:\\\/\\\/arfolk.bzh\\\/boutique\\\/opus-meduse-la-nouvelle-rive\\\/#primaryimage\"},\"thumbnailUrl\":\"https:\\\/\\\/arfolk.bzh\\\/wp-content\\\/uploads\\\/2025\\\/05\\\/opusmeduse-lanouvellerive-arfolk-2025-1440x1440-rvb.webp\",\"datePublished\":\"2025-05-15T15:22:25+00:00\",\"dateModified\":\"2025-12-11T09:36:49+00:00\",\"description\":\"Retrouvez l'album de OPUS MEDUSE - La nouvelle rive. Commandez directement en ligne sur arfolk.bzh, le label discographique breton.\",\"breadcrumb\":{\"@id\":\"https:\\\/\\\/arfolk.bzh\\\/boutique\\\/opus-meduse-la-nouvelle-rive\\\/#breadcrumb\"},\"inLanguage\":\"en-US\",\"potentialAction\":[{\"@type\":\"ReadAction\",\"target\":[\"https:\\\/\\\/arfolk.bzh\\\/boutique\\\/opus-meduse-la-nouvelle-rive\\\/\"]}]},{\"@type\":\"ImageObject\",\"inLanguage\":\"en-US\",\"@id\":\"https:\\\/\\\/arfolk.bzh\\\/boutique\\\/opus-meduse-la-nouvelle-rive\\\/#primaryimage\",\"url\":\"https:\\\/\\\/arfolk.bzh\\\/wp-content\\\/uploads\\\/2025\\\/05\\\/opusmeduse-lanouvellerive-arfolk-2025-1440x1440-rvb.webp\",\"contentUrl\":\"https:\\\/\\\/arfolk.bzh\\\/wp-content\\\/uploads\\\/2025\\\/05\\\/opusmeduse-lanouvellerive-arfolk-2025-1440x1440-rvb.webp\",\"width\":1024,\"height\":1024,\"caption\":\"OpusMeduse-LaNouvelleRive-Arfolk-2025-1440x1440-RVB\"},{\"@type\":\"BreadcrumbList\",\"@id\":\"https:\\\/\\\/arfolk.bzh\\\/boutique\\\/opus-meduse-la-nouvelle-rive\\\/#breadcrumb\",\"itemListElement\":[{\"@type\":\"ListItem\",\"position\":1,\"name\":\"Accueil\",\"item\":\"https:\\\/\\\/arfolk.bzh\\\/\"},{\"@type\":\"ListItem\",\"position\":2,\"name\":\"Boutique\",\"item\":\"https:\\\/\\\/arfolk.bzh\\\/boutique\\\/\"},{\"@type\":\"ListItem\",\"position\":3,\"name\":\"OPUS MEDUSE &#8211; La nouvelle rive\"}]},{\"@type\":\"WebSite\",\"@id\":\"https:\\\/\\\/arfolk.bzh\\\/#website\",\"url\":\"https:\\\/\\\/arfolk.bzh\\\/\",\"name\":\"Arfolk\",\"description\":\"Label discographique sp\u00e9cialis\u00e9 dans la musique bretonne\",\"publisher\":{\"@id\":\"https:\\\/\\\/arfolk.bzh\\\/#organization\"},\"potentialAction\":[{\"@type\":\"SearchAction\",\"target\":{\"@type\":\"EntryPoint\",\"urlTemplate\":\"https:\\\/\\\/arfolk.bzh\\\/?s={search_term_string}\"},\"query-input\":{\"@type\":\"PropertyValueSpecification\",\"valueRequired\":true,\"valueName\":\"search_term_string\"}}],\"inLanguage\":\"en-US\"},{\"@type\":\"Organization\",\"@id\":\"https:\\\/\\\/arfolk.bzh\\\/#organization\",\"name\":\"Arfolk\",\"alternateName\":\"Le label de la musique bretonne\",\"url\":\"https:\\\/\\\/arfolk.bzh\\\/\",\"logo\":{\"@type\":\"ImageObject\",\"inLanguage\":\"en-US\",\"@id\":\"https:\\\/\\\/arfolk.bzh\\\/#\\\/schema\\\/logo\\\/image\\\/\",\"url\":\"https:\\\/\\\/arfolk.bzh\\\/wp-content\\\/uploads\\\/2023\\\/11\\\/cropped-logo-label-de-musique-breton-arfolf-vignette.webp\",\"contentUrl\":\"https:\\\/\\\/arfolk.bzh\\\/wp-content\\\/uploads\\\/2023\\\/11\\\/cropped-logo-label-de-musique-breton-arfolf-vignette.webp\",\"width\":512,\"height\":512,\"caption\":\"Arfolk\"},\"image\":{\"@id\":\"https:\\\/\\\/arfolk.bzh\\\/#\\\/schema\\\/logo\\\/image\\\/\"},\"sameAs\":[\"https:\\\/\\\/www.facebook.com\\\/Arfolkmusik\",\"https:\\\/\\\/www.instagram.com\\\/arfolkmusik\\\/\"]}]}<\/script>\n<!-- \/ Yoast SEO Premium plugin. -->","yoast_head_json":{"title":"Album de OPUS MEDUSE - La nouvelle rive","description":"Retrouvez l'album de OPUS MEDUSE - La nouvelle rive. Commandez directement en ligne sur arfolk.bzh, le label discographique breton.","robots":{"index":"index","follow":"follow","max-snippet":"max-snippet:-1","max-image-preview":"max-image-preview:large","max-video-preview":"max-video-preview:-1"},"canonical":"https:\/\/arfolk.bzh\/en\/boutique\/opus-meduse-la-nouvelle-rive\/","schema":{"@context":"https:\/\/schema.org","@graph":[{"@type":"WebPage","@id":"https:\/\/arfolk.bzh\/boutique\/opus-meduse-la-nouvelle-rive\/","url":"https:\/\/arfolk.bzh\/boutique\/opus-meduse-la-nouvelle-rive\/","name":"Album de OPUS MEDUSE - La nouvelle rive","isPartOf":{"@id":"https:\/\/arfolk.bzh\/#website"},"primaryImageOfPage":{"@id":"https:\/\/arfolk.bzh\/boutique\/opus-meduse-la-nouvelle-rive\/#primaryimage"},"image":{"@id":"https:\/\/arfolk.bzh\/boutique\/opus-meduse-la-nouvelle-rive\/#primaryimage"},"thumbnailUrl":"https:\/\/arfolk.bzh\/wp-content\/uploads\/2025\/05\/opusmeduse-lanouvellerive-arfolk-2025-1440x1440-rvb.webp","datePublished":"2025-05-15T15:22:25+00:00","dateModified":"2025-12-11T09:36:49+00:00","description":"Retrouvez l'album de OPUS MEDUSE - La nouvelle rive. Commandez directement en ligne sur arfolk.bzh, le label discographique breton.","breadcrumb":{"@id":"https:\/\/arfolk.bzh\/boutique\/opus-meduse-la-nouvelle-rive\/#breadcrumb"},"inLanguage":"en-US","potentialAction":[{"@type":"ReadAction","target":["https:\/\/arfolk.bzh\/boutique\/opus-meduse-la-nouvelle-rive\/"]}]},{"@type":"ImageObject","inLanguage":"en-US","@id":"https:\/\/arfolk.bzh\/boutique\/opus-meduse-la-nouvelle-rive\/#primaryimage","url":"https:\/\/arfolk.bzh\/wp-content\/uploads\/2025\/05\/opusmeduse-lanouvellerive-arfolk-2025-1440x1440-rvb.webp","contentUrl":"https:\/\/arfolk.bzh\/wp-content\/uploads\/2025\/05\/opusmeduse-lanouvellerive-arfolk-2025-1440x1440-rvb.webp","width":1024,"height":1024,"caption":"OpusMeduse-LaNouvelleRive-Arfolk-2025-1440x1440-RVB"},{"@type":"BreadcrumbList","@id":"https:\/\/arfolk.bzh\/boutique\/opus-meduse-la-nouvelle-rive\/#breadcrumb","itemListElement":[{"@type":"ListItem","position":1,"name":"Accueil","item":"https:\/\/arfolk.bzh\/"},{"@type":"ListItem","position":2,"name":"Boutique","item":"https:\/\/arfolk.bzh\/boutique\/"},{"@type":"ListItem","position":3,"name":"OPUS MEDUSE &#8211; La nouvelle rive"}]},{"@type":"WebSite","@id":"https:\/\/arfolk.bzh\/#website","url":"https:\/\/arfolk.bzh\/","name":"Arfolk","description":"Label discographique sp\u00e9cialis\u00e9 dans la musique bretonne","publisher":{"@id":"https:\/\/arfolk.bzh\/#organization"},"potentialAction":[{"@type":"SearchAction","target":{"@type":"EntryPoint","urlTemplate":"https:\/\/arfolk.bzh\/?s={search_term_string}"},"query-input":{"@type":"PropertyValueSpecification","valueRequired":true,"valueName":"search_term_string"}}],"inLanguage":"en-US"},{"@type":"Organization","@id":"https:\/\/arfolk.bzh\/#organization","name":"Arfolk","alternateName":"Le label de la musique bretonne","url":"https:\/\/arfolk.bzh\/","logo":{"@type":"ImageObject","inLanguage":"en-US","@id":"https:\/\/arfolk.bzh\/#\/schema\/logo\/image\/","url":"https:\/\/arfolk.bzh\/wp-content\/uploads\/2023\/11\/cropped-logo-label-de-musique-breton-arfolf-vignette.webp","contentUrl":"https:\/\/arfolk.bzh\/wp-content\/uploads\/2023\/11\/cropped-logo-label-de-musique-breton-arfolf-vignette.webp","width":512,"height":512,"caption":"Arfolk"},"image":{"@id":"https:\/\/arfolk.bzh\/#\/schema\/logo\/image\/"},"sameAs":["https:\/\/www.facebook.com\/Arfolkmusik","https:\/\/www.instagram.com\/arfolkmusik\/"]}]}},"jetpack_sharing_enabled":true,"_links":{"self":[{"href":"https:\/\/arfolk.bzh\/en\/wp-json\/wp\/v2\/product\/3749","targetHints":{"allow":["GET"]}}],"collection":[{"href":"https:\/\/arfolk.bzh\/en\/wp-json\/wp\/v2\/product"}],"about":[{"href":"https:\/\/arfolk.bzh\/en\/wp-json\/wp\/v2\/types\/product"}],"wp:featuredmedia":[{"embeddable":true,"href":"https:\/\/arfolk.bzh\/en\/wp-json\/wp\/v2\/media\/3751"}],"wp:attachment":[{"href":"https:\/\/arfolk.bzh\/en\/wp-json\/wp\/v2\/media?parent=3749"}],"wp:term":[{"taxonomy":"product_brand","embeddable":true,"href":"https:\/\/arfolk.bzh\/en\/wp-json\/wp\/v2\/product_brand?post=3749"},{"taxonomy":"product_cat","embeddable":true,"href":"https:\/\/arfolk.bzh\/en\/wp-json\/wp\/v2\/false?post=3749"},{"taxonomy":"product_tag","embeddable":true,"href":"https:\/\/arfolk.bzh\/en\/wp-json\/wp\/v2\/product_tag?post=3749"},{"taxonomy":"disponible_a_la_vente","embeddable":true,"href":"https:\/\/arfolk.bzh\/en\/wp-json\/wp\/v2\/disponible_a_la_vente?post=3749"},{"taxonomy":"langue","embeddable":true,"href":"https:\/\/arfolk.bzh\/en\/wp-json\/wp\/v2\/langue?post=3749"},{"taxonomy":"style","embeddable":true,"href":"https:\/\/arfolk.bzh\/en\/wp-json\/wp\/v2\/style?post=3749"},{"taxonomy":"supports","embeddable":true,"href":"https:\/\/arfolk.bzh\/en\/wp-json\/wp\/v2\/supports?post=3749"}],"curies":[{"name":"wp","href":"https:\/\/api.w.org\/{rel}","templated":true}]}}