{"id":3899,"date":"2024-10-04T15:09:33","date_gmt":"2024-10-04T13:09:33","guid":{"rendered":"https:\/\/arfolk.bzh\/?post_type=product&#038;p=3899"},"modified":"2026-04-20T12:02:41","modified_gmt":"2026-04-20T10:02:41","slug":"fleuves-3","status":"publish","type":"product","link":"https:\/\/arfolk.bzh\/en\/boutique\/fleuves-3\/","title":{"rendered":"FLEUVES &#8211; #3"},"content":{"rendered":"<p><iframe loading=\"lazy\" title=\"Fleuves #3\" width=\"1080\" height=\"608\" src=\"https:\/\/www.youtube.com\/embed\/videoseries?list=PLVDH8y73_BloCN5eOSvQo93OkdUaeR7Hd\"  allow=\"accelerometer; autoplay; clipboard-write; encrypted-media; gyroscope; picture-in-picture; web-share\" referrerpolicy=\"strict-origin-when-cross-origin\" allowfullscreen><\/iframe><\/p>\n<p>En bient\u00f4t dix ann\u00e9es d\u2019existence et deux albums best-sellers \u00e0 leur actif (s\u00e9lection FIP, Grand Prix du Disque Le T\u00e9l\u00e9gramme), FLEUVES est devenu un des porte \u00e9tendard des nouvelles musiques bretonnes.<\/p>\n<p>Le trio embl\u00e9matique a su int\u00e9grer la culture \u00e9lectronique ou les influences jazz\/rock \u00e0 la richesse culturelle bretonne pour cr\u00e9er une musique d\u2019ancrage ouverte sur le monde, toujours li\u00e9e \u00e0 la danse. Le groupe arrive \u00e0 imposer un nouveau regard sur cette culture de transe, une exp\u00e9rience\/performance collective festive et solennelle assez in\u00e9dite, o\u00f9 le public est un quatri\u00e8me musicien, o\u00f9 le spectateur est convi\u00e9 \u00e0 \u00eatre acteur.<\/p>\n<p>Derri\u00e8re l\u2019apparence d\u2019une culture locale que certains appelleraient \u00ab folklore breton \u00bb, c\u2019est en fait un laboratoire de musique et de danse qui a su s\u2019inventer son chemin, \u00e9pargn\u00e9 des conformismes mais soucieux du commun.<\/p>\n<p><strong>Tracklist de Fleuves &#8211; #3 :<\/strong><\/p>\n<ol>\n<li>Aber (Marche)<\/li>\n<li>Loudia (Rond de Loud\u00e9ac)<\/li>\n<li>Lagenn (Bourr\u00e9e)<\/li>\n<li>Baleu (Bal rond de Loud\u00e9ac)<\/li>\n<li>Loud (Rond de Loud\u00e9ac)<\/li>\n<li>Gwrz (Deus an dro nevez amzer)<\/li>\n<li>Pil (Pil\u00e9 menu)<\/li>\n<li>Oust (Rond de Saint-Vincent)<\/li>\n<li>Galv ar sorserez<\/li>\n<li>Stang (Cercle circassien)<\/li>\n<li>Atav (Gavotte)<\/li>\n<\/ol>","protected":false},"excerpt":{"rendered":"<p>Le 3\u00e8me album d&rsquo;un des groupes phare de la sc\u00e8ne bretonne !<\/p>\n<p>\u00c9coutez en Streaming : <a href=\"https:\/\/fanlink.tv\/fleuves3\">https:\/\/fanlink.tv\/fleuves3<\/a><\/p>","protected":false},"featured_media":3902,"template":"","meta":{"_acf_changed":false,"_et_pb_use_builder":"","_et_pb_old_content":"","_et_gb_content_width":""},"product_brand":[],"false":[47],"product_tag":[],"disponible_a_la_vente":[38],"langue":[75],"style":[76],"supports":[86,88,87],"class_list":{"0":"post-3899","1":"product","2":"type-product","3":"status-publish","4":"has-post-thumbnail","6":"product_cat-fleuves","7":"disponible_a_la_vente-disponible-a-la-vente","8":"langue-instrumental","9":"style-fest-noz","10":"supports-cd","11":"supports-dematerialise","12":"supports-vinyle","14":"first","15":"instock","16":"taxable","17":"shipping-taxable","18":"purchasable","19":"product-type-variable"},"acf":[],"yoast_head":"<!-- This site is optimized with the Yoast SEO Premium plugin v24.0 (Yoast SEO v27.3) - https:\/\/yoast.com\/product\/yoast-seo-premium-wordpress\/ -->\n<title>Album de FLEUVES - #3<\/title>\n<meta name=\"description\" content=\"Retrouvez l&#039;album du groupe FLEUVES - #3 . Commandez directement en ligne sur arfolk.bzh, le label discographique breton.\" \/>\n<meta name=\"robots\" content=\"index, follow, max-snippet:-1, max-image-preview:large, max-video-preview:-1\" \/>\n<link rel=\"canonical\" href=\"https:\/\/arfolk.bzh\/en\/boutique\/fleuves-3\/\" \/>\n<script type=\"application\/ld+json\" class=\"yoast-schema-graph\">{\"@context\":\"https:\\\/\\\/schema.org\",\"@graph\":[{\"@type\":\"WebPage\",\"@id\":\"https:\\\/\\\/arfolk.bzh\\\/boutique\\\/fleuves-3\\\/\",\"url\":\"https:\\\/\\\/arfolk.bzh\\\/boutique\\\/fleuves-3\\\/\",\"name\":\"Album de FLEUVES - #3\",\"isPartOf\":{\"@id\":\"https:\\\/\\\/arfolk.bzh\\\/#website\"},\"primaryImageOfPage\":{\"@id\":\"https:\\\/\\\/arfolk.bzh\\\/boutique\\\/fleuves-3\\\/#primaryimage\"},\"image\":{\"@id\":\"https:\\\/\\\/arfolk.bzh\\\/boutique\\\/fleuves-3\\\/#primaryimage\"},\"thumbnailUrl\":\"https:\\\/\\\/arfolk.bzh\\\/wp-content\\\/uploads\\\/2025\\\/06\\\/couverture-fleuves-3.webp\",\"datePublished\":\"2024-10-04T13:09:33+00:00\",\"dateModified\":\"2026-04-20T10:02:41+00:00\",\"description\":\"Retrouvez l'album du groupe FLEUVES - #3 . Commandez directement en ligne sur arfolk.bzh, le label discographique breton.\",\"breadcrumb\":{\"@id\":\"https:\\\/\\\/arfolk.bzh\\\/boutique\\\/fleuves-3\\\/#breadcrumb\"},\"inLanguage\":\"en-US\",\"potentialAction\":[{\"@type\":\"ReadAction\",\"target\":[\"https:\\\/\\\/arfolk.bzh\\\/boutique\\\/fleuves-3\\\/\"]}]},{\"@type\":\"ImageObject\",\"inLanguage\":\"en-US\",\"@id\":\"https:\\\/\\\/arfolk.bzh\\\/boutique\\\/fleuves-3\\\/#primaryimage\",\"url\":\"https:\\\/\\\/arfolk.bzh\\\/wp-content\\\/uploads\\\/2025\\\/06\\\/couverture-fleuves-3.webp\",\"contentUrl\":\"https:\\\/\\\/arfolk.bzh\\\/wp-content\\\/uploads\\\/2025\\\/06\\\/couverture-fleuves-3.webp\",\"width\":648,\"height\":662,\"caption\":\"Fleuves-#3\"},{\"@type\":\"BreadcrumbList\",\"@id\":\"https:\\\/\\\/arfolk.bzh\\\/boutique\\\/fleuves-3\\\/#breadcrumb\",\"itemListElement\":[{\"@type\":\"ListItem\",\"position\":1,\"name\":\"Accueil\",\"item\":\"https:\\\/\\\/arfolk.bzh\\\/\"},{\"@type\":\"ListItem\",\"position\":2,\"name\":\"Boutique\",\"item\":\"https:\\\/\\\/arfolk.bzh\\\/boutique\\\/\"},{\"@type\":\"ListItem\",\"position\":3,\"name\":\"FLEUVES &#8211; #3\"}]},{\"@type\":\"WebSite\",\"@id\":\"https:\\\/\\\/arfolk.bzh\\\/#website\",\"url\":\"https:\\\/\\\/arfolk.bzh\\\/\",\"name\":\"Arfolk\",\"description\":\"Label discographique sp\u00e9cialis\u00e9 dans la musique bretonne\",\"publisher\":{\"@id\":\"https:\\\/\\\/arfolk.bzh\\\/#organization\"},\"potentialAction\":[{\"@type\":\"SearchAction\",\"target\":{\"@type\":\"EntryPoint\",\"urlTemplate\":\"https:\\\/\\\/arfolk.bzh\\\/?s={search_term_string}\"},\"query-input\":{\"@type\":\"PropertyValueSpecification\",\"valueRequired\":true,\"valueName\":\"search_term_string\"}}],\"inLanguage\":\"en-US\"},{\"@type\":\"Organization\",\"@id\":\"https:\\\/\\\/arfolk.bzh\\\/#organization\",\"name\":\"Arfolk\",\"alternateName\":\"Le label de la musique bretonne\",\"url\":\"https:\\\/\\\/arfolk.bzh\\\/\",\"logo\":{\"@type\":\"ImageObject\",\"inLanguage\":\"en-US\",\"@id\":\"https:\\\/\\\/arfolk.bzh\\\/#\\\/schema\\\/logo\\\/image\\\/\",\"url\":\"https:\\\/\\\/arfolk.bzh\\\/wp-content\\\/uploads\\\/2023\\\/11\\\/cropped-logo-label-de-musique-breton-arfolf-vignette.webp\",\"contentUrl\":\"https:\\\/\\\/arfolk.bzh\\\/wp-content\\\/uploads\\\/2023\\\/11\\\/cropped-logo-label-de-musique-breton-arfolf-vignette.webp\",\"width\":512,\"height\":512,\"caption\":\"Arfolk\"},\"image\":{\"@id\":\"https:\\\/\\\/arfolk.bzh\\\/#\\\/schema\\\/logo\\\/image\\\/\"},\"sameAs\":[\"https:\\\/\\\/www.facebook.com\\\/Arfolkmusik\",\"https:\\\/\\\/www.instagram.com\\\/arfolkmusik\\\/\"]}]}<\/script>\n<!-- \/ Yoast SEO Premium plugin. -->","yoast_head_json":{"title":"Album de FLEUVES - #3","description":"Retrouvez l'album du groupe FLEUVES - #3 . Commandez directement en ligne sur arfolk.bzh, le label discographique breton.","robots":{"index":"index","follow":"follow","max-snippet":"max-snippet:-1","max-image-preview":"max-image-preview:large","max-video-preview":"max-video-preview:-1"},"canonical":"https:\/\/arfolk.bzh\/en\/boutique\/fleuves-3\/","schema":{"@context":"https:\/\/schema.org","@graph":[{"@type":"WebPage","@id":"https:\/\/arfolk.bzh\/boutique\/fleuves-3\/","url":"https:\/\/arfolk.bzh\/boutique\/fleuves-3\/","name":"Album de FLEUVES - #3","isPartOf":{"@id":"https:\/\/arfolk.bzh\/#website"},"primaryImageOfPage":{"@id":"https:\/\/arfolk.bzh\/boutique\/fleuves-3\/#primaryimage"},"image":{"@id":"https:\/\/arfolk.bzh\/boutique\/fleuves-3\/#primaryimage"},"thumbnailUrl":"https:\/\/arfolk.bzh\/wp-content\/uploads\/2025\/06\/couverture-fleuves-3.webp","datePublished":"2024-10-04T13:09:33+00:00","dateModified":"2026-04-20T10:02:41+00:00","description":"Retrouvez l'album du groupe FLEUVES - #3 . Commandez directement en ligne sur arfolk.bzh, le label discographique breton.","breadcrumb":{"@id":"https:\/\/arfolk.bzh\/boutique\/fleuves-3\/#breadcrumb"},"inLanguage":"en-US","potentialAction":[{"@type":"ReadAction","target":["https:\/\/arfolk.bzh\/boutique\/fleuves-3\/"]}]},{"@type":"ImageObject","inLanguage":"en-US","@id":"https:\/\/arfolk.bzh\/boutique\/fleuves-3\/#primaryimage","url":"https:\/\/arfolk.bzh\/wp-content\/uploads\/2025\/06\/couverture-fleuves-3.webp","contentUrl":"https:\/\/arfolk.bzh\/wp-content\/uploads\/2025\/06\/couverture-fleuves-3.webp","width":648,"height":662,"caption":"Fleuves-#3"},{"@type":"BreadcrumbList","@id":"https:\/\/arfolk.bzh\/boutique\/fleuves-3\/#breadcrumb","itemListElement":[{"@type":"ListItem","position":1,"name":"Accueil","item":"https:\/\/arfolk.bzh\/"},{"@type":"ListItem","position":2,"name":"Boutique","item":"https:\/\/arfolk.bzh\/boutique\/"},{"@type":"ListItem","position":3,"name":"FLEUVES &#8211; #3"}]},{"@type":"WebSite","@id":"https:\/\/arfolk.bzh\/#website","url":"https:\/\/arfolk.bzh\/","name":"Arfolk","description":"Label discographique sp\u00e9cialis\u00e9 dans la musique bretonne","publisher":{"@id":"https:\/\/arfolk.bzh\/#organization"},"potentialAction":[{"@type":"SearchAction","target":{"@type":"EntryPoint","urlTemplate":"https:\/\/arfolk.bzh\/?s={search_term_string}"},"query-input":{"@type":"PropertyValueSpecification","valueRequired":true,"valueName":"search_term_string"}}],"inLanguage":"en-US"},{"@type":"Organization","@id":"https:\/\/arfolk.bzh\/#organization","name":"Arfolk","alternateName":"Le label de la musique bretonne","url":"https:\/\/arfolk.bzh\/","logo":{"@type":"ImageObject","inLanguage":"en-US","@id":"https:\/\/arfolk.bzh\/#\/schema\/logo\/image\/","url":"https:\/\/arfolk.bzh\/wp-content\/uploads\/2023\/11\/cropped-logo-label-de-musique-breton-arfolf-vignette.webp","contentUrl":"https:\/\/arfolk.bzh\/wp-content\/uploads\/2023\/11\/cropped-logo-label-de-musique-breton-arfolf-vignette.webp","width":512,"height":512,"caption":"Arfolk"},"image":{"@id":"https:\/\/arfolk.bzh\/#\/schema\/logo\/image\/"},"sameAs":["https:\/\/www.facebook.com\/Arfolkmusik","https:\/\/www.instagram.com\/arfolkmusik\/"]}]}},"jetpack_sharing_enabled":true,"_links":{"self":[{"href":"https:\/\/arfolk.bzh\/en\/wp-json\/wp\/v2\/product\/3899","targetHints":{"allow":["GET"]}}],"collection":[{"href":"https:\/\/arfolk.bzh\/en\/wp-json\/wp\/v2\/product"}],"about":[{"href":"https:\/\/arfolk.bzh\/en\/wp-json\/wp\/v2\/types\/product"}],"wp:featuredmedia":[{"embeddable":true,"href":"https:\/\/arfolk.bzh\/en\/wp-json\/wp\/v2\/media\/3902"}],"wp:attachment":[{"href":"https:\/\/arfolk.bzh\/en\/wp-json\/wp\/v2\/media?parent=3899"}],"wp:term":[{"taxonomy":"product_brand","embeddable":true,"href":"https:\/\/arfolk.bzh\/en\/wp-json\/wp\/v2\/product_brand?post=3899"},{"taxonomy":"product_cat","embeddable":true,"href":"https:\/\/arfolk.bzh\/en\/wp-json\/wp\/v2\/false?post=3899"},{"taxonomy":"product_tag","embeddable":true,"href":"https:\/\/arfolk.bzh\/en\/wp-json\/wp\/v2\/product_tag?post=3899"},{"taxonomy":"disponible_a_la_vente","embeddable":true,"href":"https:\/\/arfolk.bzh\/en\/wp-json\/wp\/v2\/disponible_a_la_vente?post=3899"},{"taxonomy":"langue","embeddable":true,"href":"https:\/\/arfolk.bzh\/en\/wp-json\/wp\/v2\/langue?post=3899"},{"taxonomy":"style","embeddable":true,"href":"https:\/\/arfolk.bzh\/en\/wp-json\/wp\/v2\/style?post=3899"},{"taxonomy":"supports","embeddable":true,"href":"https:\/\/arfolk.bzh\/en\/wp-json\/wp\/v2\/supports?post=3899"}],"curies":[{"name":"wp","href":"https:\/\/api.w.org\/{rel}","templated":true}]}}