{"id":3943,"date":"2025-07-17T15:15:37","date_gmt":"2025-07-17T13:15:37","guid":{"rendered":"https:\/\/arfolk.bzh\/?post_type=product&#038;p=3943"},"modified":"2025-12-11T10:34:32","modified_gmt":"2025-12-11T09:34:32","slug":"kerbedig-fest-noz","status":"publish","type":"product","link":"https:\/\/arfolk.bzh\/en\/boutique\/kerbedig-fest-noz\/","title":{"rendered":"Kerbedig &#8211; Fest noz (Coffret 3CDs !)"},"content":{"rendered":"<p><span style=\"font-weight: 400;\">Amarr\u00e9 en Centre-Bretagne aux confins du Pays Vannetais, de la Haute-Cornouaille et du Pays Gallo, KERBEDIG c\u00e9l\u00e8bre le couple de sonneurs \u00ab biniou-bombarde \u00bb et d&rsquo;un trio \u00ab accord\u00e9on-clarinette-saxo \u00bb inspir\u00e9 des jazz-band des bals d&rsquo;apr\u00e8s guerre.<\/span><\/p>\n<p><span style=\"font-weight: 400;\">Parfois l\u2019\u00e9quipage kerbedig a aussi accueilli des m\u00e9tissages du monde, au festival de Klegereg par exemple, ils ont pu participer \u00e0 des cr\u00e9ations communes avec des groupes Birman, Chinois ou encore Catalan\u2026 ! Kerbedig est aussi habitu\u00e9 des grands festivals de Bretagne comme le festival interceltique de Lorient\u2026<\/span><\/p>\n<p><span style=\"font-weight: 400;\">Toniques et p\u00e9tillants (tel un bon \u00ab <\/span><i><span style=\"font-weight: 400;\">Chistr P\u00e9r<\/span><\/i><span style=\"font-weight: 400;\"> \u00bb*), les cinq sonneurs de KERBEDIG distillent une musique g\u00e9n\u00e9reuse et styl\u00e9e, enti\u00e8rement au service de la danse.<\/span><\/p>\n<p><span style=\"font-weight: 400;\">Apr\u00e8s plus de 600 fest-noz et concerts, le groupe a d\u00e9cid\u00e9 d\u2019enregistrer enfin son premier album pour le plus grand plaisir des danseurs.<\/span><\/p>\n<p><span style=\"font-weight: 400;\">La musique est compos\u00e9e quasi exclusivement de textes et paroles \u00e9crits par Yannig Audran.<\/span><\/p>\n<p>A avoir absolument dans sa biblioth\u00e8que !<\/p>\n<p>Tracklist de <strong>FEST NOZ<\/strong> :<\/p>\n<p><span style=\"font-weight: 400;\"><strong>CD1<\/strong> : 1 Kas-a-barzh : Alio\u00f9 mat \u2022 2 Gavotenn ar menez : Mendia, Ton simpl &#8211; 3 Tamm kreiz &#8211; 4 Ton doubl \u2022 5 Hanterdro : An dilhad Sul \u2022 6 Mazurka \u2022 7 Da\u00f1s plin : Ton berr &#8211; 8 Bal &#8211; 9 Ton hir \u2022 10 Polka \u2022 11 Gavotenn Pourlet : Ar binaj \u2022 12 Rond de Saint-Vincent : Kerbedig majik<\/span><\/p>\n<p><span style=\"font-weight: 400;\"><strong>CD2<\/strong> : 1 Loudia : Ronde1 &#8211; 2 Baleu &#8211; 3 Ronde2 &#8211; 4 Riquegn\u00e9e \u2022 5 An dro : Kanenn ar glaouer \u2022 6 Laridenn \u2022 7 Kost-ar-c\u2019hoad : Loeiz ha Loeiza \u2022 8 Valsenn evit Talig \u2022 9 Kas-a-barzh : Al loa koad \u2022 10 Fest-a-gren \u2022 11 Mazurka : <\/span><span style=\"font-weight: 400;\">Deomp <\/span><span style=\"font-weight: 400;\">d\u2019an davarn\u00a0<\/span><\/p>\n<p><span style=\"font-weight: 400;\"><strong>CD3<\/strong> : <\/span><span style=\"font-weight: 400;\">1 Da\u00f1s plin : Kanuhel, Ton berr &#8211; 2 Bal &#8211; 3 Ton hir <\/span><span style=\"font-weight: 400;\">\u2022 <\/span><span style=\"font-weight: 400;\">4 Hanterdro : An dragon yaouank <\/span><span style=\"font-weight: 400;\">\u2022 <\/span><span style=\"font-weight: 400;\">5 Suite de Loud\u00e9ac : Profitons des beaux jours ! Ronde1 &#8211; 6 Baleu &#8211; 7 Ronde2 &#8211; 8 Riquegn\u00e9e <\/span><span style=\"font-weight: 400;\">\u2022 <\/span><span style=\"font-weight: 400;\">9 Scottish : Ar milin ruz <\/span><span style=\"font-weight: 400;\">\u2022 <\/span><span style=\"font-weight: 400;\">10 Gavotenn : Valentine ! Ton simpl &#8211; 11 Tamm kreiz &#8211; 12 Ton doubl <\/span><span style=\"font-weight: 400;\">\u2022 <\/span><span style=\"font-weight: 400;\">13 Rond de Saint-Vincent <\/span><span style=\"font-weight: 400;\">\u2022 <\/span><span style=\"font-weight: 400;\">14 Fest-a-gren <\/span><span style=\"font-weight: 400;\">\u2022 <\/span><span style=\"font-weight: 400;\">15 Tro-fest mod Pourlet <\/span><span style=\"font-weight: 400;\">\u2022 16<\/span><span style=\"font-weight: 400;\"> An dro : Kalavern petra ! <\/span><span style=\"font-weight: 400;\">\u2022 <\/span><span style=\"font-weight: 400;\">17 Kost-ar-c\u2019hoad : Ar bedig<\/span><\/p>","protected":false},"excerpt":{"rendered":"<p>Kerbedig &#8211; Fest noz (Coffret 3CDs !): Danse bretonne: \u00a0Apr\u00e8s plus de 22 ans et 500 fest-noz et fest-deiz au compteur, Kerbedig a enfin d\u00e9cid\u00e9 d&rsquo;enregistrer son premier album pour le plus grand plaisir des danseurs&#8230; Et finalement ce ne sera pas 1, ni 2&#8230; mais 3 CDs r\u00e9unis dans un coffret avec livret : une quasi-integrale du groupe !<\/p>\n<p>Enti\u00e8rement enregistr\u00e9 en live avec les danseurs, le groupe KERBEDIG \u00e0 l&rsquo;esth\u00e9tique inimitable est un CR\u00c9ATEUR DE TRADITION unique. On pourra appr\u00e9cier son r\u00e9pertoire original largement faconn\u00e9 par les compositions et textes de Yannig Audran.<\/p>\n<p>2 CDs live 2025, et un 3 \u00e8me enregistr\u00e9 en 2016 + livret 20 pages.<\/p>\n<p>Sortie pr\u00e9vue le 5 septembre 2025, vous pouvez pr\u00e9-commander ce coffret d\u00e8s maintenant !<\/p>","protected":false},"featured_media":3942,"template":"","meta":{"_acf_changed":false,"_et_pb_use_builder":"","_et_pb_old_content":"","_et_gb_content_width":""},"product_brand":[],"false":[97],"product_tag":[],"disponible_a_la_vente":[38],"langue":[73,72,75],"style":[84,76,79],"supports":[86],"class_list":{"0":"post-3943","1":"product","2":"type-product","3":"status-publish","4":"has-post-thumbnail","6":"product_cat-kerbedig","7":"disponible_a_la_vente-disponible-a-la-vente","8":"langue-breton","9":"langue-francais","10":"langue-instrumental","11":"style-compilation","12":"style-fest-noz","13":"style-traditionnel-kan-ha-diskan","14":"supports-cd","16":"first","17":"instock","18":"taxable","19":"shipping-taxable","20":"purchasable","21":"product-type-simple"},"acf":[],"yoast_head":"<!-- This site is optimized with the Yoast SEO Premium plugin v24.0 (Yoast SEO v27.3) - https:\/\/yoast.com\/product\/yoast-seo-premium-wordpress\/ -->\n<title>Album de Kerbedig - Fest noz (Coffret 3CDs !)<\/title>\n<meta name=\"description\" content=\"Retrouvez le coffret 3 CDs de Kerbedig - Fest noz (Coffret 3CDs !) Live 2016 &amp; 2025. Commandez directement en ligne sur arfolk.bzh, le label discographique breton.\" \/>\n<meta name=\"robots\" content=\"index, follow, max-snippet:-1, max-image-preview:large, max-video-preview:-1\" \/>\n<link rel=\"canonical\" href=\"https:\/\/arfolk.bzh\/en\/boutique\/kerbedig-fest-noz\/\" \/>\n<script type=\"application\/ld+json\" class=\"yoast-schema-graph\">{\"@context\":\"https:\\\/\\\/schema.org\",\"@graph\":[{\"@type\":\"WebPage\",\"@id\":\"https:\\\/\\\/arfolk.bzh\\\/boutique\\\/kerbedig-fest-noz\\\/\",\"url\":\"https:\\\/\\\/arfolk.bzh\\\/boutique\\\/kerbedig-fest-noz\\\/\",\"name\":\"Album de Kerbedig - Fest noz (Coffret 3CDs !)\",\"isPartOf\":{\"@id\":\"https:\\\/\\\/arfolk.bzh\\\/#website\"},\"primaryImageOfPage\":{\"@id\":\"https:\\\/\\\/arfolk.bzh\\\/boutique\\\/kerbedig-fest-noz\\\/#primaryimage\"},\"image\":{\"@id\":\"https:\\\/\\\/arfolk.bzh\\\/boutique\\\/kerbedig-fest-noz\\\/#primaryimage\"},\"thumbnailUrl\":\"https:\\\/\\\/arfolk.bzh\\\/wp-content\\\/uploads\\\/2025\\\/07\\\/kerbedig-pochette-couv-hd.webp\",\"datePublished\":\"2025-07-17T13:15:37+00:00\",\"dateModified\":\"2025-12-11T09:34:32+00:00\",\"description\":\"Retrouvez le coffret 3 CDs de Kerbedig - Fest noz (Coffret 3CDs !) Live 2016 & 2025. Commandez directement en ligne sur arfolk.bzh, le label discographique breton.\",\"breadcrumb\":{\"@id\":\"https:\\\/\\\/arfolk.bzh\\\/boutique\\\/kerbedig-fest-noz\\\/#breadcrumb\"},\"inLanguage\":\"en-US\",\"potentialAction\":[{\"@type\":\"ReadAction\",\"target\":[\"https:\\\/\\\/arfolk.bzh\\\/boutique\\\/kerbedig-fest-noz\\\/\"]}]},{\"@type\":\"ImageObject\",\"inLanguage\":\"en-US\",\"@id\":\"https:\\\/\\\/arfolk.bzh\\\/boutique\\\/kerbedig-fest-noz\\\/#primaryimage\",\"url\":\"https:\\\/\\\/arfolk.bzh\\\/wp-content\\\/uploads\\\/2025\\\/07\\\/kerbedig-pochette-couv-hd.webp\",\"contentUrl\":\"https:\\\/\\\/arfolk.bzh\\\/wp-content\\\/uploads\\\/2025\\\/07\\\/kerbedig-pochette-couv-hd.webp\",\"width\":1000,\"height\":1000,\"caption\":\"KERBEDIG POCHETTE COUV HD\"},{\"@type\":\"BreadcrumbList\",\"@id\":\"https:\\\/\\\/arfolk.bzh\\\/boutique\\\/kerbedig-fest-noz\\\/#breadcrumb\",\"itemListElement\":[{\"@type\":\"ListItem\",\"position\":1,\"name\":\"Accueil\",\"item\":\"https:\\\/\\\/arfolk.bzh\\\/\"},{\"@type\":\"ListItem\",\"position\":2,\"name\":\"Boutique\",\"item\":\"https:\\\/\\\/arfolk.bzh\\\/boutique\\\/\"},{\"@type\":\"ListItem\",\"position\":3,\"name\":\"Kerbedig &#8211; Fest noz (Coffret 3CDs !)\"}]},{\"@type\":\"WebSite\",\"@id\":\"https:\\\/\\\/arfolk.bzh\\\/#website\",\"url\":\"https:\\\/\\\/arfolk.bzh\\\/\",\"name\":\"Arfolk\",\"description\":\"Label discographique sp\u00e9cialis\u00e9 dans la musique bretonne\",\"publisher\":{\"@id\":\"https:\\\/\\\/arfolk.bzh\\\/#organization\"},\"potentialAction\":[{\"@type\":\"SearchAction\",\"target\":{\"@type\":\"EntryPoint\",\"urlTemplate\":\"https:\\\/\\\/arfolk.bzh\\\/?s={search_term_string}\"},\"query-input\":{\"@type\":\"PropertyValueSpecification\",\"valueRequired\":true,\"valueName\":\"search_term_string\"}}],\"inLanguage\":\"en-US\"},{\"@type\":\"Organization\",\"@id\":\"https:\\\/\\\/arfolk.bzh\\\/#organization\",\"name\":\"Arfolk\",\"alternateName\":\"Le label de la musique bretonne\",\"url\":\"https:\\\/\\\/arfolk.bzh\\\/\",\"logo\":{\"@type\":\"ImageObject\",\"inLanguage\":\"en-US\",\"@id\":\"https:\\\/\\\/arfolk.bzh\\\/#\\\/schema\\\/logo\\\/image\\\/\",\"url\":\"https:\\\/\\\/arfolk.bzh\\\/wp-content\\\/uploads\\\/2023\\\/11\\\/cropped-logo-label-de-musique-breton-arfolf-vignette.webp\",\"contentUrl\":\"https:\\\/\\\/arfolk.bzh\\\/wp-content\\\/uploads\\\/2023\\\/11\\\/cropped-logo-label-de-musique-breton-arfolf-vignette.webp\",\"width\":512,\"height\":512,\"caption\":\"Arfolk\"},\"image\":{\"@id\":\"https:\\\/\\\/arfolk.bzh\\\/#\\\/schema\\\/logo\\\/image\\\/\"},\"sameAs\":[\"https:\\\/\\\/www.facebook.com\\\/Arfolkmusik\",\"https:\\\/\\\/www.instagram.com\\\/arfolkmusik\\\/\"]}]}<\/script>\n<!-- \/ Yoast SEO Premium plugin. -->","yoast_head_json":{"title":"Album de Kerbedig - Fest noz (Coffret 3CDs !)","description":"Retrouvez le coffret 3 CDs de Kerbedig - Fest noz (Coffret 3CDs !) Live 2016 & 2025. Commandez directement en ligne sur arfolk.bzh, le label discographique breton.","robots":{"index":"index","follow":"follow","max-snippet":"max-snippet:-1","max-image-preview":"max-image-preview:large","max-video-preview":"max-video-preview:-1"},"canonical":"https:\/\/arfolk.bzh\/en\/boutique\/kerbedig-fest-noz\/","schema":{"@context":"https:\/\/schema.org","@graph":[{"@type":"WebPage","@id":"https:\/\/arfolk.bzh\/boutique\/kerbedig-fest-noz\/","url":"https:\/\/arfolk.bzh\/boutique\/kerbedig-fest-noz\/","name":"Album de Kerbedig - Fest noz (Coffret 3CDs !)","isPartOf":{"@id":"https:\/\/arfolk.bzh\/#website"},"primaryImageOfPage":{"@id":"https:\/\/arfolk.bzh\/boutique\/kerbedig-fest-noz\/#primaryimage"},"image":{"@id":"https:\/\/arfolk.bzh\/boutique\/kerbedig-fest-noz\/#primaryimage"},"thumbnailUrl":"https:\/\/arfolk.bzh\/wp-content\/uploads\/2025\/07\/kerbedig-pochette-couv-hd.webp","datePublished":"2025-07-17T13:15:37+00:00","dateModified":"2025-12-11T09:34:32+00:00","description":"Retrouvez le coffret 3 CDs de Kerbedig - Fest noz (Coffret 3CDs !) Live 2016 & 2025. Commandez directement en ligne sur arfolk.bzh, le label discographique breton.","breadcrumb":{"@id":"https:\/\/arfolk.bzh\/boutique\/kerbedig-fest-noz\/#breadcrumb"},"inLanguage":"en-US","potentialAction":[{"@type":"ReadAction","target":["https:\/\/arfolk.bzh\/boutique\/kerbedig-fest-noz\/"]}]},{"@type":"ImageObject","inLanguage":"en-US","@id":"https:\/\/arfolk.bzh\/boutique\/kerbedig-fest-noz\/#primaryimage","url":"https:\/\/arfolk.bzh\/wp-content\/uploads\/2025\/07\/kerbedig-pochette-couv-hd.webp","contentUrl":"https:\/\/arfolk.bzh\/wp-content\/uploads\/2025\/07\/kerbedig-pochette-couv-hd.webp","width":1000,"height":1000,"caption":"KERBEDIG POCHETTE COUV HD"},{"@type":"BreadcrumbList","@id":"https:\/\/arfolk.bzh\/boutique\/kerbedig-fest-noz\/#breadcrumb","itemListElement":[{"@type":"ListItem","position":1,"name":"Accueil","item":"https:\/\/arfolk.bzh\/"},{"@type":"ListItem","position":2,"name":"Boutique","item":"https:\/\/arfolk.bzh\/boutique\/"},{"@type":"ListItem","position":3,"name":"Kerbedig &#8211; Fest noz (Coffret 3CDs !)"}]},{"@type":"WebSite","@id":"https:\/\/arfolk.bzh\/#website","url":"https:\/\/arfolk.bzh\/","name":"Arfolk","description":"Label discographique sp\u00e9cialis\u00e9 dans la musique bretonne","publisher":{"@id":"https:\/\/arfolk.bzh\/#organization"},"potentialAction":[{"@type":"SearchAction","target":{"@type":"EntryPoint","urlTemplate":"https:\/\/arfolk.bzh\/?s={search_term_string}"},"query-input":{"@type":"PropertyValueSpecification","valueRequired":true,"valueName":"search_term_string"}}],"inLanguage":"en-US"},{"@type":"Organization","@id":"https:\/\/arfolk.bzh\/#organization","name":"Arfolk","alternateName":"Le label de la musique bretonne","url":"https:\/\/arfolk.bzh\/","logo":{"@type":"ImageObject","inLanguage":"en-US","@id":"https:\/\/arfolk.bzh\/#\/schema\/logo\/image\/","url":"https:\/\/arfolk.bzh\/wp-content\/uploads\/2023\/11\/cropped-logo-label-de-musique-breton-arfolf-vignette.webp","contentUrl":"https:\/\/arfolk.bzh\/wp-content\/uploads\/2023\/11\/cropped-logo-label-de-musique-breton-arfolf-vignette.webp","width":512,"height":512,"caption":"Arfolk"},"image":{"@id":"https:\/\/arfolk.bzh\/#\/schema\/logo\/image\/"},"sameAs":["https:\/\/www.facebook.com\/Arfolkmusik","https:\/\/www.instagram.com\/arfolkmusik\/"]}]}},"jetpack_sharing_enabled":true,"_links":{"self":[{"href":"https:\/\/arfolk.bzh\/en\/wp-json\/wp\/v2\/product\/3943","targetHints":{"allow":["GET"]}}],"collection":[{"href":"https:\/\/arfolk.bzh\/en\/wp-json\/wp\/v2\/product"}],"about":[{"href":"https:\/\/arfolk.bzh\/en\/wp-json\/wp\/v2\/types\/product"}],"wp:featuredmedia":[{"embeddable":true,"href":"https:\/\/arfolk.bzh\/en\/wp-json\/wp\/v2\/media\/3942"}],"wp:attachment":[{"href":"https:\/\/arfolk.bzh\/en\/wp-json\/wp\/v2\/media?parent=3943"}],"wp:term":[{"taxonomy":"product_brand","embeddable":true,"href":"https:\/\/arfolk.bzh\/en\/wp-json\/wp\/v2\/product_brand?post=3943"},{"taxonomy":"product_cat","embeddable":true,"href":"https:\/\/arfolk.bzh\/en\/wp-json\/wp\/v2\/false?post=3943"},{"taxonomy":"product_tag","embeddable":true,"href":"https:\/\/arfolk.bzh\/en\/wp-json\/wp\/v2\/product_tag?post=3943"},{"taxonomy":"disponible_a_la_vente","embeddable":true,"href":"https:\/\/arfolk.bzh\/en\/wp-json\/wp\/v2\/disponible_a_la_vente?post=3943"},{"taxonomy":"langue","embeddable":true,"href":"https:\/\/arfolk.bzh\/en\/wp-json\/wp\/v2\/langue?post=3943"},{"taxonomy":"style","embeddable":true,"href":"https:\/\/arfolk.bzh\/en\/wp-json\/wp\/v2\/style?post=3943"},{"taxonomy":"supports","embeddable":true,"href":"https:\/\/arfolk.bzh\/en\/wp-json\/wp\/v2\/supports?post=3943"}],"curies":[{"name":"wp","href":"https:\/\/api.w.org\/{rel}","templated":true}]}}