{"id":4647,"date":"2025-11-12T14:37:27","date_gmt":"2025-11-12T13:37:27","guid":{"rendered":"https:\/\/arfolk.bzh\/?post_type=product&#038;p=4647"},"modified":"2025-11-21T17:33:39","modified_gmt":"2025-11-21T16:33:39","slug":"annie-ebrel-an-ebatou","status":"publish","type":"product","link":"https:\/\/arfolk.bzh\/en\/boutique\/annie-ebrel-an-ebatou\/","title":{"rendered":"Annie Ebrel &#8211; An ebato\u00f9"},"content":{"rendered":"<p><iframe loading=\"lazy\" title=\"Amourouzien seizh &#039;l\u00e2&#039;\" width=\"1080\" height=\"810\" src=\"https:\/\/www.youtube.com\/embed\/TvTlYCZ2BmI?list=OLAK5uy_ldkD0PAL9ofyOtuRf4EY-lxAJKoRgwzZ0\"  allow=\"accelerometer; autoplay; clipboard-write; encrypted-media; gyroscope; picture-in-picture; web-share\" referrerpolicy=\"strict-origin-when-cross-origin\" allowfullscreen><\/iframe><\/p>\n<p data-start=\"616\" data-end=\"978\">Tracklist :<br \/>\n01. AMOUROUZIEN SEIZH L\u00c0 \/ LES AMOUREUX DE SEPT ANS<br \/>\n02 DA\u00d1S AN IVERN \/ LA DANSE DE L&rsquo;ENFER<br \/>\n03 AR VERIELENN \/ LA BERG\u00c8RE<br \/>\n04 AR C&rsquo;HI DAOU DROAD \/ LE CHIEN \u00c0 DEUX PATTES<br \/>\n05 AR GOUKOUG \/ LE COUCOU<br \/>\n06 SOUBENN AL L\u00c8ZH AR FLEURENN \/ LA SOUPE AU LAIT DE LA FLEUR<br \/>\n07 PARDON AR GANERIEN \/ LE PARDON DES CHANTEURS<br \/>\n08 ROBARDIG<br \/>\n09 GWILLOU AR BLEI \/ GWILLOU LE LOUP<br \/>\n10 AR BENNEREZH \/ L&rsquo;H\u00c9RITI\u00c8RE<\/p>","protected":false},"excerpt":{"rendered":"<p><strong>AN EBATOU\u0300<\/strong> ce\u0301le\u0300bre la danse comme langage universel et souffle vital de la culture bretonne. Entre ferveur populaire et poe\u0301sie du quotidien, Annie Ebrel nous entrai\u0302ne dans une ronde vivante, ou\u0300 la tradition se vit a\u0300 chaque pas. Enregistre\u0301 en public au Jardin Moderne a\u0300 Rennes, l\u2019album capture la puissance imm\u00e9diate du partage sur sc\u00e8ne. Annie Ebrel s\u2019est entoure\u0301e de musiciens d\u2019exception avec Ronan Pellen au cistre, Cl\u00e9ment Dallot au piano &amp; claviers et Daravan Souvanna \u00e0 la basse \u00e9lectrique.<\/p>","protected":false},"featured_media":4651,"template":"","meta":{"_acf_changed":false,"_et_pb_use_builder":"","_et_pb_old_content":"","_et_gb_content_width":""},"product_brand":[],"false":[42],"product_tag":[],"disponible_a_la_vente":[38],"langue":[73],"style":[76,79,78],"supports":[86],"class_list":{"0":"post-4647","1":"product","2":"type-product","3":"status-publish","4":"has-post-thumbnail","6":"product_cat-annie-ebrel","7":"disponible_a_la_vente-disponible-a-la-vente","8":"langue-breton","9":"style-fest-noz","10":"style-traditionnel-kan-ha-diskan","11":"style-world-music","12":"supports-cd","14":"first","15":"instock","16":"taxable","17":"shipping-taxable","18":"purchasable","19":"product-type-simple"},"acf":[],"yoast_head":"<!-- This site is optimized with the Yoast SEO Premium plugin v24.0 (Yoast SEO v27.3) - https:\/\/yoast.com\/product\/yoast-seo-premium-wordpress\/ -->\n<title>Album de Annie Ebrel - An ebato\u00f9<\/title>\n<meta name=\"description\" content=\"Retrouvez l&#039;album de Annie Ebrel - An ebato\u00f9. Commandez directement en ligne sur arfolk.bzh, le label discographique breton.\" \/>\n<meta name=\"robots\" content=\"index, follow, max-snippet:-1, max-image-preview:large, max-video-preview:-1\" \/>\n<link rel=\"canonical\" href=\"https:\/\/arfolk.bzh\/en\/boutique\/annie-ebrel-an-ebatou\/\" \/>\n<script type=\"application\/ld+json\" class=\"yoast-schema-graph\">{\"@context\":\"https:\\\/\\\/schema.org\",\"@graph\":[{\"@type\":\"WebPage\",\"@id\":\"https:\\\/\\\/arfolk.bzh\\\/boutique\\\/annie-ebrel-an-ebatou\\\/\",\"url\":\"https:\\\/\\\/arfolk.bzh\\\/boutique\\\/annie-ebrel-an-ebatou\\\/\",\"name\":\"Album de Annie Ebrel - An ebato\u00f9\",\"isPartOf\":{\"@id\":\"https:\\\/\\\/arfolk.bzh\\\/#website\"},\"primaryImageOfPage\":{\"@id\":\"https:\\\/\\\/arfolk.bzh\\\/boutique\\\/annie-ebrel-an-ebatou\\\/#primaryimage\"},\"image\":{\"@id\":\"https:\\\/\\\/arfolk.bzh\\\/boutique\\\/annie-ebrel-an-ebatou\\\/#primaryimage\"},\"thumbnailUrl\":\"https:\\\/\\\/arfolk.bzh\\\/wp-content\\\/uploads\\\/2025\\\/11\\\/annie-ebrel-anebatou-arfolk-2025-3000x3000-rvb-scaled.webp\",\"datePublished\":\"2025-11-12T13:37:27+00:00\",\"dateModified\":\"2025-11-21T16:33:39+00:00\",\"description\":\"Retrouvez l'album de Annie Ebrel - An ebato\u00f9. Commandez directement en ligne sur arfolk.bzh, le label discographique breton.\",\"breadcrumb\":{\"@id\":\"https:\\\/\\\/arfolk.bzh\\\/boutique\\\/annie-ebrel-an-ebatou\\\/#breadcrumb\"},\"inLanguage\":\"en-US\",\"potentialAction\":[{\"@type\":\"ReadAction\",\"target\":[\"https:\\\/\\\/arfolk.bzh\\\/boutique\\\/annie-ebrel-an-ebatou\\\/\"]}]},{\"@type\":\"ImageObject\",\"inLanguage\":\"en-US\",\"@id\":\"https:\\\/\\\/arfolk.bzh\\\/boutique\\\/annie-ebrel-an-ebatou\\\/#primaryimage\",\"url\":\"https:\\\/\\\/arfolk.bzh\\\/wp-content\\\/uploads\\\/2025\\\/11\\\/annie-ebrel-anebatou-arfolk-2025-3000x3000-rvb-scaled.webp\",\"contentUrl\":\"https:\\\/\\\/arfolk.bzh\\\/wp-content\\\/uploads\\\/2025\\\/11\\\/annie-ebrel-anebatou-arfolk-2025-3000x3000-rvb-scaled.webp\",\"width\":2000,\"height\":2000,\"caption\":\"ANNIE-EBREL-AnEbatou-Arfolk-2025-3000x3000-RVB\"},{\"@type\":\"BreadcrumbList\",\"@id\":\"https:\\\/\\\/arfolk.bzh\\\/boutique\\\/annie-ebrel-an-ebatou\\\/#breadcrumb\",\"itemListElement\":[{\"@type\":\"ListItem\",\"position\":1,\"name\":\"Accueil\",\"item\":\"https:\\\/\\\/arfolk.bzh\\\/\"},{\"@type\":\"ListItem\",\"position\":2,\"name\":\"Boutique\",\"item\":\"https:\\\/\\\/arfolk.bzh\\\/boutique\\\/\"},{\"@type\":\"ListItem\",\"position\":3,\"name\":\"Annie Ebrel &#8211; An ebato\u00f9\"}]},{\"@type\":\"WebSite\",\"@id\":\"https:\\\/\\\/arfolk.bzh\\\/#website\",\"url\":\"https:\\\/\\\/arfolk.bzh\\\/\",\"name\":\"Arfolk\",\"description\":\"Label discographique sp\u00e9cialis\u00e9 dans la musique bretonne\",\"publisher\":{\"@id\":\"https:\\\/\\\/arfolk.bzh\\\/#organization\"},\"potentialAction\":[{\"@type\":\"SearchAction\",\"target\":{\"@type\":\"EntryPoint\",\"urlTemplate\":\"https:\\\/\\\/arfolk.bzh\\\/?s={search_term_string}\"},\"query-input\":{\"@type\":\"PropertyValueSpecification\",\"valueRequired\":true,\"valueName\":\"search_term_string\"}}],\"inLanguage\":\"en-US\"},{\"@type\":\"Organization\",\"@id\":\"https:\\\/\\\/arfolk.bzh\\\/#organization\",\"name\":\"Arfolk\",\"alternateName\":\"Le label de la musique bretonne\",\"url\":\"https:\\\/\\\/arfolk.bzh\\\/\",\"logo\":{\"@type\":\"ImageObject\",\"inLanguage\":\"en-US\",\"@id\":\"https:\\\/\\\/arfolk.bzh\\\/#\\\/schema\\\/logo\\\/image\\\/\",\"url\":\"https:\\\/\\\/arfolk.bzh\\\/wp-content\\\/uploads\\\/2023\\\/11\\\/cropped-logo-label-de-musique-breton-arfolf-vignette.webp\",\"contentUrl\":\"https:\\\/\\\/arfolk.bzh\\\/wp-content\\\/uploads\\\/2023\\\/11\\\/cropped-logo-label-de-musique-breton-arfolf-vignette.webp\",\"width\":512,\"height\":512,\"caption\":\"Arfolk\"},\"image\":{\"@id\":\"https:\\\/\\\/arfolk.bzh\\\/#\\\/schema\\\/logo\\\/image\\\/\"},\"sameAs\":[\"https:\\\/\\\/www.facebook.com\\\/Arfolkmusik\",\"https:\\\/\\\/www.instagram.com\\\/arfolkmusik\\\/\"]}]}<\/script>\n<!-- \/ Yoast SEO Premium plugin. -->","yoast_head_json":{"title":"Album de Annie Ebrel - An ebato\u00f9","description":"Retrouvez l'album de Annie Ebrel - An ebato\u00f9. Commandez directement en ligne sur arfolk.bzh, le label discographique breton.","robots":{"index":"index","follow":"follow","max-snippet":"max-snippet:-1","max-image-preview":"max-image-preview:large","max-video-preview":"max-video-preview:-1"},"canonical":"https:\/\/arfolk.bzh\/en\/boutique\/annie-ebrel-an-ebatou\/","schema":{"@context":"https:\/\/schema.org","@graph":[{"@type":"WebPage","@id":"https:\/\/arfolk.bzh\/boutique\/annie-ebrel-an-ebatou\/","url":"https:\/\/arfolk.bzh\/boutique\/annie-ebrel-an-ebatou\/","name":"Album de Annie Ebrel - An ebato\u00f9","isPartOf":{"@id":"https:\/\/arfolk.bzh\/#website"},"primaryImageOfPage":{"@id":"https:\/\/arfolk.bzh\/boutique\/annie-ebrel-an-ebatou\/#primaryimage"},"image":{"@id":"https:\/\/arfolk.bzh\/boutique\/annie-ebrel-an-ebatou\/#primaryimage"},"thumbnailUrl":"https:\/\/arfolk.bzh\/wp-content\/uploads\/2025\/11\/annie-ebrel-anebatou-arfolk-2025-3000x3000-rvb-scaled.webp","datePublished":"2025-11-12T13:37:27+00:00","dateModified":"2025-11-21T16:33:39+00:00","description":"Retrouvez l'album de Annie Ebrel - An ebato\u00f9. Commandez directement en ligne sur arfolk.bzh, le label discographique breton.","breadcrumb":{"@id":"https:\/\/arfolk.bzh\/boutique\/annie-ebrel-an-ebatou\/#breadcrumb"},"inLanguage":"en-US","potentialAction":[{"@type":"ReadAction","target":["https:\/\/arfolk.bzh\/boutique\/annie-ebrel-an-ebatou\/"]}]},{"@type":"ImageObject","inLanguage":"en-US","@id":"https:\/\/arfolk.bzh\/boutique\/annie-ebrel-an-ebatou\/#primaryimage","url":"https:\/\/arfolk.bzh\/wp-content\/uploads\/2025\/11\/annie-ebrel-anebatou-arfolk-2025-3000x3000-rvb-scaled.webp","contentUrl":"https:\/\/arfolk.bzh\/wp-content\/uploads\/2025\/11\/annie-ebrel-anebatou-arfolk-2025-3000x3000-rvb-scaled.webp","width":2000,"height":2000,"caption":"ANNIE-EBREL-AnEbatou-Arfolk-2025-3000x3000-RVB"},{"@type":"BreadcrumbList","@id":"https:\/\/arfolk.bzh\/boutique\/annie-ebrel-an-ebatou\/#breadcrumb","itemListElement":[{"@type":"ListItem","position":1,"name":"Accueil","item":"https:\/\/arfolk.bzh\/"},{"@type":"ListItem","position":2,"name":"Boutique","item":"https:\/\/arfolk.bzh\/boutique\/"},{"@type":"ListItem","position":3,"name":"Annie Ebrel &#8211; An ebato\u00f9"}]},{"@type":"WebSite","@id":"https:\/\/arfolk.bzh\/#website","url":"https:\/\/arfolk.bzh\/","name":"Arfolk","description":"Label discographique sp\u00e9cialis\u00e9 dans la musique bretonne","publisher":{"@id":"https:\/\/arfolk.bzh\/#organization"},"potentialAction":[{"@type":"SearchAction","target":{"@type":"EntryPoint","urlTemplate":"https:\/\/arfolk.bzh\/?s={search_term_string}"},"query-input":{"@type":"PropertyValueSpecification","valueRequired":true,"valueName":"search_term_string"}}],"inLanguage":"en-US"},{"@type":"Organization","@id":"https:\/\/arfolk.bzh\/#organization","name":"Arfolk","alternateName":"Le label de la musique bretonne","url":"https:\/\/arfolk.bzh\/","logo":{"@type":"ImageObject","inLanguage":"en-US","@id":"https:\/\/arfolk.bzh\/#\/schema\/logo\/image\/","url":"https:\/\/arfolk.bzh\/wp-content\/uploads\/2023\/11\/cropped-logo-label-de-musique-breton-arfolf-vignette.webp","contentUrl":"https:\/\/arfolk.bzh\/wp-content\/uploads\/2023\/11\/cropped-logo-label-de-musique-breton-arfolf-vignette.webp","width":512,"height":512,"caption":"Arfolk"},"image":{"@id":"https:\/\/arfolk.bzh\/#\/schema\/logo\/image\/"},"sameAs":["https:\/\/www.facebook.com\/Arfolkmusik","https:\/\/www.instagram.com\/arfolkmusik\/"]}]}},"jetpack_sharing_enabled":true,"_links":{"self":[{"href":"https:\/\/arfolk.bzh\/en\/wp-json\/wp\/v2\/product\/4647","targetHints":{"allow":["GET"]}}],"collection":[{"href":"https:\/\/arfolk.bzh\/en\/wp-json\/wp\/v2\/product"}],"about":[{"href":"https:\/\/arfolk.bzh\/en\/wp-json\/wp\/v2\/types\/product"}],"wp:featuredmedia":[{"embeddable":true,"href":"https:\/\/arfolk.bzh\/en\/wp-json\/wp\/v2\/media\/4651"}],"wp:attachment":[{"href":"https:\/\/arfolk.bzh\/en\/wp-json\/wp\/v2\/media?parent=4647"}],"wp:term":[{"taxonomy":"product_brand","embeddable":true,"href":"https:\/\/arfolk.bzh\/en\/wp-json\/wp\/v2\/product_brand?post=4647"},{"taxonomy":"product_cat","embeddable":true,"href":"https:\/\/arfolk.bzh\/en\/wp-json\/wp\/v2\/false?post=4647"},{"taxonomy":"product_tag","embeddable":true,"href":"https:\/\/arfolk.bzh\/en\/wp-json\/wp\/v2\/product_tag?post=4647"},{"taxonomy":"disponible_a_la_vente","embeddable":true,"href":"https:\/\/arfolk.bzh\/en\/wp-json\/wp\/v2\/disponible_a_la_vente?post=4647"},{"taxonomy":"langue","embeddable":true,"href":"https:\/\/arfolk.bzh\/en\/wp-json\/wp\/v2\/langue?post=4647"},{"taxonomy":"style","embeddable":true,"href":"https:\/\/arfolk.bzh\/en\/wp-json\/wp\/v2\/style?post=4647"},{"taxonomy":"supports","embeddable":true,"href":"https:\/\/arfolk.bzh\/en\/wp-json\/wp\/v2\/supports?post=4647"}],"curies":[{"name":"wp","href":"https:\/\/api.w.org\/{rel}","templated":true}]}}