{"id":4659,"date":"2025-11-12T15:51:25","date_gmt":"2025-11-12T14:51:25","guid":{"rendered":"https:\/\/arfolk.bzh\/?post_type=product&#038;p=4659"},"modified":"2025-12-11T10:26:08","modified_gmt":"2025-12-11T09:26:08","slug":"klara-ninn-an-ankoun","status":"publish","type":"product","link":"https:\/\/arfolk.bzh\/en\/boutique\/klara-ninn-an-ankoun\/","title":{"rendered":"Klara Ninn \u2013 An Ankoun"},"content":{"rendered":"<p data-start=\"361\" data-end=\"655\">Avec <strong data-start=\"366\" data-end=\"381\"><em data-start=\"368\" data-end=\"379\">An Ankoun<\/em><\/strong>, <strong data-start=\"383\" data-end=\"397\">Klara Ninn<\/strong> signe un premier album audacieux o\u00f9 la <strong data-start=\"437\" data-end=\"456\">langue bretonne<\/strong> se m\u00eale aux <strong data-start=\"469\" data-end=\"494\">sonorit\u00e9s \u00e9lectro-pop<\/strong>. Entre <strong data-start=\"502\" data-end=\"522\">chants en breton<\/strong>, <strong data-start=\"524\" data-end=\"534\">violon<\/strong>, <strong data-start=\"536\" data-end=\"549\">mandoline<\/strong> et <strong data-start=\"553\" data-end=\"579\">textures \u00e9lectroniques<\/strong>, l\u2019artiste cr\u00e9e une passerelle vibrante entre <strong data-start=\"626\" data-end=\"652\">h\u00e9ritage et innovation<\/strong>.<\/p>\n<p data-start=\"657\" data-end=\"1047\">Guid\u00e9e par une <strong data-start=\"672\" data-end=\"704\">voix envo\u00fbtante<\/strong>, Klara Ninn nous transporte dans un univers \u00e0 la fois <strong data-start=\"759\" data-end=\"784\">po\u00e9tique et organique<\/strong>, o\u00f9 les rythmes d\u2019aujourd\u2019hui rencontrent la m\u00e9moire vivante des <strong data-start=\"850\" data-end=\"874\">terroirs de Bretagne<\/strong>. L\u2019album r\u00e9unit <strong data-start=\"891\" data-end=\"922\">des compositions originales<\/strong> et <strong data-start=\"926\" data-end=\"960\">des airs traditionnels bretons<\/strong>, ainsi qu\u2019un morceau d\u2019ouverture venu d\u2019<strong data-start=\"1001\" data-end=\"1012\">Irlande<\/strong>, comme une invitation au voyage.<\/p>\n<p data-start=\"1049\" data-end=\"1369\"><em data-start=\"1049\" data-end=\"1060\">An Ankoun<\/em> (\u201cl\u2019oubli\u201d ou \u201cl\u2019amn\u00e9sie\u201d, en breton) explore la <strong data-start=\"1110\" data-end=\"1150\">m\u00e9moire, le temps et la m\u00e9tamorphose<\/strong> \u2014 des th\u00e8mes universels port\u00e9s par une \u00e9criture sonore riche et immersive. Cet album affirme la pr\u00e9sence d\u2019une <strong data-start=\"1262\" data-end=\"1314\">nouvelle voix de la sc\u00e8ne bretonne contemporaine<\/strong>, ouverte sur le monde et les <strong data-start=\"1344\" data-end=\"1366\">musiques actuelles<\/strong>.<\/p>\n<p data-start=\"1371\" data-end=\"1516\">Un <strong data-start=\"1374\" data-end=\"1425\">voyage entre pop, \u00e9lectro et chant traditionnel<\/strong>, qui r\u00e9v\u00e8le toute la puissance et la sensibilit\u00e9 d\u2019une artiste \u00e0 la crois\u00e9e des \u00e9poques.<\/p>\n<p><iframe loading=\"lazy\" title=\"KLARA NINN \/\/ KIMIAD (vid\u00e9o officielle) Celtic Singer\" width=\"1080\" height=\"608\" src=\"https:\/\/www.youtube.com\/embed\/pyPQsStnWPw?feature=oembed\"  allow=\"accelerometer; autoplay; clipboard-write; encrypted-media; gyroscope; picture-in-picture; web-share\" referrerpolicy=\"strict-origin-when-cross-origin\" allowfullscreen><\/iframe><\/p>","protected":false},"excerpt":{"rendered":"<p><strong data-start=\"200\" data-end=\"213\">An Ankoun<\/strong>, le premier album de <strong data-start=\"234\" data-end=\"248\">Klara Ninn<\/strong>, fait dialoguer la tradition bretonne et les sonorit\u00e9s \u00e9lectro-pop avec une intensit\u00e9 rare. Entre chant en breton, violon, mandoline et textures \u00e9lectroniques, l\u2019artiste tisse un univers envo\u00fbtant o\u00f9 modernit\u00e9 et racines se rencontrent.<\/p>","protected":false},"featured_media":4661,"template":"","meta":{"_acf_changed":false,"_et_pb_use_builder":"","_et_pb_old_content":"","_et_gb_content_width":""},"product_brand":[],"false":[124],"product_tag":[],"disponible_a_la_vente":[38],"langue":[73],"style":[125,79,78],"supports":[86],"class_list":{"0":"post-4659","1":"product","2":"type-product","3":"status-publish","4":"has-post-thumbnail","6":"product_cat-klara-ninn","7":"disponible_a_la_vente-disponible-a-la-vente","8":"langue-breton","9":"style-electronique","10":"style-traditionnel-kan-ha-diskan","11":"style-world-music","12":"supports-cd","14":"first","15":"instock","16":"taxable","17":"shipping-taxable","18":"purchasable","19":"product-type-simple"},"acf":[],"yoast_head":"<!-- This site is optimized with the Yoast SEO Premium plugin v24.0 (Yoast SEO v27.3) - https:\/\/yoast.com\/product\/yoast-seo-premium-wordpress\/ -->\n<title>Album de Klara Ninn \u2013 An Ankoun<\/title>\n<meta name=\"description\" content=\"Retrouvez l&#039;album de Klara Ninn \u2013 An Ankoun. Commandez directement en ligne sur arfolk.bzh, le label discographique breton.\" \/>\n<meta name=\"robots\" content=\"index, follow, max-snippet:-1, max-image-preview:large, max-video-preview:-1\" \/>\n<link rel=\"canonical\" href=\"https:\/\/arfolk.bzh\/en\/boutique\/klara-ninn-an-ankoun\/\" \/>\n<script type=\"application\/ld+json\" class=\"yoast-schema-graph\">{\"@context\":\"https:\\\/\\\/schema.org\",\"@graph\":[{\"@type\":\"WebPage\",\"@id\":\"https:\\\/\\\/arfolk.bzh\\\/boutique\\\/klara-ninn-an-ankoun\\\/\",\"url\":\"https:\\\/\\\/arfolk.bzh\\\/boutique\\\/klara-ninn-an-ankoun\\\/\",\"name\":\"Album de Klara Ninn \u2013 An Ankoun\",\"isPartOf\":{\"@id\":\"https:\\\/\\\/arfolk.bzh\\\/#website\"},\"primaryImageOfPage\":{\"@id\":\"https:\\\/\\\/arfolk.bzh\\\/boutique\\\/klara-ninn-an-ankoun\\\/#primaryimage\"},\"image\":{\"@id\":\"https:\\\/\\\/arfolk.bzh\\\/boutique\\\/klara-ninn-an-ankoun\\\/#primaryimage\"},\"thumbnailUrl\":\"https:\\\/\\\/arfolk.bzh\\\/wp-content\\\/uploads\\\/2025\\\/11\\\/klaraninn_anankoun.webp\",\"datePublished\":\"2025-11-12T14:51:25+00:00\",\"dateModified\":\"2025-12-11T09:26:08+00:00\",\"description\":\"Retrouvez l'album de Klara Ninn \u2013 An Ankoun. Commandez directement en ligne sur arfolk.bzh, le label discographique breton.\",\"breadcrumb\":{\"@id\":\"https:\\\/\\\/arfolk.bzh\\\/boutique\\\/klara-ninn-an-ankoun\\\/#breadcrumb\"},\"inLanguage\":\"en-US\",\"potentialAction\":[{\"@type\":\"ReadAction\",\"target\":[\"https:\\\/\\\/arfolk.bzh\\\/boutique\\\/klara-ninn-an-ankoun\\\/\"]}]},{\"@type\":\"ImageObject\",\"inLanguage\":\"en-US\",\"@id\":\"https:\\\/\\\/arfolk.bzh\\\/boutique\\\/klara-ninn-an-ankoun\\\/#primaryimage\",\"url\":\"https:\\\/\\\/arfolk.bzh\\\/wp-content\\\/uploads\\\/2025\\\/11\\\/klaraninn_anankoun.webp\",\"contentUrl\":\"https:\\\/\\\/arfolk.bzh\\\/wp-content\\\/uploads\\\/2025\\\/11\\\/klaraninn_anankoun.webp\",\"width\":1653,\"height\":1476,\"caption\":\"KlaraNinn_AnAnkoun\"},{\"@type\":\"BreadcrumbList\",\"@id\":\"https:\\\/\\\/arfolk.bzh\\\/boutique\\\/klara-ninn-an-ankoun\\\/#breadcrumb\",\"itemListElement\":[{\"@type\":\"ListItem\",\"position\":1,\"name\":\"Accueil\",\"item\":\"https:\\\/\\\/arfolk.bzh\\\/\"},{\"@type\":\"ListItem\",\"position\":2,\"name\":\"Boutique\",\"item\":\"https:\\\/\\\/arfolk.bzh\\\/boutique\\\/\"},{\"@type\":\"ListItem\",\"position\":3,\"name\":\"Klara Ninn \u2013 An Ankoun\"}]},{\"@type\":\"WebSite\",\"@id\":\"https:\\\/\\\/arfolk.bzh\\\/#website\",\"url\":\"https:\\\/\\\/arfolk.bzh\\\/\",\"name\":\"Arfolk\",\"description\":\"Label discographique sp\u00e9cialis\u00e9 dans la musique bretonne\",\"publisher\":{\"@id\":\"https:\\\/\\\/arfolk.bzh\\\/#organization\"},\"potentialAction\":[{\"@type\":\"SearchAction\",\"target\":{\"@type\":\"EntryPoint\",\"urlTemplate\":\"https:\\\/\\\/arfolk.bzh\\\/?s={search_term_string}\"},\"query-input\":{\"@type\":\"PropertyValueSpecification\",\"valueRequired\":true,\"valueName\":\"search_term_string\"}}],\"inLanguage\":\"en-US\"},{\"@type\":\"Organization\",\"@id\":\"https:\\\/\\\/arfolk.bzh\\\/#organization\",\"name\":\"Arfolk\",\"alternateName\":\"Le label de la musique bretonne\",\"url\":\"https:\\\/\\\/arfolk.bzh\\\/\",\"logo\":{\"@type\":\"ImageObject\",\"inLanguage\":\"en-US\",\"@id\":\"https:\\\/\\\/arfolk.bzh\\\/#\\\/schema\\\/logo\\\/image\\\/\",\"url\":\"https:\\\/\\\/arfolk.bzh\\\/wp-content\\\/uploads\\\/2023\\\/11\\\/cropped-logo-label-de-musique-breton-arfolf-vignette.webp\",\"contentUrl\":\"https:\\\/\\\/arfolk.bzh\\\/wp-content\\\/uploads\\\/2023\\\/11\\\/cropped-logo-label-de-musique-breton-arfolf-vignette.webp\",\"width\":512,\"height\":512,\"caption\":\"Arfolk\"},\"image\":{\"@id\":\"https:\\\/\\\/arfolk.bzh\\\/#\\\/schema\\\/logo\\\/image\\\/\"},\"sameAs\":[\"https:\\\/\\\/www.facebook.com\\\/Arfolkmusik\",\"https:\\\/\\\/www.instagram.com\\\/arfolkmusik\\\/\"]}]}<\/script>\n<!-- \/ Yoast SEO Premium plugin. -->","yoast_head_json":{"title":"Album de Klara Ninn \u2013 An Ankoun","description":"Retrouvez l'album de Klara Ninn \u2013 An Ankoun. Commandez directement en ligne sur arfolk.bzh, le label discographique breton.","robots":{"index":"index","follow":"follow","max-snippet":"max-snippet:-1","max-image-preview":"max-image-preview:large","max-video-preview":"max-video-preview:-1"},"canonical":"https:\/\/arfolk.bzh\/en\/boutique\/klara-ninn-an-ankoun\/","schema":{"@context":"https:\/\/schema.org","@graph":[{"@type":"WebPage","@id":"https:\/\/arfolk.bzh\/boutique\/klara-ninn-an-ankoun\/","url":"https:\/\/arfolk.bzh\/boutique\/klara-ninn-an-ankoun\/","name":"Album de Klara Ninn \u2013 An Ankoun","isPartOf":{"@id":"https:\/\/arfolk.bzh\/#website"},"primaryImageOfPage":{"@id":"https:\/\/arfolk.bzh\/boutique\/klara-ninn-an-ankoun\/#primaryimage"},"image":{"@id":"https:\/\/arfolk.bzh\/boutique\/klara-ninn-an-ankoun\/#primaryimage"},"thumbnailUrl":"https:\/\/arfolk.bzh\/wp-content\/uploads\/2025\/11\/klaraninn_anankoun.webp","datePublished":"2025-11-12T14:51:25+00:00","dateModified":"2025-12-11T09:26:08+00:00","description":"Retrouvez l'album de Klara Ninn \u2013 An Ankoun. Commandez directement en ligne sur arfolk.bzh, le label discographique breton.","breadcrumb":{"@id":"https:\/\/arfolk.bzh\/boutique\/klara-ninn-an-ankoun\/#breadcrumb"},"inLanguage":"en-US","potentialAction":[{"@type":"ReadAction","target":["https:\/\/arfolk.bzh\/boutique\/klara-ninn-an-ankoun\/"]}]},{"@type":"ImageObject","inLanguage":"en-US","@id":"https:\/\/arfolk.bzh\/boutique\/klara-ninn-an-ankoun\/#primaryimage","url":"https:\/\/arfolk.bzh\/wp-content\/uploads\/2025\/11\/klaraninn_anankoun.webp","contentUrl":"https:\/\/arfolk.bzh\/wp-content\/uploads\/2025\/11\/klaraninn_anankoun.webp","width":1653,"height":1476,"caption":"KlaraNinn_AnAnkoun"},{"@type":"BreadcrumbList","@id":"https:\/\/arfolk.bzh\/boutique\/klara-ninn-an-ankoun\/#breadcrumb","itemListElement":[{"@type":"ListItem","position":1,"name":"Accueil","item":"https:\/\/arfolk.bzh\/"},{"@type":"ListItem","position":2,"name":"Boutique","item":"https:\/\/arfolk.bzh\/boutique\/"},{"@type":"ListItem","position":3,"name":"Klara Ninn \u2013 An Ankoun"}]},{"@type":"WebSite","@id":"https:\/\/arfolk.bzh\/#website","url":"https:\/\/arfolk.bzh\/","name":"Arfolk","description":"Label discographique sp\u00e9cialis\u00e9 dans la musique bretonne","publisher":{"@id":"https:\/\/arfolk.bzh\/#organization"},"potentialAction":[{"@type":"SearchAction","target":{"@type":"EntryPoint","urlTemplate":"https:\/\/arfolk.bzh\/?s={search_term_string}"},"query-input":{"@type":"PropertyValueSpecification","valueRequired":true,"valueName":"search_term_string"}}],"inLanguage":"en-US"},{"@type":"Organization","@id":"https:\/\/arfolk.bzh\/#organization","name":"Arfolk","alternateName":"Le label de la musique bretonne","url":"https:\/\/arfolk.bzh\/","logo":{"@type":"ImageObject","inLanguage":"en-US","@id":"https:\/\/arfolk.bzh\/#\/schema\/logo\/image\/","url":"https:\/\/arfolk.bzh\/wp-content\/uploads\/2023\/11\/cropped-logo-label-de-musique-breton-arfolf-vignette.webp","contentUrl":"https:\/\/arfolk.bzh\/wp-content\/uploads\/2023\/11\/cropped-logo-label-de-musique-breton-arfolf-vignette.webp","width":512,"height":512,"caption":"Arfolk"},"image":{"@id":"https:\/\/arfolk.bzh\/#\/schema\/logo\/image\/"},"sameAs":["https:\/\/www.facebook.com\/Arfolkmusik","https:\/\/www.instagram.com\/arfolkmusik\/"]}]}},"jetpack_sharing_enabled":true,"_links":{"self":[{"href":"https:\/\/arfolk.bzh\/en\/wp-json\/wp\/v2\/product\/4659","targetHints":{"allow":["GET"]}}],"collection":[{"href":"https:\/\/arfolk.bzh\/en\/wp-json\/wp\/v2\/product"}],"about":[{"href":"https:\/\/arfolk.bzh\/en\/wp-json\/wp\/v2\/types\/product"}],"wp:featuredmedia":[{"embeddable":true,"href":"https:\/\/arfolk.bzh\/en\/wp-json\/wp\/v2\/media\/4661"}],"wp:attachment":[{"href":"https:\/\/arfolk.bzh\/en\/wp-json\/wp\/v2\/media?parent=4659"}],"wp:term":[{"taxonomy":"product_brand","embeddable":true,"href":"https:\/\/arfolk.bzh\/en\/wp-json\/wp\/v2\/product_brand?post=4659"},{"taxonomy":"product_cat","embeddable":true,"href":"https:\/\/arfolk.bzh\/en\/wp-json\/wp\/v2\/false?post=4659"},{"taxonomy":"product_tag","embeddable":true,"href":"https:\/\/arfolk.bzh\/en\/wp-json\/wp\/v2\/product_tag?post=4659"},{"taxonomy":"disponible_a_la_vente","embeddable":true,"href":"https:\/\/arfolk.bzh\/en\/wp-json\/wp\/v2\/disponible_a_la_vente?post=4659"},{"taxonomy":"langue","embeddable":true,"href":"https:\/\/arfolk.bzh\/en\/wp-json\/wp\/v2\/langue?post=4659"},{"taxonomy":"style","embeddable":true,"href":"https:\/\/arfolk.bzh\/en\/wp-json\/wp\/v2\/style?post=4659"},{"taxonomy":"supports","embeddable":true,"href":"https:\/\/arfolk.bzh\/en\/wp-json\/wp\/v2\/supports?post=4659"}],"curies":[{"name":"wp","href":"https:\/\/api.w.org\/{rel}","templated":true}]}}