{"id":5432,"date":"2025-12-11T13:09:03","date_gmt":"2025-12-11T12:09:03","guid":{"rendered":"https:\/\/arfolk.bzh\/?post_type=product&#038;p=5432"},"modified":"2025-12-11T13:11:30","modified_gmt":"2025-12-11T12:11:30","slug":"tri-yann-rummadou-generations","status":"publish","type":"product","link":"https:\/\/arfolk.bzh\/en\/boutique\/tri-yann-rummadou-generations\/","title":{"rendered":"Tri Yann &#8211; Rummado\u00f9 (G\u00e9n\u00e9rations)"},"content":{"rendered":"<p><span data-sheets-root=\"1\">Cet album concept va faire voyager l&rsquo;auditeur depuis l&rsquo;arriv\u00e9e des premiers bretons sur le sol d&rsquo;Armorique jusqu&rsquo;\u00e0 un futur largement ouvert \u00e0 l&rsquo;imagination, en passant par des p\u00e9riodes historiquement marqu\u00e9es par des modes de vie, des m\u00e9tiers, des d\u00e9couvertes etc. Vous suivrez une famille bretonne \u00e0 travers les \u00e2ges de l&rsquo;an 450 \u00e0 nos jours ! De la musique m\u00e9di\u00e9vale \u00e0 la pop des ann\u00e9es 60, et du contemporain au futur.<\/span><\/p>\n<p><iframe loading=\"lazy\" title=\"Na l ri o\" width=\"1080\" height=\"810\" src=\"https:\/\/www.youtube.com\/embed\/HXis25Do3_c?list=OLAK5uy_mGEhM3ekL71vSGbygxYv631Md6Tp_1jrs\"  allow=\"accelerometer; autoplay; clipboard-write; encrypted-media; gyroscope; picture-in-picture; web-share\" referrerpolicy=\"strict-origin-when-cross-origin\" allowfullscreen><\/iframe><\/p>\n<p><span style=\"text-decoration: underline;\"><strong>Tracklist de l&rsquo;album Rummado\u00f9 (G\u00e9n\u00e9rations) :<\/strong><\/span><\/p>\n<p>1 Na I Ri O 03:23<br \/>\n2 Ar Vikinged 02:53<br \/>\n3 Le Retour De La Croisade 03:33<br \/>\n4 Bosenn Langolen 02:55<br \/>\n5 Na\u00efk Ar Bihan, Fille Follette 02:54<br \/>\n6 Lamentations Sur Saint-Aubin-du-Cormier 04:13<br \/>\n7 Four Faire De Bonnes Crespes 02:23<br \/>\n8 Ha\u00f1vezh Ar Bonedo\u00f9 Ruz 03:51<br \/>\n9 Complainte De Marion Du Faou\u00ebt 03:52<br \/>\n10 The Eyes Of My Bonnie Mary 03:12<br \/>\n11 Chanson Du Baleinier Fran\u00e7ois Le Billant 02:53<br \/>\n12 Le Prisionier De 39-45 03:32<br \/>\n13 L&rsquo;Exil\u00e9 Des Sixties 03:42<br \/>\n14 Adieu Kerblouze 03:23<br \/>\n15 Glen Glas 04:08<br \/>\n16 Decad&rsquo;dance 03:24<\/p>","protected":false},"excerpt":{"rendered":"<p>Cet album concept va faire voyager l&rsquo;auditeur depuis l&rsquo;arriv\u00e9e des premiers bretons sur le sol d&rsquo;Armorique jusqu&rsquo;\u00e0 un futur largement ouvert \u00e0 l&rsquo;imagination, en passant par des p\u00e9riodes historiquement marqu\u00e9es par des modes de vie, des m\u00e9tiers, des d\u00e9couvertes etc. Vous suivrez une famille bretonne \u00e0 travers les \u00e2ges de l&rsquo;an 450 \u00e0 nos jours [&hellip;]<\/p>\n","protected":false},"featured_media":5435,"template":"","meta":{"_acf_changed":false,"_et_pb_use_builder":"","_et_pb_old_content":"","_et_gb_content_width":""},"product_brand":[],"false":[128],"product_tag":[],"disponible_a_la_vente":[38],"langue":[],"style":[77],"supports":[86],"class_list":{"0":"post-5432","1":"product","2":"type-product","3":"status-publish","4":"has-post-thumbnail","6":"product_cat-tri-yann","7":"disponible_a_la_vente-disponible-a-la-vente","8":"style-pop-rock-folk-punk","9":"supports-cd","11":"first","12":"instock","13":"taxable","14":"shipping-taxable","15":"purchasable","16":"product-type-simple"},"acf":[],"yoast_head":"<!-- This site is optimized with the Yoast SEO Premium plugin v24.0 (Yoast SEO v27.3) - https:\/\/yoast.com\/product\/yoast-seo-premium-wordpress\/ -->\n<title>Album de Tri Yann - Rummado\u00f9 (G\u00e9n\u00e9rations)<\/title>\n<meta name=\"description\" content=\"Retrouvez l&#039;album de Tri Yann - Rummado\u00f9 (G\u00e9n\u00e9rations). Commandez directement en ligne sur arfolk.bzh, le label discographique breton.\" \/>\n<meta name=\"robots\" content=\"index, follow, max-snippet:-1, max-image-preview:large, max-video-preview:-1\" \/>\n<link rel=\"canonical\" href=\"https:\/\/arfolk.bzh\/en\/boutique\/tri-yann-rummadou-generations\/\" \/>\n<script type=\"application\/ld+json\" class=\"yoast-schema-graph\">{\"@context\":\"https:\\\/\\\/schema.org\",\"@graph\":[{\"@type\":\"WebPage\",\"@id\":\"https:\\\/\\\/arfolk.bzh\\\/boutique\\\/tri-yann-rummadou-generations\\\/\",\"url\":\"https:\\\/\\\/arfolk.bzh\\\/boutique\\\/tri-yann-rummadou-generations\\\/\",\"name\":\"Album de Tri Yann - Rummado\u00f9 (G\u00e9n\u00e9rations)\",\"isPartOf\":{\"@id\":\"https:\\\/\\\/arfolk.bzh\\\/#website\"},\"primaryImageOfPage\":{\"@id\":\"https:\\\/\\\/arfolk.bzh\\\/boutique\\\/tri-yann-rummadou-generations\\\/#primaryimage\"},\"image\":{\"@id\":\"https:\\\/\\\/arfolk.bzh\\\/boutique\\\/tri-yann-rummadou-generations\\\/#primaryimage\"},\"thumbnailUrl\":\"https:\\\/\\\/arfolk.bzh\\\/wp-content\\\/uploads\\\/2025\\\/12\\\/tanguijossicrummadoucouv.webp\",\"datePublished\":\"2025-12-11T12:09:03+00:00\",\"dateModified\":\"2025-12-11T12:11:30+00:00\",\"description\":\"Retrouvez l'album de Tri Yann - Rummado\u00f9 (G\u00e9n\u00e9rations). Commandez directement en ligne sur arfolk.bzh, le label discographique breton.\",\"breadcrumb\":{\"@id\":\"https:\\\/\\\/arfolk.bzh\\\/boutique\\\/tri-yann-rummadou-generations\\\/#breadcrumb\"},\"inLanguage\":\"en-US\",\"potentialAction\":[{\"@type\":\"ReadAction\",\"target\":[\"https:\\\/\\\/arfolk.bzh\\\/boutique\\\/tri-yann-rummadou-generations\\\/\"]}]},{\"@type\":\"ImageObject\",\"inLanguage\":\"en-US\",\"@id\":\"https:\\\/\\\/arfolk.bzh\\\/boutique\\\/tri-yann-rummadou-generations\\\/#primaryimage\",\"url\":\"https:\\\/\\\/arfolk.bzh\\\/wp-content\\\/uploads\\\/2025\\\/12\\\/tanguijossicrummadoucouv.webp\",\"contentUrl\":\"https:\\\/\\\/arfolk.bzh\\\/wp-content\\\/uploads\\\/2025\\\/12\\\/tanguijossicrummadoucouv.webp\",\"width\":1000,\"height\":893,\"caption\":\"RummadouCouv\"},{\"@type\":\"BreadcrumbList\",\"@id\":\"https:\\\/\\\/arfolk.bzh\\\/boutique\\\/tri-yann-rummadou-generations\\\/#breadcrumb\",\"itemListElement\":[{\"@type\":\"ListItem\",\"position\":1,\"name\":\"Accueil\",\"item\":\"https:\\\/\\\/arfolk.bzh\\\/\"},{\"@type\":\"ListItem\",\"position\":2,\"name\":\"Boutique\",\"item\":\"https:\\\/\\\/arfolk.bzh\\\/boutique\\\/\"},{\"@type\":\"ListItem\",\"position\":3,\"name\":\"Tri Yann &#8211; Rummado\u00f9 (G\u00e9n\u00e9rations)\"}]},{\"@type\":\"WebSite\",\"@id\":\"https:\\\/\\\/arfolk.bzh\\\/#website\",\"url\":\"https:\\\/\\\/arfolk.bzh\\\/\",\"name\":\"Arfolk\",\"description\":\"Label discographique sp\u00e9cialis\u00e9 dans la musique bretonne\",\"publisher\":{\"@id\":\"https:\\\/\\\/arfolk.bzh\\\/#organization\"},\"potentialAction\":[{\"@type\":\"SearchAction\",\"target\":{\"@type\":\"EntryPoint\",\"urlTemplate\":\"https:\\\/\\\/arfolk.bzh\\\/?s={search_term_string}\"},\"query-input\":{\"@type\":\"PropertyValueSpecification\",\"valueRequired\":true,\"valueName\":\"search_term_string\"}}],\"inLanguage\":\"en-US\"},{\"@type\":\"Organization\",\"@id\":\"https:\\\/\\\/arfolk.bzh\\\/#organization\",\"name\":\"Arfolk\",\"alternateName\":\"Le label de la musique bretonne\",\"url\":\"https:\\\/\\\/arfolk.bzh\\\/\",\"logo\":{\"@type\":\"ImageObject\",\"inLanguage\":\"en-US\",\"@id\":\"https:\\\/\\\/arfolk.bzh\\\/#\\\/schema\\\/logo\\\/image\\\/\",\"url\":\"https:\\\/\\\/arfolk.bzh\\\/wp-content\\\/uploads\\\/2023\\\/11\\\/cropped-logo-label-de-musique-breton-arfolf-vignette.webp\",\"contentUrl\":\"https:\\\/\\\/arfolk.bzh\\\/wp-content\\\/uploads\\\/2023\\\/11\\\/cropped-logo-label-de-musique-breton-arfolf-vignette.webp\",\"width\":512,\"height\":512,\"caption\":\"Arfolk\"},\"image\":{\"@id\":\"https:\\\/\\\/arfolk.bzh\\\/#\\\/schema\\\/logo\\\/image\\\/\"},\"sameAs\":[\"https:\\\/\\\/www.facebook.com\\\/Arfolkmusik\",\"https:\\\/\\\/www.instagram.com\\\/arfolkmusik\\\/\"]}]}<\/script>\n<!-- \/ Yoast SEO Premium plugin. -->","yoast_head_json":{"title":"Album de Tri Yann - Rummado\u00f9 (G\u00e9n\u00e9rations)","description":"Retrouvez l'album de Tri Yann - Rummado\u00f9 (G\u00e9n\u00e9rations). Commandez directement en ligne sur arfolk.bzh, le label discographique breton.","robots":{"index":"index","follow":"follow","max-snippet":"max-snippet:-1","max-image-preview":"max-image-preview:large","max-video-preview":"max-video-preview:-1"},"canonical":"https:\/\/arfolk.bzh\/en\/boutique\/tri-yann-rummadou-generations\/","schema":{"@context":"https:\/\/schema.org","@graph":[{"@type":"WebPage","@id":"https:\/\/arfolk.bzh\/boutique\/tri-yann-rummadou-generations\/","url":"https:\/\/arfolk.bzh\/boutique\/tri-yann-rummadou-generations\/","name":"Album de Tri Yann - Rummado\u00f9 (G\u00e9n\u00e9rations)","isPartOf":{"@id":"https:\/\/arfolk.bzh\/#website"},"primaryImageOfPage":{"@id":"https:\/\/arfolk.bzh\/boutique\/tri-yann-rummadou-generations\/#primaryimage"},"image":{"@id":"https:\/\/arfolk.bzh\/boutique\/tri-yann-rummadou-generations\/#primaryimage"},"thumbnailUrl":"https:\/\/arfolk.bzh\/wp-content\/uploads\/2025\/12\/tanguijossicrummadoucouv.webp","datePublished":"2025-12-11T12:09:03+00:00","dateModified":"2025-12-11T12:11:30+00:00","description":"Retrouvez l'album de Tri Yann - Rummado\u00f9 (G\u00e9n\u00e9rations). Commandez directement en ligne sur arfolk.bzh, le label discographique breton.","breadcrumb":{"@id":"https:\/\/arfolk.bzh\/boutique\/tri-yann-rummadou-generations\/#breadcrumb"},"inLanguage":"en-US","potentialAction":[{"@type":"ReadAction","target":["https:\/\/arfolk.bzh\/boutique\/tri-yann-rummadou-generations\/"]}]},{"@type":"ImageObject","inLanguage":"en-US","@id":"https:\/\/arfolk.bzh\/boutique\/tri-yann-rummadou-generations\/#primaryimage","url":"https:\/\/arfolk.bzh\/wp-content\/uploads\/2025\/12\/tanguijossicrummadoucouv.webp","contentUrl":"https:\/\/arfolk.bzh\/wp-content\/uploads\/2025\/12\/tanguijossicrummadoucouv.webp","width":1000,"height":893,"caption":"RummadouCouv"},{"@type":"BreadcrumbList","@id":"https:\/\/arfolk.bzh\/boutique\/tri-yann-rummadou-generations\/#breadcrumb","itemListElement":[{"@type":"ListItem","position":1,"name":"Accueil","item":"https:\/\/arfolk.bzh\/"},{"@type":"ListItem","position":2,"name":"Boutique","item":"https:\/\/arfolk.bzh\/boutique\/"},{"@type":"ListItem","position":3,"name":"Tri Yann &#8211; Rummado\u00f9 (G\u00e9n\u00e9rations)"}]},{"@type":"WebSite","@id":"https:\/\/arfolk.bzh\/#website","url":"https:\/\/arfolk.bzh\/","name":"Arfolk","description":"Label discographique sp\u00e9cialis\u00e9 dans la musique bretonne","publisher":{"@id":"https:\/\/arfolk.bzh\/#organization"},"potentialAction":[{"@type":"SearchAction","target":{"@type":"EntryPoint","urlTemplate":"https:\/\/arfolk.bzh\/?s={search_term_string}"},"query-input":{"@type":"PropertyValueSpecification","valueRequired":true,"valueName":"search_term_string"}}],"inLanguage":"en-US"},{"@type":"Organization","@id":"https:\/\/arfolk.bzh\/#organization","name":"Arfolk","alternateName":"Le label de la musique bretonne","url":"https:\/\/arfolk.bzh\/","logo":{"@type":"ImageObject","inLanguage":"en-US","@id":"https:\/\/arfolk.bzh\/#\/schema\/logo\/image\/","url":"https:\/\/arfolk.bzh\/wp-content\/uploads\/2023\/11\/cropped-logo-label-de-musique-breton-arfolf-vignette.webp","contentUrl":"https:\/\/arfolk.bzh\/wp-content\/uploads\/2023\/11\/cropped-logo-label-de-musique-breton-arfolf-vignette.webp","width":512,"height":512,"caption":"Arfolk"},"image":{"@id":"https:\/\/arfolk.bzh\/#\/schema\/logo\/image\/"},"sameAs":["https:\/\/www.facebook.com\/Arfolkmusik","https:\/\/www.instagram.com\/arfolkmusik\/"]}]}},"jetpack_sharing_enabled":true,"_links":{"self":[{"href":"https:\/\/arfolk.bzh\/en\/wp-json\/wp\/v2\/product\/5432","targetHints":{"allow":["GET"]}}],"collection":[{"href":"https:\/\/arfolk.bzh\/en\/wp-json\/wp\/v2\/product"}],"about":[{"href":"https:\/\/arfolk.bzh\/en\/wp-json\/wp\/v2\/types\/product"}],"wp:featuredmedia":[{"embeddable":true,"href":"https:\/\/arfolk.bzh\/en\/wp-json\/wp\/v2\/media\/5435"}],"wp:attachment":[{"href":"https:\/\/arfolk.bzh\/en\/wp-json\/wp\/v2\/media?parent=5432"}],"wp:term":[{"taxonomy":"product_brand","embeddable":true,"href":"https:\/\/arfolk.bzh\/en\/wp-json\/wp\/v2\/product_brand?post=5432"},{"taxonomy":"product_cat","embeddable":true,"href":"https:\/\/arfolk.bzh\/en\/wp-json\/wp\/v2\/false?post=5432"},{"taxonomy":"product_tag","embeddable":true,"href":"https:\/\/arfolk.bzh\/en\/wp-json\/wp\/v2\/product_tag?post=5432"},{"taxonomy":"disponible_a_la_vente","embeddable":true,"href":"https:\/\/arfolk.bzh\/en\/wp-json\/wp\/v2\/disponible_a_la_vente?post=5432"},{"taxonomy":"langue","embeddable":true,"href":"https:\/\/arfolk.bzh\/en\/wp-json\/wp\/v2\/langue?post=5432"},{"taxonomy":"style","embeddable":true,"href":"https:\/\/arfolk.bzh\/en\/wp-json\/wp\/v2\/style?post=5432"},{"taxonomy":"supports","embeddable":true,"href":"https:\/\/arfolk.bzh\/en\/wp-json\/wp\/v2\/supports?post=5432"}],"curies":[{"name":"wp","href":"https:\/\/api.w.org\/{rel}","templated":true}]}}