{"id":5451,"date":"2025-12-11T13:51:34","date_gmt":"2025-12-11T12:51:34","guid":{"rendered":"https:\/\/arfolk.bzh\/?post_type=product&#038;p=5451"},"modified":"2025-12-11T13:51:36","modified_gmt":"2025-12-11T12:51:36","slug":"didier-squiban-ydill","status":"publish","type":"product","link":"https:\/\/arfolk.bzh\/en\/boutique\/didier-squiban-ydill\/","title":{"rendered":"Didier Squiban &#8211; Ydill"},"content":{"rendered":"<p><span data-sheets-root=\"1\">Les plus beaux duos \/ trios de la carri\u00e8re de Didier Squiban. Inclus, 3 in\u00e9dits \u00e9crits initialement pour Thalassa et Oc\u00e9anopolis.<br \/>\n<\/span><\/p>\n<p><iframe loading=\"lazy\" title=\"Didier Squiban - Valdez\" width=\"1080\" height=\"810\" src=\"https:\/\/www.youtube.com\/embed\/XbN0wxzB4gA?list=PLQMZD0e8YHDL4qRYg_MqSzye_szaa-lv2\"  allow=\"accelerometer; autoplay; clipboard-write; encrypted-media; gyroscope; picture-in-picture; web-share\" referrerpolicy=\"strict-origin-when-cross-origin\" allowfullscreen><\/iframe><\/p>\n<p><span style=\"text-decoration: underline;\"><strong>Tracklist de l&rsquo;album \u00ab\u00a0Ydill\u00a0\u00bb :<\/strong><\/span><\/p>\n<p><span data-sheets-root=\"1\">1 Valdez 02:20<br \/>\n2 Ballenas 02:19<br \/>\n3 Eussa 02:52<br \/>\n4 Da lec&rsquo;h all 09:07<br \/>\n5 Jackie&rsquo;s Tune (2020 Remastered) 03:10<br \/>\n6 Ar martolod yaouank (Galv ha gavotenn) 06:10<br \/>\n7 Song for Jacques I 03:05<br \/>\n8 Tendances 04:03<br \/>\n9 Pi\u00e8ce pour la paix, Pt. 2 01:54<br \/>\n10 Pedenn 01:38<br \/>\n11 Mol\u00e8ne (1997 Remastered) 05:08<br \/>\n12 Suite \u00ab\u00a0L&rsquo;estran\u00a0\u00bb : Gwerz 03:10<br \/>\n13 Ydill (Live) 05:25<br \/>\n14 Femmes d&rsquo;Ouessant (2020 Remastered) 04:17<br \/>\n15 Song for Jacques II 07:03<br \/>\n16 Medley : Improvisations 03:46<\/span><\/p>\n<p>.<\/p>","protected":false},"excerpt":{"rendered":"<p>Les plus beaux duos \/ trios de la carri\u00e8re de Didier Squiban. Inclus, 3 in\u00e9dits \u00e9crits initialement pour Thalassa et Oc\u00e9anopolis. Tracklist de l&rsquo;album \u00ab\u00a0Ydill\u00a0\u00bb : 1 Valdez 02:20 2 Ballenas 02:19 3 Eussa 02:52 4 Da lec&rsquo;h all 09:07 5 Jackie&rsquo;s Tune (2020 Remastered) 03:10 6 Ar martolod yaouank (Galv ha gavotenn) 06:10 7 [&hellip;]<\/p>\n","protected":false},"featured_media":5453,"template":"","meta":{"_acf_changed":false,"_et_pb_use_builder":"","_et_pb_old_content":"","_et_gb_content_width":""},"product_brand":[],"false":[36],"product_tag":[],"disponible_a_la_vente":[38],"langue":[75],"style":[80],"supports":[86],"class_list":{"0":"post-5451","1":"product","2":"type-product","3":"status-publish","4":"has-post-thumbnail","6":"product_cat-didier-squiban","7":"disponible_a_la_vente-disponible-a-la-vente","8":"langue-instrumental","9":"style-arfolk-klasik-jazz","10":"supports-cd","12":"first","13":"instock","14":"taxable","15":"shipping-taxable","16":"purchasable","17":"product-type-simple"},"acf":[],"yoast_head":"<!-- This site is optimized with the Yoast SEO Premium plugin v24.0 (Yoast SEO v27.3) - https:\/\/yoast.com\/product\/yoast-seo-premium-wordpress\/ -->\n<title>Album de Didier Squiban - Ydill<\/title>\n<meta name=\"description\" content=\"Retrouvez l&#039;album de Didier Squiban - Ydill. Commandez directement en ligne sur arfolk.bzh, le label discographique breton.\" \/>\n<meta name=\"robots\" content=\"index, follow, max-snippet:-1, max-image-preview:large, max-video-preview:-1\" \/>\n<link rel=\"canonical\" href=\"https:\/\/arfolk.bzh\/en\/boutique\/didier-squiban-ydill\/\" \/>\n<script type=\"application\/ld+json\" class=\"yoast-schema-graph\">{\"@context\":\"https:\\\/\\\/schema.org\",\"@graph\":[{\"@type\":\"WebPage\",\"@id\":\"https:\\\/\\\/arfolk.bzh\\\/boutique\\\/didier-squiban-ydill\\\/\",\"url\":\"https:\\\/\\\/arfolk.bzh\\\/boutique\\\/didier-squiban-ydill\\\/\",\"name\":\"Album de Didier Squiban - Ydill\",\"isPartOf\":{\"@id\":\"https:\\\/\\\/arfolk.bzh\\\/#website\"},\"primaryImageOfPage\":{\"@id\":\"https:\\\/\\\/arfolk.bzh\\\/boutique\\\/didier-squiban-ydill\\\/#primaryimage\"},\"image\":{\"@id\":\"https:\\\/\\\/arfolk.bzh\\\/boutique\\\/didier-squiban-ydill\\\/#primaryimage\"},\"thumbnailUrl\":\"https:\\\/\\\/arfolk.bzh\\\/wp-content\\\/uploads\\\/2025\\\/12\\\/3359340163966_cover-scaled.webp\",\"datePublished\":\"2025-12-11T12:51:34+00:00\",\"dateModified\":\"2025-12-11T12:51:36+00:00\",\"description\":\"Retrouvez l'album de Didier Squiban - Ydill. Commandez directement en ligne sur arfolk.bzh, le label discographique breton.\",\"breadcrumb\":{\"@id\":\"https:\\\/\\\/arfolk.bzh\\\/boutique\\\/didier-squiban-ydill\\\/#breadcrumb\"},\"inLanguage\":\"en-US\",\"potentialAction\":[{\"@type\":\"ReadAction\",\"target\":[\"https:\\\/\\\/arfolk.bzh\\\/boutique\\\/didier-squiban-ydill\\\/\"]}]},{\"@type\":\"ImageObject\",\"inLanguage\":\"en-US\",\"@id\":\"https:\\\/\\\/arfolk.bzh\\\/boutique\\\/didier-squiban-ydill\\\/#primaryimage\",\"url\":\"https:\\\/\\\/arfolk.bzh\\\/wp-content\\\/uploads\\\/2025\\\/12\\\/3359340163966_cover-scaled.webp\",\"contentUrl\":\"https:\\\/\\\/arfolk.bzh\\\/wp-content\\\/uploads\\\/2025\\\/12\\\/3359340163966_cover-scaled.webp\",\"width\":2000,\"height\":2000,\"caption\":\"3359340163966_cover\"},{\"@type\":\"BreadcrumbList\",\"@id\":\"https:\\\/\\\/arfolk.bzh\\\/boutique\\\/didier-squiban-ydill\\\/#breadcrumb\",\"itemListElement\":[{\"@type\":\"ListItem\",\"position\":1,\"name\":\"Accueil\",\"item\":\"https:\\\/\\\/arfolk.bzh\\\/\"},{\"@type\":\"ListItem\",\"position\":2,\"name\":\"Boutique\",\"item\":\"https:\\\/\\\/arfolk.bzh\\\/boutique\\\/\"},{\"@type\":\"ListItem\",\"position\":3,\"name\":\"Didier Squiban &#8211; Ydill\"}]},{\"@type\":\"WebSite\",\"@id\":\"https:\\\/\\\/arfolk.bzh\\\/#website\",\"url\":\"https:\\\/\\\/arfolk.bzh\\\/\",\"name\":\"Arfolk\",\"description\":\"Label discographique sp\u00e9cialis\u00e9 dans la musique bretonne\",\"publisher\":{\"@id\":\"https:\\\/\\\/arfolk.bzh\\\/#organization\"},\"potentialAction\":[{\"@type\":\"SearchAction\",\"target\":{\"@type\":\"EntryPoint\",\"urlTemplate\":\"https:\\\/\\\/arfolk.bzh\\\/?s={search_term_string}\"},\"query-input\":{\"@type\":\"PropertyValueSpecification\",\"valueRequired\":true,\"valueName\":\"search_term_string\"}}],\"inLanguage\":\"en-US\"},{\"@type\":\"Organization\",\"@id\":\"https:\\\/\\\/arfolk.bzh\\\/#organization\",\"name\":\"Arfolk\",\"alternateName\":\"Le label de la musique bretonne\",\"url\":\"https:\\\/\\\/arfolk.bzh\\\/\",\"logo\":{\"@type\":\"ImageObject\",\"inLanguage\":\"en-US\",\"@id\":\"https:\\\/\\\/arfolk.bzh\\\/#\\\/schema\\\/logo\\\/image\\\/\",\"url\":\"https:\\\/\\\/arfolk.bzh\\\/wp-content\\\/uploads\\\/2023\\\/11\\\/cropped-logo-label-de-musique-breton-arfolf-vignette.webp\",\"contentUrl\":\"https:\\\/\\\/arfolk.bzh\\\/wp-content\\\/uploads\\\/2023\\\/11\\\/cropped-logo-label-de-musique-breton-arfolf-vignette.webp\",\"width\":512,\"height\":512,\"caption\":\"Arfolk\"},\"image\":{\"@id\":\"https:\\\/\\\/arfolk.bzh\\\/#\\\/schema\\\/logo\\\/image\\\/\"},\"sameAs\":[\"https:\\\/\\\/www.facebook.com\\\/Arfolkmusik\",\"https:\\\/\\\/www.instagram.com\\\/arfolkmusik\\\/\"]}]}<\/script>\n<!-- \/ Yoast SEO Premium plugin. -->","yoast_head_json":{"title":"Album de Didier Squiban - Ydill","description":"Retrouvez l'album de Didier Squiban - Ydill. Commandez directement en ligne sur arfolk.bzh, le label discographique breton.","robots":{"index":"index","follow":"follow","max-snippet":"max-snippet:-1","max-image-preview":"max-image-preview:large","max-video-preview":"max-video-preview:-1"},"canonical":"https:\/\/arfolk.bzh\/en\/boutique\/didier-squiban-ydill\/","schema":{"@context":"https:\/\/schema.org","@graph":[{"@type":"WebPage","@id":"https:\/\/arfolk.bzh\/boutique\/didier-squiban-ydill\/","url":"https:\/\/arfolk.bzh\/boutique\/didier-squiban-ydill\/","name":"Album de Didier Squiban - Ydill","isPartOf":{"@id":"https:\/\/arfolk.bzh\/#website"},"primaryImageOfPage":{"@id":"https:\/\/arfolk.bzh\/boutique\/didier-squiban-ydill\/#primaryimage"},"image":{"@id":"https:\/\/arfolk.bzh\/boutique\/didier-squiban-ydill\/#primaryimage"},"thumbnailUrl":"https:\/\/arfolk.bzh\/wp-content\/uploads\/2025\/12\/3359340163966_cover-scaled.webp","datePublished":"2025-12-11T12:51:34+00:00","dateModified":"2025-12-11T12:51:36+00:00","description":"Retrouvez l'album de Didier Squiban - Ydill. Commandez directement en ligne sur arfolk.bzh, le label discographique breton.","breadcrumb":{"@id":"https:\/\/arfolk.bzh\/boutique\/didier-squiban-ydill\/#breadcrumb"},"inLanguage":"en-US","potentialAction":[{"@type":"ReadAction","target":["https:\/\/arfolk.bzh\/boutique\/didier-squiban-ydill\/"]}]},{"@type":"ImageObject","inLanguage":"en-US","@id":"https:\/\/arfolk.bzh\/boutique\/didier-squiban-ydill\/#primaryimage","url":"https:\/\/arfolk.bzh\/wp-content\/uploads\/2025\/12\/3359340163966_cover-scaled.webp","contentUrl":"https:\/\/arfolk.bzh\/wp-content\/uploads\/2025\/12\/3359340163966_cover-scaled.webp","width":2000,"height":2000,"caption":"3359340163966_cover"},{"@type":"BreadcrumbList","@id":"https:\/\/arfolk.bzh\/boutique\/didier-squiban-ydill\/#breadcrumb","itemListElement":[{"@type":"ListItem","position":1,"name":"Accueil","item":"https:\/\/arfolk.bzh\/"},{"@type":"ListItem","position":2,"name":"Boutique","item":"https:\/\/arfolk.bzh\/boutique\/"},{"@type":"ListItem","position":3,"name":"Didier Squiban &#8211; Ydill"}]},{"@type":"WebSite","@id":"https:\/\/arfolk.bzh\/#website","url":"https:\/\/arfolk.bzh\/","name":"Arfolk","description":"Label discographique sp\u00e9cialis\u00e9 dans la musique bretonne","publisher":{"@id":"https:\/\/arfolk.bzh\/#organization"},"potentialAction":[{"@type":"SearchAction","target":{"@type":"EntryPoint","urlTemplate":"https:\/\/arfolk.bzh\/?s={search_term_string}"},"query-input":{"@type":"PropertyValueSpecification","valueRequired":true,"valueName":"search_term_string"}}],"inLanguage":"en-US"},{"@type":"Organization","@id":"https:\/\/arfolk.bzh\/#organization","name":"Arfolk","alternateName":"Le label de la musique bretonne","url":"https:\/\/arfolk.bzh\/","logo":{"@type":"ImageObject","inLanguage":"en-US","@id":"https:\/\/arfolk.bzh\/#\/schema\/logo\/image\/","url":"https:\/\/arfolk.bzh\/wp-content\/uploads\/2023\/11\/cropped-logo-label-de-musique-breton-arfolf-vignette.webp","contentUrl":"https:\/\/arfolk.bzh\/wp-content\/uploads\/2023\/11\/cropped-logo-label-de-musique-breton-arfolf-vignette.webp","width":512,"height":512,"caption":"Arfolk"},"image":{"@id":"https:\/\/arfolk.bzh\/#\/schema\/logo\/image\/"},"sameAs":["https:\/\/www.facebook.com\/Arfolkmusik","https:\/\/www.instagram.com\/arfolkmusik\/"]}]}},"jetpack_sharing_enabled":true,"_links":{"self":[{"href":"https:\/\/arfolk.bzh\/en\/wp-json\/wp\/v2\/product\/5451","targetHints":{"allow":["GET"]}}],"collection":[{"href":"https:\/\/arfolk.bzh\/en\/wp-json\/wp\/v2\/product"}],"about":[{"href":"https:\/\/arfolk.bzh\/en\/wp-json\/wp\/v2\/types\/product"}],"wp:featuredmedia":[{"embeddable":true,"href":"https:\/\/arfolk.bzh\/en\/wp-json\/wp\/v2\/media\/5453"}],"wp:attachment":[{"href":"https:\/\/arfolk.bzh\/en\/wp-json\/wp\/v2\/media?parent=5451"}],"wp:term":[{"taxonomy":"product_brand","embeddable":true,"href":"https:\/\/arfolk.bzh\/en\/wp-json\/wp\/v2\/product_brand?post=5451"},{"taxonomy":"product_cat","embeddable":true,"href":"https:\/\/arfolk.bzh\/en\/wp-json\/wp\/v2\/false?post=5451"},{"taxonomy":"product_tag","embeddable":true,"href":"https:\/\/arfolk.bzh\/en\/wp-json\/wp\/v2\/product_tag?post=5451"},{"taxonomy":"disponible_a_la_vente","embeddable":true,"href":"https:\/\/arfolk.bzh\/en\/wp-json\/wp\/v2\/disponible_a_la_vente?post=5451"},{"taxonomy":"langue","embeddable":true,"href":"https:\/\/arfolk.bzh\/en\/wp-json\/wp\/v2\/langue?post=5451"},{"taxonomy":"style","embeddable":true,"href":"https:\/\/arfolk.bzh\/en\/wp-json\/wp\/v2\/style?post=5451"},{"taxonomy":"supports","embeddable":true,"href":"https:\/\/arfolk.bzh\/en\/wp-json\/wp\/v2\/supports?post=5451"}],"curies":[{"name":"wp","href":"https:\/\/api.w.org\/{rel}","templated":true}]}}