{"id":5991,"date":"2026-03-02T16:45:12","date_gmt":"2026-03-02T15:45:12","guid":{"rendered":"https:\/\/arfolk.bzh\/?post_type=product&#038;p=5991"},"modified":"2026-03-02T16:45:16","modified_gmt":"2026-03-02T15:45:16","slug":"sonerien-du-an-naer-wenn","status":"publish","type":"product","link":"https:\/\/arfolk.bzh\/en\/boutique\/sonerien-du-an-naer-wenn\/","title":{"rendered":"Sonerien Du &#8211; An Naer Wenn"},"content":{"rendered":"<p><span data-sheets-root=\"1\">Toujours pr\u00e9sent sur les sc\u00e8nes de Bretagne et d\u2019ailleurs depuis 1972, Sonerien DU sort son 26\u00e8me album.<\/p>\n<p>Comme \u00e0 son habitude, la musique et les textes du groupe suivent l\u2019air du temps, r\u00e9solument moderne et toujours avec cette m\u00eame patte qui fait que son public est toujours compris de 7 \u00e0\u2026 Pfff\u2026 On ose m\u00eame plus dire l\u2019\u00e2ge des plus anciens.<\/p>\n<p>Un album dynamique et festif, ce qui n\u2019est pas superflu par les temps qui courent\u2026<\/span><\/p>\n<p><span style=\"text-decoration: underline;\"><strong>Tracklist :<\/strong><\/span><\/p>\n<ol>\n<li><span data-sheets-root=\"1\">Si j&rsquo;en avais le choix 3:45<\/span><\/li>\n<li><span data-sheets-root=\"1\">Pipeline 3:57<\/span><\/li>\n<li><span data-sheets-root=\"1\">De Bretagne en G\u00e9vaudan 4:12<\/span><\/li>\n<li><span data-sheets-root=\"1\">La belle ing\u00e9nue 4:16<\/span><\/li>\n<li><span data-sheets-root=\"1\">Glastonbury Streets 4:30<\/span><\/li>\n<li><span data-sheets-root=\"1\">C&rsquo;est \u00e7a que je vois dans mon verre 3:57<\/span><\/li>\n<li><span data-sheets-root=\"1\">An naer wenn 4:31<\/span><\/li>\n<li><span data-sheets-root=\"1\">Luz do luar 3:59<\/span><\/li>\n<li><span data-sheets-root=\"1\">L&rsquo; \u00e9pouvantail 4:15<\/span><\/li>\n<li><span data-sheets-root=\"1\">A la prison de Rennes 3:39<\/span><\/li>\n<li><span data-sheets-root=\"1\">Kenteven 4:48<\/span><\/li>\n<li><span data-sheets-root=\"1\">Ciaran Song 4:18<\/span><\/li>\n<\/ol>","protected":false},"excerpt":{"rendered":"<p>Toujours pr\u00e9sent sur les sc\u00e8nes de Bretagne et d\u2019ailleurs depuis 1972, Sonerien DU sort son 26\u00e8me album. Comme \u00e0 son habitude, la musique et les textes du groupe suivent l\u2019air du temps, r\u00e9solument moderne et toujours avec cette m\u00eame patte qui fait que son public est toujours compris de 7 \u00e0\u2026 Pfff\u2026 On ose m\u00eame [&hellip;]<\/p>\n","protected":false},"featured_media":5993,"template":"","meta":{"_acf_changed":false,"_et_pb_use_builder":"","_et_pb_old_content":"","_et_gb_content_width":""},"product_brand":[],"false":[131],"product_tag":[],"disponible_a_la_vente":[38],"langue":[72],"style":[76,77],"supports":[86],"class_list":{"0":"post-5991","1":"product","2":"type-product","3":"status-publish","4":"has-post-thumbnail","6":"product_cat-sonerien-du","7":"disponible_a_la_vente-disponible-a-la-vente","8":"langue-francais","9":"style-fest-noz","10":"style-pop-rock-folk-punk","11":"supports-cd","13":"first","14":"instock","15":"taxable","16":"shipping-taxable","17":"purchasable","18":"product-type-simple"},"acf":[],"yoast_head":"<!-- This site is optimized with the Yoast SEO Premium plugin v24.0 (Yoast SEO v27.3) - https:\/\/yoast.com\/product\/yoast-seo-premium-wordpress\/ -->\n<title>Album de Sonerien Du - An Naer Wenn<\/title>\n<meta name=\"description\" content=\"Retrouvez l&#039;album de Sonerien Du - An Naer Wenn. Commandez directement en ligne sur arfolk.bzh, le label discographique breton.\" \/>\n<meta name=\"robots\" content=\"index, follow, max-snippet:-1, max-image-preview:large, max-video-preview:-1\" \/>\n<link rel=\"canonical\" href=\"https:\/\/arfolk.bzh\/en\/boutique\/sonerien-du-an-naer-wenn\/\" \/>\n<script type=\"application\/ld+json\" class=\"yoast-schema-graph\">{\"@context\":\"https:\\\/\\\/schema.org\",\"@graph\":[{\"@type\":\"WebPage\",\"@id\":\"https:\\\/\\\/arfolk.bzh\\\/boutique\\\/sonerien-du-an-naer-wenn\\\/\",\"url\":\"https:\\\/\\\/arfolk.bzh\\\/boutique\\\/sonerien-du-an-naer-wenn\\\/\",\"name\":\"Album de Sonerien Du - An Naer Wenn\",\"isPartOf\":{\"@id\":\"https:\\\/\\\/arfolk.bzh\\\/#website\"},\"primaryImageOfPage\":{\"@id\":\"https:\\\/\\\/arfolk.bzh\\\/boutique\\\/sonerien-du-an-naer-wenn\\\/#primaryimage\"},\"image\":{\"@id\":\"https:\\\/\\\/arfolk.bzh\\\/boutique\\\/sonerien-du-an-naer-wenn\\\/#primaryimage\"},\"thumbnailUrl\":\"https:\\\/\\\/arfolk.bzh\\\/wp-content\\\/uploads\\\/2026\\\/03\\\/3359340165274_cover.webp\",\"datePublished\":\"2026-03-02T15:45:12+00:00\",\"dateModified\":\"2026-03-02T15:45:16+00:00\",\"description\":\"Retrouvez l'album de Sonerien Du - An Naer Wenn. Commandez directement en ligne sur arfolk.bzh, le label discographique breton.\",\"breadcrumb\":{\"@id\":\"https:\\\/\\\/arfolk.bzh\\\/boutique\\\/sonerien-du-an-naer-wenn\\\/#breadcrumb\"},\"inLanguage\":\"en-US\",\"potentialAction\":[{\"@type\":\"ReadAction\",\"target\":[\"https:\\\/\\\/arfolk.bzh\\\/boutique\\\/sonerien-du-an-naer-wenn\\\/\"]}]},{\"@type\":\"ImageObject\",\"inLanguage\":\"en-US\",\"@id\":\"https:\\\/\\\/arfolk.bzh\\\/boutique\\\/sonerien-du-an-naer-wenn\\\/#primaryimage\",\"url\":\"https:\\\/\\\/arfolk.bzh\\\/wp-content\\\/uploads\\\/2026\\\/03\\\/3359340165274_cover.webp\",\"contentUrl\":\"https:\\\/\\\/arfolk.bzh\\\/wp-content\\\/uploads\\\/2026\\\/03\\\/3359340165274_cover.webp\",\"width\":988,\"height\":887,\"caption\":\"Sonerien Du - An Naer Wenn 3359340165274_cover\"},{\"@type\":\"BreadcrumbList\",\"@id\":\"https:\\\/\\\/arfolk.bzh\\\/boutique\\\/sonerien-du-an-naer-wenn\\\/#breadcrumb\",\"itemListElement\":[{\"@type\":\"ListItem\",\"position\":1,\"name\":\"Accueil\",\"item\":\"https:\\\/\\\/arfolk.bzh\\\/\"},{\"@type\":\"ListItem\",\"position\":2,\"name\":\"Boutique\",\"item\":\"https:\\\/\\\/arfolk.bzh\\\/boutique\\\/\"},{\"@type\":\"ListItem\",\"position\":3,\"name\":\"Sonerien Du &#8211; An Naer Wenn\"}]},{\"@type\":\"WebSite\",\"@id\":\"https:\\\/\\\/arfolk.bzh\\\/#website\",\"url\":\"https:\\\/\\\/arfolk.bzh\\\/\",\"name\":\"Arfolk\",\"description\":\"Label discographique sp\u00e9cialis\u00e9 dans la musique bretonne\",\"publisher\":{\"@id\":\"https:\\\/\\\/arfolk.bzh\\\/#organization\"},\"potentialAction\":[{\"@type\":\"SearchAction\",\"target\":{\"@type\":\"EntryPoint\",\"urlTemplate\":\"https:\\\/\\\/arfolk.bzh\\\/?s={search_term_string}\"},\"query-input\":{\"@type\":\"PropertyValueSpecification\",\"valueRequired\":true,\"valueName\":\"search_term_string\"}}],\"inLanguage\":\"en-US\"},{\"@type\":\"Organization\",\"@id\":\"https:\\\/\\\/arfolk.bzh\\\/#organization\",\"name\":\"Arfolk\",\"alternateName\":\"Le label de la musique bretonne\",\"url\":\"https:\\\/\\\/arfolk.bzh\\\/\",\"logo\":{\"@type\":\"ImageObject\",\"inLanguage\":\"en-US\",\"@id\":\"https:\\\/\\\/arfolk.bzh\\\/#\\\/schema\\\/logo\\\/image\\\/\",\"url\":\"https:\\\/\\\/arfolk.bzh\\\/wp-content\\\/uploads\\\/2023\\\/11\\\/cropped-logo-label-de-musique-breton-arfolf-vignette.webp\",\"contentUrl\":\"https:\\\/\\\/arfolk.bzh\\\/wp-content\\\/uploads\\\/2023\\\/11\\\/cropped-logo-label-de-musique-breton-arfolf-vignette.webp\",\"width\":512,\"height\":512,\"caption\":\"Arfolk\"},\"image\":{\"@id\":\"https:\\\/\\\/arfolk.bzh\\\/#\\\/schema\\\/logo\\\/image\\\/\"},\"sameAs\":[\"https:\\\/\\\/www.facebook.com\\\/Arfolkmusik\",\"https:\\\/\\\/www.instagram.com\\\/arfolkmusik\\\/\"]}]}<\/script>\n<!-- \/ Yoast SEO Premium plugin. -->","yoast_head_json":{"title":"Album de Sonerien Du - An Naer Wenn","description":"Retrouvez l'album de Sonerien Du - An Naer Wenn. Commandez directement en ligne sur arfolk.bzh, le label discographique breton.","robots":{"index":"index","follow":"follow","max-snippet":"max-snippet:-1","max-image-preview":"max-image-preview:large","max-video-preview":"max-video-preview:-1"},"canonical":"https:\/\/arfolk.bzh\/en\/boutique\/sonerien-du-an-naer-wenn\/","schema":{"@context":"https:\/\/schema.org","@graph":[{"@type":"WebPage","@id":"https:\/\/arfolk.bzh\/boutique\/sonerien-du-an-naer-wenn\/","url":"https:\/\/arfolk.bzh\/boutique\/sonerien-du-an-naer-wenn\/","name":"Album de Sonerien Du - An Naer Wenn","isPartOf":{"@id":"https:\/\/arfolk.bzh\/#website"},"primaryImageOfPage":{"@id":"https:\/\/arfolk.bzh\/boutique\/sonerien-du-an-naer-wenn\/#primaryimage"},"image":{"@id":"https:\/\/arfolk.bzh\/boutique\/sonerien-du-an-naer-wenn\/#primaryimage"},"thumbnailUrl":"https:\/\/arfolk.bzh\/wp-content\/uploads\/2026\/03\/3359340165274_cover.webp","datePublished":"2026-03-02T15:45:12+00:00","dateModified":"2026-03-02T15:45:16+00:00","description":"Retrouvez l'album de Sonerien Du - An Naer Wenn. Commandez directement en ligne sur arfolk.bzh, le label discographique breton.","breadcrumb":{"@id":"https:\/\/arfolk.bzh\/boutique\/sonerien-du-an-naer-wenn\/#breadcrumb"},"inLanguage":"en-US","potentialAction":[{"@type":"ReadAction","target":["https:\/\/arfolk.bzh\/boutique\/sonerien-du-an-naer-wenn\/"]}]},{"@type":"ImageObject","inLanguage":"en-US","@id":"https:\/\/arfolk.bzh\/boutique\/sonerien-du-an-naer-wenn\/#primaryimage","url":"https:\/\/arfolk.bzh\/wp-content\/uploads\/2026\/03\/3359340165274_cover.webp","contentUrl":"https:\/\/arfolk.bzh\/wp-content\/uploads\/2026\/03\/3359340165274_cover.webp","width":988,"height":887,"caption":"Sonerien Du - An Naer Wenn 3359340165274_cover"},{"@type":"BreadcrumbList","@id":"https:\/\/arfolk.bzh\/boutique\/sonerien-du-an-naer-wenn\/#breadcrumb","itemListElement":[{"@type":"ListItem","position":1,"name":"Accueil","item":"https:\/\/arfolk.bzh\/"},{"@type":"ListItem","position":2,"name":"Boutique","item":"https:\/\/arfolk.bzh\/boutique\/"},{"@type":"ListItem","position":3,"name":"Sonerien Du &#8211; An Naer Wenn"}]},{"@type":"WebSite","@id":"https:\/\/arfolk.bzh\/#website","url":"https:\/\/arfolk.bzh\/","name":"Arfolk","description":"Label discographique sp\u00e9cialis\u00e9 dans la musique bretonne","publisher":{"@id":"https:\/\/arfolk.bzh\/#organization"},"potentialAction":[{"@type":"SearchAction","target":{"@type":"EntryPoint","urlTemplate":"https:\/\/arfolk.bzh\/?s={search_term_string}"},"query-input":{"@type":"PropertyValueSpecification","valueRequired":true,"valueName":"search_term_string"}}],"inLanguage":"en-US"},{"@type":"Organization","@id":"https:\/\/arfolk.bzh\/#organization","name":"Arfolk","alternateName":"Le label de la musique bretonne","url":"https:\/\/arfolk.bzh\/","logo":{"@type":"ImageObject","inLanguage":"en-US","@id":"https:\/\/arfolk.bzh\/#\/schema\/logo\/image\/","url":"https:\/\/arfolk.bzh\/wp-content\/uploads\/2023\/11\/cropped-logo-label-de-musique-breton-arfolf-vignette.webp","contentUrl":"https:\/\/arfolk.bzh\/wp-content\/uploads\/2023\/11\/cropped-logo-label-de-musique-breton-arfolf-vignette.webp","width":512,"height":512,"caption":"Arfolk"},"image":{"@id":"https:\/\/arfolk.bzh\/#\/schema\/logo\/image\/"},"sameAs":["https:\/\/www.facebook.com\/Arfolkmusik","https:\/\/www.instagram.com\/arfolkmusik\/"]}]}},"jetpack_sharing_enabled":true,"_links":{"self":[{"href":"https:\/\/arfolk.bzh\/en\/wp-json\/wp\/v2\/product\/5991","targetHints":{"allow":["GET"]}}],"collection":[{"href":"https:\/\/arfolk.bzh\/en\/wp-json\/wp\/v2\/product"}],"about":[{"href":"https:\/\/arfolk.bzh\/en\/wp-json\/wp\/v2\/types\/product"}],"wp:featuredmedia":[{"embeddable":true,"href":"https:\/\/arfolk.bzh\/en\/wp-json\/wp\/v2\/media\/5993"}],"wp:attachment":[{"href":"https:\/\/arfolk.bzh\/en\/wp-json\/wp\/v2\/media?parent=5991"}],"wp:term":[{"taxonomy":"product_brand","embeddable":true,"href":"https:\/\/arfolk.bzh\/en\/wp-json\/wp\/v2\/product_brand?post=5991"},{"taxonomy":"product_cat","embeddable":true,"href":"https:\/\/arfolk.bzh\/en\/wp-json\/wp\/v2\/false?post=5991"},{"taxonomy":"product_tag","embeddable":true,"href":"https:\/\/arfolk.bzh\/en\/wp-json\/wp\/v2\/product_tag?post=5991"},{"taxonomy":"disponible_a_la_vente","embeddable":true,"href":"https:\/\/arfolk.bzh\/en\/wp-json\/wp\/v2\/disponible_a_la_vente?post=5991"},{"taxonomy":"langue","embeddable":true,"href":"https:\/\/arfolk.bzh\/en\/wp-json\/wp\/v2\/langue?post=5991"},{"taxonomy":"style","embeddable":true,"href":"https:\/\/arfolk.bzh\/en\/wp-json\/wp\/v2\/style?post=5991"},{"taxonomy":"supports","embeddable":true,"href":"https:\/\/arfolk.bzh\/en\/wp-json\/wp\/v2\/supports?post=5991"}],"curies":[{"name":"wp","href":"https:\/\/api.w.org\/{rel}","templated":true}]}}