{"id":6219,"date":"2026-05-15T09:00:57","date_gmt":"2026-05-15T07:00:57","guid":{"rendered":"https:\/\/arfolk.bzh\/?post_type=product&#038;p=6219"},"modified":"2026-05-15T11:07:30","modified_gmt":"2026-05-15T09:07:30","slug":"didier-dreo-kanaouennou-ba-tal-ar-bern-foenn","status":"publish","type":"product","link":"https:\/\/arfolk.bzh\/en\/boutique\/didier-dreo-kanaouennou-ba-tal-ar-bern-foenn\/","title":{"rendered":"[PR\u00c9COMMANDE] Didier Dr\u00e9o &#8211; Kanaouenno\u00f9 \u2018ba tal ar bern foenn"},"content":{"rendered":"<p><span data-sheets-root=\"1\"><strong>\u00ab Kanaouenno\u00f9 &lsquo;ba tal ar bern foenn \u00bb \u2013 Didier Dr\u00e9o<\/strong><\/span><\/p>\n<p>Didier Dr\u00e9o, musicien, guitariste, compositeur et chanteur breton, puise son inspiration dans les r\u00e9cits de son enfance, berc\u00e9e par les histoires en breton de sa famille. Son nouvel album, \u00ab Kanaouenno\u00f9 &lsquo;ba tal ar bern foenn \u00bb, \u00e0 para\u00eetre en 2026, m\u00eale compositions instrumentales \u00e0 la guitare et chants en breton, accompagn\u00e9 par ses enfants.<\/p>\n<p>Ce projet s\u2019inscrit dans la continuit\u00e9 de son parcours \u00e9clectique : apr\u00e8s trois albums avec le groupe Kern, un CD solo en 2007, et des collaborations marquantes (Nolwenn Korbell, Arsa), il revisite ici la tradition bretonne avec une touche moderne. Laur\u00e9at de nombreux prix (Prix du disque de l\u2019ann\u00e9e en 1997, Troph\u00e9e Dagan en 2001), il dirige aussi plusieurs chorales et pr\u00e9pare un deuxi\u00e8me album.<\/p>\n<p>Des concerts sont pr\u00e9vus dans le Finist\u00e8re depuis 2025. Un hommage vibrant \u00e0 la culture bretonne, entre po\u00e9sie, humour et virtuosit\u00e9.<\/p>\n<p><span style=\"text-decoration: underline;\"><strong>Tracklist :<\/strong><\/span><br \/>\n1 &#8211; Ba tal ar bern fouenn (chant)<br \/>\n2 &#8211; Per borich (chant)<br \/>\n3 &#8211; War gein ar marc\u2019h (musique)<br \/>\n4 &#8211; Goustadig (chant)<br \/>\n5 &#8211; Mad an traou (chant)<br \/>\n6 &#8211; Sterenn (musique)<br \/>\n7 &#8211; Park al lann (chant)<br \/>\n8 &#8211; Park ar vamm (musique)<br \/>\n9 &#8211; An doriou (musique)<br \/>\n10 &#8211; La suave (chant)<br \/>\n11 &#8211; Heol tenval penn ar bed batri (musique)<br \/>\n12 &#8211; Reuz zo ba roc\u2019h an Ankou (chant)<br \/>\n13 &#8211; Redadeg (musique)<br \/>\n14 &#8211; Skol ar republik (chant)<\/p>","protected":false},"excerpt":{"rendered":"<p>R\u00e9servez en pr\u00e9commande l&rsquo;album de Didier Dr\u00e9o<\/p>","protected":false},"featured_media":6223,"template":"","meta":{"_acf_changed":false,"_et_pb_use_builder":"","_et_pb_old_content":"","_et_gb_content_width":""},"product_brand":[],"false":[132],"product_tag":[],"disponible_a_la_vente":[38],"langue":[73],"style":[77],"supports":[86],"class_list":{"0":"post-6219","1":"product","2":"type-product","3":"status-publish","4":"has-post-thumbnail","6":"product_cat-didier-dreo","7":"disponible_a_la_vente-disponible-a-la-vente","8":"langue-breton","9":"style-pop-rock-folk-punk","10":"supports-cd","12":"first","13":"instock","14":"taxable","15":"shipping-taxable","16":"purchasable","17":"product-type-simple"},"acf":[],"yoast_head":"<!-- This site is optimized with the Yoast SEO Premium plugin v24.0 (Yoast SEO v27.3) - https:\/\/yoast.com\/product\/yoast-seo-premium-wordpress\/ -->\n<title>Album de [PR\u00c9COMMANDE] Didier Dr\u00e9o - Kanaouenno\u00f9 \u2018ba tal ar bern foenn<\/title>\n<meta name=\"description\" content=\"Retrouvez l&#039;album de [PR\u00c9COMMANDE] Didier Dr\u00e9o - Kanaouenno\u00f9 \u2018ba tal ar bern foenn. Commandez directement en ligne sur arfolk.bzh, le label discographique breton.\" \/>\n<meta name=\"robots\" content=\"index, follow, max-snippet:-1, max-image-preview:large, max-video-preview:-1\" \/>\n<link rel=\"canonical\" href=\"https:\/\/arfolk.bzh\/en\/boutique\/didier-dreo-kanaouennou-ba-tal-ar-bern-foenn\/\" \/>\n<script type=\"application\/ld+json\" class=\"yoast-schema-graph\">{\"@context\":\"https:\\\/\\\/schema.org\",\"@graph\":[{\"@type\":\"WebPage\",\"@id\":\"https:\\\/\\\/arfolk.bzh\\\/boutique\\\/didier-dreo-kanaouennou-ba-tal-ar-bern-foenn\\\/\",\"url\":\"https:\\\/\\\/arfolk.bzh\\\/boutique\\\/didier-dreo-kanaouennou-ba-tal-ar-bern-foenn\\\/\",\"name\":\"Album de [PR\u00c9COMMANDE] Didier Dr\u00e9o - Kanaouenno\u00f9 \u2018ba tal ar bern foenn\",\"isPartOf\":{\"@id\":\"https:\\\/\\\/arfolk.bzh\\\/#website\"},\"primaryImageOfPage\":{\"@id\":\"https:\\\/\\\/arfolk.bzh\\\/boutique\\\/didier-dreo-kanaouennou-ba-tal-ar-bern-foenn\\\/#primaryimage\"},\"image\":{\"@id\":\"https:\\\/\\\/arfolk.bzh\\\/boutique\\\/didier-dreo-kanaouennou-ba-tal-ar-bern-foenn\\\/#primaryimage\"},\"thumbnailUrl\":\"https:\\\/\\\/arfolk.bzh\\\/wp-content\\\/uploads\\\/2026\\\/05\\\/3770038066985_cover.webp\",\"datePublished\":\"2026-05-15T07:00:57+00:00\",\"dateModified\":\"2026-05-15T09:07:30+00:00\",\"description\":\"Retrouvez l'album de [PR\u00c9COMMANDE] Didier Dr\u00e9o - Kanaouenno\u00f9 \u2018ba tal ar bern foenn. Commandez directement en ligne sur arfolk.bzh, le label discographique breton.\",\"breadcrumb\":{\"@id\":\"https:\\\/\\\/arfolk.bzh\\\/boutique\\\/didier-dreo-kanaouennou-ba-tal-ar-bern-foenn\\\/#breadcrumb\"},\"inLanguage\":\"en-US\",\"potentialAction\":[{\"@type\":\"ReadAction\",\"target\":[\"https:\\\/\\\/arfolk.bzh\\\/boutique\\\/didier-dreo-kanaouennou-ba-tal-ar-bern-foenn\\\/\"]}]},{\"@type\":\"ImageObject\",\"inLanguage\":\"en-US\",\"@id\":\"https:\\\/\\\/arfolk.bzh\\\/boutique\\\/didier-dreo-kanaouennou-ba-tal-ar-bern-foenn\\\/#primaryimage\",\"url\":\"https:\\\/\\\/arfolk.bzh\\\/wp-content\\\/uploads\\\/2026\\\/05\\\/3770038066985_cover.webp\",\"contentUrl\":\"https:\\\/\\\/arfolk.bzh\\\/wp-content\\\/uploads\\\/2026\\\/05\\\/3770038066985_cover.webp\",\"width\":1024,\"height\":886,\"caption\":\"3770038066985_cover\"},{\"@type\":\"BreadcrumbList\",\"@id\":\"https:\\\/\\\/arfolk.bzh\\\/boutique\\\/didier-dreo-kanaouennou-ba-tal-ar-bern-foenn\\\/#breadcrumb\",\"itemListElement\":[{\"@type\":\"ListItem\",\"position\":1,\"name\":\"Accueil\",\"item\":\"https:\\\/\\\/arfolk.bzh\\\/\"},{\"@type\":\"ListItem\",\"position\":2,\"name\":\"Boutique\",\"item\":\"https:\\\/\\\/arfolk.bzh\\\/boutique\\\/\"},{\"@type\":\"ListItem\",\"position\":3,\"name\":\"[PR\u00c9COMMANDE] Didier Dr\u00e9o &#8211; Kanaouenno\u00f9 \u2018ba tal ar bern foenn\"}]},{\"@type\":\"WebSite\",\"@id\":\"https:\\\/\\\/arfolk.bzh\\\/#website\",\"url\":\"https:\\\/\\\/arfolk.bzh\\\/\",\"name\":\"Arfolk\",\"description\":\"Label discographique sp\u00e9cialis\u00e9 dans la musique bretonne\",\"publisher\":{\"@id\":\"https:\\\/\\\/arfolk.bzh\\\/#organization\"},\"potentialAction\":[{\"@type\":\"SearchAction\",\"target\":{\"@type\":\"EntryPoint\",\"urlTemplate\":\"https:\\\/\\\/arfolk.bzh\\\/?s={search_term_string}\"},\"query-input\":{\"@type\":\"PropertyValueSpecification\",\"valueRequired\":true,\"valueName\":\"search_term_string\"}}],\"inLanguage\":\"en-US\"},{\"@type\":\"Organization\",\"@id\":\"https:\\\/\\\/arfolk.bzh\\\/#organization\",\"name\":\"Arfolk\",\"alternateName\":\"Le label de la musique bretonne\",\"url\":\"https:\\\/\\\/arfolk.bzh\\\/\",\"logo\":{\"@type\":\"ImageObject\",\"inLanguage\":\"en-US\",\"@id\":\"https:\\\/\\\/arfolk.bzh\\\/#\\\/schema\\\/logo\\\/image\\\/\",\"url\":\"https:\\\/\\\/arfolk.bzh\\\/wp-content\\\/uploads\\\/2023\\\/11\\\/cropped-logo-label-de-musique-breton-arfolf-vignette.webp\",\"contentUrl\":\"https:\\\/\\\/arfolk.bzh\\\/wp-content\\\/uploads\\\/2023\\\/11\\\/cropped-logo-label-de-musique-breton-arfolf-vignette.webp\",\"width\":512,\"height\":512,\"caption\":\"Arfolk\"},\"image\":{\"@id\":\"https:\\\/\\\/arfolk.bzh\\\/#\\\/schema\\\/logo\\\/image\\\/\"},\"sameAs\":[\"https:\\\/\\\/www.facebook.com\\\/Arfolkmusik\",\"https:\\\/\\\/www.instagram.com\\\/arfolkmusik\\\/\"]}]}<\/script>\n<!-- \/ Yoast SEO Premium plugin. -->","yoast_head_json":{"title":"Album de [PR\u00c9COMMANDE] Didier Dr\u00e9o - Kanaouenno\u00f9 \u2018ba tal ar bern foenn","description":"Retrouvez l'album de [PR\u00c9COMMANDE] Didier Dr\u00e9o - Kanaouenno\u00f9 \u2018ba tal ar bern foenn. Commandez directement en ligne sur arfolk.bzh, le label discographique breton.","robots":{"index":"index","follow":"follow","max-snippet":"max-snippet:-1","max-image-preview":"max-image-preview:large","max-video-preview":"max-video-preview:-1"},"canonical":"https:\/\/arfolk.bzh\/en\/boutique\/didier-dreo-kanaouennou-ba-tal-ar-bern-foenn\/","schema":{"@context":"https:\/\/schema.org","@graph":[{"@type":"WebPage","@id":"https:\/\/arfolk.bzh\/boutique\/didier-dreo-kanaouennou-ba-tal-ar-bern-foenn\/","url":"https:\/\/arfolk.bzh\/boutique\/didier-dreo-kanaouennou-ba-tal-ar-bern-foenn\/","name":"Album de [PR\u00c9COMMANDE] Didier Dr\u00e9o - Kanaouenno\u00f9 \u2018ba tal ar bern foenn","isPartOf":{"@id":"https:\/\/arfolk.bzh\/#website"},"primaryImageOfPage":{"@id":"https:\/\/arfolk.bzh\/boutique\/didier-dreo-kanaouennou-ba-tal-ar-bern-foenn\/#primaryimage"},"image":{"@id":"https:\/\/arfolk.bzh\/boutique\/didier-dreo-kanaouennou-ba-tal-ar-bern-foenn\/#primaryimage"},"thumbnailUrl":"https:\/\/arfolk.bzh\/wp-content\/uploads\/2026\/05\/3770038066985_cover.webp","datePublished":"2026-05-15T07:00:57+00:00","dateModified":"2026-05-15T09:07:30+00:00","description":"Retrouvez l'album de [PR\u00c9COMMANDE] Didier Dr\u00e9o - Kanaouenno\u00f9 \u2018ba tal ar bern foenn. Commandez directement en ligne sur arfolk.bzh, le label discographique breton.","breadcrumb":{"@id":"https:\/\/arfolk.bzh\/boutique\/didier-dreo-kanaouennou-ba-tal-ar-bern-foenn\/#breadcrumb"},"inLanguage":"en-US","potentialAction":[{"@type":"ReadAction","target":["https:\/\/arfolk.bzh\/boutique\/didier-dreo-kanaouennou-ba-tal-ar-bern-foenn\/"]}]},{"@type":"ImageObject","inLanguage":"en-US","@id":"https:\/\/arfolk.bzh\/boutique\/didier-dreo-kanaouennou-ba-tal-ar-bern-foenn\/#primaryimage","url":"https:\/\/arfolk.bzh\/wp-content\/uploads\/2026\/05\/3770038066985_cover.webp","contentUrl":"https:\/\/arfolk.bzh\/wp-content\/uploads\/2026\/05\/3770038066985_cover.webp","width":1024,"height":886,"caption":"3770038066985_cover"},{"@type":"BreadcrumbList","@id":"https:\/\/arfolk.bzh\/boutique\/didier-dreo-kanaouennou-ba-tal-ar-bern-foenn\/#breadcrumb","itemListElement":[{"@type":"ListItem","position":1,"name":"Accueil","item":"https:\/\/arfolk.bzh\/"},{"@type":"ListItem","position":2,"name":"Boutique","item":"https:\/\/arfolk.bzh\/boutique\/"},{"@type":"ListItem","position":3,"name":"[PR\u00c9COMMANDE] Didier Dr\u00e9o &#8211; Kanaouenno\u00f9 \u2018ba tal ar bern foenn"}]},{"@type":"WebSite","@id":"https:\/\/arfolk.bzh\/#website","url":"https:\/\/arfolk.bzh\/","name":"Arfolk","description":"Label discographique sp\u00e9cialis\u00e9 dans la musique bretonne","publisher":{"@id":"https:\/\/arfolk.bzh\/#organization"},"potentialAction":[{"@type":"SearchAction","target":{"@type":"EntryPoint","urlTemplate":"https:\/\/arfolk.bzh\/?s={search_term_string}"},"query-input":{"@type":"PropertyValueSpecification","valueRequired":true,"valueName":"search_term_string"}}],"inLanguage":"en-US"},{"@type":"Organization","@id":"https:\/\/arfolk.bzh\/#organization","name":"Arfolk","alternateName":"Le label de la musique bretonne","url":"https:\/\/arfolk.bzh\/","logo":{"@type":"ImageObject","inLanguage":"en-US","@id":"https:\/\/arfolk.bzh\/#\/schema\/logo\/image\/","url":"https:\/\/arfolk.bzh\/wp-content\/uploads\/2023\/11\/cropped-logo-label-de-musique-breton-arfolf-vignette.webp","contentUrl":"https:\/\/arfolk.bzh\/wp-content\/uploads\/2023\/11\/cropped-logo-label-de-musique-breton-arfolf-vignette.webp","width":512,"height":512,"caption":"Arfolk"},"image":{"@id":"https:\/\/arfolk.bzh\/#\/schema\/logo\/image\/"},"sameAs":["https:\/\/www.facebook.com\/Arfolkmusik","https:\/\/www.instagram.com\/arfolkmusik\/"]}]}},"jetpack_sharing_enabled":true,"_links":{"self":[{"href":"https:\/\/arfolk.bzh\/en\/wp-json\/wp\/v2\/product\/6219","targetHints":{"allow":["GET"]}}],"collection":[{"href":"https:\/\/arfolk.bzh\/en\/wp-json\/wp\/v2\/product"}],"about":[{"href":"https:\/\/arfolk.bzh\/en\/wp-json\/wp\/v2\/types\/product"}],"wp:featuredmedia":[{"embeddable":true,"href":"https:\/\/arfolk.bzh\/en\/wp-json\/wp\/v2\/media\/6223"}],"wp:attachment":[{"href":"https:\/\/arfolk.bzh\/en\/wp-json\/wp\/v2\/media?parent=6219"}],"wp:term":[{"taxonomy":"product_brand","embeddable":true,"href":"https:\/\/arfolk.bzh\/en\/wp-json\/wp\/v2\/product_brand?post=6219"},{"taxonomy":"product_cat","embeddable":true,"href":"https:\/\/arfolk.bzh\/en\/wp-json\/wp\/v2\/false?post=6219"},{"taxonomy":"product_tag","embeddable":true,"href":"https:\/\/arfolk.bzh\/en\/wp-json\/wp\/v2\/product_tag?post=6219"},{"taxonomy":"disponible_a_la_vente","embeddable":true,"href":"https:\/\/arfolk.bzh\/en\/wp-json\/wp\/v2\/disponible_a_la_vente?post=6219"},{"taxonomy":"langue","embeddable":true,"href":"https:\/\/arfolk.bzh\/en\/wp-json\/wp\/v2\/langue?post=6219"},{"taxonomy":"style","embeddable":true,"href":"https:\/\/arfolk.bzh\/en\/wp-json\/wp\/v2\/style?post=6219"},{"taxonomy":"supports","embeddable":true,"href":"https:\/\/arfolk.bzh\/en\/wp-json\/wp\/v2\/supports?post=6219"}],"curies":[{"name":"wp","href":"https:\/\/api.w.org\/{rel}","templated":true}]}}